{"id":31322,"date":"2026-02-21T09:54:24","date_gmt":"2026-02-21T14:54:24","guid":{"rendered":"https:\/\/8000rpmtools.com\/?post_type=product&#038;p=31322"},"modified":"2026-02-21T09:54:25","modified_gmt":"2026-02-21T14:54:25","slug":"trabador-de-distribucion-motores-faw","status":"publish","type":"product","link":"https:\/\/8000rpmtools.com\/?product=trabador-de-distribucion-motores-faw","title":{"rendered":"TRABADOR DE DISTRIBUCI\u00d3N MOTORES FAW"},"content":{"rendered":"<p data-start=\"51\" data-end=\"453\">El kit trabador de distribuci\u00f3n para motores <strong data-start=\"96\" data-end=\"103\">FAW<\/strong> es una herramienta esencial para realizar trabajos de sincronizaci\u00f3n del motor con total precisi\u00f3n y seguridad. Dise\u00f1ado para bloquear los componentes de la distribuci\u00f3n en la posici\u00f3n correcta, permite efectuar el cambio de correa o cadena, mantenimiento y reparaciones sin riesgo de desajustes internos que puedan afectar el rendimiento del motor.<\/p>\n<p data-start=\"455\" data-end=\"821\">Fabricado en materiales de alta resistencia, este kit garantiza durabilidad y confiabilidad en el uso diario dentro del taller. Su dise\u00f1o espec\u00edfico para motores FAW asegura un ajuste correcto y un trabajo m\u00e1s r\u00e1pido, eficiente y profesional. Adem\u00e1s, incluye un pr\u00e1ctico estuche pl\u00e1stico que facilita el almacenamiento, la organizaci\u00f3n y el transporte de las piezas.<\/p>\n","protected":false},"excerpt":{"rendered":"<p>Trabador Para FAW besturn X40\/B30\/16 B50\/Senya R7<\/p>\n<p>\ud83d\udd27Permite bloquear y sincronizar la distribuci\u00f3n con precisi\u00f3n<br data-start=\"165\" data-end=\"168\" \/>\ud83d\udd27 Ideal para trabajos de mantenimiento y reparaci\u00f3n en taller<br data-start=\"230\" data-end=\"233\" \/>\ud83d\udd27 Fabricado en material resistente para mayor durabilidad<br data-start=\"291\" data-end=\"294\" \/>\ud83d\udd27 Incluye estuche pl\u00e1stico para f\u00e1cil transporte y organizaci\u00f3n<br data-start=\"358\" data-end=\"361\" \/>\ud83d\udd27 Facilita el cambio de correa\/cadena evitando desajustes del motor<\/p>\n","protected":false},"featured_media":31324,"comment_status":"open","ping_status":"closed","template":"","meta":[],"product_brand":[],"product_cat":[571],"product_tag":[605,573,606,604,576],"class_list":{"0":"post-31322","1":"product","2":"type-product","3":"status-publish","4":"has-post-thumbnail","6":"product_cat-herramientas-para-sincronizacion-de-tiempo","7":"product_tag-faw","8":"product_tag-kit-de-distribucion","9":"product_tag-motor-faw","10":"product_tag-trabador-de","11":"product_tag-trabador-de-poleas","13":"first","14":"instock","15":"taxable","16":"shipping-taxable","17":"purchasable","18":"product-type-simple"},"_links":{"self":[{"href":"https:\/\/8000rpmtools.com\/index.php?rest_route=\/wp\/v2\/product\/31322","targetHints":{"allow":["GET"]}}],"collection":[{"href":"https:\/\/8000rpmtools.com\/index.php?rest_route=\/wp\/v2\/product"}],"about":[{"href":"https:\/\/8000rpmtools.com\/index.php?rest_route=\/wp\/v2\/types\/product"}],"replies":[{"embeddable":true,"href":"https:\/\/8000rpmtools.com\/index.php?rest_route=%2Fwp%2Fv2%2Fcomments&post=31322"}],"wp:featuredmedia":[{"embeddable":true,"href":"https:\/\/8000rpmtools.com\/index.php?rest_route=\/wp\/v2\/media\/31324"}],"wp:attachment":[{"href":"https:\/\/8000rpmtools.com\/index.php?rest_route=%2Fwp%2Fv2%2Fmedia&parent=31322"}],"wp:term":[{"taxonomy":"product_brand","embeddable":true,"href":"https:\/\/8000rpmtools.com\/index.php?rest_route=%2Fwp%2Fv2%2Fproduct_brand&post=31322"},{"taxonomy":"product_cat","embeddable":true,"href":"https:\/\/8000rpmtools.com\/index.php?rest_route=%2Fwp%2Fv2%2Fproduct_cat&post=31322"},{"taxonomy":"product_tag","embeddable":true,"href":"https:\/\/8000rpmtools.com\/index.php?rest_route=%2Fwp%2Fv2%2Fproduct_tag&post=31322"}],"curies":[{"name":"wp","href":"https:\/\/api.w.org\/{rel}","templated":true}]}}