{"id":31320,"date":"2026-02-20T19:02:22","date_gmt":"2026-02-21T00:02:22","guid":{"rendered":"https:\/\/8000rpmtools.com\/?post_type=product&#038;p=31320"},"modified":"2026-02-20T19:04:39","modified_gmt":"2026-02-21T00:04:39","slug":"trabador-de-distribucion-motores-ford-4-0","status":"publish","type":"product","link":"https:\/\/8000rpmtools.com\/?product=trabador-de-distribucion-motores-ford-4-0","title":{"rendered":"TRABADOR DE DISTRIBUCI\u00d3N MOTORES FORD 4.0"},"content":{"rendered":"<p class=\"a-spacing-base\">El c\u00f3digo del motor incluye:<\/p>\n<p class=\"a-spacing-base\">1997-2010 FORD EXPLORER 4.0L 245CID SOHC V6, c\u00f3digo VIN &#8220;E&#8221;, &#8220;K&#8221;2001-2005 FORD EXPLORER SPORT TRAC 4.0L 245CID SOHC V6, c\u00f3digo VIN &#8220;E&#8221;, &#8220;K&#8221;2001-20101. RRANGER 4.0L 245CID SOHC V6, c\u00f3digo VIN &#8220;E&#8221;, &#8220;K&#8221;2005-2006 FORD MUSTANG 4.0L 245CID SOHC V6, c\u00f3digo VIN &#8220;E&#8221;, &#8220;K&#8221;1998-2010 MERCURY MOUNTAINEER 4.0L 245CID SOHC V6, VVVVVC\u00f3digo &#8220;E&#8221;, &#8220;K&#8221;2001-2006 MAZDA B4000 4.0L 4016cc SOHC V6, c\u00f3digo VIN &#8220;E&#8221;<\/p>\n<p class=\"a-spacing-base\">Veh\u00edculo aplicable:<\/p>\n<p class=\"a-spacing-base\">Ford Explorer 4.0L 4015CC SOHC 12V V62004-2010 Ford Ranger 4.0L 4015CC SOHC 12V V62004-2010 Ford Mustang 4.0L 4015CC SOHC 12V V62004-2010. 0 0 0 Ford Ford 4.0L 4015CC SOHC 12V V62004-2010 Ford L3 4.0L 4015CC SOHC 12V V62004-2010 Ford Mountainner 4.0L 4015CC SOHC 12V V6<\/p>\n<p class=\"a-spacing-base\">Funci\u00f3n: Sujeta el cig\u00fce\u00f1al del \u00e1rbol de levas en una posici\u00f3n correcta cuando reemplaza la cadena de distribuci\u00f3n.<\/p>\n<p class=\"a-spacing-base\">Material: Hecho de acero de alta calidad, alta dureza y duradero.<\/p>\n<p class=\"a-spacing-base\">N\u00famero de pieza equivalente al OEM:<\/p>\n<p class=\"a-spacing-base\">303-564;303-565;303-571;303-573;303-575;303-576;303-577;303-578.<\/p>\n","protected":false},"excerpt":{"rendered":"<p>Utiliza el kit para lograr un tiempo preciso. Construido con acero 45# para una m\u00e1xima resistencia y durabilidad resistente a la corrosi\u00f3n.<\/p>\n<ul class=\"a-unordered-list a-vertical a-spacing-mini\">\n<li><span class=\"a-list-item\">Compatible con Ford Explorer V6 SOHC 4.0L Kit de servicio 6 herramientas necesarias<\/span><\/li>\n<li><span class=\"a-list-item\">Las herramientas est\u00e1n hechas para ser utilizadas para la instalaci\u00f3n adecuada de kits de temporizaci\u00f3n, especialmente para la precisi\u00f3n de sincronizaci\u00f3n del tiempo en el motor<\/span><\/li>\n<li><span class=\"a-list-item\">Viene con estuche de herramientas duradero para un f\u00e1cil almacenamiento.<\/span><\/li>\n<\/ul>\n","protected":false},"featured_media":31321,"comment_status":"open","ping_status":"closed","template":"","meta":[],"product_brand":[],"product_cat":[572],"product_tag":[603,602,573,601,576],"class_list":{"0":"post-31320","1":"product","2":"type-product","3":"status-publish","4":"has-post-thumbnail","6":"product_cat-herramientas-para-sincronizacion-de-tiempo-herramientas-manuales","7":"product_tag-4-0","8":"product_tag-ford","9":"product_tag-kit-de-distribucion","10":"product_tag-motor-ford","11":"product_tag-trabador-de-poleas","13":"first","14":"instock","15":"taxable","16":"shipping-taxable","17":"purchasable","18":"product-type-simple"},"_links":{"self":[{"href":"https:\/\/8000rpmtools.com\/index.php?rest_route=\/wp\/v2\/product\/31320","targetHints":{"allow":["GET"]}}],"collection":[{"href":"https:\/\/8000rpmtools.com\/index.php?rest_route=\/wp\/v2\/product"}],"about":[{"href":"https:\/\/8000rpmtools.com\/index.php?rest_route=\/wp\/v2\/types\/product"}],"replies":[{"embeddable":true,"href":"https:\/\/8000rpmtools.com\/index.php?rest_route=%2Fwp%2Fv2%2Fcomments&post=31320"}],"wp:featuredmedia":[{"embeddable":true,"href":"https:\/\/8000rpmtools.com\/index.php?rest_route=\/wp\/v2\/media\/31321"}],"wp:attachment":[{"href":"https:\/\/8000rpmtools.com\/index.php?rest_route=%2Fwp%2Fv2%2Fmedia&parent=31320"}],"wp:term":[{"taxonomy":"product_brand","embeddable":true,"href":"https:\/\/8000rpmtools.com\/index.php?rest_route=%2Fwp%2Fv2%2Fproduct_brand&post=31320"},{"taxonomy":"product_cat","embeddable":true,"href":"https:\/\/8000rpmtools.com\/index.php?rest_route=%2Fwp%2Fv2%2Fproduct_cat&post=31320"},{"taxonomy":"product_tag","embeddable":true,"href":"https:\/\/8000rpmtools.com\/index.php?rest_route=%2Fwp%2Fv2%2Fproduct_tag&post=31320"}],"curies":[{"name":"wp","href":"https:\/\/api.w.org\/{rel}","templated":true}]}}