{"id":31311,"date":"2026-02-19T16:18:37","date_gmt":"2026-02-19T21:18:37","guid":{"rendered":"https:\/\/8000rpmtools.com\/?post_type=product&#038;p=31311"},"modified":"2026-02-19T16:18:37","modified_gmt":"2026-02-19T21:18:37","slug":"trabador-de-distribucion-motores-renault","status":"publish","type":"product","link":"https:\/\/8000rpmtools.com\/?product=trabador-de-distribucion-motores-renault","title":{"rendered":"TRABADOR DE DISTRIBUCI\u00d3N MOTORES RENAULT"},"content":{"rendered":"<p>Herramienta de bloqueo de sincronizaci\u00f3n del motor para Renault K4J K4M F4P * Este kit se utiliza para permitir la sincronizaci\u00f3n correcta del motor en los motores Renault K4J, K4M y F4P, F4R al cambiar la correa de distribuci\u00f3n. * La herramienta de ajuste de la polea del \u00e1rbol de levas sostiene dos poleas en su lugar mientras cambia la correa de la lata. Atornillado al centro de las latas usando Los pernos existentes. * Para uso en Clio, Laguna, Megane 1,4\/1,6 16V. Contenido: -Pasador de bloqueo del cig\u00fce\u00f1al -Pin de sincronizaci\u00f3n TDC de 8mm -Herramienta de ajuste del \u00e1rbol de levas -Herramienta de alineaci\u00f3n de poleas de \u00e1rbol de levas Motor: 1,4, 1,6, 1,8, 2,0 16V, Herramienta de bloqueo de polea de correa en V del \u00e1rbol de levas Aplicaci\u00f3n: Renault Megane, Clio, Clio Sport, Scenic, Laguna (98-08); Espace, Clio Sport (98-04); Megane II. , Esc\u00e9nico II. , Gran Esc\u00e9nico II. , Laguna II. (02-09), Megane II. (02-05), Laguna II.<\/p>\n","protected":false},"excerpt":{"rendered":"<ul>\n<li>Pasador de bloqueo.<\/li>\n<li>Cig\u00fce\u00f1al 8mm.<\/li>\n<li>Temporizaci\u00f3n de TDC.<\/li>\n<li>Herramienta de ajuste del \u00e1rbol de levas del pasador.<\/li>\n<li>Herramienta de alineaci\u00f3n de la polea del \u00e1rbol de levas.<\/li>\n<\/ul>\n","protected":false},"featured_media":31312,"comment_status":"open","ping_status":"closed","template":"","meta":[],"product_brand":[],"product_cat":[572],"product_tag":[573,81,597,576],"class_list":{"0":"post-31311","1":"product","2":"type-product","3":"status-publish","4":"has-post-thumbnail","6":"product_cat-herramientas-para-sincronizacion-de-tiempo-herramientas-manuales","7":"product_tag-kit-de-distribucion","8":"product_tag-motor","9":"product_tag-renault","10":"product_tag-trabador-de-poleas","12":"first","13":"instock","14":"taxable","15":"shipping-taxable","16":"purchasable","17":"product-type-simple"},"_links":{"self":[{"href":"https:\/\/8000rpmtools.com\/index.php?rest_route=\/wp\/v2\/product\/31311","targetHints":{"allow":["GET"]}}],"collection":[{"href":"https:\/\/8000rpmtools.com\/index.php?rest_route=\/wp\/v2\/product"}],"about":[{"href":"https:\/\/8000rpmtools.com\/index.php?rest_route=\/wp\/v2\/types\/product"}],"replies":[{"embeddable":true,"href":"https:\/\/8000rpmtools.com\/index.php?rest_route=%2Fwp%2Fv2%2Fcomments&post=31311"}],"wp:featuredmedia":[{"embeddable":true,"href":"https:\/\/8000rpmtools.com\/index.php?rest_route=\/wp\/v2\/media\/31312"}],"wp:attachment":[{"href":"https:\/\/8000rpmtools.com\/index.php?rest_route=%2Fwp%2Fv2%2Fmedia&parent=31311"}],"wp:term":[{"taxonomy":"product_brand","embeddable":true,"href":"https:\/\/8000rpmtools.com\/index.php?rest_route=%2Fwp%2Fv2%2Fproduct_brand&post=31311"},{"taxonomy":"product_cat","embeddable":true,"href":"https:\/\/8000rpmtools.com\/index.php?rest_route=%2Fwp%2Fv2%2Fproduct_cat&post=31311"},{"taxonomy":"product_tag","embeddable":true,"href":"https:\/\/8000rpmtools.com\/index.php?rest_route=%2Fwp%2Fv2%2Fproduct_tag&post=31311"}],"curies":[{"name":"wp","href":"https:\/\/api.w.org\/{rel}","templated":true}]}}