{"id":31271,"date":"2026-01-20T11:43:55","date_gmt":"2026-01-20T16:43:55","guid":{"rendered":"https:\/\/8000rpmtools.com\/?post_type=product&#038;p=31271"},"modified":"2026-01-20T11:45:05","modified_gmt":"2026-01-20T16:45:05","slug":"maquina-lavadora-de-inyectores-cnc-605","status":"publish","type":"product","link":"https:\/\/8000rpmtools.com\/?product=maquina-lavadora-de-inyectores-cnc-605","title":{"rendered":"M\u00c1QUINA LAVADORA DE INYECTORES CNC 605+"},"content":{"rendered":"<div class=\"detBan-text white wow fadeInLeft\" data-wow-delay=\"0.3s\">\n<div class=\"text fs16 lh26 mt30\">El CNC605+ es un equipo de limpieza y prueba apto para inyectores de combustible piezoel\u00e9ctricos (140 V), GDI (65 V\/12 V) y convencionales. Utiliza tecnolog\u00eda de limpieza ultras\u00f3nica combinada con tecnolog\u00eda de control de presi\u00f3n de aceite por microprocesador para simular diversas condiciones de funcionamiento del motor y limpiar y probar inyectores de combustible de autom\u00f3viles.<\/div>\n<\/div>\n<h2 class=\"elementor-heading-title elementor-size-default\">Caracter\u00edsticas<\/h2>\n<table border=\"1\">\n<tbody>\n<tr>\n<td>Funciones<\/td>\n<td>Descripci\u00f3n<\/td>\n<td><\/td>\n<\/tr>\n<tr>\n<td>Selecci\u00f3n del modo de trabajo<\/td>\n<td>Puede seleccionar el modo de funcionamiento EFI (12 V), GDI (65 V) o PIEZO (140 V) seg\u00fan el tipo de inyector.<\/td>\n<td><\/td>\n<\/tr>\n<tr>\n<td>\n<div>Limpieza ultras\u00f3nica<\/div>\n<\/td>\n<td>Capaz de limpiar ultras\u00f3nicamente simult\u00e1neamente m\u00faltiples inyectores, eliminando eficazmente la acumulaci\u00f3n de carb\u00f3n.<\/td>\n<td><\/td>\n<\/tr>\n<tr>\n<td>Prueba de baja resistencia<\/td>\n<td>Admite pruebas de inyectores de baja resistencia, capaz de detectar cortocircuitos y circuitos abiertos en los inyectores de combustible.<\/td>\n<td><\/td>\n<\/tr>\n<tr>\n<td>Funci\u00f3n de prueba de uniformidad\/pulverizaci\u00f3n<\/td>\n<td>Detecta la uniformidad de la cantidad de inyecci\u00f3n de combustible para cada inyector y la atomizaci\u00f3n del inyector se puede observar de manera completa y cuidadosa utilizando la luz de fondo.<\/td>\n<td><\/td>\n<\/tr>\n<tr>\n<td>Funci\u00f3n de prueba de sellado<\/td>\n<td>Prueba el sellado y las fugas de los inyectores bajo presi\u00f3n del sistema.<\/td>\n<td><\/td>\n<\/tr>\n<tr>\n<td>Funci\u00f3n de detecci\u00f3n de cantidad de inyecci\u00f3n de combustible<\/td>\n<td>Mide la cantidad de inyecci\u00f3n de combustible de los inyectores bajo una condici\u00f3n de inyecci\u00f3n constante de 15 segundos.<\/td>\n<td><\/td>\n<\/tr>\n<tr>\n<td>Funci\u00f3n de limpieza y prueba autom\u00e1tica<\/td>\n<td>Bajo par\u00e1metros de trabajo espec\u00edficos, simula de manera realista la prueba del inyector en diversas condiciones.<\/td>\n<td><\/td>\n<\/tr>\n<tr>\n<td>Funci\u00f3n de descarga inversa<\/td>\n<td>Para el elemento de prueba de uniformidad\/pulverizaci\u00f3n, realiza un lavado inverso utilizando un adaptador de lavado inverso para eliminar los contaminantes internos del inyector y los residuos adheridos a la pantalla del filtro.<\/td>\n<td><\/td>\n<\/tr>\n<tr>\n<td>Funci\u00f3n de limpieza sin desmontaje<\/td>\n<td>Equipado con varios adaptadores de limpieza sin desmontar, lo que permite una limpieza y un mantenimiento sin desmontar para m\u00faltiples modelos de veh\u00edculos.<\/td>\n<td><\/td>\n<\/tr>\n<\/tbody>\n<\/table>\n<h2 class=\"elementor-heading-title elementor-size-default\">Especificaciones\u00a0T\u00e9cnicas<\/h2>\n<table class=\"ea-advanced-data-table ea-advanced-data-table-tablepress ea-advanced-data-table-f3ca298 ea-advanced-data-table-sortable\" data-id=\"f3ca298\">\n<tbody>\n<tr>\n<td>Fuente de alimentaci\u00f3n<\/td>\n<td>CA 110 V\/CA 220 V 50 Hz\/60 Hz<\/td>\n<\/tr>\n<tr>\n<td>Revoluciones por minuto<\/td>\n<td>100~9900 rpm Longitud de paso 100 rpm<\/td>\n<\/tr>\n<tr>\n<td>Potencia del motor principal<\/td>\n<td>500 W<\/td>\n<\/tr>\n<tr>\n<td>Ancho de pulso<\/td>\n<td>0,1-25 ms, longitud de paso: 0,1 ms<\/td>\n<\/tr>\n<tr>\n<td>Poder de limpieza ultras\u00f3nico<\/td>\n<td>100 W<\/td>\n<\/tr>\n<tr>\n<td>Rango prueba de resistencia<\/td>\n<td>1%<\/td>\n<\/tr>\n<tr>\n<td>Prueba de resistencia<\/td>\n<td>0-100 \u03a9<\/td>\n<\/tr>\n<tr>\n<td>Capacidad del tanque<\/td>\n<td>2500 ml<\/td>\n<\/tr>\n<tr>\n<td>Presi\u00f3n de trabajo<\/td>\n<td>0,1-9 bares<\/td>\n<\/tr>\n<tr>\n<td>Tama\u00f1o<\/td>\n<td>412\u00d7398\u00d7550 mm<\/td>\n<\/tr>\n<\/tbody>\n<\/table>\n","protected":false},"excerpt":{"rendered":"<p>La CNC605+ es una avanzada m\u00e1quina multifuncional dise\u00f1ada para la limpieza y comprobaci\u00f3n de inyectores de gasolina de \u00faltima generaci\u00f3n. Compatible con inyectores\u00a0<strong data-start=\"579\" data-end=\"609\">GDI, Piezoel\u00e9ctricos y convencionales<\/strong>, este equipo es ideal para talleres que trabajan con veh\u00edculos modernos que requieren un diagn\u00f3stico y mantenimiento de alta precisi\u00f3n en sus sistemas de inyecci\u00f3n directa o convencional.<\/p>\n","protected":false},"featured_media":31279,"comment_status":"open","ping_status":"closed","template":"","meta":[],"product_brand":[],"product_cat":[28],"product_tag":[587,529,455,87,429,589,588],"class_list":{"0":"post-31271","1":"product","2":"type-product","3":"status-publish","4":"has-post-thumbnail","6":"product_cat-maquinas-y-bancos-de-prueba","7":"product_tag-587","8":"product_tag-convencionales","9":"product_tag-gdi","10":"product_tag-launch","11":"product_tag-lavadora-de-inyectores","12":"product_tag-piezo-electrico","13":"product_tag-smartsafe","15":"first","16":"instock","17":"taxable","18":"shipping-taxable","19":"purchasable","20":"product-type-simple"},"_links":{"self":[{"href":"https:\/\/8000rpmtools.com\/index.php?rest_route=\/wp\/v2\/product\/31271","targetHints":{"allow":["GET"]}}],"collection":[{"href":"https:\/\/8000rpmtools.com\/index.php?rest_route=\/wp\/v2\/product"}],"about":[{"href":"https:\/\/8000rpmtools.com\/index.php?rest_route=\/wp\/v2\/types\/product"}],"replies":[{"embeddable":true,"href":"https:\/\/8000rpmtools.com\/index.php?rest_route=%2Fwp%2Fv2%2Fcomments&post=31271"}],"wp:featuredmedia":[{"embeddable":true,"href":"https:\/\/8000rpmtools.com\/index.php?rest_route=\/wp\/v2\/media\/31279"}],"wp:attachment":[{"href":"https:\/\/8000rpmtools.com\/index.php?rest_route=%2Fwp%2Fv2%2Fmedia&parent=31271"}],"wp:term":[{"taxonomy":"product_brand","embeddable":true,"href":"https:\/\/8000rpmtools.com\/index.php?rest_route=%2Fwp%2Fv2%2Fproduct_brand&post=31271"},{"taxonomy":"product_cat","embeddable":true,"href":"https:\/\/8000rpmtools.com\/index.php?rest_route=%2Fwp%2Fv2%2Fproduct_cat&post=31271"},{"taxonomy":"product_tag","embeddable":true,"href":"https:\/\/8000rpmtools.com\/index.php?rest_route=%2Fwp%2Fv2%2Fproduct_tag&post=31271"}],"curies":[{"name":"wp","href":"https:\/\/api.w.org\/{rel}","templated":true}]}}