{"id":31246,"date":"2025-12-18T12:47:34","date_gmt":"2025-12-18T17:47:34","guid":{"rendered":"https:\/\/8000rpmtools.com\/?post_type=product&#038;p=31246"},"modified":"2025-12-18T12:58:19","modified_gmt":"2025-12-18T17:58:19","slug":"punta-logica-topdiag-p60","status":"publish","type":"product","link":"https:\/\/8000rpmtools.com\/?product=punta-logica-topdiag-p60","title":{"rendered":"PUNTA L\u00d3GICA TOPDIAG P60"},"content":{"rendered":"<div id=\"aplusBrandStory_feature_div\" class=\"celwidget\" data-feature-name=\"aplusBrandStory\" data-csa-c-type=\"widget\" data-csa-c-content-id=\"aplusBrandStory\" data-csa-c-slot-id=\"aplusBrandStory_feature_div\" data-csa-c-asin=\"\" data-csa-c-is-in-initial-active-row=\"false\" data-csa-c-id=\"7akbks-i15o9h-svlnyy-97v6z9\" data-cel-widget=\"aplusBrandStory_feature_div\">\n<div id=\"aplus\" class=\"a-section a-spacing-large bucket\">\n<div><span id=\"tl_0\" data-spm-anchor-id=\"a2700.details-description.0.i0.6dc2uS9BuS9BJp\">Par\u00e1metros<br \/>\nNombre del art\u00edculo: Probador de circuito el\u00e9ctrico automotriz<br \/>\nModelo: P60<br \/>\nVoltaje de alimentaci\u00f3n DC: 6-30V<br \/>\nRango de voltaje de medici\u00f3n: 0,3 V-70V<br \/>\nCorriente de funcionamiento: 80mA<br \/>\nCorriente de activaci\u00f3n: 0-8A<br \/>\nTemperatura de funcionamiento: 0 a 60 \u00b0C<br \/>\nTemperatura de almacenamiento: -40 a 70 \u00b0C<br \/>\nLongitud del cable: 4M<br \/>\nPeso: aprox. 210g<br \/>\nLo que obtienes: Probador de circuitos el\u00e9ctricos automotrices. Manual de usuario. Paquete de cart\u00f3n.<\/p>\n<p><\/span><\/div>\n<p><img decoding=\"async\" src=\"http:\/\/sc04.alicdn.com\/kf\/Hdfcac1e50fc7495997a7603566fbef6eD\/240676618\/Hdfcac1e50fc7495997a7603566fbef6eD.jpg\" data-src=\"http:\/\/sc04.alicdn.com\/kf\/Hdfcac1e50fc7495997a7603566fbef6eD\/240676618\/Hdfcac1e50fc7495997a7603566fbef6eD.jpg\" \/><img decoding=\"async\" src=\"http:\/\/sc04.alicdn.com\/kf\/H08e3d57433f341859bfaa060dab8677dx\/240676618\/H08e3d57433f341859bfaa060dab8677dx.jpg\" data-src=\"http:\/\/sc04.alicdn.com\/kf\/H08e3d57433f341859bfaa060dab8677dx\/240676618\/H08e3d57433f341859bfaa060dab8677dx.jpg\" \/><img decoding=\"async\" src=\"http:\/\/sc04.alicdn.com\/kf\/H756fa00e05b1451d94e4cd616624fc3bH\/240676618\/H756fa00e05b1451d94e4cd616624fc3bH.jpg\" data-src=\"http:\/\/sc04.alicdn.com\/kf\/H756fa00e05b1451d94e4cd616624fc3bH\/240676618\/H756fa00e05b1451d94e4cd616624fc3bH.jpg\" \/><img decoding=\"async\" src=\"http:\/\/sc04.alicdn.com\/kf\/Hd8a0a94c285d4626804e0a0ea6999c12s\/240676618\/Hd8a0a94c285d4626804e0a0ea6999c12s.jpg\" data-src=\"http:\/\/sc04.alicdn.com\/kf\/Hd8a0a94c285d4626804e0a0ea6999c12s\/240676618\/Hd8a0a94c285d4626804e0a0ea6999c12s.jpg\" \/><img decoding=\"async\" src=\"http:\/\/sc04.alicdn.com\/kf\/H06085ecfe7c64d36b9aea86b00c1d97aK\/240676618\/H06085ecfe7c64d36b9aea86b00c1d97aK.jpg\" data-src=\"http:\/\/sc04.alicdn.com\/kf\/H06085ecfe7c64d36b9aea86b00c1d97aK\/240676618\/H06085ecfe7c64d36b9aea86b00c1d97aK.jpg\" \/><img decoding=\"async\" src=\"http:\/\/sc04.alicdn.com\/kf\/H450603f3ffce45cb974e30da517c4f1c0\/240676618\/H450603f3ffce45cb974e30da517c4f1c0.jpg\" data-src=\"http:\/\/sc04.alicdn.com\/kf\/H450603f3ffce45cb974e30da517c4f1c0\/240676618\/H450603f3ffce45cb974e30da517c4f1c0.jpg\" \/><img decoding=\"async\" src=\"http:\/\/sc04.alicdn.com\/kf\/H6abb512c6ba648d38ea33e64a75ae2b6o\/240676618\/H6abb512c6ba648d38ea33e64a75ae2b6o.jpg\" data-src=\"http:\/\/sc04.alicdn.com\/kf\/H6abb512c6ba648d38ea33e64a75ae2b6o\/240676618\/H6abb512c6ba648d38ea33e64a75ae2b6o.jpg\" \/><img decoding=\"async\" src=\"http:\/\/sc04.alicdn.com\/kf\/H37e3e9d5dfef4ab697572f015afc5629I\/240676618\/H37e3e9d5dfef4ab697572f015afc5629I.jpg\" data-src=\"http:\/\/sc04.alicdn.com\/kf\/H37e3e9d5dfef4ab697572f015afc5629I\/240676618\/H37e3e9d5dfef4ab697572f015afc5629I.jpg\" \/><\/p>\n<\/div>\n<\/div>\n<div id=\"aplus_feature_div\" class=\"celwidget\" data-feature-name=\"aplus\" data-csa-c-type=\"widget\" data-csa-c-content-id=\"aplus\" data-csa-c-slot-id=\"aplus_feature_div\" data-csa-c-asin=\"\" data-csa-c-is-in-initial-active-row=\"false\" data-csa-c-id=\"jo39rj-xy0o43-5w7h3m-dp9s1v\" data-cel-widget=\"aplus_feature_div\">\n<div id=\"aplus\" class=\"a-section a-spacing-large bucket\">\n<div lang=\"es_MX\">\n<div class=\"aplus-v2 desktop celwidget\" data-csa-c-id=\"y5kf5s-6udowq-kudbji-d3eyuy\" data-cel-widget=\"aplus\">\n<div class=\"celwidget aplus-module premium-module-2-fullbackground-image aplus-premium\" data-csa-c-id=\"yz49fv-tlyaa0-9ozxwu-o1dhoh\" data-cel-widget=\"aplus-premium-module-2-fullbackground-image\">\n<div class=\"a-section a-spacing-none premium-aplus premium-aplus-module-2\">\n<div class=\"a-section a-spacing-none premium-background-wrapper\">\n<div class=\"a-section a-spacing-none background-image\"><\/div>\n<\/div>\n<div class=\"a-section a-text-center\"><\/div>\n<\/div>\n<\/div>\n<div class=\"celwidget aplus-module premium-module-2-fullbackground-image aplus-premium\" data-csa-c-id=\"suivh4-hs9hia-5l3td3-ctbwmt\" data-cel-widget=\"aplus-premium-module-2-fullbackground-image\">\n<div class=\"a-section a-spacing-none premium-aplus premium-aplus-module-2\">\n<div class=\"a-section a-spacing-none premium-background-wrapper\">\n<div class=\"a-section a-spacing-none background-image\"><img decoding=\"async\" class=\"\" src=\"https:\/\/m.media-amazon.com\/images\/S\/aplus-media-library-service-media\/b6aaacb8-4490-4076-b5e5-0d85df9a4fef.__CR0,0,1464,600_PT0_SX1464_V1___.png\" alt=\"sonda de potencia\" data-src=\"https:\/\/m.media-amazon.com\/images\/S\/aplus-media-library-service-media\/b6aaacb8-4490-4076-b5e5-0d85df9a4fef.__CR0,0,1464,600_PT0_SX1464_V1___.png\" \/><\/div>\n<\/div>\n<div class=\"a-section a-text-center\"><\/div>\n<\/div>\n<\/div>\n<div class=\"celwidget aplus-module premium-module-5-comparison-table-scroller aplus-premium\" data-csa-c-id=\"fvyltl-e7ol2v-2yre2p-3kbv56\" data-cel-widget=\"aplus-premium-module-5-comparison-table-scroller\">\n<div class=\"premium-aplus premium-aplus-module-5 aplus-container-3 comparison-table\">\n<h3 class=\"a-text-center aplus-h1 a-text-bold\">Comprobador de circuitos de coche<\/h3>\n<div id=\"comparison-table-container-2\" class=\"a-section a-spacing-none table-container\" data-comparison-name=\"comparison-table-container-2\">\n<div class=\"table-slider scroll-wrapper-bottom\"><\/div>\n<\/div>\n<\/div>\n<\/div>\n<div class=\"celwidget aplus-module premium-module-2-fullbackground-image aplus-premium\" data-csa-c-id=\"dp8qct-yqxls2-iooijn-cyc84j\" data-cel-widget=\"aplus-premium-module-2-fullbackground-image\">\n<div class=\"a-section a-spacing-none premium-aplus premium-aplus-module-2\">\n<div class=\"a-section a-spacing-none premium-background-wrapper\">\n<div class=\"a-section a-spacing-none background-image\"><img decoding=\"async\" class=\"\" src=\"https:\/\/m.media-amazon.com\/images\/S\/aplus-media-library-service-media\/310451f0-27bb-462b-abb4-df451b0e6247.__CR0,0,1464,600_PT0_SX1464_V1___.png\" alt=\"sonda de potencia\" data-src=\"https:\/\/m.media-amazon.com\/images\/S\/aplus-media-library-service-media\/310451f0-27bb-462b-abb4-df451b0e6247.__CR0,0,1464,600_PT0_SX1464_V1___.png\" \/><\/div>\n<\/div>\n<\/div>\n<\/div>\n<\/div>\n<\/div>\n<\/div>\n<\/div>\n","protected":false},"excerpt":{"rendered":"<ul>\n<li><span class=\"a-list-item\"><em><strong>Herramienta de detecci\u00f3n de circuitos automotrices<\/strong><\/em>: P60 dise\u00f1ada para ayudar a diagnosticar problemas en el sistema el\u00e9ctrico de un veh\u00edculo probando la presencia de corriente el\u00e9ctrica en circuitos individuales. Como : detecci\u00f3n de voltaje, activaci\u00f3n de componentes, detecci\u00f3n de diodos, detecci\u00f3n de tierra, localizaci\u00f3n de cortocircuitos por rastreo, detecci\u00f3n de polaridad.<\/span><\/li>\n<\/ul>\n<ul class=\"a-unordered-list a-vertical a-spacing-mini\">\n<li class=\"a-spacing-mini\"><span class=\"a-list-item\"><em><strong>[Activaci\u00f3n de componentes]<\/strong><\/em> Para utilizar la activaci\u00f3n de componentes con un probador de circuitos, normalmente conecta el probador al circuito y luego utiliza los controles del probador para activar o controlar componentes espec\u00edficos, como rel\u00e9s, solenoides o actuadores. Al permitirle activar o controlar componentes espec\u00edficos en un circuito, puede ayudar a diagnosticar problemas de forma m\u00e1s r\u00e1pida y precisa, y hacer reparaciones m\u00e1s eficientemente.<\/span><\/li>\n<li class=\"a-spacing-mini\"><span class=\"a-list-item\"><em><strong>[Prueba de continuidad]<\/strong><\/em> Una prueba de continuidad es una caracter\u00edstica b\u00e1sica de muchos probadores de circuitos que te permite probar la ruta de la corriente el\u00e9ctrica a trav\u00e9s de un circuito. Las pruebas de continuidad pueden ser \u00fatiles para diagnosticar una variedad de problemas el\u00e9ctricos, como identificar cables rotos, circuitos abiertos o interruptores o rel\u00e9s defectuosos. Al identificar r\u00e1pidamente este tipo de problemas, puedes ayudar a diagnosticar y reparar problemas el\u00e9ctricos de manera m\u00e1s eficiente.<\/span><\/li>\n<li class=\"a-spacing-mini\"><span class=\"a-list-item\"><em><strong>[Cortocircuito ubicado y detecci\u00f3n de diodos]<\/strong><\/em> El probador de circuito de alimentaci\u00f3n Topdiag P60 se puede utilizar para rastrear y localizar el cortocircuito, te ayuda a detectar y solucionar de forma precisa y r\u00e1pida los componentes defectuosos. Y en comparaci\u00f3n con P55, la sonda de prueba P60 a\u00f1ade la funci\u00f3n de prueba de diodos, lo cual es f\u00e1cil de operar y eficiente, ahorrando mucho tiempo y dinero para la mayor\u00eda de los propietarios de veh\u00edculos.<\/span><\/li>\n<li class=\"a-spacing-mini\"><span class=\"a-list-item\"><em><strong>[Prueba de puesta a tierra y funci\u00f3n de cable puente]<\/strong><\/em> El probador de circuito Topdiag P60 permite prueba de conexi\u00f3n a tierra y funci\u00f3n de cable puente, te permite probar si hay una mala tierra o falla en la fuente de alimentaci\u00f3n de tu veh\u00edculo. Adem\u00e1s, el probador de sonda P60 tiene luces LED integradas en su parte superior para iluminar el entorno de trabajo, lo que te permite trabajar mejor en la oscuridad.<\/span><\/li>\n<li class=\"a-spacing-mini\"><span class=\"a-list-item\"><em><strong>Compatible con diferentes tipos de veh\u00edculos:<\/strong><\/em> se puede utilizar ampliamente en todos los coches de 6 a 30 V, camionetas, motocicletas, todoterrenos, excavadoras y barcos de vapor, etc. Llevar experiencia de diagn\u00f3stico de veh\u00edculos de alta calidad a los propietarios de autom\u00f3viles de todo el mundo siempre ha sido el prop\u00f3sito y la b\u00fasqueda de Topdiag<\/span><\/li>\n<\/ul>\n","protected":false},"featured_media":31247,"comment_status":"open","ping_status":"closed","template":"","meta":[],"product_brand":[],"product_cat":[22,113],"product_tag":[585,130,115,437],"class_list":{"0":"post-31246","1":"product","2":"type-product","3":"status-publish","4":"has-post-thumbnail","6":"product_cat-herramientas-de-diagnostico","7":"product_cat-puntas-logicas","8":"product_tag-p60","9":"product_tag-probador-de-circuitos","10":"product_tag-punta-logica","11":"product_tag-topdiag","13":"first","14":"instock","15":"taxable","16":"shipping-taxable","17":"purchasable","18":"product-type-simple"},"_links":{"self":[{"href":"https:\/\/8000rpmtools.com\/index.php?rest_route=\/wp\/v2\/product\/31246","targetHints":{"allow":["GET"]}}],"collection":[{"href":"https:\/\/8000rpmtools.com\/index.php?rest_route=\/wp\/v2\/product"}],"about":[{"href":"https:\/\/8000rpmtools.com\/index.php?rest_route=\/wp\/v2\/types\/product"}],"replies":[{"embeddable":true,"href":"https:\/\/8000rpmtools.com\/index.php?rest_route=%2Fwp%2Fv2%2Fcomments&post=31246"}],"wp:featuredmedia":[{"embeddable":true,"href":"https:\/\/8000rpmtools.com\/index.php?rest_route=\/wp\/v2\/media\/31247"}],"wp:attachment":[{"href":"https:\/\/8000rpmtools.com\/index.php?rest_route=%2Fwp%2Fv2%2Fmedia&parent=31246"}],"wp:term":[{"taxonomy":"product_brand","embeddable":true,"href":"https:\/\/8000rpmtools.com\/index.php?rest_route=%2Fwp%2Fv2%2Fproduct_brand&post=31246"},{"taxonomy":"product_cat","embeddable":true,"href":"https:\/\/8000rpmtools.com\/index.php?rest_route=%2Fwp%2Fv2%2Fproduct_cat&post=31246"},{"taxonomy":"product_tag","embeddable":true,"href":"https:\/\/8000rpmtools.com\/index.php?rest_route=%2Fwp%2Fv2%2Fproduct_tag&post=31246"}],"curies":[{"name":"wp","href":"https:\/\/api.w.org\/{rel}","templated":true}]}}