{"id":31226,"date":"2025-12-17T12:07:34","date_gmt":"2025-12-17T17:07:34","guid":{"rendered":"https:\/\/8000rpmtools.com\/?post_type=product&#038;p=31226"},"modified":"2026-02-19T13:23:49","modified_gmt":"2026-02-19T18:23:49","slug":"kit-trabador-de-distribucion-cruze-y-tracker","status":"publish","type":"product","link":"https:\/\/8000rpmtools.com\/?product=kit-trabador-de-distribucion-cruze-y-tracker","title":{"rendered":"KIT TRABADOR DE DISTRIBUCI\u00d3N CRUZE Y TRACKER"},"content":{"rendered":"<p>Caracter\u00edsticas:<\/p>\n<p>Aplicable:<\/p>\n<p>Para Chevrolet<br \/>\nCompatible con Aveo 2009-2011, c\u00f3digo del motor: G14D;<br \/>\nCompatible con Cruze 2009-2012, c\u00f3digo del motor: A18XER\/Z18XER;<br \/>\nCompatible con Orlando 2011-2012, c\u00f3digo del motor: A18XER\/Z18XER;<br \/>\nCompatible con Trax 2013-2018, c\u00f3digo del motor: A16XER\/A18XER\/Z18XER;<\/p>\n<p>Para Opel \/Opel<br \/>\nCompatible con Astra-G 2003-2011, c\u00f3digo del motor: Z16LET\/Z16XEP;<br \/>\nCompatible con Astra-H 2004-2011, c\u00f3digo del motor: A16LET\/A16XER\/Z16LET\/Z16XE1\/Z16XEP\/A18XER;<br \/>\nCompatible con Astra-J 2009-2015, c\u00f3digo del motor: A16XER\/Z16LET\/A18XER;<br \/>\nCompatible con Corsa-D 2006-2011, c\u00f3digo del motor: A16LEL\/A16LER\/Z16LEL;<br \/>\nCompatible con Insignia 2008-2015, c\u00f3digo del motor: Z16LET\/Z16LEL\/A18XER;<br \/>\nCompatible con Mervia-A 2006-2010, c\u00f3digo del motor: Z16XER\/Z16LET; V fit Signum 2006-2008, c\u00f3digo del motor: Z18XER;<br \/>\nCompatible con Vectra-C 2006-2008, c\u00f3digo del motor: Z16XEP;<br \/>\nCompatible con Zafira-B 2005-2012, c\u00f3digo del motor: A16XNT\/Z16XEI\/Z16XEP\/Z16XER\/Z16XNT\/A18XEL\/A18XER;<\/p>\n<p>Para Saab<br \/>\nCompatible con Saab 9-5 2010-2012, c\u00f3digo del motor: Z16LET\/Z16LEL;<\/p>\n<p>Para Fiat<\/p>\n<p>Compatible con Croma 2006-2011, c\u00f3digo del motor: A18XER\/Z18XER\/939A4.00.<br \/>\nCompatible con Stilo 2005-2008, c\u00f3digo del motor: 192b3.000;<\/p>\n<p>Para Alfa Romeo<br \/>\nCompatible con Alfa Romeo 159 2005-2010, c\u00f3digo del motor: 939A4.000<\/p>\n<p>El paquete incluye:<\/p>\n<p>2 herramientas de bloqueo de engranajes para \u00e1rbol de levas.<br \/>\n1 herramienta de bloqueo de \u00e1rbol de levas, 1 herramienta de bloqueo de volante.<br \/>\n1 llave tensora del motor.<br \/>\n1 herramienta de bloqueo de tensor de correa acanalada en V.<br \/>\n1 herramienta de bloqueo del tensor de la correa de distribuci\u00f3n.<br \/>\n1 herramienta de bloqueo del cig\u00fce\u00f1al.<\/p>\n","protected":false},"excerpt":{"rendered":"<ul class=\"a-unordered-list a-vertical a-spacing-mini\">\n<li class=\"a-spacing-mini\"><span class=\"a-list-item\">Alta calidad: este kit de herramientas de sincronizaci\u00f3n de alineaci\u00f3n de \u00e1rbol de levas est\u00e1 hecho de materiales de acero resistentes a la corrosi\u00f3n de alta calidad con m\u00e1xima durabilidad y resistencia, haciendo que tu motor funcione como nuevo. Las diferentes piezas est\u00e1n hechas de acero al carbono tratado t\u00e9rmicamente y cromo con un bloqueo de engranaje de \u00e1rbol de levas de metalurgia; el art\u00edculo de capacidad del motor es adecuado para: 1. 6 l y 1. 8 l<\/span><\/li>\n<li class=\"a-spacing-mini\"><span class=\"a-list-item\">Amplia compatibilidad: las herramientas de sincronizaci\u00f3n de alineaci\u00f3n de bloqueo del \u00e1rbol de levas son compatibles con una amplia gama de motores, incluyendo Chevrolet, Fiats y Alfa Romeo 2003 &#8211; 2012 16V 1.6 1.8 motor. Motor Aplicaciones compatibles con: Astra-G \/ H \/ Corsa-D \/ insignia \/ Mervia \/ Signum \/ Vectra-C \/ Zafira-B 2003-2011. Tambi\u00e9n compatible con Chevrolet Cruze, Orlando 1.4, 1.6, 1.8 y Fiat Croma, Alfa Romeo<\/span><\/li>\n<li class=\"a-spacing-mini\"><span class=\"a-list-item\">Posici\u00f3n precisa: todas las herramientas de sincronizaci\u00f3n del \u00e1rbol de levas se han sometido a rigurosas pruebas del motor para garantizar una compatibilidad perfecta entre la herramienta de sincronizaci\u00f3n y el motor. El juego de herramientas de sincronizaci\u00f3n de alineaci\u00f3n de bloqueo se puede utilizar para bloquear las levas y cig\u00fce\u00f1ales en posici\u00f3n para permitir el desmontaje y reemplazo de cadenas de distribuci\u00f3n r\u00e1pidamente.<\/span><\/li>\n<li class=\"a-spacing-mini\"><span class=\"a-list-item\">El paquete incluye: 1 herramienta de bloqueo del \u00e1rbol de levas, 2 herramientas de bloqueo del engranaje del \u00e1rbol de levas, 1 herramienta de bloqueo del volante, 1 llave tensora del motor, 1 herramienta de bloqueo del tensor de correa acanalada en V, 1 herramienta de bloqueo del cig\u00fce\u00f1al, 1 herramienta de bloqueo del tensor de la correa de distribuci\u00f3n.<\/span><\/li>\n<li class=\"a-spacing-mini\"><span class=\"a-list-item\">Caja de almacenamiento: el kit de herramientas de correa de distribuci\u00f3n de alineaci\u00f3n de bloqueo est\u00e1 empaquetado en una caja de almacenamiento resistente con compartimentos de tama\u00f1o de precisi\u00f3n para cada pieza, ideal para almacenamiento y transporte mientras prolonga la vida \u00fatil del juego de herramientas.<\/span><\/li>\n<\/ul>\n","protected":false},"featured_media":31227,"comment_status":"open","ping_status":"closed","template":"","meta":[],"product_brand":[],"product_cat":[571],"product_tag":[574,577,573,575,576,578],"class_list":{"0":"post-31226","1":"product","2":"type-product","3":"status-publish","4":"has-post-thumbnail","6":"product_cat-herramientas-para-sincronizacion-de-tiempo","7":"product_tag-arbol-de-levas","8":"product_tag-cruze","9":"product_tag-kit-de-distribucion","10":"product_tag-sincronizacion-del-motor","11":"product_tag-trabador-de-poleas","12":"product_tag-tracker","14":"first","15":"instock","16":"taxable","17":"shipping-taxable","18":"purchasable","19":"product-type-simple"},"_links":{"self":[{"href":"https:\/\/8000rpmtools.com\/index.php?rest_route=\/wp\/v2\/product\/31226","targetHints":{"allow":["GET"]}}],"collection":[{"href":"https:\/\/8000rpmtools.com\/index.php?rest_route=\/wp\/v2\/product"}],"about":[{"href":"https:\/\/8000rpmtools.com\/index.php?rest_route=\/wp\/v2\/types\/product"}],"replies":[{"embeddable":true,"href":"https:\/\/8000rpmtools.com\/index.php?rest_route=%2Fwp%2Fv2%2Fcomments&post=31226"}],"wp:featuredmedia":[{"embeddable":true,"href":"https:\/\/8000rpmtools.com\/index.php?rest_route=\/wp\/v2\/media\/31227"}],"wp:attachment":[{"href":"https:\/\/8000rpmtools.com\/index.php?rest_route=%2Fwp%2Fv2%2Fmedia&parent=31226"}],"wp:term":[{"taxonomy":"product_brand","embeddable":true,"href":"https:\/\/8000rpmtools.com\/index.php?rest_route=%2Fwp%2Fv2%2Fproduct_brand&post=31226"},{"taxonomy":"product_cat","embeddable":true,"href":"https:\/\/8000rpmtools.com\/index.php?rest_route=%2Fwp%2Fv2%2Fproduct_cat&post=31226"},{"taxonomy":"product_tag","embeddable":true,"href":"https:\/\/8000rpmtools.com\/index.php?rest_route=%2Fwp%2Fv2%2Fproduct_tag&post=31226"}],"curies":[{"name":"wp","href":"https:\/\/api.w.org\/{rel}","templated":true}]}}