{"id":31220,"date":"2025-12-17T11:40:03","date_gmt":"2025-12-17T16:40:03","guid":{"rendered":"https:\/\/8000rpmtools.com\/?post_type=product&#038;p=31220"},"modified":"2025-12-17T11:43:17","modified_gmt":"2025-12-17T16:43:17","slug":"jeringa-para-succion-y-cambio-de-aceite","status":"publish","type":"product","link":"https:\/\/8000rpmtools.com\/?product=jeringa-para-succion-y-cambio-de-aceite","title":{"rendered":"JERINGA PARA SUCCI\u00d3N Y CAMBIO DE ACEITE"},"content":{"rendered":"<p>1. Modelo aplicable: El extractor de fluido del cilindro maestro es un reemplazo para PSA, reemplazo para Vauxhall, reemplazo para Opel.<br \/>\n2. Amplia compatibilidad: esta jeringa recuperadora de combustible est\u00e1 dise\u00f1ada para veh\u00edculos con gasolina o motores. Viene con 2 conectores universales para autos viejos.<br \/>\n3. Funci\u00f3n: La extracci\u00f3n de fluidos del motor automotriz es ideal para recuperar el exceso y los fluidos de las l\u00edneas de combustible antes del mantenimiento.<br \/>\n4. Buen sellado: La bomba perfectamente y evita derrames de combustible, puede examinar el fluido extra\u00eddo gracias al cuerpo transparente de la jeringa.<br \/>\n5. Dise\u00f1o \u00fanico: el extractor de fluido est\u00e1 dise\u00f1ado con un pie antideslizante que evita que la jeringa se deslice y hay una alrededor de la jeringa para evitar resbalones.<\/p>\n<p>Especificaciones:<br \/>\nTipo de art\u00edculo: Extractor de fluidos<br \/>\nMaterial: Metal, ABS<br \/>\nCapacidad: 0.39 galones<br \/>\nCaracter\u00edstica: Con conector de liberaci\u00f3n r\u00e1pida (reemplazo para PSA, reemplazo Vauxhall, veh\u00edculos Opel de reemplazo)<br \/>\nCon 2 conectores universales para coches antiguos<br \/>\nIdeal para eliminar combustible y l\u00edquidos de las l\u00edneas de combustible.<br \/>\nAplicaci\u00f3n: Esta jeringa extractora de aceite est\u00e1 dise\u00f1ada para veh\u00edculos equipados con gasolina o motores<\/p>\n<p>Lista de paquetes:<br \/>\n1 kit extractor de fluidos (9 piezas)<\/p>\n","protected":false},"excerpt":{"rendered":"<ul class=\"a-unordered-list a-vertical a-spacing-mini\">\n<li class=\"a-spacing-mini\"><span class=\"a-list-item\">Modelo aplicable: El extractor de fluido del cilindro maestro es un reemplazo para PSA, reemplazo para Vauxhall, reemplazo para Opel.<\/span><\/li>\n<li class=\"a-spacing-mini\"><span class=\"a-list-item\">Dise\u00f1o \u00fanico: el extractor de fluido est\u00e1 dise\u00f1ado con un pie antideslizante que evita que la jeringa se deslice y hay una alrededor de la jeringa para evitar resbalones.<\/span><\/li>\n<li class=\"a-spacing-mini\"><span class=\"a-list-item\">Amplia compatibilidad: esta jeringa recuperadora de combustible est\u00e1 dise\u00f1ada para veh\u00edculos con gasolina o motores. Viene con 2 conectores universales para autos viejos.<\/span><\/li>\n<li class=\"a-spacing-mini\"><span class=\"a-list-item\">Buen sellado: La bomba perfectamente y evita derrames de combustible, puede examinar el fluido extra\u00eddo gracias al cuerpo transparente de la jeringa.<\/span><\/li>\n<li class=\"a-spacing-mini\"><span class=\"a-list-item\">Funci\u00f3n: La extracci\u00f3n de fluidos del motor automotriz es ideal para recuperar el exceso y los fluidos de las l\u00edneas de combustible antes del mantenimiento.<\/span><\/li>\n<\/ul>\n","protected":false},"featured_media":31221,"comment_status":"open","ping_status":"closed","template":"","meta":[],"product_brand":[],"product_cat":[23,178],"product_tag":[180,567,568],"class_list":{"0":"post-31220","1":"product","2":"type-product","3":"status-publish","4":"has-post-thumbnail","6":"product_cat-herramientas-manuales","7":"product_cat-succion-y-transferencia-de-fluidos","8":"product_tag-aceite","9":"product_tag-jeringa","10":"product_tag-succion","12":"first","13":"instock","14":"taxable","15":"shipping-taxable","16":"purchasable","17":"product-type-simple"},"_links":{"self":[{"href":"https:\/\/8000rpmtools.com\/index.php?rest_route=\/wp\/v2\/product\/31220","targetHints":{"allow":["GET"]}}],"collection":[{"href":"https:\/\/8000rpmtools.com\/index.php?rest_route=\/wp\/v2\/product"}],"about":[{"href":"https:\/\/8000rpmtools.com\/index.php?rest_route=\/wp\/v2\/types\/product"}],"replies":[{"embeddable":true,"href":"https:\/\/8000rpmtools.com\/index.php?rest_route=%2Fwp%2Fv2%2Fcomments&post=31220"}],"wp:featuredmedia":[{"embeddable":true,"href":"https:\/\/8000rpmtools.com\/index.php?rest_route=\/wp\/v2\/media\/31221"}],"wp:attachment":[{"href":"https:\/\/8000rpmtools.com\/index.php?rest_route=%2Fwp%2Fv2%2Fmedia&parent=31220"}],"wp:term":[{"taxonomy":"product_brand","embeddable":true,"href":"https:\/\/8000rpmtools.com\/index.php?rest_route=%2Fwp%2Fv2%2Fproduct_brand&post=31220"},{"taxonomy":"product_cat","embeddable":true,"href":"https:\/\/8000rpmtools.com\/index.php?rest_route=%2Fwp%2Fv2%2Fproduct_cat&post=31220"},{"taxonomy":"product_tag","embeddable":true,"href":"https:\/\/8000rpmtools.com\/index.php?rest_route=%2Fwp%2Fv2%2Fproduct_tag&post=31220"}],"curies":[{"name":"wp","href":"https:\/\/api.w.org\/{rel}","templated":true}]}}