{"id":31203,"date":"2025-12-15T16:09:24","date_gmt":"2025-12-15T21:09:24","guid":{"rendered":"https:\/\/8000rpmtools.com\/?post_type=product&#038;p=31203"},"modified":"2025-12-15T16:52:12","modified_gmt":"2025-12-15T21:52:12","slug":"videoscopio-industrial-articulado-hd","status":"publish","type":"product","link":"https:\/\/8000rpmtools.com\/?product=videoscopio-industrial-articulado-hd","title":{"rendered":"VIDEOSCOPIO INDUSTRIAL ARTICULADO HD"},"content":{"rendered":"<p>C\u00e1mara endosc\u00f3pica Daxiongmao con luz, boroscopio articulado bidireccional, c\u00e1mara de alcantarillado impermeable IP67 2.76 Endoscopio articulado bidireccional profesional de 180 \u00b0La innovadora c\u00e1mara de inspecci\u00f3n articulada puede inspeccionar de manera f\u00e1cil y completa el motor dentro del autom\u00f3vil, reduciendo la relaci\u00f3n de flexi\u00f3n en ambos lados en 34 mm y permitiendo una rotaci\u00f3n flexible en un espacio peque\u00f1o. El endoscopio articulado es f\u00e1cil de operar y eficiente, y puede convertir 3 horas de trabajo en 15 minutos. La funci\u00f3n de c\u00e1mara giratoria le permite alcanzar la posici\u00f3n dentro del complejo sistema que desea ver, que anteriormente era | Pantalla a color de alta definici\u00f3n de 4,3 pulgadas y grabaci\u00f3nEsta c\u00e1mara endosc\u00f3pica adopta la tecnolog\u00eda l\u00edder de sensor de alto rendimiento de imagen de 2,0 MP, y una pantalla IPS de color verdadero de 4,3 pulgadas proporciona una claridad y precisi\u00f3n de color extraordinarias, lo que garantiza que cada detalle capturado por el endoscopio se pueda mostrar v\u00edvidamente. Habilite esta c\u00e1mara con forma de serpiente para proporcionar una claridad y suavidad incomparables. La funci\u00f3n de aumento de 4x le permite ver mejor los detalles del diagn\u00f3stico. \u00bfEl micropho incorporado 43.28 cm largo &#8211; 24 cm ancho &#8211; 8.41 cm alto Black<\/p>\n","protected":false},"excerpt":{"rendered":"<ul class=\"a-unordered-list a-vertical a-spacing-mini\">\n<li class=\"a-spacing-mini\"><span class=\"a-list-item\">Endoscopio profesional bidireccional articulado de 180\u00ba: la innovadora c\u00e1mara de inspecci\u00f3n articulada puede inspeccionar f\u00e1cil y exhaustivamente el motor dentro del autom\u00f3vil, reduciendo la relaci\u00f3n de flexi\u00f3n en ambos lados en 34 mm y permitiendo una rotaci\u00f3n flexible en un espacio peque\u00f1o. El endoscopio articulado es f\u00e1cil de operar y eficiente, y puede convertir 3 horas de trabajo en 15 minutos. La funci\u00f3n de c\u00e1mara giratoria te permite alcanzar la posici\u00f3n dentro del complejo sistema que quieres ver, que anteriormente era<\/span><\/li>\n<li class=\"a-spacing-mini\"><span class=\"a-list-item\">Pantalla y grabaci\u00f3n a color de alta definici\u00f3n de 4.3 pulgadas: esta c\u00e1mara endosc\u00f3pica adopta la tecnolog\u00eda l\u00edder de sensor de imagen de 2.0 MP de alto rendimiento, y una pantalla IPS de 4.3 pulgadas a color real proporciona una claridad y precisi\u00f3n de color extraordinarias, asegurando que cada detalle capturado por el endoscopio se pueda mostrar v\u00edvidamente. Permite que esta c\u00e1mara similar a una serpiente proporcione una claridad y suavidad inigualables. La funci\u00f3n de aumento 4x te permite ver mejor los detalles de diagn\u00f3stico. El micr\u00f3fono integrado y habla<\/span><\/li>\n<li class=\"a-spacing-mini\"><span class=\"a-list-item\">C\u00e1mara impermeable IP67 con luz: esta c\u00e1mara endosc\u00f3pica con luz es impermeable IP67 y resistente al aceite, adecuada para aplicaciones de tuber\u00edas h\u00famedas\/petr\u00f3leo. La cuerda de cuello de cisne de metal tiene un equilibrio cuidadosamente dise\u00f1ado, suficiente ductilidad y puede mantener su forma, enroll\u00e1ndose f\u00e1cilmente a cualquier espacio que quieras ver. La c\u00e1mara de serpiente de 8 mm captura detalles claros de 2.0 MP, con funci\u00f3n de aumento 4X, equipada con 8 luces LED de alta intensidad y 3 brillos ajustables para comprobar diferentes situaciones oscuras<\/span><\/li>\n<li class=\"a-spacing-mini\"><span class=\"a-list-item\">Asequible y duradero: el sistema inteligente de protecci\u00f3n de alta temperatura est\u00e1 dise\u00f1ado espec\u00edficamente para proteger las c\u00e1maras de detecci\u00f3n. Cuando la temperatura supera los 75 \u2103, se activar\u00e1 autom\u00e1ticamente una alarma y la m\u00e1quina se detendr\u00e1 cuando exceda los 80 \u2103. El endoscopio tiene una bater\u00eda de 2000 mAh y se puede utilizar continuamente durante 3,5 horas. La sonda flexible y controlable y la imagen de alta resoluci\u00f3n garantizan que puedas completar cualquier tarea con confianza. Una herramienta imprescindible para los entusiastas del bricolaje y profesionales<\/span><\/li>\n<li class=\"a-spacing-mini\"><span class=\"a-list-item\">El mejor regalo y excelente soporte: el Daxiongmao incluye un endoscopio articulado S43 (con una tarjeta TF integrada de 32 GB), manual de usuario, cable de carga USB-C, maleta, manual de usuario (idioma espa\u00f1ol no garantizado). En el D\u00eda del Padre, nuestros productos son accesorios para hombres y peque\u00f1as herramientas geniales que se pueden dar como regalo a los hombres. Ofrecemos un servicio posventa profesional y amigable las 24 horas y una garant\u00eda gratuita de 24 meses. Si tienes alguna pregunta, no dudes en buscar ayuda en cualquier momento.<\/span><\/li>\n<li class=\"a-spacing-mini\"><span class=\"a-list-item\">\u3010El mejor regalo para hombre\u3011: nuestros productos se pueden utilizar como regalo del d\u00eda de San Valent\u00edn para \u00e9l, regalos del d\u00eda del padre, impresionantes regalos del d\u00eda del padre, regalos personalizados para el d\u00eda del padre, regalos divertidos del d\u00eda del padre, regalos para el d\u00eda del padre, regalos del primer d\u00eda del padre, regalos del d\u00eda del padre, regalos del d\u00eda del padre de hija, regalos del d\u00eda del padre de esposa, regalos del d\u00eda del padre de hijo, regalos del d\u00eda del padre de parte de hijo, regalos del d\u00eda del padre de parte de tu hijo Regalos para ni\u00f1os, pap\u00e1 de hija ter, Regalos para el d\u00eda del padre de hija, regalos para hombres, regalos para pap\u00e1, regalos de cumplea\u00f1os para hombres, regalos de aniversario para \u00e9l, regalos de graduaci\u00f3n para \u00e9l, regalos para marido, gadgets para hombres<\/span><\/li>\n<\/ul>\n","protected":false},"featured_media":31204,"comment_status":"open","ping_status":"closed","template":"","meta":[],"product_brand":[],"product_cat":[22],"product_tag":[566,564,565,304],"class_list":{"0":"post-31203","1":"product","2":"type-product","3":"status-publish","4":"has-post-thumbnail","6":"product_cat-herramientas-de-diagnostico","7":"product_tag-articulado","8":"product_tag-daxiongmao","9":"product_tag-hd","10":"product_tag-videoscopio","12":"first","13":"instock","14":"taxable","15":"shipping-taxable","16":"purchasable","17":"product-type-simple"},"_links":{"self":[{"href":"https:\/\/8000rpmtools.com\/index.php?rest_route=\/wp\/v2\/product\/31203","targetHints":{"allow":["GET"]}}],"collection":[{"href":"https:\/\/8000rpmtools.com\/index.php?rest_route=\/wp\/v2\/product"}],"about":[{"href":"https:\/\/8000rpmtools.com\/index.php?rest_route=\/wp\/v2\/types\/product"}],"replies":[{"embeddable":true,"href":"https:\/\/8000rpmtools.com\/index.php?rest_route=%2Fwp%2Fv2%2Fcomments&post=31203"}],"wp:featuredmedia":[{"embeddable":true,"href":"https:\/\/8000rpmtools.com\/index.php?rest_route=\/wp\/v2\/media\/31204"}],"wp:attachment":[{"href":"https:\/\/8000rpmtools.com\/index.php?rest_route=%2Fwp%2Fv2%2Fmedia&parent=31203"}],"wp:term":[{"taxonomy":"product_brand","embeddable":true,"href":"https:\/\/8000rpmtools.com\/index.php?rest_route=%2Fwp%2Fv2%2Fproduct_brand&post=31203"},{"taxonomy":"product_cat","embeddable":true,"href":"https:\/\/8000rpmtools.com\/index.php?rest_route=%2Fwp%2Fv2%2Fproduct_cat&post=31203"},{"taxonomy":"product_tag","embeddable":true,"href":"https:\/\/8000rpmtools.com\/index.php?rest_route=%2Fwp%2Fv2%2Fproduct_tag&post=31203"}],"curies":[{"name":"wp","href":"https:\/\/api.w.org\/{rel}","templated":true}]}}