{"id":31196,"date":"2025-12-11T12:44:18","date_gmt":"2025-12-11T17:44:18","guid":{"rendered":"https:\/\/8000rpmtools.com\/?post_type=product&#038;p=31196"},"modified":"2025-12-11T12:49:26","modified_gmt":"2025-12-11T17:49:26","slug":"caja-de-herramientas-a1-202-piezas","status":"publish","type":"product","link":"https:\/\/8000rpmtools.com\/?product=caja-de-herramientas-a1-202-piezas","title":{"rendered":"CAJA DE HERRAMIENTAS A1 202 PIEZAS"},"content":{"rendered":"<p data-start=\"216\" data-end=\"288\"><strong data-start=\"216\" data-end=\"288\">Hecha en Taiw\u00e1n \u2022 Calidad Premium \u2022 Ideal para talleres automotrices<\/strong><\/p>\n<p data-start=\"290\" data-end=\"601\">La <strong data-start=\"293\" data-end=\"335\">Caja de Herramientas A-1 de 202 piezas<\/strong> es el equipo ideal para profesionales del \u00e1rea automotriz, mec\u00e1nicos, talleres y todos quienes buscan herramientas confiables, resistentes y de alto desempe\u00f1o. Fabricada en <strong data-start=\"509\" data-end=\"519\">Taiw\u00e1n<\/strong>, esta l\u00ednea destaca por su excelente durabilidad, precisi\u00f3n y calidad industrial.<\/p>\n<p data-start=\"603\" data-end=\"981\">Dise\u00f1ada para ofrecer un set realmente <strong data-start=\"642\" data-end=\"654\">completo<\/strong>, incorpora mandos de <strong data-start=\"676\" data-end=\"697\">1\/2\u201d, 3\/8\u201d y 1\/4\u201d<\/strong>, cubriendo pr\u00e1cticamente cualquier tipo de trabajo, desde mantenimiento ligero hasta intervenciones mec\u00e1nicas m\u00e1s exigentes.<br data-start=\"822\" data-end=\"825\" \/>Cada herramienta est\u00e1 organizada en un estuche r\u00edgido de alta resistencia, lo que facilita su transporte, almacenamiento y acceso r\u00e1pido durante el trabajo.<\/p>\n<hr data-start=\"983\" data-end=\"986\" \/>\n<h3 data-start=\"988\" data-end=\"1037\"><strong data-start=\"992\" data-end=\"1037\">Contenido destacado del kit (202 piezas):<\/strong><\/h3>\n<p data-start=\"1038\" data-end=\"1358\">\u2714 Dadas en pulgadas y milim\u00e9tricas<br data-start=\"1072\" data-end=\"1075\" \/>\u2714 Matracas profesionales de 1\/2\u201d, 3\/8\u201d y 1\/4\u201d<br data-start=\"1120\" data-end=\"1123\" \/>\u2714 Llaves combinadas de alta precisi\u00f3n<br data-start=\"1160\" data-end=\"1163\" \/>\u2714 Extensiones, uniones y accesorios completos<br data-start=\"1208\" data-end=\"1211\" \/>\u2714 Puntas y adaptadores para m\u00faltiples aplicaciones<br data-start=\"1261\" data-end=\"1264\" \/>\u2714 Alicates, desarmadores y herramientas auxiliares<br data-start=\"1314\" data-end=\"1317\" \/>\u2714 Todo organizado en un malet\u00edn reforzado<\/p>\n<hr data-start=\"1360\" data-end=\"1363\" \/>\n<h3 data-start=\"1365\" data-end=\"1401\"><strong data-start=\"1369\" data-end=\"1401\">Caracter\u00edsticas principales:<\/strong><\/h3>\n<p data-start=\"1402\" data-end=\"1751\">\ud83d\udd27 <strong data-start=\"1405\" data-end=\"1429\">Calidad profesional:<\/strong> Fabricaci\u00f3n premium para un uso constante y exigente.<br data-start=\"1483\" data-end=\"1486\" \/>\ud83d\udee0\ufe0f <strong data-start=\"1490\" data-end=\"1518\">Durabilidad garantizada:<\/strong> Materiales de alta resistencia para una vida \u00fatil extendida.<br data-start=\"1579\" data-end=\"1582\" \/>\u2699\ufe0f <strong data-start=\"1585\" data-end=\"1627\">Dise\u00f1ada para el trabajo en el taller:<\/strong> Rendimiento \u00f3ptimo para todo tipo de labores mec\u00e1nicas.<br data-start=\"1683\" data-end=\"1686\" \/>\ud83d\udce6 <strong data-start=\"1689\" data-end=\"1708\">Malet\u00edn r\u00edgido:<\/strong> Organizaci\u00f3n perfecta y transporte seguro<\/p>\n","protected":false},"excerpt":{"rendered":"<ul>\n<li>Caja de herramientas completa<\/li>\n<li>Todo lo que necesitas en un malet\u00edn de herramientas<\/li>\n<li>herramientas para los mandos 1\/4\u2033-1\/2\u2033 y\u00a0 3\/8\u2033<\/li>\n<li><span dir=\"auto\">Durable<\/span><\/li>\n<li>Ideal para el trabajo en el taller<\/li>\n<\/ul>\n","protected":false},"featured_media":31201,"comment_status":"open","ping_status":"closed","template":"","meta":[],"product_brand":[],"product_cat":[23,485],"product_tag":[562,125,41,563],"class_list":{"0":"post-31196","1":"product","2":"type-product","3":"status-publish","4":"has-post-thumbnail","6":"product_cat-herramientas-manuales","7":"product_cat-juegos-de-herramientas-herramientas-manuales","8":"product_tag-a1","9":"product_tag-caja-de-herramientas","10":"product_tag-herramientas","11":"product_tag-maletin-de-herramientas","13":"first","14":"instock","15":"taxable","16":"shipping-taxable","17":"purchasable","18":"product-type-simple"},"_links":{"self":[{"href":"https:\/\/8000rpmtools.com\/index.php?rest_route=\/wp\/v2\/product\/31196","targetHints":{"allow":["GET"]}}],"collection":[{"href":"https:\/\/8000rpmtools.com\/index.php?rest_route=\/wp\/v2\/product"}],"about":[{"href":"https:\/\/8000rpmtools.com\/index.php?rest_route=\/wp\/v2\/types\/product"}],"replies":[{"embeddable":true,"href":"https:\/\/8000rpmtools.com\/index.php?rest_route=%2Fwp%2Fv2%2Fcomments&post=31196"}],"wp:featuredmedia":[{"embeddable":true,"href":"https:\/\/8000rpmtools.com\/index.php?rest_route=\/wp\/v2\/media\/31201"}],"wp:attachment":[{"href":"https:\/\/8000rpmtools.com\/index.php?rest_route=%2Fwp%2Fv2%2Fmedia&parent=31196"}],"wp:term":[{"taxonomy":"product_brand","embeddable":true,"href":"https:\/\/8000rpmtools.com\/index.php?rest_route=%2Fwp%2Fv2%2Fproduct_brand&post=31196"},{"taxonomy":"product_cat","embeddable":true,"href":"https:\/\/8000rpmtools.com\/index.php?rest_route=%2Fwp%2Fv2%2Fproduct_cat&post=31196"},{"taxonomy":"product_tag","embeddable":true,"href":"https:\/\/8000rpmtools.com\/index.php?rest_route=%2Fwp%2Fv2%2Fproduct_tag&post=31196"}],"curies":[{"name":"wp","href":"https:\/\/api.w.org\/{rel}","templated":true}]}}