{"id":31186,"date":"2025-12-11T12:20:30","date_gmt":"2025-12-11T17:20:30","guid":{"rendered":"https:\/\/8000rpmtools.com\/?post_type=product&#038;p=31186"},"modified":"2025-12-11T12:20:30","modified_gmt":"2025-12-11T17:20:30","slug":"sensores-de-llantas-universales-launch","status":"publish","type":"product","link":"https:\/\/8000rpmtools.com\/?product=sensores-de-llantas-universales-launch","title":{"rendered":"SENSORES DE LLANTAS UNIVERSALES LAUNCH"},"content":{"rendered":"<ul class=\"a-unordered-list a-vertical a-spacing-mini\">\n<li class=\"a-spacing-mini\"><span class=\"a-list-item\">Sensor TPMS de frecuencia dual 2 en 1: el sensor TPMS RF LTR-01 de LAUNCH est\u00e1 dise\u00f1ado para combinar aplicaciones de 315 MHz y 433 MHz en un sensor, lo que te permite instalarlo en cualquier tipo de neum\u00e1tico o veh\u00edculo. Es muy conveniente para mec\u00e1nicos profesionales y usuarios de bricolaje.<\/span><\/li>\n<li class=\"a-spacing-mini\"><span class=\"a-list-item\">Reemplazo de todos los sensores OE: el sensor del sistema de monitoreo de presi\u00f3n de neum\u00e1ticos LAUNCH es un reemplazo perfecto para los sensores TPMS de equipo original, lo que significa que es capaz de copiar todos los datos del sensor OE, escribir en datos OEM y programarse o reprogramarse indefinidamente con herramientas TPMS. Podr\u00eda ahorrar dinero y ofrecerle la misma utilidad que los sensores OE.<\/span><\/li>\n<li class=\"a-spacing-mini\"><span class=\"a-list-item\">\u3010Cobertura del 98% de los veh\u00edculos\u3011: sensor universal de presi\u00f3n de neum\u00e1ticos programable LAUNCH compatible con m\u00e1s del 98% de todos los sensores OE en el mercado. La mayor\u00eda de los veh\u00edculos se pueden aplicar como Ford, Buick, GMC, Cadillac, Chevrolet, Jeep, Dodge, BMW, Mercedes-Benz, Audi, VW, Toyota, Honda, Nissan, Subaru, Mazda, etc.<\/span><\/li>\n<li class=\"a-spacing-mini\"><span class=\"a-list-item\">\u3010Bater\u00eda potente\u3011: Launch RF-Sensor est\u00e1 equipado con una bater\u00eda de grado automotriz con una larga vida \u00fatil durante m\u00e1s de 5 a\u00f1os. Las carcasas met\u00e1licas de alta calidad pueden enfrentar entornos de trabajo dif\u00edciles f\u00e1cilmente. Las propiedades de resistencia a altas y bajas temperaturas, a prueba de polvo e impermeables garantizan que el sensor de neum\u00e1ticos pueda funcionar normalmente incluso en condiciones extremas.<\/span><\/li>\n<li class=\"a-spacing-mini\"><span class=\"a-list-item\">\u3010F\u00e1cil de usar\u3011: el chip de alto rendimiento con la extraordinaria se\u00f1al de sensor fuerte permite que LAUNCH RF-Sensor se programe f\u00e1cilmente de forma inal\u00e1mbrica durante tiempos ilimitados, incluso cuando el sensor ya se ha montado en la rueda. Adem\u00e1s, el dise\u00f1o \u00fanico de la v\u00e1lvula de liberaci\u00f3n de tornillo hace que el reemplazo manual del sensor sea mucho m\u00e1s f\u00e1cil. Ofreceremos 12 meses de garant\u00eda y soporte t\u00e9cnico de por vida para nuestros LAUNCH RF-Sensors, si tiene alguna pregunta en uso, bienvenido a contactarnos libremente<\/span><\/li>\n<\/ul>\n","protected":false},"excerpt":{"rendered":"<p>El\u00a0<strong>sensor TPMS LTR-01 de Launch<\/strong>\u00a0es un sensor de presi\u00f3n de neum\u00e1ticos que se utiliza para monitorear la presi\u00f3n de los neum\u00e1ticos de un veh\u00edculo.\u00a0Este sensor es compatible con la mayor\u00eda de los tipos de veh\u00edculos y cubre m\u00e1s del 95% del mercado.\u00a0El sensor LTR-01 de Launch es un sensor de RF dise\u00f1ado y producido por Launch que proporciona una cobertura de veh\u00edculos del 98% para ofrecer las mejores soluciones TPMS para cualquier taller de reparaci\u00f3n o talleres de neum\u00e1ticos.\u00a0El sensor LTR-01 de Launch es un sensor de goma universal de banda dual de 315 MHz y 433 MHz.\u00a0El sensor LTR-01 de Launch tiene una duraci\u00f3n de bater\u00eda de entre 4 y 6 a\u00f1os y puede programarse varias veces indefinidamente.<\/p>\n","protected":false},"featured_media":31190,"comment_status":"open","ping_status":"closed","template":"","meta":[],"product_brand":[],"product_cat":[193],"product_tag":[87,560,463,559],"class_list":{"0":"post-31186","1":"product","2":"type-product","3":"status-publish","4":"has-post-thumbnail","6":"product_cat-herramientas-neumaticas","7":"product_tag-launch","8":"product_tag-programador-de-sensores","9":"product_tag-sensores","10":"product_tag-sensores-neumaticos","12":"first","13":"instock","14":"taxable","15":"shipping-taxable","16":"purchasable","17":"product-type-simple"},"_links":{"self":[{"href":"https:\/\/8000rpmtools.com\/index.php?rest_route=\/wp\/v2\/product\/31186","targetHints":{"allow":["GET"]}}],"collection":[{"href":"https:\/\/8000rpmtools.com\/index.php?rest_route=\/wp\/v2\/product"}],"about":[{"href":"https:\/\/8000rpmtools.com\/index.php?rest_route=\/wp\/v2\/types\/product"}],"replies":[{"embeddable":true,"href":"https:\/\/8000rpmtools.com\/index.php?rest_route=%2Fwp%2Fv2%2Fcomments&post=31186"}],"wp:featuredmedia":[{"embeddable":true,"href":"https:\/\/8000rpmtools.com\/index.php?rest_route=\/wp\/v2\/media\/31190"}],"wp:attachment":[{"href":"https:\/\/8000rpmtools.com\/index.php?rest_route=%2Fwp%2Fv2%2Fmedia&parent=31186"}],"wp:term":[{"taxonomy":"product_brand","embeddable":true,"href":"https:\/\/8000rpmtools.com\/index.php?rest_route=%2Fwp%2Fv2%2Fproduct_brand&post=31186"},{"taxonomy":"product_cat","embeddable":true,"href":"https:\/\/8000rpmtools.com\/index.php?rest_route=%2Fwp%2Fv2%2Fproduct_cat&post=31186"},{"taxonomy":"product_tag","embeddable":true,"href":"https:\/\/8000rpmtools.com\/index.php?rest_route=%2Fwp%2Fv2%2Fproduct_tag&post=31186"}],"curies":[{"name":"wp","href":"https:\/\/api.w.org\/{rel}","templated":true}]}}