{"id":31179,"date":"2025-12-11T12:13:19","date_gmt":"2025-12-11T17:13:19","guid":{"rendered":"https:\/\/8000rpmtools.com\/?post_type=product&#038;p=31179"},"modified":"2025-12-18T22:04:15","modified_gmt":"2025-12-19T03:04:15","slug":"torquimetro-etoolab-mando-1-4","status":"publish","type":"product","link":"https:\/\/8000rpmtools.com\/?product=torquimetro-etoolab-mando-1-4","title":{"rendered":"TORQU\u00cdMETRO ETOOLAB MANDO 1\/4&#8243;"},"content":{"rendered":"<ul class=\"a-unordered-list a-vertical a-spacing-mini\">\n<li class=\"a-spacing-mini\"><span class=\"a-list-item\">La llave dinamom\u00e9trica ETOOLAB utiliza acero de grado militar como material base, junto con m\u00e9todos profesionales de protecci\u00f3n contra el \u00f3xido de la superficie adaptados a los h\u00e1bitos de uso. Mientras que garantiza la comodidad del usuario, mejora la resistencia del producto, resistencia al desgaste y resistencia a la corrosi\u00f3n. Ofrece una experiencia m\u00e1s c\u00f3moda y una vida \u00fatil m\u00e1s larga<\/span><\/li>\n<li class=\"a-spacing-mini\"><span class=\"a-list-item\">\ud83d\udeab\ufe0f\u3010\u00b1 % de protecci\u00f3n protectora\u3011Nuestra llave dinamom\u00e9trica de 1\/4 cumple con el est\u00e1ndar de alta precisi\u00f3n de \u00b13% y viene con un certificado en serie rastreable. Se puede utilizar con confianza. Adem\u00e1s, su anillo de graduaci\u00f3n est\u00e1 firmemente bloqueado, con valores incrementales m\u00e1s peque\u00f1os, asegurando una salida de torsi\u00f3n precisa y consistente incluso despu\u00e9s de m\u00faltiples usos. Esto reduce la molestia de ajustes frecuentes. Es sin duda una excelente herramienta para tu trabajo<\/span><\/li>\n<li class=\"a-spacing-mini\"><span class=\"a-list-item\">La escala de esta llave dinamom\u00e9trica de 1\/4 unidad est\u00e1 grabada con l\u00e1ser, utilizando un fondo negro con marcas blancas. dinamometrica de 1\/4 garantiza una legibilidad clara y f\u00e1cil de la escala, incluso bajo la luz solar. Con un dise\u00f1o de doble escala, los usuarios pueden leer c\u00f3modamente los valores de par en dos unidades diferentes de acuerdo a sus preferencias, sin necesidad de conversi\u00f3n<\/span><\/li>\n<li class=\"a-spacing-mini\"><span class=\"a-list-item\">Esta llave dinamom\u00e9trica se ha actualizado para tener un sonido m\u00e1s fuerte de &#8220;clic&#8221;. Hemos realizado m\u00e1s de 25.000 pruebas para garantizar que cada producto produzca un volumen de sonido de clic de no menos de 45 dB cuando el valor de par supera los 230 lbf\u00b7in. Cuando escuchas el sonido de clic distintivo, indica que se ha alcanzado el par preestablecido, lo que te indica que dejes de aplicar fuerza. Ya no tienes que preocuparte por da\u00f1ar tus componentes mec\u00e1nicos.<\/span><\/li>\n<li class=\"a-spacing-mini\"><span class=\"a-list-item\">Nuestro juego de llaves dinamom\u00e9tricas cuenta con un cabezal de carraca de doble direcci\u00f3n de 72 dientes, lo que permite un f\u00e1cil funcionamiento tanto en el sentido de las agujas del reloj como en el sentido contrario a las agujas del reloj. Est\u00e1 dise\u00f1ado con un anillo de bloqueo ajustable, por lo que es f\u00e1cil ajustar el valor de torsi\u00f3n preestablecido.<\/span><\/li>\n<li class=\"a-spacing-mini\"><span class=\"a-list-item\">ETOOLAB siempre implementa los primeros est\u00e1ndares de prueba de la industria para proporcionar la mejor experiencia de compra para nuestros clientes. Mientras que ofrecemos dos a\u00f1os de servicio incondicional de garant\u00eda de calidad. Nos comprometemos a proporcionar un buen servicio a cada cliente. Si hay alg\u00fan problema de producto o compra, ve al Centro de mensajes de Amazon y deja un mensaje. Recibir\u00e1s ayuda en 24 horas.<\/span><\/li>\n<\/ul>\n","protected":false},"excerpt":{"rendered":"<ul>\n<li>Rango de medici\u00f3n 10-230 pulg\/lbs o 1-26 N.m<\/li>\n<li>Compacto<\/li>\n<li>Ligero<\/li>\n<li>F\u00e1cil de usar<\/li>\n<\/ul>\n","protected":false},"featured_media":31180,"comment_status":"open","ping_status":"closed","template":"","meta":[],"product_brand":[],"product_cat":[23,173],"product_tag":[556,557,175,260,263],"class_list":{"0":"post-31179","1":"product","2":"type-product","3":"status-publish","4":"has-post-thumbnail","6":"product_cat-herramientas-manuales","7":"product_cat-torquimetros","8":"product_tag-etool","9":"product_tag-etoolab","10":"product_tag-torque","11":"product_tag-torquimetro","12":"product_tag-torquimetros","14":"first","15":"instock","16":"taxable","17":"shipping-taxable","18":"purchasable","19":"product-type-simple"},"_links":{"self":[{"href":"https:\/\/8000rpmtools.com\/index.php?rest_route=\/wp\/v2\/product\/31179","targetHints":{"allow":["GET"]}}],"collection":[{"href":"https:\/\/8000rpmtools.com\/index.php?rest_route=\/wp\/v2\/product"}],"about":[{"href":"https:\/\/8000rpmtools.com\/index.php?rest_route=\/wp\/v2\/types\/product"}],"replies":[{"embeddable":true,"href":"https:\/\/8000rpmtools.com\/index.php?rest_route=%2Fwp%2Fv2%2Fcomments&post=31179"}],"wp:featuredmedia":[{"embeddable":true,"href":"https:\/\/8000rpmtools.com\/index.php?rest_route=\/wp\/v2\/media\/31180"}],"wp:attachment":[{"href":"https:\/\/8000rpmtools.com\/index.php?rest_route=%2Fwp%2Fv2%2Fmedia&parent=31179"}],"wp:term":[{"taxonomy":"product_brand","embeddable":true,"href":"https:\/\/8000rpmtools.com\/index.php?rest_route=%2Fwp%2Fv2%2Fproduct_brand&post=31179"},{"taxonomy":"product_cat","embeddable":true,"href":"https:\/\/8000rpmtools.com\/index.php?rest_route=%2Fwp%2Fv2%2Fproduct_cat&post=31179"},{"taxonomy":"product_tag","embeddable":true,"href":"https:\/\/8000rpmtools.com\/index.php?rest_route=%2Fwp%2Fv2%2Fproduct_tag&post=31179"}],"curies":[{"name":"wp","href":"https:\/\/api.w.org\/{rel}","templated":true}]}}