{"id":31172,"date":"2025-12-11T12:06:21","date_gmt":"2025-12-11T17:06:21","guid":{"rendered":"https:\/\/8000rpmtools.com\/?post_type=product&#038;p=31172"},"modified":"2025-12-18T21:58:40","modified_gmt":"2025-12-19T02:58:40","slug":"torquimetro-etoolab-mando-1-2","status":"publish","type":"product","link":"https:\/\/8000rpmtools.com\/?product=torquimetro-etoolab-mando-1-2","title":{"rendered":"TORQU\u00cdMETRO ETOOLAB MANDO 1\/2&#8243;"},"content":{"rendered":"<p>La llave dinamom\u00e9trica etoolab utiliza acero de grado militar como material base, junto con m\u00e9todos profesionales de protecci\u00f3n contra el \u00f3xido de la superficie adaptados a los h\u00e1bitos de uso. Al tiempo que garantiza la comodidad del usuario, mejora la resistencia del producto, la resistencia al desgaste y la resistencia ofrece una experiencia m\u00e1s c\u00f3moda y una vida \u00fatil m\u00e1s larga F\u00e1cil de usar: La escala de esta llave dinamom\u00e9trica de 1\/2 unidad est\u00e1 grabada con l\u00e1ser, utilizando un fondo negro con marcas blancas. Esto garantiza una legibilidad clara y f\u00e1cil de la b\u00e1scula, incluso a la luz del sol. Con un dise\u00f1o de doble escala, los usuarios pueden leer convenientemente los valores de par en dos unidades diferentes de acuerdo con sus preferencias, sin necesidad de conversi\u00f3n Nuestra llave dinamom\u00e9trica de 1\/2 unidad cumple con el est\u00e1ndar de alta precisi\u00f3n de \u00b1 3% y viene con un certificado de serie rastreable. \u00a1Puedes usarlo con confianza! Adem\u00e1s, su anillo de graduaci\u00f3n est\u00e1 firmemente bloqueado, con valores incrementales m\u00e1s peque\u00f1os, lo que garantiza una salida de par precisa y consistente incluso despu\u00e9s de m\u00faltiples usos. Esto reduce la molestia de los ajustes frecuentes. \u00a1Es sin duda una excelente herramienta para su trabajo! Estas llaves dinamom\u00e9tricas se han actualizado para tener un sonido m\u00e1s fuerte de &#8220;clic&#8221;. Realizamos m\u00e1s de 25,000 pruebas para garantizar que cada producto produzca un volumen de sonido de clic de no menos de 45 dB cuando el valor de par excede 34 lbf\u00b7ft. Cuando escucha el sonido de clic distinto, indica que se ha alcanzado el par preestablecido, lo que le indica que deje de aplicar fuerza. Ya no tienes que preocuparte por da\u00f1ar tus componentes mec\u00e1nicos. Nuestro juego de llaves dinamom\u00e9tricas cuenta con un cabezal de trinquete de doble direcci\u00f3n de 72 dientes, lo que permite un f\u00e1cil funcionamiento tanto en sentido horario como en sentido antihorario. Est\u00e1 dise\u00f1ado con un anillo de bloqueo ajustable, por lo que es f\u00e1cil ajustar el valor de par preestablecido. Incluye un dise\u00f1o de cabezal de liberaci\u00f3n r\u00e1pida, lo que le permite reemplazar los accesorios de la cabeza de la llave m\u00e1s f\u00e1cilmente<\/p>\n","protected":false},"excerpt":{"rendered":"<ul class=\"ui-vpp-highlighted-specs__features-list\">\n<li class=\"ui-vpp-highlighted-specs__features-list-item ui-pdp-color--BLACK ui-pdp-size--XSMALL ui-pdp-family--REGULAR\">Rango de torque de 10-170 PIES\/LBS O 10-227 Nm.<\/li>\n<li class=\"ui-vpp-highlighted-specs__features-list-item ui-pdp-color--BLACK ui-pdp-size--XSMALL ui-pdp-family--REGULAR\">Posee 72 dientes.<\/li>\n<li class=\"ui-vpp-highlighted-specs__features-list-item ui-pdp-color--BLACK ui-pdp-size--XSMALL ui-pdp-family--REGULAR\">Es bidireccional.<\/li>\n<li class=\"ui-vpp-highlighted-specs__features-list-item ui-pdp-color--BLACK ui-pdp-size--XSMALL ui-pdp-family--REGULAR\">Con certificado de calibraci\u00f3n.<\/li>\n<li class=\"ui-vpp-highlighted-specs__features-list-item ui-pdp-color--BLACK ui-pdp-size--XSMALL ui-pdp-family--REGULAR\">Incluye estuche.<\/li>\n<\/ul>\n","protected":false},"featured_media":31173,"comment_status":"open","ping_status":"closed","template":"","meta":[],"product_brand":[],"product_cat":[23,173],"product_tag":[556,557,558,175,260],"class_list":{"0":"post-31172","1":"product","2":"type-product","3":"status-publish","4":"has-post-thumbnail","6":"product_cat-herramientas-manuales","7":"product_cat-torquimetros","8":"product_tag-etool","9":"product_tag-etoolab","10":"product_tag-mando-1-2","11":"product_tag-torque","12":"product_tag-torquimetro","14":"first","15":"instock","16":"taxable","17":"shipping-taxable","18":"purchasable","19":"product-type-simple"},"_links":{"self":[{"href":"https:\/\/8000rpmtools.com\/index.php?rest_route=\/wp\/v2\/product\/31172","targetHints":{"allow":["GET"]}}],"collection":[{"href":"https:\/\/8000rpmtools.com\/index.php?rest_route=\/wp\/v2\/product"}],"about":[{"href":"https:\/\/8000rpmtools.com\/index.php?rest_route=\/wp\/v2\/types\/product"}],"replies":[{"embeddable":true,"href":"https:\/\/8000rpmtools.com\/index.php?rest_route=%2Fwp%2Fv2%2Fcomments&post=31172"}],"wp:featuredmedia":[{"embeddable":true,"href":"https:\/\/8000rpmtools.com\/index.php?rest_route=\/wp\/v2\/media\/31173"}],"wp:attachment":[{"href":"https:\/\/8000rpmtools.com\/index.php?rest_route=%2Fwp%2Fv2%2Fmedia&parent=31172"}],"wp:term":[{"taxonomy":"product_brand","embeddable":true,"href":"https:\/\/8000rpmtools.com\/index.php?rest_route=%2Fwp%2Fv2%2Fproduct_brand&post=31172"},{"taxonomy":"product_cat","embeddable":true,"href":"https:\/\/8000rpmtools.com\/index.php?rest_route=%2Fwp%2Fv2%2Fproduct_cat&post=31172"},{"taxonomy":"product_tag","embeddable":true,"href":"https:\/\/8000rpmtools.com\/index.php?rest_route=%2Fwp%2Fv2%2Fproduct_tag&post=31172"}],"curies":[{"name":"wp","href":"https:\/\/api.w.org\/{rel}","templated":true}]}}