{"id":31110,"date":"2025-04-10T12:35:08","date_gmt":"2025-04-10T17:35:08","guid":{"rendered":"https:\/\/8000rpmtools.com\/?post_type=product&#038;p=31110"},"modified":"2025-04-10T12:35:08","modified_gmt":"2025-04-10T17:35:08","slug":"meguiars-paint-dash-glass-inside-out-detailer-limpia-y-protege-tu-auto-por-dentro-y-por-fuera","status":"publish","type":"product","link":"https:\/\/8000rpmtools.com\/?product=meguiars-paint-dash-glass-inside-out-detailer-limpia-y-protege-tu-auto-por-dentro-y-por-fuera","title":{"rendered":"Meguiar\u2019s Paint, Dash &#038; Glass Inside &#038; Out Detailer \u2013 Limpia y Protege tu Auto por Dentro y por Fuera"},"content":{"rendered":"<p data-start=\"185\" data-end=\"500\"><img loading=\"lazy\" decoding=\"async\" class=\"alignnone size-medium wp-image-31111\" src=\"https:\/\/8000rpmtools.com\/wp-content\/uploads\/2025\/04\/Bplus_06_How_to-G250224-Paint-Dash-and-Glass-Inside-and-Out-Detailer-24-oz-300x300.jpg\" alt=\"\" width=\"300\" height=\"300\" srcset=\"https:\/\/8000rpmtools.com\/wp-content\/uploads\/2025\/04\/Bplus_06_How_to-G250224-Paint-Dash-and-Glass-Inside-and-Out-Detailer-24-oz-300x300.jpg 300w, https:\/\/8000rpmtools.com\/wp-content\/uploads\/2025\/04\/Bplus_06_How_to-G250224-Paint-Dash-and-Glass-Inside-and-Out-Detailer-24-oz-150x150.jpg 150w, https:\/\/8000rpmtools.com\/wp-content\/uploads\/2025\/04\/Bplus_06_How_to-G250224-Paint-Dash-and-Glass-Inside-and-Out-Detailer-24-oz-768x768.jpg 768w, https:\/\/8000rpmtools.com\/wp-content\/uploads\/2025\/04\/Bplus_06_How_to-G250224-Paint-Dash-and-Glass-Inside-and-Out-Detailer-24-oz-60x60.jpg 60w, https:\/\/8000rpmtools.com\/wp-content\/uploads\/2025\/04\/Bplus_06_How_to-G250224-Paint-Dash-and-Glass-Inside-and-Out-Detailer-24-oz-90x90.jpg 90w, https:\/\/8000rpmtools.com\/wp-content\/uploads\/2025\/04\/Bplus_06_How_to-G250224-Paint-Dash-and-Glass-Inside-and-Out-Detailer-24-oz-600x600.jpg 600w, https:\/\/8000rpmtools.com\/wp-content\/uploads\/2025\/04\/Bplus_06_How_to-G250224-Paint-Dash-and-Glass-Inside-and-Out-Detailer-24-oz-100x100.jpg 100w, https:\/\/8000rpmtools.com\/wp-content\/uploads\/2025\/04\/Bplus_06_How_to-G250224-Paint-Dash-and-Glass-Inside-and-Out-Detailer-24-oz-64x64.jpg 64w, https:\/\/8000rpmtools.com\/wp-content\/uploads\/2025\/04\/Bplus_06_How_to-G250224-Paint-Dash-and-Glass-Inside-and-Out-Detailer-24-oz.jpg 880w\" sizes=\"auto, (max-width: 300px) 100vw, 300px\" \/><\/p>\n<p data-start=\"185\" data-end=\"500\">\n<p class=\"\" data-start=\"185\" data-end=\"500\"><strong data-start=\"185\" data-end=\"263\">\u00bfCu\u00e1ndo deber\u00edas usar Meguiar\u2019s Paint, Dash &amp; Glass Inside &amp; Out Detailer?<\/strong><br data-start=\"263\" data-end=\"266\" \/>La verdadera pregunta es: <strong data-start=\"292\" data-end=\"323\">\u00bfcu\u00e1ndo no deber\u00edas usarlo?<\/strong><br data-start=\"323\" data-end=\"326\" \/>Este revolucionario <strong data-start=\"346\" data-end=\"376\">spray detallador multiusos<\/strong> proporciona una limpieza r\u00e1pida y sencilla con <strong data-start=\"424\" data-end=\"450\">protecci\u00f3n hidrof\u00f3bica<\/strong>, tanto en superficies exteriores como interiores.<\/p>\n<p class=\"\" data-start=\"502\" data-end=\"734\">Elimina f\u00e1cilmente <strong data-start=\"521\" data-end=\"593\">polvo, suciedad del camino, huellas dactilares y excrementos de aves<\/strong> de la pintura, molduras y vidrios. Mientras limpia y protege, deja un <strong data-start=\"664\" data-end=\"684\">acabado no graso<\/strong> y una limpieza sin rayas en cristales exteriores.<\/p>\n<p class=\"\" data-start=\"736\" data-end=\"778\">Este detallador vers\u00e1til es perfecto para:<\/p>\n<ul data-start=\"780\" data-end=\"964\">\n<li class=\"\" data-start=\"780\" data-end=\"802\">\n<p class=\"\" data-start=\"782\" data-end=\"802\"><strong data-start=\"782\" data-end=\"802\">Retoques r\u00e1pidos<\/strong><\/p>\n<\/li>\n<li class=\"\" data-start=\"803\" data-end=\"834\">\n<p class=\"\" data-start=\"805\" data-end=\"834\"><strong data-start=\"805\" data-end=\"834\">Despu\u00e9s del lavado a mano<\/strong><\/p>\n<\/li>\n<li class=\"\" data-start=\"835\" data-end=\"874\">\n<p class=\"\" data-start=\"837\" data-end=\"874\"><strong data-start=\"837\" data-end=\"874\">Tras pasar por un t\u00fanel de lavado<\/strong><\/p>\n<\/li>\n<li class=\"\" data-start=\"875\" data-end=\"918\">\n<p class=\"\" data-start=\"877\" data-end=\"918\"><strong data-start=\"877\" data-end=\"918\">Para mantener el auto limpio a diario<\/strong><\/p>\n<\/li>\n<li class=\"\" data-start=\"919\" data-end=\"964\">\n<p class=\"\" data-start=\"921\" data-end=\"964\"><strong data-start=\"921\" data-end=\"964\">Limpiezas puntuales cuando lo necesites<\/strong><\/p>\n<\/li>\n<\/ul>\n<h3 class=\"\" data-start=\"966\" data-end=\"986\"><strong data-start=\"970\" data-end=\"986\">Modo de uso:<\/strong><\/h3>\n<ul data-start=\"988\" data-end=\"1266\">\n<li class=\"\" data-start=\"988\" data-end=\"1136\">\n<p class=\"\" data-start=\"990\" data-end=\"1136\"><strong data-start=\"990\" data-end=\"1003\">Exterior:<\/strong> Roc\u00eda el producto sobre una secci\u00f3n, distrib\u00fayelo con una toalla de microfibra premium, y luego da la vuelta a la toalla para secar.<\/p>\n<\/li>\n<li class=\"\" data-start=\"1137\" data-end=\"1266\">\n<p class=\"\" data-start=\"1139\" data-end=\"1266\"><strong data-start=\"1139\" data-end=\"1152\">Interior:<\/strong> Aplica el spray directamente sobre la microfibra, limpia la zona deseada, y seca con el lado limpio de la toalla.<\/p>\n<\/li>\n<\/ul>\n<p class=\"\" data-start=\"1268\" data-end=\"1446\">Ya sea pintura, pl\u00e1stico, molduras, vinilo, cuero, vidrio o pantallas del veh\u00edculo, este avanzado spray detallador <strong data-start=\"1383\" data-end=\"1446\">limpia y protege el interior y el exterior en un solo paso.<\/strong><\/p>\n<h3 data-start=\"1453\" data-end=\"1488\"><img loading=\"lazy\" decoding=\"async\" class=\"alignnone size-medium wp-image-31112\" src=\"https:\/\/8000rpmtools.com\/wp-content\/uploads\/2025\/04\/Bplus_03_Solutions-G251024-Hybrid-Ceramic-Waterless-Wash-and-Wax-24-oz-1-300x300.jpg\" alt=\"\" width=\"300\" height=\"300\" srcset=\"https:\/\/8000rpmtools.com\/wp-content\/uploads\/2025\/04\/Bplus_03_Solutions-G251024-Hybrid-Ceramic-Waterless-Wash-and-Wax-24-oz-1-300x300.jpg 300w, https:\/\/8000rpmtools.com\/wp-content\/uploads\/2025\/04\/Bplus_03_Solutions-G251024-Hybrid-Ceramic-Waterless-Wash-and-Wax-24-oz-1-150x150.jpg 150w, https:\/\/8000rpmtools.com\/wp-content\/uploads\/2025\/04\/Bplus_03_Solutions-G251024-Hybrid-Ceramic-Waterless-Wash-and-Wax-24-oz-1-768x768.jpg 768w, https:\/\/8000rpmtools.com\/wp-content\/uploads\/2025\/04\/Bplus_03_Solutions-G251024-Hybrid-Ceramic-Waterless-Wash-and-Wax-24-oz-1-60x60.jpg 60w, https:\/\/8000rpmtools.com\/wp-content\/uploads\/2025\/04\/Bplus_03_Solutions-G251024-Hybrid-Ceramic-Waterless-Wash-and-Wax-24-oz-1-90x90.jpg 90w, https:\/\/8000rpmtools.com\/wp-content\/uploads\/2025\/04\/Bplus_03_Solutions-G251024-Hybrid-Ceramic-Waterless-Wash-and-Wax-24-oz-1-600x600.jpg 600w, https:\/\/8000rpmtools.com\/wp-content\/uploads\/2025\/04\/Bplus_03_Solutions-G251024-Hybrid-Ceramic-Waterless-Wash-and-Wax-24-oz-1-100x100.jpg 100w, https:\/\/8000rpmtools.com\/wp-content\/uploads\/2025\/04\/Bplus_03_Solutions-G251024-Hybrid-Ceramic-Waterless-Wash-and-Wax-24-oz-1-64x64.jpg 64w, https:\/\/8000rpmtools.com\/wp-content\/uploads\/2025\/04\/Bplus_03_Solutions-G251024-Hybrid-Ceramic-Waterless-Wash-and-Wax-24-oz-1.jpg 880w\" sizes=\"auto, (max-width: 300px) 100vw, 300px\" \/><\/h3>\n<h3 class=\"\" data-start=\"1453\" data-end=\"1488\"><strong data-start=\"1457\" data-end=\"1488\">Caracter\u00edsticas destacadas:<\/strong><\/h3>\n<ul data-start=\"1490\" data-end=\"2108\">\n<li class=\"\" data-start=\"1490\" data-end=\"1638\">\n<p class=\"\" data-start=\"1492\" data-end=\"1638\"><strong data-start=\"1492\" data-end=\"1522\">Spray detallador vers\u00e1til:<\/strong> Limpia y protege con solo rociar y limpiar. Ideal para el mantenimiento r\u00e1pido de m\u00faltiples superficies del auto.<\/p>\n<\/li>\n<li class=\"\" data-start=\"1639\" data-end=\"1757\">\n<p class=\"\" data-start=\"1641\" data-end=\"1757\"><strong data-start=\"1641\" data-end=\"1665\">Confianza al usarlo:<\/strong> Elimina polvo, huellas, excremento de aves y m\u00e1s, en minutos y sin da\u00f1ar las superficies.<\/p>\n<\/li>\n<li class=\"\" data-start=\"1758\" data-end=\"1862\">\n<p class=\"\" data-start=\"1760\" data-end=\"1862\"><strong data-start=\"1760\" data-end=\"1797\">F\u00f3rmula para interior y exterior:<\/strong> Perfecto para pintura, vinilo, cuero, vidrio, pantallas y m\u00e1s.<\/p>\n<\/li>\n<li class=\"\" data-start=\"1863\" data-end=\"2007\">\n<p class=\"\" data-start=\"1865\" data-end=\"2007\"><strong data-start=\"1865\" data-end=\"1896\">Limpia, protege y conserva:<\/strong> Limpieza r\u00e1pida con protecci\u00f3n hidrof\u00f3bica y acabado sin grasa ni residuos. Limpieza sin rayas en cristales.<\/p>\n<\/li>\n<li class=\"\" data-start=\"2008\" data-end=\"2108\">\n<p class=\"\" data-start=\"2010\" data-end=\"2108\"><strong data-start=\"2010\" data-end=\"2028\">Ahorra tiempo:<\/strong> Seguro para una gran variedad de superficies. Limpia y protege en un solo paso.<\/p>\n<\/li>\n<\/ul>\n","protected":false},"excerpt":{"rendered":"<p class=\"\" data-start=\"129\" data-end=\"266\"><strong data-start=\"129\" data-end=\"159\">SPRAY DETALLADOR VERS\u00c1TIL:<\/strong> Roc\u00eda y limpia \u2013 limpia y protege m\u00faltiples superficies tanto del interior como del exterior del veh\u00edculo.<\/p>\n<p class=\"\" data-start=\"268\" data-end=\"379\"><strong data-start=\"268\" data-end=\"295\">USO SEGURO Y CONFIABLE:<\/strong> Este detallador multiusos elimina r\u00e1pida y de forma segura contaminantes recientes.<\/p>\n<p class=\"\" data-start=\"381\" data-end=\"503\"><strong data-start=\"381\" data-end=\"418\">F\u00d3RMULA PARA INTERIOR Y EXTERIOR:<\/strong> Su mezcla especial es ideal para el detallado tanto dentro como fuera del autom\u00f3vil.<\/p>\n<p class=\"\" data-start=\"505\" data-end=\"626\"><strong data-start=\"505\" data-end=\"536\">LIMPIA, PROTEGE Y MANTIENE:<\/strong> Limpieza r\u00e1pida y sencilla que deja una <strong data-start=\"577\" data-end=\"626\">protecci\u00f3n hidrof\u00f3bica sin sensaci\u00f3n grasosa.<\/strong><\/p>\n<p class=\"\" data-start=\"628\" data-end=\"738\"><strong data-start=\"628\" data-end=\"673\">MANT\u00c9N TU AUTO IMPECABLE EN MENOS TIEMPO:<\/strong> Ahorra tiempo con esta f\u00f3rmula segura para diversas superficies.<\/p>\n","protected":false},"featured_media":31113,"comment_status":"open","ping_status":"closed","template":"","meta":[],"product_brand":[],"product_cat":[344],"product_tag":[343,547,244,360,345,253,386],"class_list":{"0":"post-31110","1":"product","2":"type-product","3":"status-publish","4":"has-post-thumbnail","6":"product_cat-productos-meguiars","7":"product_tag-detailing","8":"product_tag-exteriores","9":"product_tag-interiores","10":"product_tag-limpiador","11":"product_tag-meguiars","12":"product_tag-pintura","13":"product_tag-proteccion","15":"first","16":"instock","17":"taxable","18":"shipping-taxable","19":"purchasable","20":"product-type-simple"},"_links":{"self":[{"href":"https:\/\/8000rpmtools.com\/index.php?rest_route=\/wp\/v2\/product\/31110","targetHints":{"allow":["GET"]}}],"collection":[{"href":"https:\/\/8000rpmtools.com\/index.php?rest_route=\/wp\/v2\/product"}],"about":[{"href":"https:\/\/8000rpmtools.com\/index.php?rest_route=\/wp\/v2\/types\/product"}],"replies":[{"embeddable":true,"href":"https:\/\/8000rpmtools.com\/index.php?rest_route=%2Fwp%2Fv2%2Fcomments&post=31110"}],"wp:featuredmedia":[{"embeddable":true,"href":"https:\/\/8000rpmtools.com\/index.php?rest_route=\/wp\/v2\/media\/31113"}],"wp:attachment":[{"href":"https:\/\/8000rpmtools.com\/index.php?rest_route=%2Fwp%2Fv2%2Fmedia&parent=31110"}],"wp:term":[{"taxonomy":"product_brand","embeddable":true,"href":"https:\/\/8000rpmtools.com\/index.php?rest_route=%2Fwp%2Fv2%2Fproduct_brand&post=31110"},{"taxonomy":"product_cat","embeddable":true,"href":"https:\/\/8000rpmtools.com\/index.php?rest_route=%2Fwp%2Fv2%2Fproduct_cat&post=31110"},{"taxonomy":"product_tag","embeddable":true,"href":"https:\/\/8000rpmtools.com\/index.php?rest_route=%2Fwp%2Fv2%2Fproduct_tag&post=31110"}],"curies":[{"name":"wp","href":"https:\/\/api.w.org\/{rel}","templated":true}]}}