{"id":31097,"date":"2025-04-10T12:05:16","date_gmt":"2025-04-10T17:05:16","guid":{"rendered":"https:\/\/8000rpmtools.com\/?post_type=product&#038;p=31097"},"modified":"2025-04-10T12:05:16","modified_gmt":"2025-04-10T17:05:16","slug":"meguiars-shampoo-para-coche-con-aroma-a-sandia-189-lt","status":"publish","type":"product","link":"https:\/\/8000rpmtools.com\/?product=meguiars-shampoo-para-coche-con-aroma-a-sandia-189-lt","title":{"rendered":"Meguiar&#8217;s, Shampoo para Coche con Aroma a Sand\u00eda 1,89 Lt."},"content":{"rendered":"<p data-start=\"51\" data-end=\"597\"><img loading=\"lazy\" decoding=\"async\" class=\"alignnone  wp-image-31098\" src=\"https:\/\/8000rpmtools.com\/wp-content\/uploads\/2025\/04\/333_4-300x217.jpg\" alt=\"\" width=\"411\" height=\"297\" srcset=\"https:\/\/8000rpmtools.com\/wp-content\/uploads\/2025\/04\/333_4-300x217.jpg 300w, https:\/\/8000rpmtools.com\/wp-content\/uploads\/2025\/04\/333_4-1024x739.jpg 1024w, https:\/\/8000rpmtools.com\/wp-content\/uploads\/2025\/04\/333_4-768x554.jpg 768w, https:\/\/8000rpmtools.com\/wp-content\/uploads\/2025\/04\/333_4-1536x1109.jpg 1536w, https:\/\/8000rpmtools.com\/wp-content\/uploads\/2025\/04\/333_4-83x60.jpg 83w, https:\/\/8000rpmtools.com\/wp-content\/uploads\/2025\/04\/333_4-125x90.jpg 125w, https:\/\/8000rpmtools.com\/wp-content\/uploads\/2025\/04\/333_4-600x433.jpg 600w, https:\/\/8000rpmtools.com\/wp-content\/uploads\/2025\/04\/333_4-64x46.jpg 64w, https:\/\/8000rpmtools.com\/wp-content\/uploads\/2025\/04\/333_4.jpg 1600w\" sizes=\"auto, (max-width: 411px) 100vw, 411px\" \/><\/p>\n<p class=\"\" data-start=\"51\" data-end=\"597\"><strong data-start=\"51\" data-end=\"147\">Champ\u00fa para autos con aroma a chicle de sand\u00eda Meguiar&#8217;s Watermelon Bubblegum Wash (1890 ml)<\/strong><br data-start=\"147\" data-end=\"150\" \/>Meguiar\u2019s Watermelon Bubblegum Wash es el champ\u00fa ideal para todos los que quieren no solo limpiar perfectamente su auto, sino tambi\u00e9n disfrutar del proceso de lavado. Este champ\u00fa combina una limpieza efectiva con un delicioso aroma a chicle de sand\u00eda, convirtiendo cada lavado en una experiencia placentera. Ya sea que laves tu veh\u00edculo en casa, en la entrada o en el garaje, este champ\u00fa te ofrece resultados profesionales y diversi\u00f3n en cada uso.<\/p>\n<p class=\"\" data-start=\"599\" data-end=\"631\"><strong data-start=\"599\" data-end=\"631\">Caracter\u00edsticas principales:<\/strong><\/p>\n<ul data-start=\"633\" data-end=\"1428\">\n<li class=\"\" data-start=\"633\" data-end=\"796\">\n<p class=\"\" data-start=\"635\" data-end=\"796\"><strong data-start=\"635\" data-end=\"676\">Excepcional aroma a chicle de sand\u00eda:<\/strong> Cada lavado se convierte en una experiencia sensorial gracias a su refrescante e intensa fragancia a sand\u00eda y chicle.<\/p>\n<\/li>\n<li class=\"\" data-start=\"797\" data-end=\"997\">\n<p class=\"\" data-start=\"799\" data-end=\"997\"><strong data-start=\"799\" data-end=\"829\">Espuma densa y deslizante:<\/strong> La rica espuma se desliza suavemente sobre la superficie del auto, minimizando el riesgo de rayar la pintura. Elimina eficazmente la suciedad sin da\u00f1ar los acabados.<\/p>\n<\/li>\n<li class=\"\" data-start=\"998\" data-end=\"1158\">\n<p class=\"\" data-start=\"1000\" data-end=\"1158\"><strong data-start=\"1000\" data-end=\"1017\">Uso vers\u00e1til:<\/strong> Perfecto para usar con guantes de lavado, esponjas, cubetas o ca\u00f1ones\/pistolas de espuma. Ideal tanto para uso dom\u00e9stico como profesional.<\/p>\n<\/li>\n<li class=\"\" data-start=\"1159\" data-end=\"1319\">\n<p class=\"\" data-start=\"1161\" data-end=\"1319\"><strong data-start=\"1161\" data-end=\"1192\">F\u00f3rmula con pH equilibrado:<\/strong> Suave con la pintura y las capas protectoras del veh\u00edculo. Garantiza una limpieza segura y cuidadosa sin da\u00f1ar los acabados.<\/p>\n<\/li>\n<li class=\"\" data-start=\"1320\" data-end=\"1428\">\n<p class=\"\" data-start=\"1322\" data-end=\"1428\"><strong data-start=\"1322\" data-end=\"1346\">Aplicaci\u00f3n sencilla:<\/strong> F\u00e1cil de usar y ahorra tiempo durante el lavado, asegurando resultados perfectos.<\/p>\n<\/li>\n<\/ul>\n<p class=\"\" data-start=\"1430\" data-end=\"1479\"><strong data-start=\"1430\" data-end=\"1479\">Recomendaciones para el lavado del autom\u00f3vil:<\/strong><\/p>\n<ul data-start=\"1481\" data-end=\"1879\">\n<li class=\"\" data-start=\"1481\" data-end=\"1567\">\n<p class=\"\" data-start=\"1483\" data-end=\"1567\">Utiliza siempre champ\u00fas de calidad, suaves con la pintura y las capas protectoras.<\/p>\n<\/li>\n<li class=\"\" data-start=\"1568\" data-end=\"1689\">\n<p class=\"\" data-start=\"1570\" data-end=\"1689\">Emplea el m\u00e9todo de los 2 cubos y guantes especiales de microfibra o lana de cordero natural para un lavado delicado.<\/p>\n<\/li>\n<li class=\"\" data-start=\"1690\" data-end=\"1778\">\n<p class=\"\" data-start=\"1692\" data-end=\"1778\">Despu\u00e9s de lavar, seca bien el veh\u00edculo para evitar la formaci\u00f3n de manchas de agua.<\/p>\n<\/li>\n<li class=\"\" data-start=\"1779\" data-end=\"1879\">\n<p class=\"\" data-start=\"1781\" data-end=\"1879\">Sigue los pasos recomendados de lavado y secado para garantizar la mejor protecci\u00f3n de la pintura.<\/p>\n<\/li>\n<\/ul>\n<p class=\"\" data-start=\"1881\" data-end=\"2020\"><strong data-start=\"1881\" data-end=\"2020\" data-is-last-node=\"\">Dale a tu auto el mejor cuidado y disfruta cada lavado con Meguiar\u2019s Watermelon Bubblegum Wash, el champ\u00fa que limpia, protege y alegra.<\/strong><\/p>\n","protected":false},"excerpt":{"rendered":"<ul class=\"a-unordered-list a-vertical a-spacing-mini\">\n<li class=\"a-spacing-mini\"><span class=\"a-list-item\">Este avanzado limpiador para lavado de autos presenta una excelente capacidad de limpieza que elimina la suciedad con una espuma extra rica y un incre\u00edble aroma a sand\u00eda: la elecci\u00f3n perfecta para limpiar la pintura de autos, camiones y motocicletas.<\/span><\/li>\n<li class=\"a-spacing-mini\"><span class=\"a-list-item\">Lavar tu auto debe ser una experiencia placentera. Este limpiador de autos con aroma a sand\u00eda devuelve la diversi\u00f3n al lavado de autos con una rica espuma.<\/span><\/li>\n<li class=\"a-spacing-mini\"><span class=\"a-list-item\">El limpiador para autos con aroma a sand\u00eda de Meguiar&#8217;s es un producto vers\u00e1til que funciona muy bien con una varilla de espuma. Simplemente diluya el jab\u00f3n con agua en una proporci\u00f3n de 1:5 antes de usarlo con una lanza de espuma para una limpieza de nivel profesional.<\/span><\/li>\n<li class=\"a-spacing-mini\"><span class=\"a-list-item\">Esta f\u00f3rmula concentrada con rica espuma es una excelente opci\u00f3n para usar mediante el lavado con cubos: mezcle 30 ml de detergente con 3,8 L de agua. Recomendamos el m\u00e9todo de dos cubos, uno para lavar y otro para quitar la suciedad del guante.<\/span><\/li>\n<\/ul>\n","protected":false},"featured_media":31100,"comment_status":"open","ping_status":"closed","template":"","meta":[],"product_brand":[],"product_cat":[344],"product_tag":[542,343,379,345,350],"class_list":{"0":"post-31097","1":"product","2":"type-product","3":"status-publish","4":"has-post-thumbnail","6":"product_cat-productos-meguiars","7":"product_tag-autos","8":"product_tag-detailing","9":"product_tag-lavado","10":"product_tag-meguiars","11":"product_tag-shampoo","13":"first","14":"instock","15":"taxable","16":"shipping-taxable","17":"purchasable","18":"product-type-simple"},"_links":{"self":[{"href":"https:\/\/8000rpmtools.com\/index.php?rest_route=\/wp\/v2\/product\/31097","targetHints":{"allow":["GET"]}}],"collection":[{"href":"https:\/\/8000rpmtools.com\/index.php?rest_route=\/wp\/v2\/product"}],"about":[{"href":"https:\/\/8000rpmtools.com\/index.php?rest_route=\/wp\/v2\/types\/product"}],"replies":[{"embeddable":true,"href":"https:\/\/8000rpmtools.com\/index.php?rest_route=%2Fwp%2Fv2%2Fcomments&post=31097"}],"wp:featuredmedia":[{"embeddable":true,"href":"https:\/\/8000rpmtools.com\/index.php?rest_route=\/wp\/v2\/media\/31100"}],"wp:attachment":[{"href":"https:\/\/8000rpmtools.com\/index.php?rest_route=%2Fwp%2Fv2%2Fmedia&parent=31097"}],"wp:term":[{"taxonomy":"product_brand","embeddable":true,"href":"https:\/\/8000rpmtools.com\/index.php?rest_route=%2Fwp%2Fv2%2Fproduct_brand&post=31097"},{"taxonomy":"product_cat","embeddable":true,"href":"https:\/\/8000rpmtools.com\/index.php?rest_route=%2Fwp%2Fv2%2Fproduct_cat&post=31097"},{"taxonomy":"product_tag","embeddable":true,"href":"https:\/\/8000rpmtools.com\/index.php?rest_route=%2Fwp%2Fv2%2Fproduct_tag&post=31097"}],"curies":[{"name":"wp","href":"https:\/\/api.w.org\/{rel}","templated":true}]}}