{"id":31082,"date":"2025-04-08T10:39:55","date_gmt":"2025-04-08T15:39:55","guid":{"rendered":"https:\/\/8000rpmtools.com\/?post_type=product&#038;p=31082"},"modified":"2025-12-18T22:05:39","modified_gmt":"2025-12-19T03:05:39","slug":"multimetro-digital-otc-3910","status":"publish","type":"product","link":"https:\/\/8000rpmtools.com\/?product=multimetro-digital-otc-3910","title":{"rendered":"MULT\u00cdMETRO DIGITAL OTC 3910"},"content":{"rendered":"<div class=\"celwidget aplus-module 3p-module-b aplus-standard\" data-csa-c-id=\"mwvkaq-56459i-kzd0d3-ke1ycg\" data-cel-widget=\"aplus-3p-module-b\">\n<div class=\"aplus-module-wrapper aplus-3p-fixed-width\"><\/div>\n<\/div>\n<div class=\"celwidget aplus-module module-1 aplus-standard\" data-csa-c-id=\"oo9hd-ccakzy-ctv3sw-oy90vq\" data-cel-widget=\"aplus-module-1\">\n<div class=\"aplus-module-wrapper apm-fixed-width\">\n<div class=\"apm-spacing apm-wrap\">\n<div class=\"apm-floatleft apm-wrap\">\n<div class=\"apm-leftimage\"><img decoding=\"async\" class=\"a-spacing-mini\" src=\"https:\/\/m.media-amazon.com\/images\/S\/aplus-media\/vc\/89b34ffd-9594-4aa2-8e01-b88222a49381.__CR2,0,1683,2244_PT0_SX300_V1___.jpg\" alt=\"\" data-src=\"https:\/\/m.media-amazon.com\/images\/S\/aplus-media\/vc\/89b34ffd-9594-4aa2-8e01-b88222a49381.__CR2,0,1683,2244_PT0_SX300_V1___.jpg\" \/><\/div>\n<\/div>\n<\/div>\n<\/div>\n<\/div>\n<div class=\"celwidget aplus-module module-12 aplus-standard\" data-csa-c-id=\"oj0py7-9etf7k-de6snp-t3ykgf\" data-cel-widget=\"aplus-module-12\">\n<div class=\"aplus-module-wrapper apm-spacing apm-floatnone apm-fixed-width\">\n<div class=\"apm-sidemodule aplus-module-content\">\n<div class=\"apm-hero-image\"><\/div>\n<\/div>\n<\/div>\n<div><\/div>\n<div>OTC El mult\u00edmetro digital ofrece un conjunto completo de funciones a un precio econ\u00f3mico. Esta vers\u00e1til unidad contiene todas las funciones b\u00e1sicas necesarias para las pruebas automotrices actuales. La pantalla digital proporciona voltios, ohmios, amperios, ciclo de trabajo, resistencia, capacitancia, continuidad y m\u00e1s. Tambi\u00e9n cuenta con rango autom\u00e1tico\/manual, retenci\u00f3n de datos, retenci\u00f3n m\u00e1xima y apagado autom\u00e1tico. Los materiales de alta calidad garantizan un rendimiento de calidad durante toda la vida \u00fatil de la herramienta, ya sea que la utilices en tu tienda en casa o en el lugar de trabajo. El valor est\u00e1 en el n\u00facleo de la cartera de herramientas y equipos de OTC Para una reparaci\u00f3n simple o la preocupaci\u00f3n m\u00e1s compleja de manejabilidad, estas galardonadas herramientas resuelven problemas universalmente m\u00e1s r\u00e1pido y a mejor valor, que cualquier otra l\u00ednea de productos disponible. Ya sea una herramienta especial o un equipo de servicio \u00fanico, OTC proporciona las mejores soluciones para los desaf\u00edos modernos de servicio automotriz al tiempo que aumenta la productividad de los t\u00e9cnicos y las ganancias de la tienda.<\/div>\n<\/div>\n<div><\/div>\n<div><\/div>\n<div><\/div>\n<div class=\"celwidget aplus-module module-12 aplus-standard\" data-csa-c-id=\"jes1fe-lbsda6-ksequw-1rgum9\" data-cel-widget=\"aplus-module-12\">\n<div class=\"aplus-module-wrapper apm-spacing apm-floatnone apm-fixed-width\">\n<ul>\n<li class=\"apm-hero-image\">Display: Max. 2000 cuenta<\/li>\n<li class=\"apm-hero-image\">Rango manual o autom\u00e1tico<\/li>\n<li class=\"apm-hero-image\">Chequeo de diodo.<\/li>\n<li class=\"apm-hero-image\">Timbre de continuidad.<\/li>\n<li class=\"apm-hero-image\">Apagado autom\u00e1tico.<\/li>\n<li class=\"apm-hero-image\">Data Hold (Retenci\u00f3n de datos), retenci\u00f3n m\u00e1xima (max hold).<\/li>\n<li class=\"apm-hero-image\">Esta serie contiene todas las funciones bases requeridas para todas las pruebas automotrices actuales.<\/li>\n<\/ul>\n<\/div>\n<div><\/div>\n<\/div>\n<div class=\"celwidget aplus-module module-12 aplus-standard\" data-csa-c-id=\"r7yxlu-cgvg5-p6019w-eho3z6\" data-cel-widget=\"aplus-module-12\">\n<div class=\"aplus-module-wrapper apm-spacing apm-floatnone apm-fixed-width\">\n<div class=\"apm-sidemodule aplus-module-content\">\n<div class=\"apm-hero-image\"><\/div>\n<\/div>\n<\/div>\n<\/div>\n","protected":false},"excerpt":{"rendered":"<ul class=\"a-unordered-list a-vertical a-spacing-mini\">\n<li class=\"a-spacing-mini\"><span class=\"a-list-item\">OTC El mult\u00edmetro digital proporciona un conjunto completo de funciones a un precio econ\u00f3mico<\/span><\/li>\n<li class=\"a-spacing-mini\"><span class=\"a-list-item\">Contiene todas las funciones b\u00e1sicas necesarias para las pruebas automotrices de hoy en d\u00eda<\/span><\/li>\n<li class=\"a-spacing-mini\"><span class=\"a-list-item\">La pantalla digital proporciona voltios, ohmios, amperios, ciclo de trabajo, resistencia, capacitancia, continuidad y m\u00e1s<\/span><\/li>\n<li class=\"a-spacing-mini\"><span class=\"a-list-item\">Tambi\u00e9n cuenta con rango autom\u00e1tico\/manual, retenci\u00f3n de datos, retenci\u00f3n m\u00e1xima y apagado autom\u00e1tico<\/span><\/li>\n<li class=\"a-spacing-mini\"><span class=\"a-list-item\">Los materiales de alta calidad garantizan un rendimiento de calidad durante la vida \u00fatil de la herramienta<\/span><\/li>\n<\/ul>\n","protected":false},"featured_media":31084,"comment_status":"open","ping_status":"closed","template":"","meta":[],"product_brand":[],"product_cat":[22,119],"product_tag":[540,427,71,123,539,94],"class_list":{"0":"post-31082","1":"product","2":"type-product","3":"status-publish","4":"has-post-thumbnail","6":"product_cat-herramientas-de-diagnostico","7":"product_cat-multimetros","8":"product_tag-540","9":"product_tag-digital","10":"product_tag-multimetro","11":"product_tag-multimetro-automotriz","12":"product_tag-multimetro-otc","13":"product_tag-otc","15":"first","16":"instock","17":"taxable","18":"shipping-taxable","19":"purchasable","20":"product-type-simple"},"_links":{"self":[{"href":"https:\/\/8000rpmtools.com\/index.php?rest_route=\/wp\/v2\/product\/31082","targetHints":{"allow":["GET"]}}],"collection":[{"href":"https:\/\/8000rpmtools.com\/index.php?rest_route=\/wp\/v2\/product"}],"about":[{"href":"https:\/\/8000rpmtools.com\/index.php?rest_route=\/wp\/v2\/types\/product"}],"replies":[{"embeddable":true,"href":"https:\/\/8000rpmtools.com\/index.php?rest_route=%2Fwp%2Fv2%2Fcomments&post=31082"}],"wp:featuredmedia":[{"embeddable":true,"href":"https:\/\/8000rpmtools.com\/index.php?rest_route=\/wp\/v2\/media\/31084"}],"wp:attachment":[{"href":"https:\/\/8000rpmtools.com\/index.php?rest_route=%2Fwp%2Fv2%2Fmedia&parent=31082"}],"wp:term":[{"taxonomy":"product_brand","embeddable":true,"href":"https:\/\/8000rpmtools.com\/index.php?rest_route=%2Fwp%2Fv2%2Fproduct_brand&post=31082"},{"taxonomy":"product_cat","embeddable":true,"href":"https:\/\/8000rpmtools.com\/index.php?rest_route=%2Fwp%2Fv2%2Fproduct_cat&post=31082"},{"taxonomy":"product_tag","embeddable":true,"href":"https:\/\/8000rpmtools.com\/index.php?rest_route=%2Fwp%2Fv2%2Fproduct_tag&post=31082"}],"curies":[{"name":"wp","href":"https:\/\/api.w.org\/{rel}","templated":true}]}}