{"id":31074,"date":"2025-04-01T11:01:45","date_gmt":"2025-04-01T16:01:45","guid":{"rendered":"https:\/\/8000rpmtools.com\/?post_type=product&#038;p=31074"},"modified":"2025-04-01T12:16:57","modified_gmt":"2025-04-01T17:16:57","slug":"programador-de-sensores-i-tpms-launch","status":"publish","type":"product","link":"https:\/\/8000rpmtools.com\/?product=programador-de-sensores-i-tpms-launch","title":{"rendered":"PROGRAMADOR DE SENSORES i-TPMS LAUNCH"},"content":{"rendered":"<h3><\/h3>\n<h3 class=\"vc_custom_heading\">iTPMS: Lee, copia, escribe, activa y combina la ID del TPMS<\/h3>\n<div class=\"wpb_text_column wpb_content_element \">\n<div class=\"wpb_wrapper\">\n<p>Es el socio perfecto para tu equipo de diagnosis <strong>LAUNCH<\/strong>. El dispositivo lee, copia, escribe, activa y combina la ID de los sensores TPMS de la mayor\u00eda de veh\u00edculos.<\/p>\n<p>Programa sensores\u00a0<strong>LAUNCH<\/strong>\u00a0por tiempo ilimitado para reemplazar sensores OEM.<\/p>\n<p>Los datos del sensor se pueden leer de forma instant\u00e1nea y precisa, incluyendo el ID del sensor, la presi\u00f3n de los neum\u00e1ticos, la temperatura de los neum\u00e1ticos, el estado de la bater\u00eda, etc.<\/p>\n<p>\u2022 Compatible con la mayor\u00eda de equipos de diagnosis\u00a0<strong>LAUNCH<\/strong>.<br \/>\n\u2022 Lee, copia, escribe, activa y combina la ID de los sensores\u00a0<strong>TPMS<\/strong>.<br \/>\n\u2022 La informaci\u00f3n del TPMS la muestra en pantalla.<br \/>\n\u2022 Compatible con el 98% de los sensores OEM en 315MHz y 433MHz.<\/p>\n<p><img loading=\"lazy\" decoding=\"async\" class=\"aligncenter size-full wp-image-9802\" src=\"https:\/\/www.launchiberica.com\/wp-content\/uploads\/2025\/02\/caracteristicas-itpm.jpg\" sizes=\"auto, (max-width: 555px) 100vw, 555px\" srcset=\"https:\/\/www.launchiberica.com\/wp-content\/uploads\/2025\/02\/caracteristicas-itpm.jpg 555w, https:\/\/www.launchiberica.com\/wp-content\/uploads\/2025\/02\/caracteristicas-itpm-300x86.jpg 300w, https:\/\/www.launchiberica.com\/wp-content\/uploads\/2025\/02\/caracteristicas-itpm-350x100.jpg 350w\" alt=\"Caracter\u00edsticas ITPM\" width=\"555\" height=\"159\" \/><\/p>\n<\/div>\n<\/div>\n<h3 class=\"vc_custom_heading\">Caracter\u00edsticas t\u00e9cnicas<\/h3>\n<div class=\"vc_empty_space\"><\/div>\n<div class=\"wpb_text_column wpb_content_element \">\n<div class=\"wpb_wrapper\">\n<table class=\"compare_featured_fields shop_attributes\">\n<tbody>\n<tr>\n<th><span class=\"compare_featured_value\">Pantalla<\/span><\/th>\n<td><span class=\"compare_featured_value\">1,77\u201d 168\u00d7128<br \/>\n<\/span><\/td>\n<\/tr>\n<tr>\n<th><span class=\"compare_featured_value\">Bater\u00eda<\/span><\/th>\n<td><span class=\"compare_featured_value\">3000mAh<\/span><\/td>\n<\/tr>\n<tr>\n<th><span class=\"compare_featured_value\">Voltaje de trabajo<\/span><\/th>\n<td><span class=\"compare_featured_value\">CC 5V<\/span><\/td>\n<\/tr>\n<tr>\n<th><span class=\"compare_featured_value\">Amperaje de trabajo<\/span><\/th>\n<td><span class=\"compare_featured_value\">1A<\/span><\/td>\n<\/tr>\n<tr>\n<th><span class=\"compare_featured_value\">Temperatura de trabajo\u00a0<\/span><\/th>\n<td><span class=\"compare_featured_value\">-10\u00b0C \u223c 50\u00b0C<\/span><\/td>\n<\/tr>\n<tr>\n<th><span class=\"compare_featured_value\">Dimensiones<\/span><\/th>\n<td><span class=\"compare_featured_value\">252x54x30 mm<\/span><\/td>\n<\/tr>\n<tr>\n<th><span class=\"compare_featured_value\">Peso<\/span><\/th>\n<td><span class=\"compare_featured_value\">&lt;350 gr<\/span><\/td>\n<\/tr>\n<\/tbody>\n<\/table>\n<\/div>\n<\/div>\n<h3 class=\"vc_custom_heading\">Vistas y zonas m\u00e1s importantes ITPM<\/h3>\n<div class=\"vc_empty_space\"><\/div>\n<div class=\"wpb_text_column wpb_content_element \">\n<div class=\"wpb_wrapper\">\n<p><img loading=\"lazy\" decoding=\"async\" class=\"aligncenter size-full wp-image-9801\" src=\"https:\/\/www.launchiberica.com\/wp-content\/uploads\/2025\/02\/itpm-vistas.jpg\" sizes=\"auto, (max-width: 700px) 100vw, 700px\" srcset=\"https:\/\/www.launchiberica.com\/wp-content\/uploads\/2025\/02\/itpm-vistas.jpg 700w, https:\/\/www.launchiberica.com\/wp-content\/uploads\/2025\/02\/itpm-vistas-229x300.jpg 229w, https:\/\/www.launchiberica.com\/wp-content\/uploads\/2025\/02\/itpm-vistas-600x787.jpg 600w\" alt=\"ITPM\" width=\"700\" height=\"918\" \/><\/p>\n<\/div>\n<\/div>\n<h3 class=\"vc_custom_heading\">Programaci\u00f3n del sensor TPMS<\/h3>\n<div class=\"vc_empty_space\"><\/div>\n<div class=\"wpb_text_column wpb_content_element \">\n<div class=\"wpb_wrapper\">\n<p><strong>1. ID autom\u00e1tica:<\/strong>\u00a0Cuando no disponemos de la ID original, TSGUN puede crearla autom\u00e1ticamente.<br \/>\n<img loading=\"lazy\" decoding=\"async\" class=\"aligncenter size-full wp-image-9799\" src=\"https:\/\/www.launchiberica.com\/wp-content\/uploads\/2025\/02\/programacion-automatica-tpms.jpg\" sizes=\"auto, (max-width: 690px) 100vw, 690px\" srcset=\"https:\/\/www.launchiberica.com\/wp-content\/uploads\/2025\/02\/programacion-automatica-tpms.jpg 690w, https:\/\/www.launchiberica.com\/wp-content\/uploads\/2025\/02\/programacion-automatica-tpms-300x133.jpg 300w, https:\/\/www.launchiberica.com\/wp-content\/uploads\/2025\/02\/programacion-automatica-tpms-600x265.jpg 600w\" alt=\"Programaci\u00f3n autom\u00e1tica TPMS\" width=\"690\" height=\"305\" \/><\/p>\n<p><strong>2. ID manual:<\/strong>\u00a0Copia y escribe la ID original del sensor.<br \/>\n<img loading=\"lazy\" decoding=\"async\" class=\"aligncenter size-full wp-image-9800\" src=\"https:\/\/www.launchiberica.com\/wp-content\/uploads\/2025\/02\/programacion-manual-tpms.jpg\" sizes=\"auto, (max-width: 690px) 100vw, 690px\" srcset=\"https:\/\/www.launchiberica.com\/wp-content\/uploads\/2025\/02\/programacion-manual-tpms.jpg 690w, https:\/\/www.launchiberica.com\/wp-content\/uploads\/2025\/02\/programacion-manual-tpms-300x133.jpg 300w, https:\/\/www.launchiberica.com\/wp-content\/uploads\/2025\/02\/programacion-manual-tpms-600x265.jpg 600w\" alt=\"Programaci\u00f3n manual TPMS\" width=\"690\" height=\"305\" \/><\/p>\n<\/div>\n<\/div>\n<h3 class=\"vc_custom_heading\">Lee y borra los c\u00f3digos de error del TPMS<\/h3>\n<div class=\"vc_empty_space\"><\/div>\n<div class=\"wpb_text_column wpb_content_element \">\n<div class=\"wpb_wrapper\">\n<p><img loading=\"lazy\" decoding=\"async\" class=\"aligncenter size-full wp-image-9803\" src=\"https:\/\/www.launchiberica.com\/wp-content\/uploads\/2025\/02\/funciones-itpms.jpg\" sizes=\"auto, (max-width: 669px) 100vw, 669px\" srcset=\"https:\/\/www.launchiberica.com\/wp-content\/uploads\/2025\/02\/funciones-itpms.jpg 669w, https:\/\/www.launchiberica.com\/wp-content\/uploads\/2025\/02\/funciones-itpms-300x280.jpg 300w, https:\/\/www.launchiberica.com\/wp-content\/uploads\/2025\/02\/funciones-itpms-600x560.jpg 600w\" alt=\"Funciones del ITPMS\" width=\"669\" height=\"624\" \/><\/p>\n<\/div>\n<\/div>\n","protected":false},"excerpt":{"rendered":"<p>\u2022 Compatible con la mayor\u00eda de equipos de diagnosis LAUNCH.<br \/>\n\u2022 Lee, copia, escribe, activa y combina la ID de los sensores TPMS.<br \/>\n\u2022 La informaci\u00f3n del TPMS la muestra en pantalla.<br \/>\n\u2022 Compatible con el 98% de los sensores OEM en 315MHz y 433MHz.<\/p>\n","protected":false},"featured_media":31075,"comment_status":"open","ping_status":"closed","template":"","meta":[],"product_brand":[],"product_cat":[22],"product_tag":[],"class_list":{"0":"post-31074","1":"product","2":"type-product","3":"status-publish","4":"has-post-thumbnail","6":"product_cat-herramientas-de-diagnostico","8":"first","9":"instock","10":"taxable","11":"shipping-taxable","12":"purchasable","13":"product-type-simple"},"_links":{"self":[{"href":"https:\/\/8000rpmtools.com\/index.php?rest_route=\/wp\/v2\/product\/31074","targetHints":{"allow":["GET"]}}],"collection":[{"href":"https:\/\/8000rpmtools.com\/index.php?rest_route=\/wp\/v2\/product"}],"about":[{"href":"https:\/\/8000rpmtools.com\/index.php?rest_route=\/wp\/v2\/types\/product"}],"replies":[{"embeddable":true,"href":"https:\/\/8000rpmtools.com\/index.php?rest_route=%2Fwp%2Fv2%2Fcomments&post=31074"}],"wp:featuredmedia":[{"embeddable":true,"href":"https:\/\/8000rpmtools.com\/index.php?rest_route=\/wp\/v2\/media\/31075"}],"wp:attachment":[{"href":"https:\/\/8000rpmtools.com\/index.php?rest_route=%2Fwp%2Fv2%2Fmedia&parent=31074"}],"wp:term":[{"taxonomy":"product_brand","embeddable":true,"href":"https:\/\/8000rpmtools.com\/index.php?rest_route=%2Fwp%2Fv2%2Fproduct_brand&post=31074"},{"taxonomy":"product_cat","embeddable":true,"href":"https:\/\/8000rpmtools.com\/index.php?rest_route=%2Fwp%2Fv2%2Fproduct_cat&post=31074"},{"taxonomy":"product_tag","embeddable":true,"href":"https:\/\/8000rpmtools.com\/index.php?rest_route=%2Fwp%2Fv2%2Fproduct_tag&post=31074"}],"curies":[{"name":"wp","href":"https:\/\/api.w.org\/{rel}","templated":true}]}}