{"id":31069,"date":"2025-04-01T10:37:16","date_gmt":"2025-04-01T15:37:16","guid":{"rendered":"https:\/\/8000rpmtools.com\/?post_type=product&#038;p=31069"},"modified":"2025-12-18T21:59:13","modified_gmt":"2025-12-19T02:59:13","slug":"analizador-de-baterias-launch-bst860s","status":"publish","type":"product","link":"https:\/\/8000rpmtools.com\/?product=analizador-de-baterias-launch-bst860s","title":{"rendered":"ANALIZADOR DE BATER\u00cdAS LAUNCH BST860S"},"content":{"rendered":"<ul class=\"a-unordered-list a-vertical a-spacing-mini\">\n<li class=\"a-spacing-mini\"><span class=\"a-list-item\">LAUNCH El probador de bater\u00eda BST-860S admite est\u00e1ndares internacionales de medici\u00f3n compatibles incluyen CCA, BCI, CA, MCA, JlS, DIN, IEC, EN, SAE, GB<\/span><\/li>\n<li class=\"a-spacing-mini\"><span class=\"a-list-item\">Seis funciones de prueba el\u00e9ctrica y bater\u00eda soportadas incluyen detecci\u00f3n de ondulaci\u00f3n, prueba de bater\u00eda, prueba de corriente el\u00e9ctrica, prueba de arranque, prueba del sistema de carga y prueba de voltaje<\/span><\/li>\n<li class=\"a-spacing-mini\"><span class=\"a-list-item\">Genere el informe de salud en 3 segundos e intuitivamente, muestre todos los datos en la pantalla a color, los informes se pueden imprimir en cualquier momento mediante una impresora t\u00e9rmica incorporada o escanear QR para ver en el tel\u00e9fono m\u00f3vil<\/span><\/li>\n<li class=\"a-spacing-mini\"><span class=\"a-list-item\">Los tipos de bater\u00edas aplicables incluyen 12 V (Inundado regular, bater\u00eda de gel, bater\u00eda AGM, bater\u00eda EFB, bater\u00eda de litio). Prueba aplicable del arrancador del veh\u00edculo de 12V\/24V y prueba del sistema de carga<\/span><\/li>\n<li class=\"a-spacing-mini\"><span class=\"a-list-item\">Los veh\u00edculos aplicables incluyen autom\u00f3viles, motocicletas, cortadoras de c\u00e9sped y otras m\u00e1quinas de jardiner\u00eda, Grupo 31, veh\u00edculos comerciales 4D\/8D<\/span><\/li>\n<li class=\"a-spacing-mini\"><span class=\"a-list-item\">Disponible para la inspecci\u00f3n por lotes de la bater\u00eda probando continuamente y repetidamente. La seguridad siempre es lo primero. Sin calefacci\u00f3n, sin descarga, sin chispa y sin riesgos operativos<\/span><\/li>\n<li class=\"a-spacing-mini\"><span class=\"a-list-item\">Compatible con varios idiomas<\/span><\/li>\n<\/ul>\n<p>&nbsp;<\/p>\n<p><img decoding=\"async\" src=\"https:\/\/m.media-amazon.com\/images\/I\/71909ku8KlL._AC_UF1000,1000_QL80_.jpg\" alt=\"Amazon.com: Probador de bater\u00eda de autom\u00f3vil de 12 V 24 V, probador de  carga de lanzamiento BST-860S digital para bater\u00eda automotriz con  impresora, analizador de sistema de arranque de carga para autom\u00f3viles, :\" \/><\/p>\n","protected":false},"excerpt":{"rendered":"<ul>\n<li>Resultados simples, seguros y r\u00e1pidos en 3 seg.<\/li>\n<li>Varias funciones de prueba el\u00e9ctrica (incluye prueba de voltaje de ondulaci\u00f3n)<\/li>\n<li>Pantalla a color LCD<\/li>\n<li>Dise\u00f1o f\u00e1cil de transportar<\/li>\n<\/ul>\n","protected":false},"featured_media":31070,"comment_status":"open","ping_status":"closed","template":"","meta":[],"product_brand":[],"product_cat":[112,22],"product_tag":[68,482,537,538,87,458,491],"class_list":{"0":"post-31069","1":"product","2":"type-product","3":"status-publish","4":"has-post-thumbnail","6":"product_cat-analizadores-de-baterias","7":"product_cat-herramientas-de-diagnostico","8":"product_tag-analizador-de-baterias","9":"product_tag-bateria","10":"product_tag-bst","11":"product_tag-bst860s","12":"product_tag-launch","13":"product_tag-launch-ecuador","14":"product_tag-profesional","16":"first","17":"instock","18":"taxable","19":"shipping-taxable","20":"purchasable","21":"product-type-simple"},"_links":{"self":[{"href":"https:\/\/8000rpmtools.com\/index.php?rest_route=\/wp\/v2\/product\/31069","targetHints":{"allow":["GET"]}}],"collection":[{"href":"https:\/\/8000rpmtools.com\/index.php?rest_route=\/wp\/v2\/product"}],"about":[{"href":"https:\/\/8000rpmtools.com\/index.php?rest_route=\/wp\/v2\/types\/product"}],"replies":[{"embeddable":true,"href":"https:\/\/8000rpmtools.com\/index.php?rest_route=%2Fwp%2Fv2%2Fcomments&post=31069"}],"wp:featuredmedia":[{"embeddable":true,"href":"https:\/\/8000rpmtools.com\/index.php?rest_route=\/wp\/v2\/media\/31070"}],"wp:attachment":[{"href":"https:\/\/8000rpmtools.com\/index.php?rest_route=%2Fwp%2Fv2%2Fmedia&parent=31069"}],"wp:term":[{"taxonomy":"product_brand","embeddable":true,"href":"https:\/\/8000rpmtools.com\/index.php?rest_route=%2Fwp%2Fv2%2Fproduct_brand&post=31069"},{"taxonomy":"product_cat","embeddable":true,"href":"https:\/\/8000rpmtools.com\/index.php?rest_route=%2Fwp%2Fv2%2Fproduct_cat&post=31069"},{"taxonomy":"product_tag","embeddable":true,"href":"https:\/\/8000rpmtools.com\/index.php?rest_route=%2Fwp%2Fv2%2Fproduct_tag&post=31069"}],"curies":[{"name":"wp","href":"https:\/\/api.w.org\/{rel}","templated":true}]}}