{"id":31063,"date":"2025-03-25T12:56:52","date_gmt":"2025-03-25T17:56:52","guid":{"rendered":"https:\/\/8000rpmtools.com\/?post_type=product&#038;p=31063"},"modified":"2025-12-18T22:05:39","modified_gmt":"2025-12-19T03:05:39","slug":"multimetro-automotriz-3320a","status":"publish","type":"product","link":"https:\/\/8000rpmtools.com\/?product=multimetro-automotriz-3320a","title":{"rendered":"MULT\u00cdMETRO AUTOMOTRIZ 3320a"},"content":{"rendered":"<p><span class=\"a-list-item\">INNOVA 3320A MULTIMETRO AUTOMOTRIZ DIGITAL AUTO RANGO &amp; ALTA IMPEDANCIA<\/p>\n<p>El Multimetro Digital de rango autom\u00e1tico Innova 3320A elimina la necesidad de marcar en el rango correcto al realizar mediciones electr\u00f3nicas. Sus usos incluyen circuitos automotrices, interruptores, cableado, bater\u00eda de veh\u00edculos y sistemas de carga, componentes el\u00e9ctricos y m\u00e1s.<\/p>\n<p>Producto certificado por UL dise\u00f1ado para solucionar de manera segura y precisa una variedad de problemas el\u00e9ctricos automotrices y dom\u00e9sticos.<\/p>\n<p>Las escalas de rango autom\u00e1tico eliminan la necesidad de marcar en el rango correcto al realizar mediciones electr\u00f3nicas.<\/p>\n<p>Cuenta con una gran pantalla digital y c\u00f3digos de colores LED para una verificaci\u00f3n r\u00e1pida de la bater\u00eda.<\/p>\n<p>Funci\u00f3n de resistencia de ajuste \u00fanico para voltaje de CA y CC.<\/p>\n<p>Protectores de esquinas de goma contra ca\u00eddas.Producto certificado UL dise\u00f1ado para solucionar de forma segura y precisa una variedad de problemas el\u00e9ctricos automotrices y dom\u00e9sticos<\/span><\/p>\n<ul class=\"a-unordered-list a-vertical a-spacing-mini\">\n<li class=\"a-spacing-mini\"><span class=\"a-list-item\">Las escalas de rango autom\u00e1tico seleccionan autom\u00e1ticamente el rango de medici\u00f3n correcto y eliminan la necesidad de marcar en el rango correcto al realizar mediciones electr\u00f3nicas<\/span><\/li>\n<li class=\"a-spacing-mini\"><span class=\"a-list-item\">Cuenta con una gran pantalla digital y LED codificados por colores para verificar f\u00e1cilmente el estado de carga de las bater\u00edas<\/span><\/li>\n<li class=\"a-spacing-mini\"><span class=\"a-list-item\">Funci\u00f3n de resistencia de ajuste \u00fanico para voltaje de CA y CC<\/span><\/li>\n<li class=\"a-spacing-mini\"><span class=\"a-list-item\">Impedancia de entrada de 10 megohmios; seguro para uso el\u00e9ctrico y automotriz; evita da\u00f1os a la ECU del veh\u00edculo<\/span><\/li>\n<\/ul>\n","protected":false},"excerpt":{"rendered":"<ul>\n<li>F\u00e1cil de usar<\/li>\n<li>Prueba de curcuitos, bater\u00eda, componentes, etc<\/li>\n<li>calidad y rendimiento<\/li>\n<li>funciones avanzadas de medici\u00f3n<\/li>\n<li>Dise\u00f1o compacto<\/li>\n<\/ul>\n","protected":false},"featured_media":31067,"comment_status":"open","ping_status":"closed","template":"","meta":[],"product_brand":[],"product_cat":[22,119],"product_tag":[536,427,129,71,123],"class_list":{"0":"post-31063","1":"product","2":"type-product","3":"status-publish","4":"has-post-thumbnail","6":"product_cat-herramientas-de-diagnostico","7":"product_cat-multimetros","8":"product_tag-3320a","9":"product_tag-digital","10":"product_tag-innova","11":"product_tag-multimetro","12":"product_tag-multimetro-automotriz","14":"first","15":"instock","16":"taxable","17":"shipping-taxable","18":"purchasable","19":"product-type-simple"},"_links":{"self":[{"href":"https:\/\/8000rpmtools.com\/index.php?rest_route=\/wp\/v2\/product\/31063","targetHints":{"allow":["GET"]}}],"collection":[{"href":"https:\/\/8000rpmtools.com\/index.php?rest_route=\/wp\/v2\/product"}],"about":[{"href":"https:\/\/8000rpmtools.com\/index.php?rest_route=\/wp\/v2\/types\/product"}],"replies":[{"embeddable":true,"href":"https:\/\/8000rpmtools.com\/index.php?rest_route=%2Fwp%2Fv2%2Fcomments&post=31063"}],"wp:featuredmedia":[{"embeddable":true,"href":"https:\/\/8000rpmtools.com\/index.php?rest_route=\/wp\/v2\/media\/31067"}],"wp:attachment":[{"href":"https:\/\/8000rpmtools.com\/index.php?rest_route=%2Fwp%2Fv2%2Fmedia&parent=31063"}],"wp:term":[{"taxonomy":"product_brand","embeddable":true,"href":"https:\/\/8000rpmtools.com\/index.php?rest_route=%2Fwp%2Fv2%2Fproduct_brand&post=31063"},{"taxonomy":"product_cat","embeddable":true,"href":"https:\/\/8000rpmtools.com\/index.php?rest_route=%2Fwp%2Fv2%2Fproduct_cat&post=31063"},{"taxonomy":"product_tag","embeddable":true,"href":"https:\/\/8000rpmtools.com\/index.php?rest_route=%2Fwp%2Fv2%2Fproduct_tag&post=31063"}],"curies":[{"name":"wp","href":"https:\/\/api.w.org\/{rel}","templated":true}]}}