{"id":31036,"date":"2025-03-22T13:26:54","date_gmt":"2025-03-22T18:26:54","guid":{"rendered":"https:\/\/8000rpmtools.com\/?post_type=product&#038;p=31036"},"modified":"2025-03-24T12:29:07","modified_gmt":"2025-03-24T17:29:07","slug":"maquina-lavadora-de-inyectores-launch-cnc-603a","status":"publish","type":"product","link":"https:\/\/8000rpmtools.com\/?product=maquina-lavadora-de-inyectores-launch-cnc-603a","title":{"rendered":"M\u00c1QUINA LAVADORA DE INYECTORES LAUNCH CNC 603A"},"content":{"rendered":"<p><img decoding=\"async\" class=\"aligncenter\" src=\"https:\/\/aco.cl\/imagenes\/productos\/056519.jpg\" alt=\"Limpiador de inyectores cnc-603a | ACO\" \/><\/p>\n<p>El CNC603 de SmartSafe es un sistema de limpieza de inyectores por ultrasonidos que puede limpiar varios inyectores de combustible al mismo tiempo. Combinado con la tecnolog\u00eda ultras\u00f3nica y la tecnolog\u00eda de detecci\u00f3n de limpieza con control hidr\u00e1ulico por microprocesador, el CNC603 es una herramienta ideal para la limpieza y prueba de inyectores.<\/p>\n<h2 class=\"elementor-heading-title elementor-size-default\">Caracter\u00edsticas<\/h2>\n<table border=\"1\">\n<tbody>\n<tr>\n<td>Funciones<\/td>\n<td>Descripci\u00f3n<\/td>\n<td><\/td>\n<\/tr>\n<tr>\n<td>\n<div>Limpieza ultras\u00f3nica<\/div>\n<\/td>\n<td>\n<div>Capaz de limpiar simult\u00e1neamente por ultrasonidos varios inyectores, eliminando eficazmente la acumulaci\u00f3n de carb\u00f3n.<\/div>\n<\/td>\n<td><\/td>\n<\/tr>\n<tr>\n<td>\n<div>Prueba de uniformidad\/pulverizaci\u00f3n<\/div>\n<\/td>\n<td>\n<div>Detecta la uniformidad de la cantidad de inyecci\u00f3n de combustible para cada inyector y permite una evaluaci\u00f3n integral.<\/div>\n<div>Observaci\u00f3n del patr\u00f3n de pulverizaci\u00f3n del inyector utilizando iluminaci\u00f3n de fondo<\/div>\n<\/td>\n<td><\/td>\n<\/tr>\n<tr>\n<td>\n<div>Prueba de sellado<\/div>\n<\/td>\n<td>\n<div>Prueba el sellado y las fugas de los inyectores bajo presi\u00f3n del sistema.<\/div>\n<\/td>\n<td><\/td>\n<\/tr>\n<tr>\n<td>\n<div><\/div>\n<div>Detecci\u00f3n de la cantidad de inyecci\u00f3n de combustible<\/div>\n<\/td>\n<td>Mide la cantidad de inyecci\u00f3n de combustible de los inyectores bajo una condici\u00f3n de inyecci\u00f3n constante de 15 segundos<\/td>\n<td><\/td>\n<\/tr>\n<tr>\n<td>\n<div>Limpieza y prueba autom\u00e1tica<\/div>\n<\/td>\n<td>\n<div>Simula de manera realista pruebas de inyectores bajo diversas condiciones bajo par\u00e1metros de trabajo espec\u00edficos<\/div>\n<\/td>\n<td><\/td>\n<\/tr>\n<tr>\n<td>\n<div>Descarga inversa<\/div>\n<\/td>\n<td>\n<div>Para el elemento de prueba de uniformidad\/pulverizaci\u00f3n, realice un lavado inverso utilizando un adaptador de lavado inverso para eliminar<\/div>\n<div>Contaminantes y residuos internos del inyector adheridos a la malla del filtro<\/div>\n<\/td>\n<td><\/td>\n<\/tr>\n<tr>\n<td>\n<div>Limpieza sin desmontar<\/div>\n<\/td>\n<td>\n<div>Equipado con varios adaptadores de limpieza no desmontables, lo que permite una limpieza sin desmontar.<\/div>\n<div>y mantenimiento para m\u00faltiples modelos de veh\u00edculos<\/div>\n<\/td>\n<td><\/td>\n<\/tr>\n<\/tbody>\n<\/table>\n<h2 class=\"elementor-heading-title elementor-size-default\">Especificaciones\u00a0T\u00e9cnicas<\/h2>\n<table class=\"ea-advanced-data-table ea-advanced-data-table-tablepress ea-advanced-data-table-f3ca298 ea-advanced-data-table-sortable\" data-id=\"f3ca298\">\n<tbody>\n<tr>\n<td>Fuente de alimentaci\u00f3n<\/td>\n<td>CA 110 V\/CA 220 V 50 Hz\/60 Hz<\/td>\n<\/tr>\n<tr>\n<td>Ancho de pulso<\/td>\n<td>0,5~25 ms Longitud de paso 0,1 ms<\/td>\n<\/tr>\n<tr>\n<td>Potencia del motor principal<\/td>\n<td>300 W<\/td>\n<\/tr>\n<tr>\n<td>Rango del temporizador<\/td>\n<td>1~10 minutos<\/td>\n<\/tr>\n<tr>\n<td>Poder de limpieza ultras\u00f3nico<\/td>\n<td>50 W<\/td>\n<\/tr>\n<tr>\n<td>Capacidad del tanque<\/td>\n<td>3 litros<\/td>\n<\/tr>\n<tr>\n<td>Revoluciones por minuto<\/td>\n<td>10~9990 rpm Longitud de paso 10 rpm<\/td>\n<\/tr>\n<tr>\n<td>Tama\u00f1o<\/td>\n<td>396 x 380 x 446 mm<\/td>\n<\/tr>\n<\/tbody>\n<\/table>\n","protected":false},"excerpt":{"rendered":"<ul>\n<li>Garant\u00eda directa<\/li>\n<li>Incluye 1 gal\u00f3n de l\u00edquido para banco de pruebas<\/li>\n<li>Incluye 1 gal\u00f3n para bandeja de ultrasonido<\/li>\n<li>Convencionales<\/li>\n<\/ul>\n","protected":false},"featured_media":31042,"comment_status":"open","ping_status":"closed","template":"","meta":[],"product_brand":[],"product_cat":[22,454,28],"product_tag":[428,530,529,87,458,429,476],"class_list":{"0":"post-31036","1":"product","2":"type-product","3":"status-publish","4":"has-post-thumbnail","6":"product_cat-herramientas-de-diagnostico","7":"product_cat-laboratorios-y-bancos-de-prueba","8":"product_cat-maquinas-y-bancos-de-prueba","9":"product_tag-banco-de-pruebas","10":"product_tag-cnc603a","11":"product_tag-convencionales","12":"product_tag-launch","13":"product_tag-launch-ecuador","14":"product_tag-lavadora-de-inyectores","15":"product_tag-maquina","17":"first","18":"instock","19":"taxable","20":"shipping-taxable","21":"purchasable","22":"product-type-simple"},"_links":{"self":[{"href":"https:\/\/8000rpmtools.com\/index.php?rest_route=\/wp\/v2\/product\/31036","targetHints":{"allow":["GET"]}}],"collection":[{"href":"https:\/\/8000rpmtools.com\/index.php?rest_route=\/wp\/v2\/product"}],"about":[{"href":"https:\/\/8000rpmtools.com\/index.php?rest_route=\/wp\/v2\/types\/product"}],"replies":[{"embeddable":true,"href":"https:\/\/8000rpmtools.com\/index.php?rest_route=%2Fwp%2Fv2%2Fcomments&post=31036"}],"wp:featuredmedia":[{"embeddable":true,"href":"https:\/\/8000rpmtools.com\/index.php?rest_route=\/wp\/v2\/media\/31042"}],"wp:attachment":[{"href":"https:\/\/8000rpmtools.com\/index.php?rest_route=%2Fwp%2Fv2%2Fmedia&parent=31036"}],"wp:term":[{"taxonomy":"product_brand","embeddable":true,"href":"https:\/\/8000rpmtools.com\/index.php?rest_route=%2Fwp%2Fv2%2Fproduct_brand&post=31036"},{"taxonomy":"product_cat","embeddable":true,"href":"https:\/\/8000rpmtools.com\/index.php?rest_route=%2Fwp%2Fv2%2Fproduct_cat&post=31036"},{"taxonomy":"product_tag","embeddable":true,"href":"https:\/\/8000rpmtools.com\/index.php?rest_route=%2Fwp%2Fv2%2Fproduct_tag&post=31036"}],"curies":[{"name":"wp","href":"https:\/\/api.w.org\/{rel}","templated":true}]}}