{"id":31019,"date":"2025-03-22T12:29:30","date_gmt":"2025-03-22T17:29:30","guid":{"rendered":"https:\/\/8000rpmtools.com\/?post_type=product&#038;p=31019"},"modified":"2025-03-22T12:29:30","modified_gmt":"2025-03-22T17:29:30","slug":"escaner-automotriz-launch-x-431-pro-se-v5-0-12v","status":"publish","type":"product","link":"https:\/\/8000rpmtools.com\/?product=escaner-automotriz-launch-x-431-pro-se-v5-0-12v","title":{"rendered":"ESC\u00c1NER AUTOMOTRIZ LAUNCH X-431 PRO SE V5.0 12V"},"content":{"rendered":"<section class=\"elementor-section elementor-top-section elementor-element elementor-element-30c2985 elementor-section-full_width elementor-section-height-default elementor-section-height-default\" data-particle_enable=\"false\" data-particle-mobile-disabled=\"false\" data-id=\"30c2985\" data-element_type=\"section\">\n<div class=\"elementor-container elementor-column-gap-default\">\n<div class=\"elementor-column elementor-col-16 elementor-top-column elementor-element elementor-element-be27ea7\" data-id=\"be27ea7\" data-element_type=\"column\">\n<div class=\"elementor-widget-wrap elementor-element-populated\">\n<div class=\"elementor-element elementor-element-1a8431a elementor-widget__width-inherit elementor-widget elementor-widget-image\" data-id=\"1a8431a\" data-element_type=\"widget\" data-widget_type=\"image.default\">\n<div class=\"elementor-widget-container\">\n<h2><img decoding=\"async\" class=\"aligncenter\" src=\"https:\/\/premium-diagnostics.com.au\/cdn\/shop\/files\/PRO-V5-1_962x.png?v=1698388267\" alt=\"Launch X431 ProS V5.0 Diagnostic Scan Tool | Launch X431 Pro V5.0 Scanner | Premium Diagnostic Equipment\" \/><\/h2>\n<h2 class=\"elementor-heading-title elementor-size-default\"><img loading=\"lazy\" decoding=\"async\" class=\"aligncenter\" src=\"https:\/\/8000rpmtools.com\/wp-content\/uploads\/2023\/10\/23091116945014976218.jpg\" alt=\"ESC\u00c1NER AUTOMOTRIZ LAUNCH X431 PRO DYNO (NUEVO MODELO) 2024 \u2013 8000 RPM TOOLS\" width=\"788\" height=\"788\" \/><\/h2>\n<\/div>\n<\/div>\n<\/div>\n<\/div>\n<\/div>\n<\/section>\n<ul>\n<li>Ahora admite los protocolos de comunicaci\u00f3n automotriz CAN\/CANFD\/DoIP gracias a la VCI \u201cDBSCar VII\u201d<\/li>\n<li>La comunicaci\u00f3n inal\u00e1mbrica ofrece conexiones flexibles y sencillas para el diagn\u00f3stico. Una conexi\u00f3n por cable ofrece una conexi\u00f3n r\u00e1pida y estable para trabajos avanzados como la codificaci\u00f3n.<\/li>\n<li>Diagnostico de sistema completo para los mercados de EE.UU., Asia y Europa en m\u00e1s de 110 fabricantes, que se actualizan continuamente.\u200b<\/li>\n<li>Visualizaci\u00f3n de voltaje en tiempo real. Esto ayuda a monitorear la condici\u00f3n de voltaje del veh\u00edculo durante el diagn\u00f3stico.\u200b<\/li>\n<li>El diagn\u00f3stico inteligente permite identificar el VIN e ingresar autom\u00e1ticamente a los sistemas del veh\u00edculo.\u200b<\/li>\n<li>Diagn\u00f3stico inteligente y local, que incluye funciones de diagn\u00f3stico completas, como leer\/borrar DTC, transmisi\u00f3n de datos en vivo, prueba de actuadores, codificaci\u00f3n, etc.<\/li>\n<li>X-431 PRO SE tiene compatibilidad con equipos de calibraci\u00f3n ADAS que le servir\u00e1 para reestablecer y calibrar sensores de proximidad y anticolisiones.<\/li>\n<li>Puede utilizar su TSGUN para realizar programaciones y recalibraciones de sensores TPMS.<\/li>\n<li>Posee un MALL que le permitir\u00e1 comprar y adicionar nuevas marcas y funciones a su equipo.<\/li>\n<\/ul>\n<section class=\"elementor-section elementor-top-section elementor-element elementor-element-50ce8f97 elementor-section-full_width elementor-section-height-default elementor-section-height-default\" data-particle_enable=\"false\" data-particle-mobile-disabled=\"false\" data-id=\"50ce8f97\" data-element_type=\"section\">\n<div class=\"elementor-container elementor-column-gap-default\">\n<div class=\"elementor-column elementor-col-100 elementor-top-column elementor-element elementor-element-ebaacec\" data-id=\"ebaacec\" data-element_type=\"column\">\n<div class=\"elementor-widget-wrap elementor-element-populated\">\n<div class=\"elementor-element elementor-element-a2337b7 elementor-widget elementor-widget-heading\" data-id=\"a2337b7\" data-element_type=\"widget\" data-widget_type=\"heading.default\">\n<div class=\"elementor-widget-container\">\n<h2 class=\"elementor-heading-title elementor-size-default\">39\u00a0Funciones Especiales<\/h2>\n<p><img decoding=\"async\" src=\"https:\/\/autech.com.ec\/wp-content\/uploads\/2023\/01\/proseriesfunctionsnewred.png\" \/><\/p>\n<h2 class=\"elementor-heading-title elementor-size-default\">Accesorios\u00a0Adheribles<\/h2>\n<div class=\"elementor-column elementor-col-50 elementor-top-column elementor-element elementor-element-42f1ec1\" data-id=\"42f1ec1\" data-element_type=\"column\">\n<div class=\"eael-feature-list-icon-box\">\n<div class=\"eael-feature-list-icon-box\">\n<div><\/div>\n<\/div>\n<table width=\"1129\">\n<tbody>\n<tr>\n<td width=\"100\"><img loading=\"lazy\" decoding=\"async\" class=\"aligncenter\" src=\"https:\/\/www.woodford-automotive-training.com\/media\/library\/uploads\/categoryproduct\/large\/launch-vsp600-videoscope-1599918222-0.png\" alt=\"Diagnostic Product | Diagnostic Tools | Launch Vsp600 Videoscope | Details | Woodford Automotive Diagnostic &amp; Training Service in Cavan Ireland\" width=\"83\" height=\"189\" \/>&nbsp;<\/p>\n<p><strong>VSP-600<\/strong><\/td>\n<td width=\"244\">\u00a0Videoscopio que podr\u00e1s conectar a tu equipo X-431 y lograr tener visi\u00f3n en lugares donde tus ojos no llegan.<\/td>\n<td width=\"78\"><a class=\"eael-feature-list-icon fl-icon-0\" href=\"https:\/\/cnlaunchlatin.com\/diagnostico\/impresora\/\"><img decoding=\"async\" class=\"eael-feature-list-img aligncenter\" src=\"https:\/\/cnlaunchlatin.com\/wp-content\/uploads\/2022\/12\/Impresora.png\" alt=\"\" \/><\/a>&nbsp;<\/p>\n<p><strong>IMPRESORA<\/strong><\/td>\n<td width=\"244\">Con la impresora portatil de Launch podr\u00e1s imprimir los informes a tus clientes de c\u00f3digos de fallo y flujos de datos a un tama\u00f1o reducido amigable a la vista.<\/td>\n<\/tr>\n<\/tbody>\n<\/table>\n<div><\/div>\n<div>\n<table width=\"1129\">\n<tbody>\n<tr>\n<td width=\"100\"><img decoding=\"async\" src=\"https:\/\/www.launchtech.co.uk\/image_resize\/crop\/mw1500\/mh750\/products\/4007\/sensorbox-ii-1726-1400px.jpg\" alt=\"Launch Sensorbox II for Eurotab II\" \/>&nbsp;<\/p>\n<p><strong>SENSORBOX S2-2<\/strong><\/td>\n<td width=\"244\">\u00a0Un equipo para complementar tus diagn\u00f3stico de forma interactiva con el que podr\u00e1s generar se\u00f1ales a tu antojo para sensores y actuadores del veh\u00edculo.<\/td>\n<td width=\"78\"><img loading=\"lazy\" decoding=\"async\" class=\"aligncenter\" src=\"https:\/\/www.launchprofrance.fr\/img\/p\/4\/8\/6\/486.jpg\" alt=\"TS GUN - OUTIL SPECIAL TPMS - X - 431\" width=\"42\" height=\"172\" \/>&nbsp;<\/p>\n<p><strong>X-431 TS GUN<\/strong><\/td>\n<td width=\"244\">Con esta gran herramientas puedes realizar programar sensores TPMS universales y adem\u00e1s monitorear la presi\u00f3n y temperatura de estos.<\/td>\n<\/tr>\n<\/tbody>\n<\/table>\n<p>&nbsp;<\/p>\n<table width=\"1126\">\n<tbody>\n<tr>\n<td width=\"100\"><img decoding=\"async\" src=\"https:\/\/cdn4.volusion.store\/o3n9t-dyzs5\/v\/vspfiles\/photos\/301180894-2.jpg?v-cache=1722246685\" alt=\"Launch O2-2 4 Channel Scope Box\" \/>&nbsp;<\/p>\n<p><strong>SCOPEBOX O2-2<\/strong><\/td>\n<td width=\"244\">Osciloscopio de 100MHz como ancho de banda y con hasta 4 canales para que puedas realizar diagn\u00f3stico en las se\u00f1ales el\u00e9ctricas de los veh\u00edculos.<\/td>\n<td width=\"78\"><img decoding=\"async\" src=\"https:\/\/m.media-amazon.com\/images\/I\/6146EpE6CwL._SL1500_.jpg\" alt=\"LAUNCH BST 360 Battery Tester, 100-2000 CCA...\" \/>&nbsp;<\/p>\n<p><strong>BST-360<\/strong><\/td>\n<td width=\"244\">A\u00f1ade este accesorio a tu X-431 y podr\u00e1s realizar diagn\u00f3stico a las bater\u00edas que poseen los veh\u00edculos de tus clientes.<\/td>\n<\/tr>\n<\/tbody>\n<\/table>\n<p>&nbsp;<\/p>\n<table width=\"1124\">\n<tbody>\n<tr>\n<td width=\"100\"><img decoding=\"async\" src=\"https:\/\/encrypted-tbn0.gstatic.com\/images?q=tbn:ANd9GcTcRMReKuc4UHBG9wk-5eo_V6YYpPyGKDcJNQ&amp;s\" alt=\"X-431 Key Programmer | Launch Latin America\" \/>&nbsp;<\/p>\n<p><strong>X-431 KEY PROGRAMMER<\/strong><\/td>\n<td width=\"244\">\u00a0Este accesorio complementar\u00e1 tus servicios de llaves. Podr\u00e1s generar controles remotos universales, verificar el tipo de chip, verificar estado del transmisor, etc.<\/td>\n<td width=\"78\"><img loading=\"lazy\" decoding=\"async\" class=\"\" src=\"https:\/\/www.danshuicorp.com\/wp-content\/uploads\/2022\/04\/XPORG-3.png\" alt=\"Inmovilizador y programador de llaves Launch X-PROG 3 \u2013 Danshui International Corporation S.A.\" width=\"167\" height=\"167\" \/>&nbsp;<\/p>\n<p><strong>X PROG3<\/strong><\/td>\n<td width=\"244\">Este accesorio complementa tu equipo X-431 para poder realizar lectura y escritura de centralitas de motor, caja de cambios como tambi\u00e9n memorias EEPROM y MCU.<\/td>\n<\/tr>\n<\/tbody>\n<\/table>\n<\/div>\n<\/div>\n<\/div>\n<div class=\"elementor-column elementor-col-50 elementor-top-column elementor-element elementor-element-42f1ec1\" data-id=\"42f1ec1\" data-element_type=\"column\">\n<div class=\"eael-feature-list-icon-box\">\n<div>\n<h2 class=\"elementor-heading-title elementor-size-default\">Especificaciones\u00a0T\u00e9cnicas<\/h2>\n<\/div>\n<\/div>\n<\/div>\n<table class=\"ea-advanced-data-table ea-advanced-data-table-tablepress ea-advanced-data-table-608dae4\" width=\"575\" data-id=\"608dae4\">\n<tbody>\n<tr>\n<td>Sistema Operativo<\/td>\n<td>Android 10.0<\/td>\n<\/tr>\n<tr>\n<td>Pantalla<\/td>\n<td>8\u2033 (1280x800p)<\/td>\n<\/tr>\n<tr>\n<td>Procesador<\/td>\n<td>2.0GHz Quad-Core<\/td>\n<\/tr>\n<tr>\n<td>Memoria RAM<\/td>\n<td>4GB<\/td>\n<\/tr>\n<tr>\n<td>Almacenamiento<\/td>\n<td>64GB<\/td>\n<\/tr>\n<tr>\n<td>Bater\u00eda<\/td>\n<td>6300mAh<\/td>\n<\/tr>\n<tr>\n<td>Camara<\/td>\n<td>Trasera 8MP<\/td>\n<\/tr>\n<tr>\n<td>Tama\u00f1o<\/td>\n<td>234x166x39(mm)<\/td>\n<\/tr>\n<tr>\n<td>Interfaces<\/td>\n<td>USB tipo C \/ USB tipo A*1 y DC *1<\/td>\n<\/tr>\n<tr>\n<td>Conectividad VCI<\/td>\n<td>Bluetooth \/ Cable USB<\/td>\n<\/tr>\n<\/tbody>\n<\/table>\n<\/div>\n<\/div>\n<\/div>\n<\/div>\n<\/div>\n<\/section>\n","protected":false},"excerpt":{"rendered":"<ul class=\"elementor-icon-list-items elementor-inline-items\">\n<li class=\"elementor-icon-list-item elementor-inline-item\"><span class=\"elementor-icon-list-text\">+110 MARCAS DE VEHICULOS<\/span><\/li>\n<li class=\"elementor-icon-list-item elementor-inline-item\"><i class=\"fas fa-tools\" aria-hidden=\"true\"><\/i><span class=\"elementor-icon-list-text\">39 FUNCIONES ESPECIALES<\/span><\/li>\n<li class=\"elementor-icon-list-item elementor-inline-item\"><i class=\"fas fa-sync\" aria-hidden=\"true\"><\/i><span class=\"elementor-icon-list-text\">ACTUALIZACIONES POR 3 A\u00d1OS<\/span><\/li>\n<li class=\"elementor-icon-list-item elementor-inline-item\"><i class=\"fas fa-expand-arrows-alt\" aria-hidden=\"true\"><\/i><span class=\"elementor-icon-list-text\">PANTALLA DE 8\u2033<\/span><\/li>\n<li class=\"elementor-icon-list-item elementor-inline-item\"><i class=\"fas fa-sd-card\" aria-hidden=\"true\"><\/i><span class=\"elementor-icon-list-text\">4GB RAM | 64GB ROM<\/span><\/li>\n<\/ul>\n","protected":false},"featured_media":31021,"comment_status":"open","ping_status":"closed","template":"","meta":[],"product_brand":[],"product_cat":[86,22],"product_tag":[516,84,448,87,458,517,518,452,523],"class_list":{"0":"post-31019","1":"product","2":"type-product","3":"status-publish","4":"has-post-thumbnail","6":"product_cat-escaner-automotriz","7":"product_cat-herramientas-de-diagnostico","8":"product_tag-12voltios","9":"product_tag-escaner","10":"product_tag-escaner-automotriz","11":"product_tag-launch","12":"product_tag-launch-ecuador","13":"product_tag-livianos","14":"product_tag-vehiculos","15":"product_tag-x431-pro","16":"product_tag-x431prose","18":"first","19":"instock","20":"taxable","21":"shipping-taxable","22":"purchasable","23":"product-type-simple"},"_links":{"self":[{"href":"https:\/\/8000rpmtools.com\/index.php?rest_route=\/wp\/v2\/product\/31019","targetHints":{"allow":["GET"]}}],"collection":[{"href":"https:\/\/8000rpmtools.com\/index.php?rest_route=\/wp\/v2\/product"}],"about":[{"href":"https:\/\/8000rpmtools.com\/index.php?rest_route=\/wp\/v2\/types\/product"}],"replies":[{"embeddable":true,"href":"https:\/\/8000rpmtools.com\/index.php?rest_route=%2Fwp%2Fv2%2Fcomments&post=31019"}],"wp:featuredmedia":[{"embeddable":true,"href":"https:\/\/8000rpmtools.com\/index.php?rest_route=\/wp\/v2\/media\/31021"}],"wp:attachment":[{"href":"https:\/\/8000rpmtools.com\/index.php?rest_route=%2Fwp%2Fv2%2Fmedia&parent=31019"}],"wp:term":[{"taxonomy":"product_brand","embeddable":true,"href":"https:\/\/8000rpmtools.com\/index.php?rest_route=%2Fwp%2Fv2%2Fproduct_brand&post=31019"},{"taxonomy":"product_cat","embeddable":true,"href":"https:\/\/8000rpmtools.com\/index.php?rest_route=%2Fwp%2Fv2%2Fproduct_cat&post=31019"},{"taxonomy":"product_tag","embeddable":true,"href":"https:\/\/8000rpmtools.com\/index.php?rest_route=%2Fwp%2Fv2%2Fproduct_tag&post=31019"}],"curies":[{"name":"wp","href":"https:\/\/api.w.org\/{rel}","templated":true}]}}