{"id":31007,"date":"2025-03-22T11:46:53","date_gmt":"2025-03-22T16:46:53","guid":{"rendered":"https:\/\/8000rpmtools.com\/?post_type=product&#038;p=31007"},"modified":"2025-03-22T11:48:49","modified_gmt":"2025-03-22T16:48:49","slug":"escaner-automotriz-crp919-max","status":"publish","type":"product","link":"https:\/\/8000rpmtools.com\/?product=escaner-automotriz-crp919-max","title":{"rendered":"ESC\u00c1NER AUTOMOTRIZ CRP919 MAX"},"content":{"rendered":"<p>Launch CRP919MAX es una herramienta de diagn\u00f3stico avanzada para veh\u00edculos modernos, ofrece funciones completas de lectura de c\u00f3digos, datos en tiempo real y pruebas de componentes. Conectividad Bluetooth para actualizaciones y compatibilidad con una amplia gama de veh\u00edculos.<\/p>\n<p>&nbsp;<\/p>\n<section class=\"elementor-section elementor-top-section elementor-element elementor-element-50ce8f97 elementor-section-full_width elementor-section-height-default elementor-section-height-default\" data-particle_enable=\"false\" data-particle-mobile-disabled=\"false\" data-id=\"50ce8f97\" data-element_type=\"section\">\n<div class=\"elementor-container elementor-column-gap-default\">\n<div class=\"elementor-column elementor-col-100 elementor-top-column elementor-element elementor-element-ebaacec\" data-id=\"ebaacec\" data-element_type=\"column\">\n<div class=\"elementor-widget-wrap elementor-element-populated\">\n<div class=\"elementor-element elementor-element-a2337b7 elementor-widget elementor-widget-heading\" data-id=\"a2337b7\" data-element_type=\"widget\" data-widget_type=\"heading.default\">\n<div class=\"elementor-widget-container\">\n<h2><img loading=\"lazy\" decoding=\"async\" class=\"aligncenter\" src=\"https:\/\/www.masquest.net\/wp-content\/uploads\/2024\/04\/Launch-CRP919maxnew.jpg\" alt=\"Launch CRP919 Max\" width=\"761\" height=\"456\" \/><\/h2>\n<h2 class=\"elementor-heading-title elementor-size-default\"><img loading=\"lazy\" decoding=\"async\" class=\"aligncenter\" src=\"https:\/\/8000rpmtools.com\/wp-content\/uploads\/2023\/10\/23091116945014976218.jpg\" alt=\"ESC\u00c1NER AUTOMOTRIZ LAUNCH X431 PRO DYNO (NUEVO MODELO) 2024 \u2013 8000 RPM TOOLS\" width=\"788\" height=\"788\" \/><\/h2>\n<h2 class=\"elementor-heading-title elementor-size-default\">Caracter\u00edsticas<\/h2>\n<p>El nuevo Launch CRP919MAX es una herramienta robusta de diagn\u00f3stico vehicular. Ofrece una amplia gama de funciones avanzadas, incluyendo escaneo y borrado de c\u00f3digos de falla, visualizaci\u00f3n de datos en tiempo real y pruebas de componentes. Su conectividad Bluetooth permite actualizaciones de software y vinculaci\u00f3n con accesorios como c\u00e1maras endosc\u00f3picas y probadores de bater\u00edas, lo que ampl\u00eda sus capacidades de diagn\u00f3stico.<\/p>\n<ul>\n<li>Amplias funciones de escaneo y diagn\u00f3stico.<\/li>\n<li>Conectividad Bluetooth para actualizaciones y visualizaci\u00f3n de datos.<\/li>\n<li>Compatibilidad con veh\u00edculos del Grupo VAG.<\/li>\n<li>Acceso a protocolos CAN FD y DOIP.<\/li>\n<li>Posibilidad de enlazar accesorios como c\u00e1maras endosc\u00f3picas, probadores de bater\u00edas y herramientas para sensores de neum\u00e1ticos.<\/li>\n<li>3 a\u00f1os de actualizaciones gratuitas.<\/li>\n<\/ul>\n<p>Es una herramienta poderosa para diagn\u00f3sticos precisos y variados en veh\u00edculos actuales, con actualizaciones. regulares y soporte amplio.<\/p>\n<h2 class=\"elementor-heading-title elementor-size-default\">30\u00a0Funciones Especiales<\/h2>\n<h2><img decoding=\"async\" src=\"http:\/\/www.danshuicorp.com\/wp-content\/uploads\/2020\/05\/CRP359-funciones.jpg\" \/><\/h2>\n<\/div>\n<\/div>\n<\/div>\n<\/div>\n<\/div>\n<\/section>\n<section class=\"elementor-section elementor-top-section elementor-element elementor-element-534048f elementor-section-full_width elementor-hidden-mobile elementor-section-height-default elementor-section-height-default\" data-particle_enable=\"false\" data-particle-mobile-disabled=\"false\" data-id=\"534048f\" data-element_type=\"section\">\n<div class=\"elementor-container elementor-column-gap-default\">\n<div class=\"elementor-column elementor-col-100 elementor-top-column elementor-element elementor-element-9073be1\" data-id=\"9073be1\" data-element_type=\"column\">\n<div class=\"elementor-widget-wrap elementor-element-populated\">\n<div class=\"elementor-element elementor-element-cc74894 elementor-widget__width-inherit elementor-widget elementor-widget-image\" data-id=\"cc74894\" data-element_type=\"widget\" data-widget_type=\"image.default\">\n<h2 class=\"elementor-heading-title elementor-size-default\">Accesorios\u00a0Adheribles<\/h2>\n<table width=\"1129\">\n<tbody>\n<tr>\n<td width=\"100\"><img loading=\"lazy\" decoding=\"async\" class=\"aligncenter\" src=\"https:\/\/www.woodford-automotive-training.com\/media\/library\/uploads\/categoryproduct\/large\/launch-vsp600-videoscope-1599918222-0.png\" alt=\"Diagnostic Product | Diagnostic Tools | Launch Vsp600 Videoscope | Details | Woodford Automotive Diagnostic &amp; Training Service in Cavan Ireland\" width=\"83\" height=\"189\" \/><\/p>\n<p><strong>VSP-600<\/strong><\/td>\n<td width=\"244\">\u00a0Videoscopio que podr\u00e1s conectar a tu equipo X-431 y lograr tener visi\u00f3n en lugares donde tus ojos no llegan.<\/td>\n<td width=\"78\"><a class=\"eael-feature-list-icon fl-icon-0\" href=\"https:\/\/cnlaunchlatin.com\/diagnostico\/impresora\/\"><img decoding=\"async\" class=\"eael-feature-list-img aligncenter\" src=\"https:\/\/cnlaunchlatin.com\/wp-content\/uploads\/2022\/12\/Impresora.png\" alt=\"\" \/><\/a><\/p>\n<p><strong>IMPRESORA<\/strong><\/td>\n<td width=\"244\">Con la impresora portatil de Launch podr\u00e1s imprimir los informes a tus clientes de c\u00f3digos de fallo y flujos de datos a un tama\u00f1o reducido amigable a la vista.<\/td>\n<\/tr>\n<\/tbody>\n<\/table>\n<div><\/div>\n<div>\n<table width=\"1129\">\n<tbody>\n<tr>\n<td width=\"100\"><img decoding=\"async\" src=\"https:\/\/m.media-amazon.com\/images\/I\/6146EpE6CwL._SL1500_.jpg\" alt=\"LAUNCH BST 360 Battery Tester, 100-2000 CCA...\" \/><\/p>\n<p><strong>BST-360<\/strong><\/td>\n<td width=\"244\">A\u00f1ade este accesorio a tu X-431 y podr\u00e1s realizar diagn\u00f3stico a las bater\u00edas que poseen los veh\u00edculos de tus clientes.<\/td>\n<td width=\"78\"><img loading=\"lazy\" decoding=\"async\" class=\"aligncenter\" src=\"https:\/\/www.launchprofrance.fr\/img\/p\/4\/8\/6\/486.jpg\" alt=\"TS GUN - OUTIL SPECIAL TPMS - X - 431\" width=\"42\" height=\"172\" \/><\/p>\n<p><strong>X-431 TS GUN<\/strong><\/td>\n<td width=\"244\">Con esta gran herramientas puedes realizar programar sensores TPMS universales y adem\u00e1s monitorear la presi\u00f3n y temperatura de estos.<\/td>\n<\/tr>\n<\/tbody>\n<\/table>\n<\/div>\n<h2 class=\"elementor-heading-title elementor-size-default\">Especificaciones\u00a0T\u00e9cnicas<\/h2>\n<table class=\"ea-advanced-data-table ea-advanced-data-table-tablepress ea-advanced-data-table-f3ca298 ea-advanced-data-table-sortable\" width=\"441\" data-id=\"f3ca298\">\n<tbody>\n<tr>\n<td>Sistema Operativo<\/td>\n<td>Android 10<\/td>\n<\/tr>\n<tr>\n<td>Pantalla<\/td>\n<td>7\u2033 Pulgadas 1024*600<\/td>\n<\/tr>\n<tr>\n<td>Memoria de RAM<\/td>\n<td>4GB<\/td>\n<\/tr>\n<tr>\n<td>Almacenamiento<\/td>\n<td>64GB<\/td>\n<\/tr>\n<tr>\n<td>Voltaje de trabajo OBD<\/td>\n<td>9V-18V<\/td>\n<\/tr>\n<tr>\n<td>Bater\u00eda<\/td>\n<td>47.880Wh(7.6V,6300mAh)<\/td>\n<\/tr>\n<tr>\n<td>Conexi\u00f3n USB<\/td>\n<td>Tipo A *1 &amp; Tipo C*1<\/td>\n<\/tr>\n<tr>\n<td>Interface<\/td>\n<td>Bluetooth\/USB<\/td>\n<\/tr>\n<tr>\n<td>Tama\u00f1o<\/td>\n<td>218*154*39.5(mm)<\/td>\n<\/tr>\n<tr>\n<td>Peso<\/td>\n<td>900g<\/td>\n<\/tr>\n<\/tbody>\n<\/table>\n<\/div>\n<\/div>\n<\/div>\n<\/div>\n<\/section>\n","protected":false},"excerpt":{"rendered":"<ul>\n<li><span class=\"elementor-icon-list-text\">110 Marcas de vehiculos<\/span><\/li>\n<li><i class=\"fas fa-tools\" aria-hidden=\"true\"><\/i><span class=\"elementor-icon-list-text\">31 Funciones Especiales<\/span><\/li>\n<li><i class=\"fas fa-sync\" aria-hidden=\"true\"><\/i><span class=\"elementor-icon-list-text\">Actualizaciones por 3 a\u00f1os<\/span><\/li>\n<li><span class=\"elementor-icon-list-text\">Pantalla de 7\u2033 (1024\u00d7600)<\/span><i class=\"fas fa-sd-card\" aria-hidden=\"true\"><\/i><\/li>\n<li><span class=\"elementor-icon-list-text\">2 a\u00f1os de Garant\u00eda<\/span><\/li>\n<\/ul>\n","protected":false},"featured_media":31008,"comment_status":"open","ping_status":"closed","template":"","meta":[],"product_brand":[],"product_cat":[86,22],"product_tag":[516,515,84,448,87,517,231,518],"class_list":{"0":"post-31007","1":"product","2":"type-product","3":"status-publish","4":"has-post-thumbnail","6":"product_cat-escaner-automotriz","7":"product_cat-herramientas-de-diagnostico","8":"product_tag-12voltios","9":"product_tag-crp919max","10":"product_tag-escaner","11":"product_tag-escaner-automotriz","12":"product_tag-launch","13":"product_tag-livianos","14":"product_tag-obd2","15":"product_tag-vehiculos","17":"first","18":"instock","19":"taxable","20":"shipping-taxable","21":"purchasable","22":"product-type-simple"},"_links":{"self":[{"href":"https:\/\/8000rpmtools.com\/index.php?rest_route=\/wp\/v2\/product\/31007","targetHints":{"allow":["GET"]}}],"collection":[{"href":"https:\/\/8000rpmtools.com\/index.php?rest_route=\/wp\/v2\/product"}],"about":[{"href":"https:\/\/8000rpmtools.com\/index.php?rest_route=\/wp\/v2\/types\/product"}],"replies":[{"embeddable":true,"href":"https:\/\/8000rpmtools.com\/index.php?rest_route=%2Fwp%2Fv2%2Fcomments&post=31007"}],"wp:featuredmedia":[{"embeddable":true,"href":"https:\/\/8000rpmtools.com\/index.php?rest_route=\/wp\/v2\/media\/31008"}],"wp:attachment":[{"href":"https:\/\/8000rpmtools.com\/index.php?rest_route=%2Fwp%2Fv2%2Fmedia&parent=31007"}],"wp:term":[{"taxonomy":"product_brand","embeddable":true,"href":"https:\/\/8000rpmtools.com\/index.php?rest_route=%2Fwp%2Fv2%2Fproduct_brand&post=31007"},{"taxonomy":"product_cat","embeddable":true,"href":"https:\/\/8000rpmtools.com\/index.php?rest_route=%2Fwp%2Fv2%2Fproduct_cat&post=31007"},{"taxonomy":"product_tag","embeddable":true,"href":"https:\/\/8000rpmtools.com\/index.php?rest_route=%2Fwp%2Fv2%2Fproduct_tag&post=31007"}],"curies":[{"name":"wp","href":"https:\/\/api.w.org\/{rel}","templated":true}]}}