{"id":31000,"date":"2025-03-21T16:56:39","date_gmt":"2025-03-21T21:56:39","guid":{"rendered":"https:\/\/8000rpmtools.com\/?post_type=product&#038;p=31000"},"modified":"2025-12-18T22:05:39","modified_gmt":"2025-12-19T03:05:39","slug":"mini-osciloscopio-fnirsi-dso152-portatil","status":"publish","type":"product","link":"https:\/\/8000rpmtools.com\/?product=mini-osciloscopio-fnirsi-dso152-portatil","title":{"rendered":"MINI OSCILOSCOPIO FNIRSI DSO152 PORT\u00c1TIL"},"content":{"rendered":"<ul class=\"pl-3\">\n<li>Velocidad de muestreo m\u00e1s r\u00e1pida : El mini osciloscopio FNIRSI DSO152 tiene una frecuencia de muestreo en tiempo real de 2,5 MS\/s y un ancho de banda de 200 kHz. La sonda 10x puede medir hasta 800 VPP, lo que equivale a 280 V de corriente alterna. Se pueden medir voltajes de hasta \u00b1400 V.<\/li>\n<li>Dise\u00f1o profesional: Cuenta con una funci\u00f3n de activaci\u00f3n completa (autom\u00e1tica, normal o \u00fanica). Funciona perfectamente tanto para se\u00f1ales anal\u00f3gicas peri\u00f3dicas como para se\u00f1ales digitales aperi\u00f3dicas. La pantalla LCD de alta definici\u00f3n de 2,8 pulgadas, con una resoluci\u00f3n de 320 x 240, la interfaz tipo C admite la transmisi\u00f3n y carga de datos. Interfaz de soporte para actualizar el firmware directamente.<\/li>\n<li>Mini osciloscopio port\u00e1til: El osciloscopio de bolsillo es una m\u00e1quina terminada ensamblada, liviana y f\u00e1cil de transportar, se puede usar directamente para evitar problemas en el proceso de ensamblaje y ahorra mucho tiempo de ensamblaje. Aplicable a la industria del mantenimiento y a la industria de la educaci\u00f3n en I+D. El osciloscopio, muy pr\u00e1ctico, puede satisfacer sus necesidades de pruebas diarias.<\/li>\n<li>F\u00e1cil medici\u00f3n: Equipado con un eficiente ajuste AUTOM\u00c1TICO de todos los par\u00e1metros con una sola tecla, la forma de onda medida se puede mostrar sin engorrosos ajustes. Mantenga pulsado el bot\u00f3n AUTO para calibrar r\u00e1pidamente la l\u00ednea base, medir r\u00e1pidamente las formas de onda y mejorar la eficiencia del trabajo.<\/li>\n<li>Mayor duraci\u00f3n de la bater\u00eda: El osciloscopio automotriz tiene una bater\u00eda de litio incorporada de alta calidad de 1000 mAh, que se puede utilizar de forma continua durante aproximadamente 4 horas despu\u00e9s de estar completamente cargada. Al mismo tiempo, est\u00e1 equipado con un cable de carga tipo C, que tambi\u00e9n se puede usar mientras se carga, lo cual es muy conveniente.<\/li>\n<\/ul>\n","protected":false},"excerpt":{"rendered":"<ul>\n<li>Dise\u00f1o compacto y portable<\/li>\n<li>Velocidad de muestreo r\u00e1pida<\/li>\n<li>Larga duraci\u00f3n de bater\u00eda<\/li>\n<\/ul>\n","protected":false},"featured_media":31001,"comment_status":"open","ping_status":"closed","template":"","meta":[],"product_brand":[],"product_cat":[140],"product_tag":[116,513,514,512,141,511,121],"class_list":{"0":"post-31000","1":"product","2":"type-product","3":"status-publish","4":"has-post-thumbnail","6":"product_cat-osciloscopios","7":"product_tag-circuitos","8":"product_tag-corriente","9":"product_tag-mini-osciloscopio","10":"product_tag-muestreo","11":"product_tag-osciloscopio","12":"product_tag-senal","13":"product_tag-voltaje","15":"first","16":"instock","17":"taxable","18":"shipping-taxable","19":"purchasable","20":"product-type-simple"},"_links":{"self":[{"href":"https:\/\/8000rpmtools.com\/index.php?rest_route=\/wp\/v2\/product\/31000","targetHints":{"allow":["GET"]}}],"collection":[{"href":"https:\/\/8000rpmtools.com\/index.php?rest_route=\/wp\/v2\/product"}],"about":[{"href":"https:\/\/8000rpmtools.com\/index.php?rest_route=\/wp\/v2\/types\/product"}],"replies":[{"embeddable":true,"href":"https:\/\/8000rpmtools.com\/index.php?rest_route=%2Fwp%2Fv2%2Fcomments&post=31000"}],"wp:featuredmedia":[{"embeddable":true,"href":"https:\/\/8000rpmtools.com\/index.php?rest_route=\/wp\/v2\/media\/31001"}],"wp:attachment":[{"href":"https:\/\/8000rpmtools.com\/index.php?rest_route=%2Fwp%2Fv2%2Fmedia&parent=31000"}],"wp:term":[{"taxonomy":"product_brand","embeddable":true,"href":"https:\/\/8000rpmtools.com\/index.php?rest_route=%2Fwp%2Fv2%2Fproduct_brand&post=31000"},{"taxonomy":"product_cat","embeddable":true,"href":"https:\/\/8000rpmtools.com\/index.php?rest_route=%2Fwp%2Fv2%2Fproduct_cat&post=31000"},{"taxonomy":"product_tag","embeddable":true,"href":"https:\/\/8000rpmtools.com\/index.php?rest_route=%2Fwp%2Fv2%2Fproduct_tag&post=31000"}],"curies":[{"name":"wp","href":"https:\/\/api.w.org\/{rel}","templated":true}]}}