{"id":30983,"date":"2025-03-21T12:56:25","date_gmt":"2025-03-21T17:56:25","guid":{"rendered":"https:\/\/8000rpmtools.com\/?post_type=product&#038;p=30983"},"modified":"2025-12-18T22:05:40","modified_gmt":"2025-12-19T03:05:40","slug":"analizador-de-baterias-otofix-bt1-lite","status":"publish","type":"product","link":"https:\/\/8000rpmtools.com\/?product=analizador-de-baterias-otofix-bt1-lite","title":{"rendered":"ANALIZADOR DE BATER\u00cdAS OTOFIX BT1-LITE"},"content":{"rendered":"<div class=\"celwidget aplus-module 3p-module-b aplus-standard\" data-csa-c-id=\"v0d9xb-3drk59-8zram0-pxmi8y\" data-cel-widget=\"aplus-3p-module-b\">\n<div class=\"aplus-module-wrapper aplus-3p-fixed-width\"><img decoding=\"async\" class=\"a-spacing-base\" src=\"https:\/\/m.media-amazon.com\/images\/S\/aplus-media-library-service-media\/ea28ffc5-c57b-4d64-8331-0bc8cebe4eac.__CR0,0,970,600_PT0_SX970_V1___.jpg\" alt=\"main battery tester\" data-src=\"https:\/\/m.media-amazon.com\/images\/S\/aplus-media-library-service-media\/ea28ffc5-c57b-4d64-8331-0bc8cebe4eac.__CR0,0,970,600_PT0_SX970_V1___.jpg\" \/><\/p>\n<p class=\"a-spacing-base\">\n<h3 data-start=\"0\" data-end=\"58\"><strong data-start=\"4\" data-end=\"56\">Probador de Bater\u00edas Universal &#8211; OTOFIX BT1 Lite<\/strong><\/h3>\n<p data-start=\"60\" data-end=\"521\">\ud83d\udd0b <strong data-start=\"63\" data-end=\"95\">Prueba Universal de Bater\u00edas<\/strong><br data-start=\"95\" data-end=\"98\" \/>El <strong data-start=\"101\" data-end=\"120\">OTOFIX BT1 Lite<\/strong> permite realizar pruebas tanto dentro como fuera del veh\u00edculo en bater\u00edas de <strong data-start=\"198\" data-end=\"216\">6 y 12 voltios<\/strong>, con un rango de <strong data-start=\"234\" data-end=\"252\">100 a 2000 CCA<\/strong>. Es compatible con distintos tipos de bater\u00edas, incluyendo <strong data-start=\"312\" data-end=\"351\">Flooded, AGM, AGM Spiral, EFB y GEL<\/strong>, y admite los principales est\u00e1ndares de bater\u00edas: <strong data-start=\"402\" data-end=\"443\">CCA, CA, SAE, EN, IEC, DIN, JIS y MCA<\/strong>. Adem\u00e1s, es ideal para probar bater\u00edas de <strong data-start=\"486\" data-end=\"518\">autos, motos y embarcaciones<\/strong>.<\/p>\n<p data-start=\"523\" data-end=\"746\">\ud83d\udcca <strong data-start=\"526\" data-end=\"564\">Resultados de la Prueba de Bater\u00eda<\/strong><br data-start=\"564\" data-end=\"567\" \/>El dispositivo proporciona un <strong data-start=\"597\" data-end=\"645\">resumen de resultados codificado por colores<\/strong>, una lista detallada de datos de prueba y sugerencias de reparaci\u00f3n para facilitar el diagn\u00f3stico.<\/p>\n<p data-start=\"748\" data-end=\"1021\">\u26a1 <strong data-start=\"750\" data-end=\"773\">Prueba del Arranque<\/strong><br data-start=\"773\" data-end=\"776\" \/>El <strong data-start=\"779\" data-end=\"798\">OTOFIX BT1 Lite<\/strong> analiza el estado de funcionamiento del <strong data-start=\"839\" data-end=\"860\">motor de arranque<\/strong>, midiendo la corriente y el voltaje requeridos para encender el veh\u00edculo. Esto ayuda a determinar si el <strong data-start=\"965\" data-end=\"977\">arranque<\/strong> funciona correctamente o presenta fallas.<\/p>\n<p data-start=\"1023\" data-end=\"1347\">\ud83d\ude97 <strong data-start=\"1026\" data-end=\"1046\">Prueba del Motor<\/strong><br data-start=\"1046\" data-end=\"1049\" \/>Este equipo permite evaluar el estado del <strong data-start=\"1091\" data-end=\"1111\">sistema de carga<\/strong>, verificando si el <strong data-start=\"1131\" data-end=\"1167\">voltaje de salida del alternador<\/strong> es normal y si el <strong data-start=\"1186\" data-end=\"1195\">diodo<\/strong> funciona correctamente. Esto evita problemas como la sobrecarga o la carga incompleta, los cuales pueden <strong data-start=\"1301\" data-end=\"1321\">da\u00f1ar la bater\u00eda<\/strong> y reducir su vida \u00fatil.<\/p>\n<p data-start=\"1349\" data-end=\"1544\" data-is-last-node=\"\" data-is-only-node=\"\">Ideal para mec\u00e1nicos, t\u00e9cnicos automotrices y entusiastas del autom\u00f3vil que buscan una herramienta confiable para <strong data-start=\"1463\" data-end=\"1538\">diagnosticar el estado de la bater\u00eda y el sistema de carga del veh\u00edculo<\/strong>. \ud83d\udd27\ud83d\ude98<\/p>\n<\/div>\n<\/div>\n<div class=\"celwidget aplus-module 3p-module-b aplus-standard\" data-csa-c-id=\"cq0zoh-nma90h-m1qwpy-mzkbqo\" data-cel-widget=\"aplus-3p-module-b\">\n<div class=\"aplus-module-wrapper aplus-3p-fixed-width\"><img decoding=\"async\" class=\"a-spacing-base\" src=\"https:\/\/m.media-amazon.com\/images\/S\/aplus-media-library-service-media\/f954f782-ccce-4be8-85e1-b29a6aaa4063.__CR0,0,970,600_PT0_SX970_V1___.jpg\" alt=\"car battery tester can do what\" data-src=\"https:\/\/m.media-amazon.com\/images\/S\/aplus-media-library-service-media\/f954f782-ccce-4be8-85e1-b29a6aaa4063.__CR0,0,970,600_PT0_SX970_V1___.jpg\" \/><\/p>\n<h3 data-start=\"0\" data-end=\"82\"><strong data-start=\"4\" data-end=\"80\">Analizador Avanzado de Bater\u00edas Automotrices &#8211; OTOFIX (Powered by Autel)<\/strong><\/h3>\n<p data-start=\"84\" data-end=\"426\">\ud83d\udd0b <strong data-start=\"87\" data-end=\"113\">Funciones Principales:<\/strong><br data-start=\"113\" data-end=\"116\" \/>\u2714 <strong data-start=\"118\" data-end=\"157\">Pruebas dentro y fuera del veh\u00edculo<\/strong><br data-start=\"157\" data-end=\"160\" \/>\u2714 <strong data-start=\"162\" data-end=\"207\">Compatible con bater\u00edas de 6 y 12 voltios<\/strong> (100 &#8211; 2000 CCA)<br data-start=\"224\" data-end=\"227\" \/>\u2714 <strong data-start=\"229\" data-end=\"287\">Prueba sistemas de arranque y carga de 12 y 24 voltios<\/strong><br data-start=\"287\" data-end=\"290\" \/>\u2714 Soporta bater\u00edas <strong data-start=\"309\" data-end=\"348\">Flooded, AGM, AGM Spiral, EFB y GEL<\/strong><br data-start=\"348\" data-end=\"351\" \/>\u2714 Compatible con los est\u00e1ndares <strong data-start=\"383\" data-end=\"424\">CCA, CA, SAE, EN, IEC, DIN, JIS y MCA<\/strong><\/p>\n<p data-start=\"428\" data-end=\"659\">\ud83d\udcc8 <strong data-start=\"431\" data-end=\"464\">Precisi\u00f3n y Registro de Datos<\/strong><br data-start=\"464\" data-end=\"467\" \/>\u2705 <strong data-start=\"469\" data-end=\"504\">Tecnolog\u00eda Adaptive Conductance<\/strong> para una precisi\u00f3n del <strong data-start=\"528\" data-end=\"535\">95%<\/strong><br data-start=\"535\" data-end=\"538\" data-is-only-node=\"\" \/>\u2705 Visualizaci\u00f3n de registros de prueba en <strong data-start=\"580\" data-end=\"600\">formato de lista<\/strong>, permitiendo revisar <strong data-start=\"622\" data-end=\"657\">veh\u00edculos y bater\u00edas analizadas<\/strong><\/p>\n<p data-start=\"661\" data-end=\"756\">\ud83c\udd93 <strong data-start=\"664\" data-end=\"695\">Actualizaciones de Software<\/strong><br data-start=\"695\" data-end=\"698\" \/>\ud83d\udd04 <strong data-start=\"701\" data-end=\"754\">Actualizaciones GRATUITAS de software de por vida<\/strong><\/p>\n<p>&nbsp;<\/p>\n<\/div>\n<\/div>\n<div class=\"celwidget aplus-module module-9 aplus-standard\" data-csa-c-id=\"jiph2v-xy7l7l-h4bqpv-labwns\" data-cel-widget=\"aplus-module-9\">\n<div class=\"aplus-module-wrapper apm-fixed-width apm-spacing\">\n<div class=\"apm-flex\">\n<div class=\"apm-flex-item-third-width\">\n<p class=\"apm-text-center\"><img decoding=\"async\" class=\"a-spacing-mini\" src=\"https:\/\/m.media-amazon.com\/images\/S\/aplus-media-library-service-media\/006dc956-6a53-46a0-8408-3b82f32d2cf4.__CR0,0,300,300_PT0_SX300_V1___.jpg\" alt=\"battery tester \" data-src=\"https:\/\/m.media-amazon.com\/images\/S\/aplus-media-library-service-media\/006dc956-6a53-46a0-8408-3b82f32d2cf4.__CR0,0,300,300_PT0_SX300_V1___.jpg\" \/><\/p>\n<h3 data-start=\"0\" data-end=\"39\"><strong data-start=\"4\" data-end=\"37\">Amplia Cobertura de Detecci\u00f3n<\/strong><\/h3>\n<p data-start=\"41\" data-end=\"216\">\ud83d\udd0d <strong data-start=\"44\" data-end=\"111\">Compatible con todo tipo de bater\u00edas de plomo-\u00e1cido de 6V y 12V<\/strong>, incluyendo:<br data-start=\"124\" data-end=\"127\" \/>\u2714 <strong data-start=\"129\" data-end=\"148\">Regular Flooded<\/strong><br data-start=\"148\" data-end=\"151\" \/>\u2714 <strong data-start=\"153\" data-end=\"171\">AGM Flat Plate<\/strong><br data-start=\"171\" data-end=\"174\" \/>\u2714 <strong data-start=\"176\" data-end=\"190\">AGM Spiral<\/strong><br data-start=\"190\" data-end=\"193\" \/>\u2714 <strong data-start=\"195\" data-end=\"202\">GEL<\/strong><br data-start=\"202\" data-end=\"205\" \/>\u2714 <strong data-start=\"207\" data-end=\"214\">EFB<\/strong><\/p>\n<p data-start=\"218\" data-end=\"265\">\ud83d\udcca <strong data-start=\"221\" data-end=\"248\">Amplio rango de prueba:<\/strong> 100 ~ 2000 CCA<\/p>\n<p data-start=\"267\" data-end=\"493\">\ud83d\ude97 <strong data-start=\"270\" data-end=\"294\">Versatilidad de uso:<\/strong><br data-start=\"294\" data-end=\"297\" \/>Este probador de carga es ideal para una variedad de aplicaciones, incluyendo:<br data-start=\"375\" data-end=\"378\" \/>\u2714 <strong data-start=\"380\" data-end=\"395\" data-is-only-node=\"\">Autom\u00f3viles<\/strong> \ud83d\ude98<br data-start=\"398\" data-end=\"401\" \/>\u2714 <strong data-start=\"403\" data-end=\"441\">Veh\u00edculos deportivos y recreativos<\/strong> \ud83c\udfcd\ufe0f\ud83d\udea4<br data-start=\"447\" data-end=\"450\" \/>\u2714 <strong data-start=\"452\" data-end=\"486\">Tractores para jard\u00edn y c\u00e9sped<\/strong> \ud83c\udf3f\ud83d\ude9c<\/p>\n<p data-start=\"495\" data-end=\"581\" data-is-last-node=\"\" data-is-only-node=\"\">\u00a1Una herramienta imprescindible para un diagn\u00f3stico confiable en cualquier lugar! \ud83d\udd27\ud83d\udd0b<\/p>\n<\/div>\n<div class=\"apm-flex-item-third-width\">\n<p class=\"apm-text-center\"><img decoding=\"async\" class=\"a-spacing-mini\" src=\"https:\/\/m.media-amazon.com\/images\/S\/aplus-media-library-service-media\/6f6fc11d-9304-45d8-8bf1-83f847e19fc5.__CR0,0,300,300_PT0_SX300_V1___.jpg\" alt=\"autel app page\" data-src=\"https:\/\/m.media-amazon.com\/images\/S\/aplus-media-library-service-media\/6f6fc11d-9304-45d8-8bf1-83f847e19fc5.__CR0,0,300,300_PT0_SX300_V1___.jpg\" \/><\/p>\n<h3 data-start=\"0\" data-end=\"41\"><strong data-start=\"4\" data-end=\"39\">Diagn\u00f3stico Preciso de Bater\u00edas<\/strong><\/h3>\n<p data-start=\"43\" data-end=\"223\">\ud83d\udd2c <strong data-start=\"46\" data-end=\"87\">Tecnolog\u00eda de Conductancia Adaptativa<\/strong><br data-start=\"87\" data-end=\"90\" \/>\u2714 <strong data-start=\"92\" data-end=\"124\">Reduce diagn\u00f3sticos err\u00f3neos<\/strong><br data-start=\"124\" data-end=\"127\" data-is-only-node=\"\" \/>\u2714 <strong data-start=\"129\" data-end=\"168\">Detecta bater\u00edas con baja capacidad<\/strong><br data-start=\"168\" data-end=\"171\" \/>\u2714 <strong data-start=\"173\" data-end=\"221\">Disminuye la necesidad de recarga y retesteo<\/strong><\/p>\n<p data-start=\"225\" data-end=\"410\">\ud83d\udcca <strong data-start=\"228\" data-end=\"264\">Precisi\u00f3n l\u00edder en la industria:<\/strong><br data-start=\"264\" data-end=\"267\" \/>\u2705 <strong data-start=\"269\" data-end=\"279\">94.11%<\/strong> de precisi\u00f3n en pruebas<br data-start=\"303\" data-end=\"306\" \/>\u2705 <strong data-start=\"308\" data-end=\"318\">63.55%<\/strong> de detecci\u00f3n de bater\u00edas defectuosas<br data-start=\"355\" data-end=\"358\" \/>\u2705 <strong data-start=\"360\" data-end=\"370\">30.03%<\/strong> menos necesidad de recarga y retesteo<\/p>\n<p data-start=\"412\" data-end=\"600\" data-is-last-node=\"\" data-is-only-node=\"\">\u26a1 <strong data-start=\"414\" data-end=\"443\">Resultados M\u00e1s Confiables<\/strong><br data-start=\"443\" data-end=\"446\" \/>El <strong data-start=\"449\" data-end=\"489\">algoritmo de Conductancia Adaptativa<\/strong> garantiza diagn\u00f3sticos m\u00e1s <strong data-start=\"517\" data-end=\"541\">precisos y decisivos<\/strong>, ya sea en <strong data-start=\"553\" data-end=\"592\">pruebas dentro o fuera del veh\u00edculo<\/strong>. \ud83d\udd0b\ud83d\ude97\ud83d\udd27<\/p>\n<\/div>\n<div class=\"apm-flex-item-third-width\">\n<p class=\"apm-text-center\">\n<\/div>\n<\/div>\n<\/div>\n<\/div>\n<div class=\"celwidget aplus-module 3p-module-b aplus-standard\" data-csa-c-id=\"bxfl48-3xbpel-6r8knc-j5cp5k\" data-cel-widget=\"aplus-3p-module-b\">\n<div class=\"aplus-module-wrapper aplus-3p-fixed-width\"><img decoding=\"async\" class=\"a-spacing-base\" src=\"https:\/\/m.media-amazon.com\/images\/S\/aplus-media-library-service-media\/d851087b-f87a-4ff4-86e0-b0fa96c4b06f.__CR241,0,1437,889_PT0_SX970_V1___.jpg\" alt=\"Automotive Scan Tool\" data-src=\"https:\/\/m.media-amazon.com\/images\/S\/aplus-media-library-service-media\/d851087b-f87a-4ff4-86e0-b0fa96c4b06f.__CR241,0,1437,889_PT0_SX970_V1___.jpg\" \/><\/div>\n<\/div>\n","protected":false},"excerpt":{"rendered":"<ul>\n<li>M\u00e9todos de prueba avanzados<\/li>\n<li>Garant\u00eda<\/li>\n<li>Acualilzaciones Gratis<\/li>\n<li>F\u00e1cil de usar<\/li>\n<\/ul>\n","protected":false},"featured_media":30987,"comment_status":"open","ping_status":"closed","template":"","meta":[],"product_brand":[],"product_cat":[112,22],"product_tag":[507,82,67,508,509,457,462],"class_list":{"0":"post-30983","1":"product","2":"type-product","3":"status-publish","4":"has-post-thumbnail","6":"product_cat-analizadores-de-baterias","7":"product_cat-herramientas-de-diagnostico","8":"product_tag-analizad","9":"product_tag-autel","10":"product_tag-baterias","11":"product_tag-bt1lite","12":"product_tag-comprobador","13":"product_tag-otofix","14":"product_tag-probador","16":"first","17":"instock","18":"taxable","19":"shipping-taxable","20":"purchasable","21":"product-type-simple"},"_links":{"self":[{"href":"https:\/\/8000rpmtools.com\/index.php?rest_route=\/wp\/v2\/product\/30983","targetHints":{"allow":["GET"]}}],"collection":[{"href":"https:\/\/8000rpmtools.com\/index.php?rest_route=\/wp\/v2\/product"}],"about":[{"href":"https:\/\/8000rpmtools.com\/index.php?rest_route=\/wp\/v2\/types\/product"}],"replies":[{"embeddable":true,"href":"https:\/\/8000rpmtools.com\/index.php?rest_route=%2Fwp%2Fv2%2Fcomments&post=30983"}],"wp:featuredmedia":[{"embeddable":true,"href":"https:\/\/8000rpmtools.com\/index.php?rest_route=\/wp\/v2\/media\/30987"}],"wp:attachment":[{"href":"https:\/\/8000rpmtools.com\/index.php?rest_route=%2Fwp%2Fv2%2Fmedia&parent=30983"}],"wp:term":[{"taxonomy":"product_brand","embeddable":true,"href":"https:\/\/8000rpmtools.com\/index.php?rest_route=%2Fwp%2Fv2%2Fproduct_brand&post=30983"},{"taxonomy":"product_cat","embeddable":true,"href":"https:\/\/8000rpmtools.com\/index.php?rest_route=%2Fwp%2Fv2%2Fproduct_cat&post=30983"},{"taxonomy":"product_tag","embeddable":true,"href":"https:\/\/8000rpmtools.com\/index.php?rest_route=%2Fwp%2Fv2%2Fproduct_tag&post=30983"}],"curies":[{"name":"wp","href":"https:\/\/api.w.org\/{rel}","templated":true}]}}