{"id":30976,"date":"2025-03-21T12:34:15","date_gmt":"2025-03-21T17:34:15","guid":{"rendered":"https:\/\/8000rpmtools.com\/?post_type=product&#038;p=30976"},"modified":"2025-03-21T12:34:15","modified_gmt":"2025-03-21T17:34:15","slug":"luz-de-trabajo-led-magnetica-recargable","status":"publish","type":"product","link":"https:\/\/8000rpmtools.com\/?product=luz-de-trabajo-led-magnetica-recargable","title":{"rendered":"LUZ DE TRABAJO LED MAGN\u00c9TICA RECARGABLE"},"content":{"rendered":"<p>5 modos iluminaci\u00f3n LED luces trabajo<br \/>\nAdhesivo magn\u00e9tico, mano, con gancho<br \/>\nGirar linterna<br \/>\ntrabajo debajo del cap\u00f3 para emergencias m\u00e1quinas reparaci\u00f3n autom\u00f3viles<\/p>\n<p>Especificaciones:<br \/>\nNombre: luz de trabajo LED magn\u00e9tica recargable<br \/>\nFuente luz: una variedad fuentes luz Tama\u00f1o: peque\u00f1o 4*11 cm\/1,6*4,3 pulgadas, gran5*14,7 cm\/2*5,8 pulgadas<br \/>\nPeso: 65g, 135g<br \/>\nBater\u00eda: bater\u00eda litio alta capacidad incorporada<br \/>\nCapacidad la bater\u00eda: modelo peque\u00f1o 600mA, modelo gran1500mA<br \/>\nEngranaje: quinta marcha<br \/>\nColor: Negro<br \/>\nColor claro: blanco\/rojo<br \/>\nDuraci\u00f3n la bater\u00eda: alrededor 3-4 horas<br \/>\nCarga: carga inteligente USB<br \/>\nCaracter\u00edsticas:<br \/>\nbase magn\u00e9tica<br \/>\ncon gancho<br \/>\nMano<br \/>\nRotaci\u00f3n 180 grados<br \/>\nCompacto y port\u00e1til<br \/>\nRecargable<br \/>\n5 modos iluminaci\u00f3n<\/p>\n<p>El paquete incluye:<br \/>\ntrabajo LED magn\u00e9tica recargable * 1<br \/>\nCable * 1<\/p>\n","protected":false},"excerpt":{"rendered":"<ul class=\"a-unordered-list a-vertical a-spacing-mini\">\n<li class=\"a-spacing-mini\"><span class=\"a-list-item\">Rotaci\u00f3n 180\u00b0 <\/span><\/li>\n<li class=\"a-spacing-mini\"><span class=\"a-list-item\">5 tipos de iluminaci\u00f3n<\/span><\/li>\n<li class=\"a-spacing-mini\"><span class=\"a-list-item\">Recargable<\/span><\/li>\n<li class=\"a-spacing-mini\"><span class=\"a-list-item\">Base magn\u00e9tica y gancho<\/span><\/li>\n<li class=\"a-spacing-mini\"><span class=\"a-list-item\">Duradero y port\u00e1til<\/span><\/li>\n<li class=\"a-spacing-mini\"><span class=\"a-list-item\">Funci\u00f3n impermeable<\/span><\/li>\n<\/ul>\n","protected":false},"featured_media":30980,"comment_status":"open","ping_status":"closed","template":"","meta":[],"product_brand":[],"product_cat":[226],"product_tag":[229,283,499,505,227,501,506],"class_list":{"0":"post-30976","1":"product","2":"type-product","3":"status-publish","4":"has-post-thumbnail","6":"product_cat-iluminacion","7":"product_tag-iluminacion","8":"product_tag-lampara","9":"product_tag-led","10":"product_tag-lumens","11":"product_tag-luz","12":"product_tag-luz-de-trabajo","13":"product_tag-magnetica","15":"first","16":"instock","17":"taxable","18":"shipping-taxable","19":"purchasable","20":"product-type-simple"},"_links":{"self":[{"href":"https:\/\/8000rpmtools.com\/index.php?rest_route=\/wp\/v2\/product\/30976","targetHints":{"allow":["GET"]}}],"collection":[{"href":"https:\/\/8000rpmtools.com\/index.php?rest_route=\/wp\/v2\/product"}],"about":[{"href":"https:\/\/8000rpmtools.com\/index.php?rest_route=\/wp\/v2\/types\/product"}],"replies":[{"embeddable":true,"href":"https:\/\/8000rpmtools.com\/index.php?rest_route=%2Fwp%2Fv2%2Fcomments&post=30976"}],"wp:featuredmedia":[{"embeddable":true,"href":"https:\/\/8000rpmtools.com\/index.php?rest_route=\/wp\/v2\/media\/30980"}],"wp:attachment":[{"href":"https:\/\/8000rpmtools.com\/index.php?rest_route=%2Fwp%2Fv2%2Fmedia&parent=30976"}],"wp:term":[{"taxonomy":"product_brand","embeddable":true,"href":"https:\/\/8000rpmtools.com\/index.php?rest_route=%2Fwp%2Fv2%2Fproduct_brand&post=30976"},{"taxonomy":"product_cat","embeddable":true,"href":"https:\/\/8000rpmtools.com\/index.php?rest_route=%2Fwp%2Fv2%2Fproduct_cat&post=30976"},{"taxonomy":"product_tag","embeddable":true,"href":"https:\/\/8000rpmtools.com\/index.php?rest_route=%2Fwp%2Fv2%2Fproduct_tag&post=30976"}],"curies":[{"name":"wp","href":"https:\/\/api.w.org\/{rel}","templated":true}]}}