{"id":30972,"date":"2025-03-21T12:21:56","date_gmt":"2025-03-21T17:21:56","guid":{"rendered":"https:\/\/8000rpmtools.com\/?post_type=product&#038;p=30972"},"modified":"2025-03-21T12:21:56","modified_gmt":"2025-03-21T17:21:56","slug":"luz-led-de-trabajo-1080-lumens","status":"publish","type":"product","link":"https:\/\/8000rpmtools.com\/?product=luz-led-de-trabajo-1080-lumens","title":{"rendered":"LUZ LED DE TRABAJO 1080 L\u00daMENS"},"content":{"rendered":"<p data-start=\"56\" data-end=\"338\">La luz de trabajo LED PowerSmith de <strong data-start=\"111\" data-end=\"127\">1080 l\u00famenes<\/strong> es una herramienta ideal para iluminaci\u00f3n en espacios de trabajo, construcci\u00f3n, garajes y exteriores. Su dise\u00f1o compacto y port\u00e1til la hace f\u00e1cil de transportar y posicionar seg\u00fan las necesidades del usuario.<\/p>\n<p data-start=\"340\" data-end=\"599\">Cuenta con un <strong data-start=\"354\" data-end=\"375\">soporte ajustable<\/strong> que permite cambiar el \u00e1ngulo de iluminaci\u00f3n y un <strong data-start=\"426\" data-end=\"445\">gancho superior<\/strong> para colgarla c\u00f3modamente en diferentes superficies. Su cable de alimentaci\u00f3n con enchufe de dos patas la hace f\u00e1cil de usar sin necesidad de bater\u00edas.<\/p>\n<p data-start=\"601\" data-end=\"624\"><strong data-start=\"601\" data-end=\"622\">Especificaciones:<\/strong><\/p>\n<ul data-start=\"625\" data-end=\"1067\">\n<li data-start=\"625\" data-end=\"664\"><strong data-start=\"627\" data-end=\"649\">Potencia lum\u00ednica:<\/strong> 1080 l\u00famenes<\/li>\n<li data-start=\"665\" data-end=\"706\"><strong data-start=\"667\" data-end=\"683\">Tipo de luz:<\/strong> LED de alta potencia<\/li>\n<li data-start=\"707\" data-end=\"769\"><strong data-start=\"709\" data-end=\"736\">Fuente de alimentaci\u00f3n:<\/strong> Cable de corriente con enchufe<\/li>\n<li data-start=\"770\" data-end=\"826\"><strong data-start=\"772\" data-end=\"787\">Estructura:<\/strong> Marco de metal con soporte ajustable<\/li>\n<li data-start=\"827\" data-end=\"889\"><strong data-start=\"829\" data-end=\"849\">Gancho superior:<\/strong> Para colgar en diferentes superficies<\/li>\n<li data-start=\"890\" data-end=\"970\"><strong data-start=\"892\" data-end=\"903\">Dise\u00f1o:<\/strong> Compacto y resistente, ideal para uso en interiores y exteriores<\/li>\n<li data-start=\"971\" data-end=\"1067\"><strong data-start=\"973\" data-end=\"990\">Aplicaciones:<\/strong> Iluminaci\u00f3n de talleres, garajes, obras en construcci\u00f3n, campamentos y m\u00e1s<\/li>\n<\/ul>\n<p data-start=\"1069\" data-end=\"1211\" data-is-last-node=\"\" data-is-only-node=\"\">Esta luz de trabajo es una excelente opci\u00f3n para quienes buscan una fuente de iluminaci\u00f3n eficiente y resistente para entornos exigentes. \ud83d\udca1\ud83d\udd27<\/p>\n","protected":false},"excerpt":{"rendered":"<ul>\n<li>Flujo luminoso: 1080 lm<\/li>\n<li>LED<\/li>\n<li>Modelo: PWL110S<\/li>\n<li>Marca: Power Smith48<\/li>\n<li>Dise\u00f1o compacto y resistente<\/li>\n<\/ul>\n","protected":false},"featured_media":30973,"comment_status":"open","ping_status":"closed","template":"","meta":[],"product_brand":[],"product_cat":[226],"product_tag":[229,283,499,504,505,227,501,503],"class_list":{"0":"post-30972","1":"product","2":"type-product","3":"status-publish","4":"has-post-thumbnail","6":"product_cat-iluminacion","7":"product_tag-iluminacion","8":"product_tag-lampara","9":"product_tag-led","10":"product_tag-lumenes","11":"product_tag-lumens","12":"product_tag-luz","13":"product_tag-luz-de-trabajo","14":"product_tag-powersmith","16":"first","17":"instock","18":"taxable","19":"shipping-taxable","20":"purchasable","21":"product-type-simple"},"_links":{"self":[{"href":"https:\/\/8000rpmtools.com\/index.php?rest_route=\/wp\/v2\/product\/30972","targetHints":{"allow":["GET"]}}],"collection":[{"href":"https:\/\/8000rpmtools.com\/index.php?rest_route=\/wp\/v2\/product"}],"about":[{"href":"https:\/\/8000rpmtools.com\/index.php?rest_route=\/wp\/v2\/types\/product"}],"replies":[{"embeddable":true,"href":"https:\/\/8000rpmtools.com\/index.php?rest_route=%2Fwp%2Fv2%2Fcomments&post=30972"}],"wp:featuredmedia":[{"embeddable":true,"href":"https:\/\/8000rpmtools.com\/index.php?rest_route=\/wp\/v2\/media\/30973"}],"wp:attachment":[{"href":"https:\/\/8000rpmtools.com\/index.php?rest_route=%2Fwp%2Fv2%2Fmedia&parent=30972"}],"wp:term":[{"taxonomy":"product_brand","embeddable":true,"href":"https:\/\/8000rpmtools.com\/index.php?rest_route=%2Fwp%2Fv2%2Fproduct_brand&post=30972"},{"taxonomy":"product_cat","embeddable":true,"href":"https:\/\/8000rpmtools.com\/index.php?rest_route=%2Fwp%2Fv2%2Fproduct_cat&post=30972"},{"taxonomy":"product_tag","embeddable":true,"href":"https:\/\/8000rpmtools.com\/index.php?rest_route=%2Fwp%2Fv2%2Fproduct_tag&post=30972"}],"curies":[{"name":"wp","href":"https:\/\/api.w.org\/{rel}","templated":true}]}}