{"id":30966,"date":"2025-03-21T12:08:58","date_gmt":"2025-03-21T17:08:58","guid":{"rendered":"https:\/\/8000rpmtools.com\/?post_type=product&#038;p=30966"},"modified":"2025-12-18T22:07:03","modified_gmt":"2025-12-19T03:07:03","slug":"luz-led-de-trabajo-a-baterias-2200-lumens-giratorio-360","status":"publish","type":"product","link":"https:\/\/8000rpmtools.com\/?product=luz-led-de-trabajo-a-baterias-2200-lumens-giratorio-360","title":{"rendered":"LUZ LED DE TRABAJO A BATER\u00cdAS- 2200 L\u00daMENS &#8211; GIRATORIO 360\u00b0"},"content":{"rendered":"<div id=\"productDetails2_feature_div\" class=\"celwidget pd_rd_w-54bA6 pd_rd_r-537BH5PDEHP4NPWET979 pd_rd_wg-9rooD\" data-feature-name=\"productDetails2\" data-csa-c-type=\"widget\" data-csa-c-content-id=\"productDetails2\" data-csa-c-slot-id=\"productDetails2_feature_div\" data-csa-c-asin=\"\" data-csa-c-is-in-initial-active-row=\"false\" data-csa-c-id=\"4ijyr8-iy3jrw-kfj399-md31hi\" data-cel-widget=\"productDetails2_feature_div\">\n<div id=\"prodDetails\" class=\"a-section a-spacing-none\">\n<table id=\"productDetails_techSpec_section_1\" class=\"a-keyvalue prodDetTable\" style=\"font-size: 16px;\" role=\"presentation\">\n<tbody>\n<tr>\n<th class=\"a-color-secondary a-size-base prodDetSectionEntry\">Marca<\/th>\n<td class=\"a-size-base prodDetAttrValue\">WARSUN<\/td>\n<\/tr>\n<tr>\n<th class=\"a-color-secondary a-size-base prodDetSectionEntry\">Dimensiones del producto<\/th>\n<td class=\"a-size-base prodDetAttrValue\">\u200e22 x 18 x 4 cm; 650 g<\/td>\n<\/tr>\n<tr>\n<th class=\"a-color-secondary a-size-base prodDetSectionEntry\">Bater\u00edas<\/th>\n<td class=\"a-size-base prodDetAttrValue\">\u200eSe requieren 1 bater\u00eda de iones de litio (incluida).<\/td>\n<\/tr>\n<tr>\n<th class=\"a-color-secondary a-size-base prodDetSectionEntry\">N\u00famero de modelo del art\u00edculo<\/th>\n<td class=\"a-size-base prodDetAttrValue\">H09<\/td>\n<\/tr>\n<tr>\n<th class=\"a-color-secondary a-size-base prodDetSectionEntry\">N\u00famero de pieza<\/th>\n<td class=\"a-size-base prodDetAttrValue\">H09<\/td>\n<\/tr>\n<tr>\n<th class=\"a-color-secondary a-size-base prodDetSectionEntry\">Estilo<\/th>\n<td class=\"a-size-base prodDetAttrValue\">Foco LED para construcci\u00f3n<\/td>\n<\/tr>\n<tr>\n<th class=\"a-color-secondary a-size-base prodDetSectionEntry\">Color<\/th>\n<td class=\"a-size-base prodDetAttrValue\">Color de la imagen<\/td>\n<\/tr>\n<tr>\n<th class=\"a-color-secondary a-size-base prodDetSectionEntry\">Forma<\/th>\n<td class=\"a-size-base prodDetAttrValue\">Derecho<\/td>\n<\/tr>\n<tr>\n<th class=\"a-color-secondary a-size-base prodDetSectionEntry\">Material<\/th>\n<td class=\"a-size-base prodDetAttrValue\">Foco LED para construcci\u00f3n<\/td>\n<\/tr>\n<tr>\n<th class=\"a-color-secondary a-size-base prodDetSectionEntry\">Tipos de acabado<\/th>\n<td class=\"a-size-base prodDetAttrValue\">Crudo, pl\u00e1stico<\/td>\n<\/tr>\n<tr>\n<th class=\"a-color-secondary a-size-base prodDetSectionEntry\">N\u00famero de luces<\/th>\n<td class=\"a-size-base prodDetAttrValue\">1<\/td>\n<\/tr>\n<tr>\n<th class=\"a-color-secondary a-size-base prodDetSectionEntry\">Componentes incluidos<\/th>\n<td class=\"a-size-base prodDetAttrValue\">Pilas incluidas<\/td>\n<\/tr>\n<tr>\n<th class=\"a-color-secondary a-size-base prodDetSectionEntry\">Voltaje<\/th>\n<td class=\"a-size-base prodDetAttrValue\">3,7 voltios<\/td>\n<\/tr>\n<tr>\n<th class=\"a-color-secondary a-size-base prodDetSectionEntry\">Descripci\u00f3n de alimentaci\u00f3n y enchufe:<\/th>\n<td class=\"a-size-base prodDetAttrValue\">Alimentado por bater\u00eda<\/td>\n<\/tr>\n<tr>\n<th class=\"a-color-secondary a-size-base prodDetSectionEntry\">Tipo de instalaci\u00f3n del interruptor<\/th>\n<td class=\"a-size-base prodDetAttrValue\">Independiente<\/td>\n<\/tr>\n<tr>\n<th class=\"a-color-secondary a-size-base prodDetSectionEntry\">\u00bfBater\u00edas incluidas?<\/th>\n<td class=\"a-size-base prodDetAttrValue\">S\u00ed<\/td>\n<\/tr>\n<tr>\n<th class=\"a-color-secondary a-size-base prodDetSectionEntry\">\u00bfSe requieren pilas?<\/th>\n<td class=\"a-size-base prodDetAttrValue\">S\u00ed<\/td>\n<\/tr>\n<tr>\n<th class=\"a-color-secondary a-size-base prodDetSectionEntry\">Tipo de bombilla<\/th>\n<td class=\"a-size-base prodDetAttrValue\">Diodo emisor de luz<\/td>\n<\/tr>\n<tr>\n<th class=\"a-color-secondary a-size-base prodDetSectionEntry\">Etiqueta de eficiencia energ\u00e9tica de la UE<\/th>\n<td class=\"a-size-base prodDetAttrValue\">A+<\/td>\n<\/tr>\n<tr>\n<th class=\"a-color-secondary a-size-base prodDetSectionEntry\">Flujo luminoso<\/th>\n<td class=\"a-size-base prodDetAttrValue\">2200 l\u00famenes<\/td>\n<\/tr>\n<tr>\n<th class=\"a-color-secondary a-size-base prodDetSectionEntry\">Caracter\u00edsticas de la bombilla<\/th>\n<td class=\"a-size-base prodDetAttrValue\">\u200eBreitstrahlwinkel und einstellbare Helligkeit<\/td>\n<\/tr>\n<tr>\n<th class=\"a-color-secondary a-size-base prodDetSectionEntry\">Peso del art\u00edculo<\/th>\n<td class=\"a-size-base prodDetAttrValue\">650 gramos<\/td>\n<\/tr>\n<tr>\n<th class=\"a-color-secondary a-size-base prodDetSectionEntry\">Actualizaciones de software garantizadas hasta<\/th>\n<td class=\"a-size-base prodDetAttrValue\">desconocido<\/td>\n<\/tr>\n<\/tbody>\n<\/table>\n<div class=\"a-row\">\n<div class=\"a-column a-span12 a-span-last\">\n<div class=\"a-row a-spacing-top-base\">\n<div class=\"a-column a-span6\">\n<div class=\"a-row a-spacing-base\"><\/div>\n<\/div>\n<div class=\"a-column a-span6 a-span-last\">\n<div class=\"a-row a-spacing-base\">\n<div id=\"productDetails_db_sections\" class=\"a-section\"><\/div>\n<\/div>\n<div class=\"a-row a-spacing-base\">\n<div id=\"productSpecifications_dp_warranty_and_support\">\n<div class=\"a-section\">\n<div class=\"a-section table-padding\">\n<table id=\"productDetails_warranty_support_sections\" class=\"a-keyvalue prodDetTable\" role=\"presentation\"><\/table>\n<\/div>\n<\/div>\n<\/div>\n<\/div>\n<\/div>\n<\/div>\n<\/div>\n<\/div>\n<\/div>\n<\/div>\n<div id=\"aplus_feature_div\" class=\"celwidget pd_rd_w-EBjn3 pd_rd_r-537BH5PDEHP4NPWET979 pd_rd_wg-9rooD\" data-feature-name=\"aplus\" data-csa-c-type=\"widget\" data-csa-c-content-id=\"aplus\" data-csa-c-slot-id=\"aplus_feature_div\" data-csa-c-asin=\"\" data-csa-c-is-in-initial-active-row=\"false\" data-csa-c-id=\"r0l33k-rpv04d-xwep72-aih5s9\" data-cel-widget=\"aplus_feature_div\">\n<div id=\"aplus\" class=\"a-section a-spacing-large bucket\">\n<div class=\"aplus-v2 desktop celwidget\" data-csa-c-id=\"viyiea-t3h1mw-l4j8eu-fqm4hk\" data-cel-widget=\"aplus\">\n<div class=\"celwidget aplus-module module-12 aplus-standard\" data-csa-c-id=\"4eeo0b-k53if5-iy11xj-7wxei\" data-cel-widget=\"aplus-module-12\">\n<div class=\"aplus-module-wrapper apm-spacing apm-floatnone apm-fixed-width\">\n<div class=\"apm-sidemodule aplus-module-content\">\n<div class=\"apm-hero-image\"><img decoding=\"async\" class=\"\" src=\"https:\/\/m.media-amazon.com\/images\/S\/aplus-media-library-service-media\/24980c4a-45c0-4aa8-adce-ccffa998f887.__CR0,0,970,300_PT0_SX970_V1___.jpg\" alt=\"H09\" data-src=\"https:\/\/m.media-amazon.com\/images\/S\/aplus-media-library-service-media\/24980c4a-45c0-4aa8-adce-ccffa998f887.__CR0,0,970,300_PT0_SX970_V1___.jpg\" \/><\/div>\n<\/div>\n<\/div>\n<div><\/div>\n<\/div>\n<div class=\"celwidget aplus-module 3p-module-b aplus-standard\" data-csa-c-id=\"v6hjsb-echtoo-7f9qr8-ua89rn\" data-cel-widget=\"aplus-3p-module-b\">\n<div class=\"aplus-module-wrapper aplus-3p-fixed-width\"><img decoding=\"async\" class=\"a-spacing-base\" src=\"https:\/\/m.media-amazon.com\/images\/S\/aplus-media-library-service-media\/3a7c775a-0ab3-466f-85c2-9a16e6d8fccd.__CR0,0,970,600_PT0_SX970_V1___.jpg\" alt=\"Luz de trabajo H09\" data-src=\"https:\/\/m.media-amazon.com\/images\/S\/aplus-media-library-service-media\/3a7c775a-0ab3-466f-85c2-9a16e6d8fccd.__CR0,0,970,600_PT0_SX970_V1___.jpg\" \/><\/div>\n<\/div>\n<div class=\"celwidget aplus-module module-12 aplus-standard\" data-csa-c-id=\"wxh4cf-tjg4px-u4dk4e-35zmjq\" data-cel-widget=\"aplus-module-12\">\n<div class=\"aplus-module-wrapper apm-spacing apm-floatnone apm-fixed-width\">\n<div class=\"apm-sidemodule aplus-module-content\">\n<div class=\"apm-hero-image\"><img decoding=\"async\" class=\"\" src=\"https:\/\/m.media-amazon.com\/images\/S\/aplus-media-library-service-media\/ef787170-293f-4db6-94b6-7dd24335f3d8.__CR0,0,970,300_PT0_SX970_V1___.jpg\" alt=\"rotaci\u00f3n\" data-src=\"https:\/\/m.media-amazon.com\/images\/S\/aplus-media-library-service-media\/ef787170-293f-4db6-94b6-7dd24335f3d8.__CR0,0,970,300_PT0_SX970_V1___.jpg\" \/><\/div>\n<\/div>\n<\/div>\n<div><\/div>\n<\/div>\n<div class=\"celwidget aplus-module 3p-module-b aplus-standard\" data-csa-c-id=\"t3n5r7-50qvoj-tow1jx-ivaohx\" data-cel-widget=\"aplus-3p-module-b\">\n<div class=\"aplus-module-wrapper aplus-3p-fixed-width\"><img decoding=\"async\" class=\"a-spacing-base\" src=\"https:\/\/m.media-amazon.com\/images\/S\/aplus-media-library-service-media\/fcc1e9e5-b760-402e-bc0f-c60c90236766.__CR0,0,970,600_PT0_SX970_V1___.jpg\" alt=\"ajustable\" data-src=\"https:\/\/m.media-amazon.com\/images\/S\/aplus-media-library-service-media\/fcc1e9e5-b760-402e-bc0f-c60c90236766.__CR0,0,970,600_PT0_SX970_V1___.jpg\" \/><\/div>\n<\/div>\n<div class=\"celwidget aplus-module 3p-module-b aplus-standard\" data-csa-c-id=\"bvhd6c-ld1b9g-vjj4fk-kbgpp4\" data-cel-widget=\"aplus-3p-module-b\">\n<div class=\"aplus-module-wrapper aplus-3p-fixed-width\"><img decoding=\"async\" class=\"a-spacing-base\" src=\"https:\/\/m.media-amazon.com\/images\/S\/aplus-media-library-service-media\/b4a6313b-0337-4942-8435-113873b11c7b.__CR0,0,970,600_PT0_SX970_V1___.jpg\" alt=\"recargable por USB\" data-src=\"https:\/\/m.media-amazon.com\/images\/S\/aplus-media-library-service-media\/b4a6313b-0337-4942-8435-113873b11c7b.__CR0,0,970,600_PT0_SX970_V1___.jpg\" \/><\/p>\n<p class=\"a-spacing-base\"><span>F:\u00bfD\u00f3nde est\u00e1 el cable de carga USB?<\/span><\/p>\n<p class=\"a-spacing-base\"><span>R: El cable de carga USB est\u00e1 oculto en la ranura, por lo que puedes guardarlo cuando no lo uses y mantener tu espacio de trabajo ordenado y ordenado.<\/span><\/p>\n<p class=\"a-spacing-base\"><span>F: \u00bfPor qu\u00e9 la potencia tarda m\u00e1s en pasar del nivel 3 al nivel 4?<\/span><\/p>\n<p class=\"a-spacing-base\"><span>R: Tres niveles de potencia han alcanzado el 90 % de carga, y la \u00faltima etapa puede tomar al menos una hora como carga de reserva para mantener la bater\u00eda. Si usa este producto con prisa, tres niveles de potencia son suficientes.<\/span><\/p>\n<\/div>\n<\/div>\n<div class=\"celwidget aplus-module module-12 aplus-standard\" data-csa-c-id=\"dvatci-onjkjl-vitfwu-jo3x9e\" data-cel-widget=\"aplus-module-12\">\n<div class=\"aplus-module-wrapper apm-spacing apm-floatnone apm-fixed-width\">\n<div class=\"apm-sidemodule aplus-module-content\">\n<div class=\"apm-hero-image\"><img decoding=\"async\" class=\"\" src=\"https:\/\/m.media-amazon.com\/images\/S\/aplus-media-library-service-media\/b0b02911-95b8-437e-936c-8158dabac1b4.__CR0,0,970,300_PT0_SX970_V1___.jpg\" alt=\"H09\" data-src=\"https:\/\/m.media-amazon.com\/images\/S\/aplus-media-library-service-media\/b0b02911-95b8-437e-936c-8158dabac1b4.__CR0,0,970,300_PT0_SX970_V1___.jpg\" \/><\/div>\n<\/div>\n<\/div>\n<\/div>\n<\/div>\n<\/div>\n<\/div>\n","protected":false},"excerpt":{"rendered":"<ul>\n<li data-start=\"205\" data-end=\"515\"><strong data-start=\"208\" data-end=\"238\">\u00c1ngulo de visi\u00f3n flexible:<\/strong> gracias a su dise\u00f1o <strong data-start=\"259\" data-end=\"297\">plegable y giratorio en 360 grados<\/strong>, siempre podr\u00e1s encontrar el \u00e1ngulo de iluminaci\u00f3n ideal sin importar d\u00f3nde est\u00e9s. Adem\u00e1s de su versatilidad, cuenta con funciones pr\u00e1cticas como <strong data-start=\"444\" data-end=\"485\">almacenamiento para el cable de carga<\/strong> y <strong data-start=\"488\" data-end=\"512\">pies antideslizantes<\/strong>.<\/li>\n<li data-start=\"517\" data-end=\"779\"><strong data-start=\"520\" data-end=\"566\">Rendimiento duradero y capacidad de carga:<\/strong> su <strong data-start=\"570\" data-end=\"593\">bater\u00eda de 8000 mAh<\/strong> ofrece hasta <strong data-start=\"607\" data-end=\"619\">20 horas<\/strong> de uso en brillo bajo y <strong data-start=\"644\" data-end=\"655\">5 horas<\/strong> a m\u00e1xima potencia en modo de inundaci\u00f3n. Incluso puedes <strong data-start=\"712\" data-end=\"734\">cargar tu tel\u00e9fono<\/strong> mediante su salida de corriente de <strong data-start=\"770\" data-end=\"776\">2A<\/strong>.<\/li>\n<li data-start=\"781\" data-end=\"942\"><strong data-start=\"783\" data-end=\"801\">F\u00e1cil de usar:<\/strong> los <strong data-start=\"806\" data-end=\"832\">indicadores de bater\u00eda<\/strong> te muestran el estado de carga, y con solo presionar un bot\u00f3n puedes <strong data-start=\"902\" data-end=\"939\">cambiar entre 3 niveles de brillo<\/strong>.<\/li>\n<li data-start=\"944\" data-end=\"1203\"><strong data-start=\"947\" data-end=\"970\">Compa\u00f1ero vers\u00e1til:<\/strong> esta luz de trabajo no solo es ideal para <strong data-start=\"1013\" data-end=\"1068\">aventuras al aire libre, reparaciones y campamentos<\/strong>, sino que tambi\u00e9n puede servir como <strong data-start=\"1105\" data-end=\"1140\">fuente de energ\u00eda para tu m\u00f3vil<\/strong>.<\/li>\n<\/ul>\n","protected":false},"featured_media":30968,"comment_status":"open","ping_status":"closed","template":"","meta":[],"product_brand":[],"product_cat":[226],"product_tag":[67,502,229,283,499,227,501,500],"class_list":{"0":"post-30966","1":"product","2":"type-product","3":"status-publish","4":"has-post-thumbnail","6":"product_cat-iluminacion","7":"product_tag-baterias","8":"product_tag-h09","9":"product_tag-iluminacion","10":"product_tag-lampara","11":"product_tag-led","12":"product_tag-luz","13":"product_tag-luz-de-trabajo","14":"product_tag-warsun","16":"first","17":"instock","18":"taxable","19":"shipping-taxable","20":"purchasable","21":"product-type-simple"},"_links":{"self":[{"href":"https:\/\/8000rpmtools.com\/index.php?rest_route=\/wp\/v2\/product\/30966","targetHints":{"allow":["GET"]}}],"collection":[{"href":"https:\/\/8000rpmtools.com\/index.php?rest_route=\/wp\/v2\/product"}],"about":[{"href":"https:\/\/8000rpmtools.com\/index.php?rest_route=\/wp\/v2\/types\/product"}],"replies":[{"embeddable":true,"href":"https:\/\/8000rpmtools.com\/index.php?rest_route=%2Fwp%2Fv2%2Fcomments&post=30966"}],"wp:featuredmedia":[{"embeddable":true,"href":"https:\/\/8000rpmtools.com\/index.php?rest_route=\/wp\/v2\/media\/30968"}],"wp:attachment":[{"href":"https:\/\/8000rpmtools.com\/index.php?rest_route=%2Fwp%2Fv2%2Fmedia&parent=30966"}],"wp:term":[{"taxonomy":"product_brand","embeddable":true,"href":"https:\/\/8000rpmtools.com\/index.php?rest_route=%2Fwp%2Fv2%2Fproduct_brand&post=30966"},{"taxonomy":"product_cat","embeddable":true,"href":"https:\/\/8000rpmtools.com\/index.php?rest_route=%2Fwp%2Fv2%2Fproduct_cat&post=30966"},{"taxonomy":"product_tag","embeddable":true,"href":"https:\/\/8000rpmtools.com\/index.php?rest_route=%2Fwp%2Fv2%2Fproduct_tag&post=30966"}],"curies":[{"name":"wp","href":"https:\/\/api.w.org\/{rel}","templated":true}]}}