{"id":30930,"date":"2025-03-18T13:08:40","date_gmt":"2025-03-18T18:08:40","guid":{"rendered":"https:\/\/8000rpmtools.com\/?post_type=product&#038;p=30930"},"modified":"2025-03-18T13:11:50","modified_gmt":"2025-03-18T18:11:50","slug":"programador-de-sensores-tpms-launch-crt-511s","status":"publish","type":"product","link":"https:\/\/8000rpmtools.com\/?product=programador-de-sensores-tpms-launch-crt-511s","title":{"rendered":"PROGRAMADOR DE SENSORES TPMS LAUNCH CRT 511S"},"content":{"rendered":"<p>Launch CRT 511s es un dispositivo TPMS profesional para la lectura de informaci\u00f3n de sensores de presi\u00f3n de neum\u00e1ticos, con funciones de activaci\u00f3n, lectura, programaci\u00f3n y aprendizaje, mediante la Recepci\u00f3n de se\u00f1ales a frecuencias bajas o altas (315MHZ\/433MHz). El dispositivo principal est\u00e1 dise\u00f1ado como un dispositivo seguro con pantalla t\u00e1ctil basado en el sistema operativo Android. El diagn\u00f3stico de veh\u00edculos mediante protocolos OBD-II y funciones especiales de reinicio (codificaci\u00f3n\/adaptaci\u00f3n) se realiza mediante un cable OBD de 16 pines, mediante el cual el dispositivo tambi\u00e9n se carga. El CRT 511s est\u00e1 dise\u00f1ado tanto para profesionales como para aficionados, para su uso en servicios de neum\u00e1ticos y autom\u00f3viles, garajes privados o para fines dom\u00e9sticos. El paquete incluye, dispositivo principal, cable OBD, cable USB y actualizaciones de software gratuitas.<\/p>\n<p><strong>Funciones TPMS:<\/p>\n<p><\/strong>&#8211; Funciones TPMS (todas las funciones con sensores de lanzamiento RF-Sensor)<br \/>\n&#8211; Cobertura de m\u00e1s del 98% de las marcas mundiales de veh\u00edculos con sistema de monitoreo de presi\u00f3n de neum\u00e1ticos TPMS<br \/>\n&#8211; Activaci\u00f3n de todos los tipos de sensores (315MHZ \/ 433MHz)<br \/>\n&#8211; Leer, copiar y registrar id de sensores<br \/>\n&#8211; Leer datos de sensores de presi\u00f3n de neum\u00e1ticos, incluyendo: presi\u00f3n, temperatura y estado de la bater\u00eda<br \/>\n&#8211; Programaci\u00f3n de sensores inal\u00e1mbricos ilimitados<br \/>\n&#8211; Muchos m\u00e9todos de generaci\u00f3n de id de sensores<br \/>\n&#8211; Comparaci\u00f3n precisa del ID del Sensor activo y programable<br \/>\n&#8211; Programaci\u00f3n de sensores a trav\u00e9s del conector OBD<br \/>\n&#8211; Aprendizaje paso a paso<br \/>\n&#8211; Diagn\u00f3stico del sistema de presi\u00f3n de neum\u00e1ticos, incluyendo: lectura de c\u00f3digos de error con descifrado completo, eliminaci\u00f3n de c\u00f3digos de error, lectura de datos actuales y otras funciones<\/p>\n<p><strong>Funciones de diagn\u00f3stico:<\/p>\n<p><\/strong>&#8211; Soporta todos los protocolos OBD-II\/EOBD<br \/>\n&#8211; Leer el n\u00famero de identificaci\u00f3n del veh\u00edculo (n\u00famero VIN y otros)<br \/>\n&#8211; Lectura de errores con descifrado<br \/>\n&#8211; Eliminaci\u00f3n de errores<br \/>\n&#8211; Biblioteca de c\u00f3digos de error (m\u00e1s de 1000)<br \/>\n&#8211; Vista de fotograma congelado<br \/>\n&#8211; Posibilidad de Mostrar los datos actuales<br \/>\n&#8211; Lectura de I\/m Readiness c\u00f3digos<br \/>\n&#8211; Prueba del Sensor de O2<br \/>\n&#8211; Prueba de emisiones de gases de escape<br \/>\n&#8211; Revisi\u00f3n de datos (monitoreo)<br \/>\n&#8211; Idiomas: Ingl\u00e9s, ruso, alem\u00e1n, franc\u00e9s, italiano, checo y Polaco<br \/>\n&#8211; Actualizaci\u00f3n gratuita a trav\u00e9s de Internet usando.<br \/>\n&#8211; Ayuda incorporada<\/p>\n<p><strong>* 12 funciones de Servicio especiales, incluyendo:<\/p>\n<p><\/strong>&#8211; ABS Bleeding<br \/>\n&#8211; Battery Reset<br \/>\n&#8211; Brake Reset<br \/>\n&#8211; DPF Regeneration<br \/>\n&#8211; Electric Throttle Relearn<br \/>\n&#8211; Immobilizer Reset<br \/>\n&#8211; Injector Coding<br \/>\n&#8211; Oil Maintenance Reset<br \/>\n&#8211; Seat Occupancy Calibration<br \/>\n&#8211; SAS Reset<br \/>\n&#8211; Sunroof Reset<br \/>\n&#8211; Windows Calibration<\/p>\n<p>* Sensores de presi\u00f3n de neum\u00e1ticos RF de lanzamiento (TPMS) totalmente compatibles disponibles.<\/p>\n","protected":false},"excerpt":{"rendered":"<ul>\n<li>Programador moderno de TPMS<\/li>\n<li>Garant\u00eda directa<\/li>\n<li>Cobertura sobre 98% de sensores TPMS<\/li>\n<li>M\u00e1s de 10 funciones especiales<\/li>\n<\/ul>\n","protected":false},"featured_media":30932,"comment_status":"open","ping_status":"closed","template":"","meta":[],"product_brand":[],"product_cat":[22],"product_tag":[479,87,439,480,463,109],"class_list":{"0":"post-30930","1":"product","2":"type-product","3":"status-publish","4":"has-post-thumbnail","6":"product_cat-herramientas-de-diagnostico","7":"product_tag-crt","8":"product_tag-launch","9":"product_tag-presion-de-llantas","10":"product_tag-programador","11":"product_tag-sensores","12":"product_tag-tpms","14":"first","15":"instock","16":"taxable","17":"shipping-taxable","18":"purchasable","19":"product-type-simple"},"_links":{"self":[{"href":"https:\/\/8000rpmtools.com\/index.php?rest_route=\/wp\/v2\/product\/30930","targetHints":{"allow":["GET"]}}],"collection":[{"href":"https:\/\/8000rpmtools.com\/index.php?rest_route=\/wp\/v2\/product"}],"about":[{"href":"https:\/\/8000rpmtools.com\/index.php?rest_route=\/wp\/v2\/types\/product"}],"replies":[{"embeddable":true,"href":"https:\/\/8000rpmtools.com\/index.php?rest_route=%2Fwp%2Fv2%2Fcomments&post=30930"}],"wp:featuredmedia":[{"embeddable":true,"href":"https:\/\/8000rpmtools.com\/index.php?rest_route=\/wp\/v2\/media\/30932"}],"wp:attachment":[{"href":"https:\/\/8000rpmtools.com\/index.php?rest_route=%2Fwp%2Fv2%2Fmedia&parent=30930"}],"wp:term":[{"taxonomy":"product_brand","embeddable":true,"href":"https:\/\/8000rpmtools.com\/index.php?rest_route=%2Fwp%2Fv2%2Fproduct_brand&post=30930"},{"taxonomy":"product_cat","embeddable":true,"href":"https:\/\/8000rpmtools.com\/index.php?rest_route=%2Fwp%2Fv2%2Fproduct_cat&post=30930"},{"taxonomy":"product_tag","embeddable":true,"href":"https:\/\/8000rpmtools.com\/index.php?rest_route=%2Fwp%2Fv2%2Fproduct_tag&post=30930"}],"curies":[{"name":"wp","href":"https:\/\/api.w.org\/{rel}","templated":true}]}}