{"id":30909,"date":"2025-03-17T16:44:54","date_gmt":"2025-03-17T21:44:54","guid":{"rendered":"https:\/\/8000rpmtools.com\/?post_type=product&#038;p=30909"},"modified":"2025-03-20T14:49:13","modified_gmt":"2025-03-20T19:49:13","slug":"maquina-para-detectar-fugas-con-humo-thikpo-smt-108pro","status":"publish","type":"product","link":"https:\/\/8000rpmtools.com\/?product=maquina-para-detectar-fugas-con-humo-thikpo-smt-108pro","title":{"rendered":"M\u00e1quina para detectar fugas con humo THIKPO SMT-108PRO"},"content":{"rendered":"<div id=\"aplus_feature_div\" class=\"celwidget\" data-feature-name=\"aplus\" data-csa-c-type=\"widget\" data-csa-c-content-id=\"aplus\" data-csa-c-slot-id=\"aplus_feature_div\" data-csa-c-asin=\"\" data-csa-c-is-in-initial-active-row=\"false\" data-csa-c-id=\"w9zkab-lduohu-75pozi-1mlx7h\" data-cel-widget=\"aplus_feature_div\">\n<div id=\"aplus\" class=\"a-section a-spacing-large bucket\">\n<div class=\"aplus-v2 desktop celwidget\" data-csa-c-id=\"jsci48-xixxfu-25h573-xz7ocq\" data-cel-widget=\"aplus\">\n<div class=\"celwidget aplus-module premium-module-2-fullbackground-image aplus-premium\" data-csa-c-id=\"u8yotc-wrjef8-4gz10r-h2u852\" data-cel-widget=\"aplus-premium-module-2-fullbackground-image\">\n<div class=\"a-section a-spacing-none premium-aplus premium-aplus-module-2\">\n<div class=\"a-section a-spacing-none premium-background-wrapper\">\n<div>\n<ul class=\"a-unordered-list a-vertical a-spacing-mini\">\n<li class=\"a-spacing-mini\"><span class=\"a-list-item\">Detecci\u00f3n completa de varios tipos de fugas: este detector de fugas de m\u00e1quina de humo puede producir humo columnar en el punto de fuga, para localizar el punto de fuga en el compartimento, repararlo a tiempo y mejorar la seguridad de conducci\u00f3n. Ideal para detectar fugas de ejes del acelerador, bloques de motor, sistemas de prueba turbo, sistemas de c\u00e1rter, sistemas de admisi\u00f3n de aire, sistemas de escape, sistemas de tanque de combustible, sistemas EVAP, sistemas EGR, sistemas de refrigeraci\u00f3n y varias tuber\u00edas en una amplia gama de veh\u00edculos (incluidos los modelos m\u00e1s antiguos).<\/span><\/li>\n<li class=\"a-spacing-mini\"><span class=\"a-list-item\">Probador de humo seguro para autom\u00f3vil: este probador de humo de vac\u00edo est\u00e1 hecho de metal grueso, compacto y duradero. Tiene un dispositivo de protecci\u00f3n inteligente que corta autom\u00e1ticamente la energ\u00eda si la temperatura de trabajo excede el valor l\u00edmite para garantizar la seguridad del operador y la m\u00e1quina de humo. El dispositivo utiliza aceite para beb\u00e9s para producir humo inofensivo y es perfecto para la detecci\u00f3n de fugas en los conductos de todos los tipos de veh\u00edculos DC12V, como autom\u00f3viles, motocicletas, motos de nieve, cuatrimotos, camiones ligeros y lanchas r\u00e1pidas.<\/span><\/li>\n<li class=\"a-spacing-mini\"><span class=\"a-list-item\">Adaptadores completos de detecci\u00f3n de fugas y tapas de conductos adicionales: nuestra m\u00e1quina de humo multifuncional para veh\u00edculos incluye adaptadores de cono, mangueras de entrega de humo, vejigas de entrada de aire que funcionan a la perfecci\u00f3n con una amplia variedad de l\u00edneas y mangueras, por lo que es ideal para comprobar el vac\u00edo, el combustible, el motor, los sistemas de admisi\u00f3n de aire y mucho m\u00e1s. Las 7 tapas de tuber\u00eda de diferentes tama\u00f1os adicionales cuentan con un dise\u00f1o c\u00f3nico para un sellado herm\u00e9tico en la tuber\u00eda apropiada y est\u00e1n hechas de pl\u00e1stico de grado automotriz de alta calidad para mayor durabilidad.<\/span><\/li>\n<li class=\"a-spacing-mini\"><span class=\"a-list-item\">Bomba de aire integrada y salida r\u00e1pida de humo: esta m\u00e1quina de humo automotriz tiene una bomba de aire integrada, sin necesidad de conexi\u00f3n de aire adicional y costo de mantenimiento de la bomba de aire externa, alta eficiencia, conveniente y ahorra dinero. El compresor de la bomba de aire incorporada genera de 19 a 23 psi de presi\u00f3n de aire para introducir f\u00e1cilmente humo en el sistema automotriz bajo prueba, lo que puede producir una gran cantidad de humo en 10 segundos, lo que le permite localizar fugas de forma r\u00e1pida y precisa.<\/span><\/li>\n<li class=\"a-spacing-mini\"><span class=\"a-list-item\">Detecci\u00f3n precisa de fugas y prueba de desintegraci\u00f3n de presi\u00f3n: el medidor de flujo ajustable integrado y el medidor de presi\u00f3n te permiten detectar de forma r\u00e1pida y precisa incluso las fugas m\u00e1s peque\u00f1as, asegurando un diagn\u00f3stico preciso en todo momento. Tambi\u00e9n es compatible con las pruebas de desintegraci\u00f3n de presi\u00f3n, que identifica peque\u00f1as fugas aplicando una presi\u00f3n espec\u00edfica y monitoreando el man\u00f3metro, especialmente para fugas de vac\u00edo dif\u00edciles de encontrar.<\/span><\/li>\n<\/ul>\n<\/div>\n<div class=\"a-section a-spacing-none background-image\"><img decoding=\"async\" class=\"\" src=\"https:\/\/m.media-amazon.com\/images\/S\/aplus-media-library-service-media\/314139fc-e32b-4de7-bd62-22204f8b96b6.__CR0,0,1464,600_PT0_SX1464_V1___.jpg\" alt=\"Automotive Smoke Machine\" data-src=\"https:\/\/m.media-amazon.com\/images\/S\/aplus-media-library-service-media\/314139fc-e32b-4de7-bd62-22204f8b96b6.__CR0,0,1464,600_PT0_SX1464_V1___.jpg\" \/><\/div>\n<\/div>\n<div class=\"a-section a-text-center\"><\/div>\n<\/div>\n<\/div>\n<div class=\"celwidget aplus-module premium-module-2-fullbackground-image aplus-premium\" data-csa-c-id=\"z4rsk9-h8vgu4-ihjhtn-qi5xa3\" data-cel-widget=\"aplus-premium-module-2-fullbackground-image\">\n<div class=\"a-section a-spacing-none premium-aplus premium-aplus-module-2\">\n<div class=\"a-section a-spacing-none premium-background-wrapper\">\n<div class=\"a-section a-spacing-none background-image\"><img decoding=\"async\" class=\"\" src=\"https:\/\/m.media-amazon.com\/images\/S\/aplus-media-library-service-media\/13da9720-f2b4-4643-b0b3-d08d24be3c69.__CR0,0,1464,600_PT0_SX1464_V1___.jpg\" alt=\"Automotive Smoke Machine\" data-src=\"https:\/\/m.media-amazon.com\/images\/S\/aplus-media-library-service-media\/13da9720-f2b4-4643-b0b3-d08d24be3c69.__CR0,0,1464,600_PT0_SX1464_V1___.jpg\" \/><\/div>\n<\/div>\n<div class=\"a-section a-text-center\"><\/div>\n<\/div>\n<\/div>\n<div class=\"celwidget aplus-module premium-module-2-fullbackground-image aplus-premium\" data-csa-c-id=\"aepztc-kfar4y-43fa9i-awk7y9\" data-cel-widget=\"aplus-premium-module-2-fullbackground-image\">\n<div class=\"a-section a-spacing-none premium-aplus premium-aplus-module-2\">\n<div class=\"a-section a-spacing-none premium-background-wrapper\">\n<div class=\"a-section a-spacing-none background-image\"><img decoding=\"async\" class=\"\" src=\"https:\/\/m.media-amazon.com\/images\/S\/aplus-media-library-service-media\/7be5e743-786a-49ce-bae3-0df006e7cccc.__CR0,0,1464,600_PT0_SX1464_V1___.jpg\" alt=\"Smoke Machine Automotive\" data-src=\"https:\/\/m.media-amazon.com\/images\/S\/aplus-media-library-service-media\/7be5e743-786a-49ce-bae3-0df006e7cccc.__CR0,0,1464,600_PT0_SX1464_V1___.jpg\" \/><\/div>\n<\/div>\n<div class=\"a-section a-text-center\"><\/div>\n<\/div>\n<\/div>\n<div class=\"celwidget aplus-module premium-module-12-nav-carousel aplus-premium\" data-csa-c-id=\"ufqr2g-2onofv-wcgv6o-kmjey8\" data-cel-widget=\"aplus-premium-module-12-nav-carousel\">\n<div class=\"a-section a-spacing-none premium-aplus premium-aplus-module-12 premium-aplus-module-12--top-nav\">\n<div class=\"a-section a-spacing-none aplus-carousel-container\" data-module-id=\"3\">\n<div id=\"premium-aplus-12-carousel-3-id\" class=\"a-begin a-carousel-container a-carousel-display-single a-carousel-transition-slideCircular aplus-image-carousel-container a-carousel-initialized\" role=\"group\" data-a-carousel-options=\"{&quot;peek_percentage&quot;:0,&quot;minimum_gutter_width&quot;:0,&quot;show_partial_next&quot;:false,&quot;name&quot;:&quot;premium-aplus-12-carousel-3&quot;}\" aria-label=\"Carrusel de contenido destacado\" aria-roledescription=\"carousel\" data-a-display-strategy=\"single\" data-a-transition-strategy=\"slideCircular\">\n<div class=\"a-row a-carousel-controls a-carousel-row a-carousel-has-buttons a-carousel-overlay-buttons a-carousel-rounded-buttons\">\n<div class=\"a-carousel-row-inner\">\n<div class=\"a-carousel-col a-carousel-center\">\n<div id=\"anonCarousel3\" class=\"a-carousel-viewport\" role=\"group\" aria-roledescription=\"slide\">\n<ol class=\"a-carousel\">\n<li class=\"a-carousel-card aplus-carousel-card\" aria-setsize=\"3\" aria-posinset=\"3\" aria-hidden=\"true\">\n<div class=\"a-section a-spacing-none aplus-card-image\"><img decoding=\"async\" src=\"https:\/\/m.media-amazon.com\/images\/S\/aplus-media-library-service-media\/a1c78256-09e2-439c-8259-bdb701aa146a.__CR0,0,1464,600_PT0_SX1464_V1___.jpg\" alt=\"Smoke Machine Automotive\" \/><\/div>\n<\/li>\n<li class=\"a-carousel-card aplus-carousel-card\" aria-setsize=\"3\" aria-posinset=\"1\" aria-hidden=\"false\">\n<div class=\"a-section a-spacing-none aplus-card-image\"><img decoding=\"async\" src=\"https:\/\/m.media-amazon.com\/images\/S\/aplus-media-library-service-media\/ba6385d1-161b-42ad-a98c-9cbf56061447.__CR0,0,1464,600_PT0_SX1464_V1___.jpg\" alt=\"Smoke Machine Automotive\" \/><\/div>\n<\/li>\n<li class=\"a-carousel-card aplus-carousel-card\" aria-setsize=\"3\" aria-posinset=\"2\" aria-hidden=\"true\">\n<div class=\"a-section a-spacing-none aplus-card-image\"><img decoding=\"async\" src=\"https:\/\/m.media-amazon.com\/images\/S\/aplus-media-library-service-media\/810b8e12-5bc2-4988-8324-c60162617f89.__CR0,0,1464,600_PT0_SX1464_V1___.jpg\" alt=\"Smoke Machine Automotive\" \/><\/div>\n<\/li>\n<\/ol>\n<\/div>\n<\/div>\n<\/div>\n<\/div>\n<\/div>\n<\/div>\n<\/div>\n<\/div>\n<div class=\"celwidget aplus-module premium-module-12-nav-carousel aplus-premium\" data-csa-c-id=\"z2vuyq-4lyceh-2h3rxx-ijkgga\" data-cel-widget=\"aplus-premium-module-12-nav-carousel\">\n<div class=\"a-section a-spacing-none premium-aplus premium-aplus-module-12 premium-aplus-module-12--top-nav\">\n<div class=\"a-section a-spacing-none aplus-carousel-container\" data-module-id=\"4\">\n<div id=\"premium-aplus-12-carousel-4-id\" class=\"a-begin a-carousel-container a-carousel-display-single a-carousel-transition-slideCircular aplus-image-carousel-container a-carousel-initialized\" role=\"group\" data-a-carousel-options=\"{&quot;peek_percentage&quot;:0,&quot;minimum_gutter_width&quot;:0,&quot;show_partial_next&quot;:false,&quot;name&quot;:&quot;premium-aplus-12-carousel-4&quot;}\" aria-label=\"Carrusel de contenido destacado\" aria-roledescription=\"carousel\" data-a-display-strategy=\"single\" data-a-transition-strategy=\"slideCircular\">\n<div class=\"a-row a-carousel-controls a-carousel-row a-carousel-has-buttons a-carousel-overlay-buttons a-carousel-rounded-buttons\">\n<div class=\"a-carousel-row-inner\">\n<div class=\"a-carousel-col a-carousel-center\">\n<div id=\"anonCarousel4\" class=\"a-carousel-viewport\" role=\"group\" aria-roledescription=\"slide\">\n<ol class=\"a-carousel\">\n<li class=\"a-carousel-card aplus-carousel-card\" aria-setsize=\"3\" aria-posinset=\"3\" aria-hidden=\"true\">\n<div class=\"a-section a-spacing-none aplus-card-image\"><\/div>\n<\/li>\n<li class=\"a-carousel-card aplus-carousel-card\" aria-setsize=\"3\" aria-posinset=\"1\" aria-hidden=\"false\">\n<div class=\"a-section a-spacing-none aplus-card-image\"><\/div>\n<\/li>\n<li class=\"a-carousel-card aplus-carousel-card\" aria-setsize=\"3\" aria-posinset=\"2\" aria-hidden=\"true\">\n<div class=\"a-section a-spacing-none aplus-card-image\"><img decoding=\"async\" src=\"https:\/\/m.media-amazon.com\/images\/S\/aplus-media-library-service-media\/e2c63432-6537-4909-befa-3fb88e33b65a.__CR0,0,1464,600_PT0_SX1464_V1___.jpg\" alt=\"Professional Smoke Leak Detector\" \/><\/div>\n<\/li>\n<\/ol>\n<\/div>\n<\/div>\n<\/div>\n<\/div>\n<\/div>\n<div id=\"aplus-carousel-actions-4\" class=\"a-section aplus-carousel-actions\" role=\"tablist\" aria-label=\"tablist section\"><\/div>\n<\/div>\n<\/div>\n<\/div>\n<div class=\"celwidget aplus-module premium-module-4-two-column-images aplus-premium\" data-csa-c-id=\"ewqole-lvz3im-1sg4xm-fbxog0\" data-cel-widget=\"aplus-premium-module-4-two-column-images\">\n<div class=\"a-section a-spacing-none premium-aplus premium-aplus-module-4 aplus-container-1\">\n<div class=\"a-section a-spacing-none premium-aplus-two-column\">\n<div class=\"a-section a-spacing-none premium-aplus-column\">\n<div class=\"a-section a-spacing-none {'column-image'}\"><img decoding=\"async\" class=\"\" src=\"https:\/\/m.media-amazon.com\/images\/S\/aplus-media-library-service-media\/47af07b2-2037-4abe-87f9-2085cd44d881.__CR0,0,650,350_PT0_SX650_V1___.jpg\" alt=\"Smoke Machine Automotive\" data-src=\"https:\/\/m.media-amazon.com\/images\/S\/aplus-media-library-service-media\/47af07b2-2037-4abe-87f9-2085cd44d881.__CR0,0,650,350_PT0_SX650_V1___.jpg\" \/><\/div>\n<div class=\"a-section a-spacing-none column-heading\"><\/div>\n<div class=\"a-section a-spacing-none column-description\"><\/div>\n<\/div>\n<div class=\"a-section a-spacing-none premium-aplus-column\">\n<div class=\"a-section a-spacing-none {'column-image'}\"><img decoding=\"async\" class=\"\" src=\"https:\/\/m.media-amazon.com\/images\/S\/aplus-media-library-service-media\/4cf214eb-19e8-42d6-8fc7-3276d75a2dd4.__CR0,0,650,350_PT0_SX650_V1___.jpg\" alt=\"Smoke Machine Automotive\" data-src=\"https:\/\/m.media-amazon.com\/images\/S\/aplus-media-library-service-media\/4cf214eb-19e8-42d6-8fc7-3276d75a2dd4.__CR0,0,650,350_PT0_SX650_V1___.jpg\" \/><\/div>\n<div class=\"a-section a-spacing-none column-heading\"><\/div>\n<div class=\"a-section a-spacing-none column-description\"><\/div>\n<\/div>\n<\/div>\n<\/div>\n<\/div>\n<div class=\"celwidget aplus-module premium-module-2-fullbackground-image aplus-premium\" data-csa-c-id=\"ndi11n-w54wri-4za2dv-6lt5nx\" data-cel-widget=\"aplus-premium-module-2-fullbackground-image\">\n<div class=\"a-section a-spacing-none premium-aplus premium-aplus-module-2\">\n<div class=\"a-section a-spacing-none premium-background-wrapper\">\n<div class=\"a-section a-spacing-none background-image\"><img decoding=\"async\" class=\"\" src=\"https:\/\/m.media-amazon.com\/images\/S\/aplus-media-library-service-media\/f607e39c-8a3c-4a5c-9d10-88a23f69714f.__CR0,0,1464,600_PT0_SX1464_V1___.jpg\" alt=\"Automotive Smoke Machine\" data-src=\"https:\/\/m.media-amazon.com\/images\/S\/aplus-media-library-service-media\/f607e39c-8a3c-4a5c-9d10-88a23f69714f.__CR0,0,1464,600_PT0_SX1464_V1___.jpg\" \/><\/div>\n<\/div>\n<div class=\"a-section a-text-center\"><\/div>\n<\/div>\n<\/div>\n<\/div>\n<\/div>\n<\/div>\n<div id=\"productDetails-placement-auto_feature_div\" class=\"celwidget\" data-feature-name=\"productDetails-placement-auto\" data-csa-c-type=\"widget\" data-csa-c-content-id=\"productDetails-placement-auto\" data-csa-c-slot-id=\"productDetails-placement-auto_feature_div\" data-csa-c-asin=\"\" data-csa-c-is-in-initial-active-row=\"false\" data-csa-c-id=\"sfumm0-empmsn-ae9ka6-5p82k5\" data-cel-widget=\"productDetails-placement-auto_feature_div\">\n<div id=\"prodDetails\" class=\"a-section a-spacing-none\">\n<div class=\"a-row\">\n<div class=\"a-column a-span12 a-span-last\">\n<div class=\"a-row a-spacing-top-base\">\n<div class=\"a-column a-span6\">\n<div class=\"a-row a-spacing-base\">\n<div class=\"a-row a-expander-container a-expander-extend-container\">\n<div class=\"a-row\">\n<div class=\"a-column a-span6\">\n<h1 class=\"a-size-medium a-spacing-small\">Especificaciones t\u00e9cnicas<\/h1>\n<\/div>\n<\/div>\n<div class=\"a-expander-content a-expander-extend-content\" data-expanded=\"true\">\n<div class=\"a-row a-expander-container a-expander-inline-container\">\n<div class=\"a-expander-content a-expander-section-content a-section-expander-inner\" data-expanded=\"true\">\n<table id=\"productDetails_techSpec_section_1\" class=\"a-keyvalue prodDetTable\" style=\"height: 216px;\" role=\"presentation\" width=\"622\">\n<tbody>\n<tr>\n<th class=\"a-color-secondary a-size-base prodDetSectionEntry\">Fabricante<\/th>\n<td class=\"a-size-base prodDetAttrValue\">\u200e\u200eTHIKPO<\/td>\n<\/tr>\n<tr>\n<th class=\"a-color-secondary a-size-base prodDetSectionEntry\">Marca<\/th>\n<td class=\"a-size-base prodDetAttrValue\">\u200eTHIKPO<\/td>\n<\/tr>\n<tr>\n<th class=\"a-color-secondary a-size-base prodDetSectionEntry\">Modelo<\/th>\n<td class=\"a-size-base prodDetAttrValue\">\u200eSMT-108-Pro<\/td>\n<\/tr>\n<tr>\n<th class=\"a-color-secondary a-size-base prodDetSectionEntry\">Dimensiones del paquete<\/th>\n<td class=\"a-size-base prodDetAttrValue\">\u200e11,38 x 10,28 x 7,83 pulgadas<\/td>\n<\/tr>\n<tr>\n<th class=\"a-color-secondary a-size-base prodDetSectionEntry\">Pa\u00eds de origen<\/th>\n<td class=\"a-size-base prodDetAttrValue\">\u200eChina<\/td>\n<\/tr>\n<tr>\n<th class=\"a-color-secondary a-size-base prodDetSectionEntry\">N\u00famero de modelo del producto<\/th>\n<td class=\"a-size-base prodDetAttrValue\">\u200eSMT-108-Pro<\/td>\n<\/tr>\n<tr>\n<th class=\"a-color-secondary a-size-base prodDetSectionEntry\">N\u00famero de pieza del fabricante<\/th>\n<td class=\"a-size-base prodDetAttrValue\">\u200eSMT-108-Pro<\/td>\n<\/tr>\n<\/tbody>\n<\/table>\n<\/div>\n<\/div>\n<\/div>\n<\/div>\n<\/div>\n<\/div>\n<\/div>\n<\/div>\n<\/div>\n<\/div>\n<\/div>\n","protected":false},"excerpt":{"rendered":"<ul class=\"a-unordered-list a-vertical a-spacing-mini\">\n<li class=\"a-spacing-mini\"><span class=\"a-list-item\">Detecci\u00f3n completa de varios tipos de fugas<\/span><\/li>\n<li class=\"a-spacing-mini\"><span class=\"a-list-item\">Probador de humo seguro para autom\u00f3vil<\/span><\/li>\n<li class=\"a-spacing-mini\"><span class=\"a-list-item\">Adaptadores completos de detecci\u00f3n de fugas y tapas de conductos adicionales<\/span><\/li>\n<li class=\"a-spacing-mini\"><span class=\"a-list-item\">Bomba de aire integrada y salida r\u00e1pida de humo<\/span><\/li>\n<li class=\"a-spacing-mini\"><span class=\"a-list-item\">Detecci\u00f3n precisa de fugas y prueba de desintegraci\u00f3n de presi\u00f3n<\/span><\/li>\n<\/ul>\n","protected":false},"featured_media":30910,"comment_status":"open","ping_status":"closed","template":"","meta":[],"product_brand":[],"product_cat":[22],"product_tag":[471,477,151,97,472,476,475,474,473],"class_list":{"0":"post-30909","1":"product","2":"type-product","3":"status-publish","4":"has-post-thumbnail","6":"product_cat-herramientas-de-diagnostico","7":"product_tag-deteccion","8":"product_tag-detector","9":"product_tag-detector-de-fugas","10":"product_tag-fugas","11":"product_tag-fugasconhumo","12":"product_tag-maquina","13":"product_tag-pro","14":"product_tag-smt108","15":"product_tag-thikpo","17":"first","18":"instock","19":"taxable","20":"shipping-taxable","21":"purchasable","22":"product-type-simple"},"_links":{"self":[{"href":"https:\/\/8000rpmtools.com\/index.php?rest_route=\/wp\/v2\/product\/30909","targetHints":{"allow":["GET"]}}],"collection":[{"href":"https:\/\/8000rpmtools.com\/index.php?rest_route=\/wp\/v2\/product"}],"about":[{"href":"https:\/\/8000rpmtools.com\/index.php?rest_route=\/wp\/v2\/types\/product"}],"replies":[{"embeddable":true,"href":"https:\/\/8000rpmtools.com\/index.php?rest_route=%2Fwp%2Fv2%2Fcomments&post=30909"}],"wp:featuredmedia":[{"embeddable":true,"href":"https:\/\/8000rpmtools.com\/index.php?rest_route=\/wp\/v2\/media\/30910"}],"wp:attachment":[{"href":"https:\/\/8000rpmtools.com\/index.php?rest_route=%2Fwp%2Fv2%2Fmedia&parent=30909"}],"wp:term":[{"taxonomy":"product_brand","embeddable":true,"href":"https:\/\/8000rpmtools.com\/index.php?rest_route=%2Fwp%2Fv2%2Fproduct_brand&post=30909"},{"taxonomy":"product_cat","embeddable":true,"href":"https:\/\/8000rpmtools.com\/index.php?rest_route=%2Fwp%2Fv2%2Fproduct_cat&post=30909"},{"taxonomy":"product_tag","embeddable":true,"href":"https:\/\/8000rpmtools.com\/index.php?rest_route=%2Fwp%2Fv2%2Fproduct_tag&post=30909"}],"curies":[{"name":"wp","href":"https:\/\/api.w.org\/{rel}","templated":true}]}}