{"id":30904,"date":"2025-03-17T16:14:40","date_gmt":"2025-03-17T21:14:40","guid":{"rendered":"https:\/\/8000rpmtools.com\/?post_type=product&#038;p=30904"},"modified":"2025-12-08T16:02:05","modified_gmt":"2025-12-08T21:02:05","slug":"punta-logica-topdiag-p100","status":"publish","type":"product","link":"https:\/\/8000rpmtools.com\/?product=punta-logica-topdiag-p100","title":{"rendered":"Punta l\u00f3gica TOPDIAG P100"},"content":{"rendered":"<p><img loading=\"lazy\" decoding=\"async\" src=\"https:\/\/www.cmallmarket.com\/img\/cms\/Herramientas\/PuntaLogicaTopDiagP100\/Punta_Logica_Inteligente_TopDiag_(JDiag)_P100_5_CMall.JPG\" alt=\"Punta Logica Inteligente Probador de Circuitos TopDiag (JDiag) P100 CMall Market \u00ae\" width=\"1200\" height=\"1198\" \/><\/p>\n<p><img loading=\"lazy\" decoding=\"async\" src=\"https:\/\/www.cmallmarket.com\/img\/cms\/Herramientas\/PuntaLogicaTopDiagP100\/Punta_Logica_Inteligente_TopDiag_(JDiag)_P100_6_CMall.JPG\" alt=\"Punta Logica Inteligente Probador de Circuitos TopDiag (JDiag) P100 CMall Market \u00ae\" width=\"1200\" height=\"1197\" \/><\/p>\n<p>La punta l\u00f3gica del sistema de circuito automotriz admite prueba de voltaje, prueba de resistencia, prueba de diodo, protecci\u00f3n contra cortocircuitos, activaci\u00f3n de componentes y otras funciones con alta practicidad.<br \/>\nEquipado con pantalla TFT a color, iconos muy claros y Fuente Grande, f\u00e1cil de ver. La sonda de alta sensibilidad le ayuda a llegar a las \u00e1reas de dif\u00edcil acceso con la mano m\u00e1s f\u00e1cilmente.<br \/>\nProtecci\u00f3n de entrada mejorada internamente contra polaridad inversa, protecci\u00f3n contra sobretensi\u00f3n, protecci\u00f3n contra mal contacto del mandril de prueba, etc. para un uso m\u00e1s seguro.<br \/>\nAdmite varios idiomas, ingl\u00e9s, alem\u00e1n, franc\u00e9s, espa\u00f1ol, italiano, portugu\u00e9s y ruso, puede elegir seg\u00fan sus necesidades.<br \/>\nF\u00e1cil de operar y usar, compatible con veh\u00edculos de 12-24V, adecuado para mec\u00e1nica de autom\u00f3viles, as\u00ed como para mantenimiento y reparaci\u00f3n de veh\u00edculos dom\u00e9sticos.<\/p>\n<p>Especificaciones:<\/p>\n<p>Color: negro<br \/>\nMaterial: ABS<br \/>\nPantalla: Pantalla a color TFT (160&#215;128)<br \/>\nVoltaje de entrada: 12,0 V o 24,0 V<br \/>\nRangos de voltaje de corriente continua: 0-65V<br \/>\nRangos de resistencia: 0-200K<br \/>\nCorriente nominal: 1-10Amp.<br \/>\nTemperatura de trabajo: 0-60 C<br \/>\nLongitud del cable de extensi\u00f3n: 2M<\/p>\n","protected":false},"excerpt":{"rendered":"<ul>\n<li>\u00a0Probador de Circuitos<\/li>\n<li>\u00a0Mide Voltaje, Prueba Masa, Verifica Polaridad, Prueba Continuidad<\/li>\n<li>\u00a0R\u00e1pida y Precisa<\/li>\n<li>\u00a0Pantalla LCD a Color<\/li>\n<li>\u00a0F\u00e1cil de usar<\/li>\n<li>\u00a0Cable con Longitud Total de 12 metros (aprox)<\/li>\n<li>\u00a0Gr\u00e1ficas en Vivo<\/li>\n<li>\u00a0Funciona con 12V y 24V<\/li>\n<li>\u00a0Ideal para Talleres y Electricistas<\/li>\n<\/ul>\n","protected":false},"featured_media":30908,"comment_status":"open","ping_status":"closed","template":"","meta":[],"product_brand":[],"product_cat":[22,113],"product_tag":[122,470,469,115,437],"class_list":{"0":"post-30904","1":"product","2":"type-product","3":"status-publish","4":"has-post-thumbnail","6":"product_cat-herramientas-de-diagnostico","7":"product_cat-puntas-logicas","8":"product_tag-automotriz","9":"product_tag-medidordevoltaje","10":"product_tag-p100","11":"product_tag-punta-logica","12":"product_tag-topdiag","14":"first","15":"instock","16":"taxable","17":"shipping-taxable","18":"purchasable","19":"product-type-simple"},"_links":{"self":[{"href":"https:\/\/8000rpmtools.com\/index.php?rest_route=\/wp\/v2\/product\/30904","targetHints":{"allow":["GET"]}}],"collection":[{"href":"https:\/\/8000rpmtools.com\/index.php?rest_route=\/wp\/v2\/product"}],"about":[{"href":"https:\/\/8000rpmtools.com\/index.php?rest_route=\/wp\/v2\/types\/product"}],"replies":[{"embeddable":true,"href":"https:\/\/8000rpmtools.com\/index.php?rest_route=%2Fwp%2Fv2%2Fcomments&post=30904"}],"wp:featuredmedia":[{"embeddable":true,"href":"https:\/\/8000rpmtools.com\/index.php?rest_route=\/wp\/v2\/media\/30908"}],"wp:attachment":[{"href":"https:\/\/8000rpmtools.com\/index.php?rest_route=%2Fwp%2Fv2%2Fmedia&parent=30904"}],"wp:term":[{"taxonomy":"product_brand","embeddable":true,"href":"https:\/\/8000rpmtools.com\/index.php?rest_route=%2Fwp%2Fv2%2Fproduct_brand&post=30904"},{"taxonomy":"product_cat","embeddable":true,"href":"https:\/\/8000rpmtools.com\/index.php?rest_route=%2Fwp%2Fv2%2Fproduct_cat&post=30904"},{"taxonomy":"product_tag","embeddable":true,"href":"https:\/\/8000rpmtools.com\/index.php?rest_route=%2Fwp%2Fv2%2Fproduct_tag&post=30904"}],"curies":[{"name":"wp","href":"https:\/\/api.w.org\/{rel}","templated":true}]}}