{"id":30885,"date":"2025-03-17T12:28:51","date_gmt":"2025-03-17T17:28:51","guid":{"rendered":"https:\/\/8000rpmtools.com\/?post_type=product&#038;p=30885"},"modified":"2025-12-18T22:07:05","modified_gmt":"2025-12-19T03:07:05","slug":"kit-medidor-digital-compresion-motor-gasolina-thyson","status":"publish","type":"product","link":"https:\/\/8000rpmtools.com\/?product=kit-medidor-digital-compresion-motor-gasolina-thyson","title":{"rendered":"Kit Medidor digital compresi\u00f3n motor gasolina"},"content":{"rendered":"<div id=\"aplus_feature_div\" class=\"celwidget\" data-feature-name=\"aplus\" data-csa-c-type=\"widget\" data-csa-c-content-id=\"aplus\" data-csa-c-slot-id=\"aplus_feature_div\" data-csa-c-asin=\"\" data-csa-c-is-in-initial-active-row=\"false\" data-cel-widget=\"aplus_feature_div\" data-csa-c-id=\"q28gy0-winigh-5gxxis-9ppzbf\">\n<div id=\"aplus\" class=\"a-section a-spacing-large bucket\">\n<div class=\"aplus-v2 desktop celwidget\" data-cel-widget=\"aplus\" data-csa-c-id=\"tw04b-yz7nsv-j07jw2-qqdqvf\">\n<div class=\"celwidget aplus-module 3p-module-b aplus-standard\" data-cel-widget=\"aplus-3p-module-b\" data-csa-c-id=\"rombhh-tlm31a-irqdf0-wy3c8w\">\n<h3><\/h3>\n<div class=\"aplus-module-wrapper aplus-3p-fixed-width\">\n<h3><\/h3>\n<h3><\/h3>\n<h3 class=\"a-spacing-mini\">Kit de comprobador de compresi\u00f3n digital<\/h3>\n<p class=\"a-spacing-base\">El kit viene con 6 adaptadores para acomodar cientos de marcas y modelos de motores de buj\u00edas como autom\u00f3viles, motocicletas, ATV, UTV, motos de nieve, barcos y m\u00e1s.<\/p>\n<\/div>\n<\/div>\n<div class=\"celwidget aplus-module 3p-module-b aplus-standard\" data-cel-widget=\"aplus-3p-module-b\" data-csa-c-id=\"og2aqj-efsxmd-i4bhg-sdkyw6\">\n<div class=\"aplus-module-wrapper aplus-3p-fixed-width\">\n<p><img decoding=\"async\" class=\"a-spacing-base\" src=\"https:\/\/m.media-amazon.com\/images\/S\/aplus-media-library-service-media\/c68767bf-5fbf-4be4-b596-3d827cc7663d.__CR0,0,970,600_PT0_SX970_V1___.png\" alt=\"Lista de Embalaje\" data-src=\"https:\/\/m.media-amazon.com\/images\/S\/aplus-media-library-service-media\/c68767bf-5fbf-4be4-b596-3d827cc7663d.__CR0,0,970,600_PT0_SX970_V1___.png\" \/><\/p>\n<h3 class=\"a-spacing-mini\">Kit Incluye<\/h3>\n<p class=\"a-spacing-base\">1. Adaptador de 0.394 in 2. Adaptador de 0.472 in 3. Adaptador de 0.551 in 4. Adaptador de 0.709 in Manguera de extensi\u00f3n flexible Man\u00f3metro Conector de empuje en \u00e1ngulo Conector recto<\/p>\n<\/div>\n<\/div>\n<div class=\"celwidget aplus-module 3p-module-b aplus-standard\" data-cel-widget=\"aplus-3p-module-b\" data-csa-c-id=\"uvy4gj-ifbgx4-2b82v-uxpq5h\">\n<div class=\"aplus-module-wrapper aplus-3p-fixed-width\">\n<p><img decoding=\"async\" class=\"a-spacing-base\" src=\"https:\/\/m.media-amazon.com\/images\/S\/aplus-media-library-service-media\/692f0630-82eb-4433-ae1a-424ef3132280.__CR0,0,970,600_PT0_SX970_V1___.png\" alt=\"Probador de compresi\u00f3n automotriz\" data-src=\"https:\/\/m.media-amazon.com\/images\/S\/aplus-media-library-service-media\/692f0630-82eb-4433-ae1a-424ef3132280.__CR0,0,970,600_PT0_SX970_V1___.png\" \/><\/p>\n<h3 class=\"a-spacing-mini\">Probador de compresi\u00f3n automotriz<\/h3>\n<p class=\"a-spacing-base\">Retire la buj\u00eda de la mano apriete la v\u00e1lvula de liberaci\u00f3n del empuje del indicador de compresi\u00f3n para repetir la prueba<\/p>\n<\/div>\n<\/div>\n<div class=\"celwidget aplus-module module-9 aplus-standard\" data-cel-widget=\"aplus-module-9\" data-csa-c-id=\"3qbxob-3aopud-9d9eb5-hyohm2\">\n<div class=\"aplus-module-wrapper apm-fixed-width apm-spacing\">\n<div class=\"apm-flex\">\n<div class=\"apm-flex-item-third-width\">\n<p class=\"apm-text-center\"><img decoding=\"async\" class=\"a-spacing-mini\" src=\"https:\/\/m.media-amazon.com\/images\/S\/aplus-media-library-service-media\/7f8d2328-7bb9-4753-91bf-4e923d2ed524.__CR0,0,300,300_PT0_SX300_V1___.png\" alt=\"detalle.1\" data-src=\"https:\/\/m.media-amazon.com\/images\/S\/aplus-media-library-service-media\/7f8d2328-7bb9-4753-91bf-4e923d2ed524.__CR0,0,300,300_PT0_SX300_V1___.png\" \/><\/p>\n<h4 class=\"a-spacing-mini\">Calibre<\/h4>\n<p>Los datos de la pantalla de retroiluminaci\u00f3n son claros y precisos. Se utilizan cuatro unidades digitales diferentes, PSI, KPA, Bar, KG\/CM2. El control de teclas es conveniente.v<\/p>\n<\/div>\n<div class=\"apm-flex-item-third-width\">\n<p class=\"apm-text-center\"><img decoding=\"async\" class=\"a-spacing-mini\" src=\"https:\/\/m.media-amazon.com\/images\/S\/aplus-media-library-service-media\/538d5bba-8584-46b9-a870-21a581722d7b.__CR0,0,300,300_PT0_SX300_V1___.png\" alt=\"detalle.2\" data-src=\"https:\/\/m.media-amazon.com\/images\/S\/aplus-media-library-service-media\/538d5bba-8584-46b9-a870-21a581722d7b.__CR0,0,300,300_PT0_SX300_V1___.png\" \/><\/p>\n<h4 class=\"a-spacing-mini\">Adaptador de lat\u00f3n<\/h4>\n<p>Dependiendo del tama\u00f1o de la buj\u00eda, elija el adaptador adecuado: 0.709 in, 0.551 in, 0.472 in, 0.394 in. Nota: No utilice una llave.<\/p>\n<\/div>\n<div class=\"apm-flex-item-third-width\">\n<p class=\"apm-text-center\"><img decoding=\"async\" class=\"a-spacing-mini\" src=\"https:\/\/m.media-amazon.com\/images\/S\/aplus-media-library-service-media\/7ba41e80-b94c-4914-9256-83e590e79a30.__CR0,0,300,300_PT0_SX300_V1___.png\" alt=\"detalle.3\" data-src=\"https:\/\/m.media-amazon.com\/images\/S\/aplus-media-library-service-media\/7ba41e80-b94c-4914-9256-83e590e79a30.__CR0,0,300,300_PT0_SX300_V1___.png\" \/><\/p>\n<\/div>\n<\/div>\n<\/div>\n<\/div>\n<div class=\"celwidget aplus-module 3p-module-b aplus-standard\" data-cel-widget=\"aplus-3p-module-b\" data-csa-c-id=\"yhalvf-d5ttjs-rq77vk-onadi0\">\n<div class=\"aplus-module-wrapper aplus-3p-fixed-width\">\n<p>&nbsp;<\/p>\n<h3 class=\"a-spacing-mini\">F\u00e1cil de usar<\/h3>\n<p class=\"a-spacing-base\">1. Monta el medidor digital con manguera y adaptador:<\/p>\n<p class=\"a-spacing-base\">Hay 2 juegos de adaptadores en la funda de transporte, manguera con adaptador y eje directo universal.<\/p>\n<p class=\"a-spacing-base\">Depende de la elecci\u00f3n del motor y la toma de presi\u00f3n. Tire hacia arriba de la camisa del medidor para una conexi\u00f3n r\u00e1pida, inserte la manguera de alta presi\u00f3n y vuelva a colocar el accesorio de lat\u00f3n en la manguera.<\/p>\n<p class=\"a-spacing-base\">2. Prep\u00e1rate para la prueba:<\/p>\n<p class=\"a-spacing-base\">Haga funcionar el motor durante 10 minutos antes de la prueba para alcanzar la temperatura normal de funcionamiento.<\/p>\n<p class=\"a-spacing-base\">Elija el mismo adaptador de lat\u00f3n de tama\u00f1o en comparaci\u00f3n con la buj\u00eda, adaptador de sujeci\u00f3n manual de 0.709 in, 0.551 in, 0.472 in o 0.394 in. No uses una llave.<\/p>\n<p class=\"a-spacing-base\">3. Lectura precisa:<\/p>\n<p class=\"a-spacing-base\">Arranque el motor durante al menos 4 carreras de compresi\u00f3n o hasta que la lectura de presi\u00f3n deje de elevarse a las especificaciones.<\/p>\n<p class=\"a-spacing-base\">Los medidores calibrados profesionalmente siempre devuelven una lectura al 1% de la presi\u00f3n exacta de su neum\u00e1tico y una resoluci\u00f3n de pantalla de 0.5. Deja de adivinar.<\/p>\n<p class=\"a-spacing-base\">4. Prueba de repetici\u00f3n r\u00e1pida:<\/p>\n<p class=\"a-spacing-base\">La v\u00e1lvula de liberaci\u00f3n de presi\u00f3n incorporada permite liberar presi\u00f3n con un solo bot\u00f3n. Es importante repetir las pruebas y registrar lecturas para evitar errores.<\/p>\n<\/div>\n<\/div>\n<\/div>\n<\/div>\n<\/div>\n<div id=\"aplusSustainabilityStory_feature_div\" class=\"celwidget\" data-feature-name=\"aplusSustainabilityStory\" data-csa-c-type=\"widget\" data-csa-c-content-id=\"aplusSustainabilityStory\" data-csa-c-slot-id=\"aplusSustainabilityStory_feature_div\" data-csa-c-asin=\"\" data-csa-c-is-in-initial-active-row=\"false\" data-cel-widget=\"aplusSustainabilityStory_feature_div\" data-csa-c-id=\"yw4ggi-6jk4n7-hlv61j-jttrry\"><\/div>\n<div id=\"similarities_feature_div\" class=\"celwidget\" data-feature-name=\"similarities\" data-csa-c-type=\"widget\" data-csa-c-content-id=\"similarities\" data-csa-c-slot-id=\"similarities_feature_div\" data-csa-c-asin=\"\" data-csa-c-is-in-initial-active-row=\"false\" data-cel-widget=\"similarities_feature_div\" data-csa-c-id=\"opma4f-k4ezwx-ji49xu-nm4ojt\">\n<div class=\"celwidget\" data-cel-widget=\"sims-consolidated-5_csm_instrumentation_wrapper\" data-csa-c-id=\"pb9r4i-bvpv0p-dwofav-wpho0p\">\n<div id=\"DPSims_sims-container_desktop-dp-sims_3_container\" data-region-info=\"us-east-1\">\n<div class=\"widget-html-container\">\n<div class=\"celwidget pd_rd_w-r1AMt content-id-amzn1.sym.386c274b-4bfe-4421-9052-a1a56db557ab pf_rd_p-386c274b-4bfe-4421-9052-a1a56db557ab pf_rd_r-M9FE4RH5040VRMTH6SJN pd_rd_wg-YBzFn pd_rd_r-a66b88fa-9a24-44b7-92e3-0bdf761221fa\" data-csa-op-log-render=\"\" data-csa-c-content-id=\"amzn1.sym.386c274b-4bfe-4421-9052-a1a56db557ab\" data-csa-c-slot-id=\"sims-container-4\" data-csa-c-type=\"widget\" data-csa-c-painter=\"FirebirdPainter\" data-csa-c-id=\"pot5rd-856jfp-z4m7i8-9bkynv\" data-cel-widget=\"desktop-dp-sims_SponsoredProductsSimsDpDesktopThematic\">\n<div data-csa-c-type=\"widget\" data-csa-c-slot-id=\"sp_detail_thematic\" data-csa-c-id=\"5i7xkm-n03aeo-tesbzk-6l2n2z\"><\/div>\n<\/div>\n<\/div>\n<\/div>\n<\/div>\n<\/div>\n","protected":false},"excerpt":{"rendered":"<ul>\n<li>F\u00e1cil de usar<\/li>\n<li class=\"a-spacing-mini\"><span class=\"a-list-item\">Medici\u00f3n precisa: El medidor de compresi\u00f3n digital tiene una incre\u00edble resoluci\u00f3n de pantalla de 0.5 dentro del 1% de la presi\u00f3n exacta que oscila entre 10 y 200 PSI, comprobando la compresi\u00f3n en el motor de gasolina de forma r\u00e1pida y precisa<\/span><\/li>\n<li class=\"a-spacing-mini\"><span class=\"a-list-item\">Pantalla inteligente y v\u00e1lvula de purga<\/span><\/li>\n<li class=\"a-spacing-mini\"><span class=\"a-list-item\">Accesorios: Viene con 4 adaptadores de est\u00e1ndar y especialidad (0.709 in, 0.551 in, adaptadores de lat\u00f3n de 0.472 in y 0.394 in coinciden), y conjunto de calibre de manguera flexible de 16 pulgadas con acoplador r\u00e1pido<\/span><\/li>\n<\/ul>\n","protected":false},"featured_media":30886,"comment_status":"open","ping_status":"closed","template":"","meta":[],"product_brand":[],"product_cat":[17],"product_tag":[467,101,427,166,102,259,465,81,111],"class_list":{"0":"post-30885","1":"product","2":"type-product","3":"status-publish","4":"has-post-thumbnail","6":"product_cat-manometros-y-medidores","7":"product_tag-combustible","8":"product_tag-compresimetro","9":"product_tag-digital","10":"product_tag-gasolina","11":"product_tag-manometro","12":"product_tag-manometros","13":"product_tag-medidor","14":"product_tag-motor","15":"product_tag-presion","17":"first","18":"instock","19":"taxable","20":"shipping-taxable","21":"purchasable","22":"product-type-simple"},"_links":{"self":[{"href":"https:\/\/8000rpmtools.com\/index.php?rest_route=\/wp\/v2\/product\/30885","targetHints":{"allow":["GET"]}}],"collection":[{"href":"https:\/\/8000rpmtools.com\/index.php?rest_route=\/wp\/v2\/product"}],"about":[{"href":"https:\/\/8000rpmtools.com\/index.php?rest_route=\/wp\/v2\/types\/product"}],"replies":[{"embeddable":true,"href":"https:\/\/8000rpmtools.com\/index.php?rest_route=%2Fwp%2Fv2%2Fcomments&post=30885"}],"wp:featuredmedia":[{"embeddable":true,"href":"https:\/\/8000rpmtools.com\/index.php?rest_route=\/wp\/v2\/media\/30886"}],"wp:attachment":[{"href":"https:\/\/8000rpmtools.com\/index.php?rest_route=%2Fwp%2Fv2%2Fmedia&parent=30885"}],"wp:term":[{"taxonomy":"product_brand","embeddable":true,"href":"https:\/\/8000rpmtools.com\/index.php?rest_route=%2Fwp%2Fv2%2Fproduct_brand&post=30885"},{"taxonomy":"product_cat","embeddable":true,"href":"https:\/\/8000rpmtools.com\/index.php?rest_route=%2Fwp%2Fv2%2Fproduct_cat&post=30885"},{"taxonomy":"product_tag","embeddable":true,"href":"https:\/\/8000rpmtools.com\/index.php?rest_route=%2Fwp%2Fv2%2Fproduct_tag&post=30885"}],"curies":[{"name":"wp","href":"https:\/\/api.w.org\/{rel}","templated":true}]}}