{"id":30881,"date":"2025-03-17T12:12:06","date_gmt":"2025-03-17T17:12:06","guid":{"rendered":"https:\/\/8000rpmtools.com\/?post_type=product&#038;p=30881"},"modified":"2025-12-18T22:07:05","modified_gmt":"2025-12-19T03:07:05","slug":"kit-medidor-de-presion-de-combustible-otc-5630","status":"publish","type":"product","link":"https:\/\/8000rpmtools.com\/?product=kit-medidor-de-presion-de-combustible-otc-5630","title":{"rendered":"KIT MEDIDOR DE PRESI\u00d3N DE COMBUSTIBLE \u2013 OTC 5630"},"content":{"rendered":"<p><strong><em>DESCRIPCI\u00d3N DEL PRODUCTO:<\/em><\/strong><\/p>\n<ul>\n<li class=\"a-spacing-mini\"><span class=\"a-list-item\">OTC El kit de prueba de presi\u00f3n de combustible localiza r\u00e1pida y f\u00e1cilmente cualquier componente del sistema de combustible mal funcionamiento: filtros de combustible, reguladores de presi\u00f3n, l\u00edneas de combustible y bombas de combustible, sin quitarlo del veh\u00edculo<\/span><\/li>\n<li>Rango de medici\u00f3n 0-100 PSI\/ 0-700 Kpa<\/li>\n<li>Con v\u00e1lvula y manguera de alivio<\/li>\n<li>Man\u00edmetro de 3\u2033 para f\u00e1cil lectura<\/li>\n<li class=\"a-spacing-mini\"><span class=\"a-list-item\">Accesorios de lat\u00f3n macizo de alta calidad, manguera y tubos para un rendimiento y fiabilidad duraderos<\/span><\/li>\n<li class=\"a-spacing-mini\"><span class=\"a-list-item\">Pr\u00e1ctica v\u00e1lvula de alivio de presi\u00f3n que permite pruebas seguras y limpias<\/span><\/li>\n<\/ul>\n","protected":false},"excerpt":{"rendered":"<ul class=\"pl-3\">\n<li>El kit de prueba de presi\u00f3n de combustible de OTC localiza r\u00e1pida y f\u00e1cilmente cualquier componente del sistema de combustible que funcione mal (filtros de combustible, reguladores de presi\u00f3n, l\u00edneas de combustible y bombas de combustible) sin sacarlo del veh\u00edculo<\/li>\n<li>0-100 psi, 0-700 Kpa<\/li>\n<li>Accesorios, mangueras y tubos de lat\u00f3n macizo de alta calidad para un rendimiento y fiabilidad duraderos<\/li>\n<li>v\u00e1lvula de alivio de presi\u00f3n conveniente permite realizar pruebas seguras y limpias<\/li>\n<\/ul>\n","protected":false},"featured_media":30882,"comment_status":"open","ping_status":"closed","template":"","meta":[],"product_brand":[],"product_cat":[17],"product_tag":[467,101,102,465,94,111],"class_list":{"0":"post-30881","1":"product","2":"type-product","3":"status-publish","4":"has-post-thumbnail","6":"product_cat-manometros-y-medidores","7":"product_tag-combustible","8":"product_tag-compresimetro","9":"product_tag-manometro","10":"product_tag-medidor","11":"product_tag-otc","12":"product_tag-presion","14":"first","15":"instock","16":"taxable","17":"shipping-taxable","18":"purchasable","19":"product-type-simple"},"_links":{"self":[{"href":"https:\/\/8000rpmtools.com\/index.php?rest_route=\/wp\/v2\/product\/30881","targetHints":{"allow":["GET"]}}],"collection":[{"href":"https:\/\/8000rpmtools.com\/index.php?rest_route=\/wp\/v2\/product"}],"about":[{"href":"https:\/\/8000rpmtools.com\/index.php?rest_route=\/wp\/v2\/types\/product"}],"replies":[{"embeddable":true,"href":"https:\/\/8000rpmtools.com\/index.php?rest_route=%2Fwp%2Fv2%2Fcomments&post=30881"}],"wp:featuredmedia":[{"embeddable":true,"href":"https:\/\/8000rpmtools.com\/index.php?rest_route=\/wp\/v2\/media\/30882"}],"wp:attachment":[{"href":"https:\/\/8000rpmtools.com\/index.php?rest_route=%2Fwp%2Fv2%2Fmedia&parent=30881"}],"wp:term":[{"taxonomy":"product_brand","embeddable":true,"href":"https:\/\/8000rpmtools.com\/index.php?rest_route=%2Fwp%2Fv2%2Fproduct_brand&post=30881"},{"taxonomy":"product_cat","embeddable":true,"href":"https:\/\/8000rpmtools.com\/index.php?rest_route=%2Fwp%2Fv2%2Fproduct_cat&post=30881"},{"taxonomy":"product_tag","embeddable":true,"href":"https:\/\/8000rpmtools.com\/index.php?rest_route=%2Fwp%2Fv2%2Fproduct_tag&post=30881"}],"curies":[{"name":"wp","href":"https:\/\/api.w.org\/{rel}","templated":true}]}}