{"id":30868,"date":"2025-03-17T11:14:14","date_gmt":"2025-03-17T16:14:14","guid":{"rendered":"https:\/\/8000rpmtools.com\/?post_type=product&#038;p=30868"},"modified":"2025-12-18T22:07:28","modified_gmt":"2025-12-19T03:07:28","slug":"medidor-de-compresion-oem-tools","status":"publish","type":"product","link":"https:\/\/8000rpmtools.com\/?product=medidor-de-compresion-oem-tools","title":{"rendered":"Medidor de compresi\u00f3n OEM TOOLS"},"content":{"rendered":"<div id=\"aplus_feature_div\" class=\"celwidget\" data-feature-name=\"aplus\" data-csa-c-type=\"widget\" data-csa-c-content-id=\"aplus\" data-csa-c-slot-id=\"aplus_feature_div\" data-csa-c-asin=\"\" data-csa-c-is-in-initial-active-row=\"false\" data-csa-c-id=\"7scsbx-9aq8l3-5fex5n-8eatgn\" data-cel-widget=\"aplus_feature_div\">\n<div id=\"aplus\" class=\"a-section a-spacing-large bucket\">\n<div class=\"aplus-v2 desktop celwidget\" data-csa-c-id=\"afwj80-af9jy6-k537fy-kdkcl4\" data-cel-widget=\"aplus\">\n<div class=\"celwidget aplus-module module-11 aplus-standard\" data-csa-c-id=\"fu1gul-aqup8y-c1733d-nxagfr\" data-cel-widget=\"aplus-module-11\">\n<div class=\"aplus-module-wrapper apm-spacing apm-floatnone apm-fixed-width\">\n<div class=\"apm-sidemodule aplus-module-content\">\n<div class=\"apm-hero-image\"><img decoding=\"async\" class=\"\" src=\"https:\/\/m.media-amazon.com\/images\/S\/aplus-media\/vc\/16a82381-93bc-47c7-bb6e-18277544821e.__CR0,0,970,300_PT0_SX970_V1___.png\" alt=\"compression tester, compression tester automotive, engine compression tester, compression gauge\" data-src=\"https:\/\/m.media-amazon.com\/images\/S\/aplus-media\/vc\/16a82381-93bc-47c7-bb6e-18277544821e.__CR0,0,970,300_PT0_SX970_V1___.png\" \/><\/div>\n<\/div>\n<\/div>\n<div><\/div>\n<\/div>\n<div class=\"celwidget aplus-module module-2 aplus-standard\" data-csa-c-id=\"oivlu3-ntyoui-wjyh9v-j7n7m\" data-cel-widget=\"aplus-module-2\">\n<div class=\"aplus-module-wrapper apm-floatnone apm-fixed-width\">\n<div class=\"apm-sidemodule apm-spacing\">\n<div class=\"apm-sidemodule-imageleft\"><img decoding=\"async\" class=\"\" src=\"https:\/\/m.media-amazon.com\/images\/S\/aplus-media\/vc\/8655b12a-f437-4015-bd5e-b367118af2a9.__CR0,0,3000,3000_PT0_SX300_V1___.jpg\" alt=\"compression meter, engine compression test kit, compression tester engine, compressor tester kit\" data-src=\"https:\/\/m.media-amazon.com\/images\/S\/aplus-media\/vc\/8655b12a-f437-4015-bd5e-b367118af2a9.__CR0,0,3000,3000_PT0_SX300_V1___.jpg\" \/><\/div>\n<div class=\"apm-sidemodule-textright\">\n<h3 class=\"a-spacing-mini\">Ahorra dinero<\/h3>\n<p>Cuando piezas como las v\u00e1lvulas y los anillos de pist\u00f3n se da\u00f1an, puede ser imposible encender tu autom\u00f3vil. Reparar estas piezas podr\u00eda costarte m\u00e1s de 2,000 d\u00f3lares, pero este producto puede ayudarte a ahorrar dinero al diagnosticar el problema antes de que se vuelva grave.<\/p>\n<\/div>\n<\/div>\n<\/div>\n<div><\/div>\n<\/div>\n<div class=\"celwidget aplus-module module-3 aplus-standard\" data-csa-c-id=\"rrmx28-j06htq-8pw03-a54zpc\" data-cel-widget=\"aplus-module-3\">\n<div class=\"aplus-module-wrapper apm-floatnone apm-fixed-width\">\n<div class=\"apm-sidemodule apm-spacing\">\n<div class=\"apm-sidemodule-imageright\"><img decoding=\"async\" class=\"a-spacing-mini\" src=\"https:\/\/m.media-amazon.com\/images\/S\/aplus-media\/vc\/ac064b60-4051-4645-aa17-2b13d5e2b0e7.__CR0,0,3000,3000_PT0_SX300_V1___.jpg\" alt=\"\" data-src=\"https:\/\/m.media-amazon.com\/images\/S\/aplus-media\/vc\/ac064b60-4051-4645-aa17-2b13d5e2b0e7.__CR0,0,3000,3000_PT0_SX300_V1___.jpg\" \/><\/div>\n<div class=\"apm-sidemodule-textleft\">\n<h3 class=\"a-spacing-mini\">F\u00e1cil de usar<\/h3>\n<p>Este kit de prueba de compresi\u00f3n es f\u00e1cil de usar. Simplemente desactiva el sistema de combustible, enrosca la manguera en el orificio de la buj\u00eda, con\u00e9ctala a la manguera del man\u00f3metro y gira el motor hasta obtener la lectura m\u00e1s alta. Luego, repite estos pasos para todos los cilindros.<\/p>\n<\/div>\n<\/div>\n<\/div>\n<div><\/div>\n<\/div>\n<div class=\"celwidget aplus-module module-2 aplus-standard\" data-csa-c-id=\"zgmyq0-no5065-jjn4fb-ay6n8\" data-cel-widget=\"aplus-module-2\">\n<div class=\"aplus-module-wrapper apm-floatnone apm-fixed-width\">\n<div class=\"apm-sidemodule apm-spacing\">\n<div class=\"apm-sidemodule-imageleft\"><img decoding=\"async\" class=\"\" src=\"https:\/\/m.media-amazon.com\/images\/S\/aplus-media\/vc\/fd626640-1a71-44a0-a850-6f97a6639c49.__CR0,0,3000,3000_PT0_SX300_V1___.jpg\" alt=\"compression tester kit, compression test, compression gauge tester, engine compression gauges\" data-src=\"https:\/\/m.media-amazon.com\/images\/S\/aplus-media\/vc\/fd626640-1a71-44a0-a850-6f97a6639c49.__CR0,0,3000,3000_PT0_SX300_V1___.jpg\" \/><\/div>\n<div class=\"apm-sidemodule-textright\">\n<h3 class=\"a-spacing-mini\">Set incluye:<\/h3>\n<p>Este juego de probador de compresi\u00f3n viene en un paquete pr\u00e1ctico para que no pierdas ninguna pieza importante. Incluye un man\u00f3metro de 0-300 psi, una manguera flexible y un adaptador compatible con puertos de buj\u00eda de 14 mm y 18 mm.<\/p>\n<\/div>\n<\/div>\n<\/div>\n<div><\/div>\n<\/div>\n<div class=\"celwidget aplus-module module-16-tech-specs aplus-standard\" data-csa-c-id=\"4xaeky-v6lsqr-tf0nvt-88imtr\" data-cel-widget=\"aplus-module-16-tech-specs\">\n<div class=\"a-section a-spacing-large aplus-module-wrapper apm-fixed-width aplus-index-4\">\n<div class=\"a-row\">\n<div class=\"a-column a-span12 aplus-tech-spec-hide-loading\">\n<table class=\"a-bordered a-horizontal-stripes aplus-tech-spec-table\">\n<tbody>\n<tr>\n<td class=\"a-text-bold\">Dimensiones<\/td>\n<td>\u00a0 \u00a012.9 x 5.5 x 1.5 pulgadas<\/td>\n<\/tr>\n<tr>\n<td class=\"a-text-bold\">Peso<\/td>\n<td>\u00a0 \u00a01.35 libras<\/td>\n<\/tr>\n<tr>\n<td class=\"a-text-bold\">Psi<\/td>\n<td>\u00a0 \u00a00-300<\/td>\n<\/tr>\n<\/tbody>\n<\/table>\n<\/div>\n<\/div>\n<\/div>\n<\/div>\n<\/div>\n<\/div>\n<\/div>\n<div id=\"btfSubNavDesktop_feature_div\" class=\"celwidget\" data-feature-name=\"btfSubNavDesktop\" data-csa-c-type=\"widget\" data-csa-c-content-id=\"btfSubNavDesktop\" data-csa-c-slot-id=\"btfSubNavDesktop_feature_div\" data-csa-c-asin=\"\" data-csa-c-is-in-initial-active-row=\"false\" data-csa-c-id=\"uac4sx-gcwkm0-434c3z-h0u773\" data-cel-widget=\"btfSubNavDesktop_feature_div\">\n<div id=\"btf-sub-nav-desktop-wrapper\" class=\"a-row a-size-base\" role=\"navigation\">\n<nav id=\"btf-sub-nav-desktop-tabs\" class=\"persistent-header\" aria-label=\"Navigate within the product detail page\">\n<div class=\"top-tab-content\">\n<div><\/div>\n<\/div>\n<\/nav>\n<\/div>\n<\/div>\n<div id=\"productDescription-placement-auto_feature_div\" class=\"celwidget\" data-feature-name=\"productDescription-placement-auto\" data-csa-c-type=\"widget\" data-csa-c-content-id=\"productDescription-placement-auto\" data-csa-c-slot-id=\"productDescription-placement-auto_feature_div\" data-csa-c-asin=\"\" data-csa-c-is-in-initial-active-row=\"false\" data-csa-c-id=\"1gsyan-vnlj9d-4jgz4d-98fafb\" data-cel-widget=\"productDescription-placement-auto_feature_div\">\n<div>\n<div id=\"productDescription_feature_div\" class=\"a-row feature\" data-feature-name=\"productDescription\" data-template-name=\"productDescription\" data-cel-widget=\"productDescription_feature_div\">\n<h2 class=\"default\">Descripci\u00f3n del producto<\/h2>\n<div id=\"productDescription\" class=\"a-section a-spacing-small\">\n<p>La salud de los cilindros de su motor es esencial para la longevidad de su veh\u00edculo. No se quede sin una forma de diagnosticar problemas en los cilindros del motor. Obt\u00e9n el juego de medidores de compresi\u00f3n OEMTOOLS 37138 para una lectura precisa sobre la salud de tus cilindros. Este probador de kit de compresi\u00f3n viene con un adaptador de prueba de compresi\u00f3n de 2 pasos de 0.551 in y 0.709 in y un probador de medidor de compresi\u00f3n para dar servicio a la mayor\u00eda de autom\u00f3viles y camiones. Insertar los adaptadores de nuestro probador de presi\u00f3n de cilindros en los puertos de las buj\u00edas es f\u00e1cil. Llegar a los puertos de buj\u00edas de su veh\u00edculo no es complicado gracias al dise\u00f1o flexible de la extensi\u00f3n de manguera de goma en el kit de comprobador de compresi\u00f3n de cilindros. Las juntas t\u00f3ricas de nuestros adaptadores le dar\u00e1n un sellado herm\u00e9tico sobre la buj\u00eda para que reciba una lectura herm\u00e9tica precisa cada vez. Nuestro probador automotriz de medidor de compresi\u00f3n lee de 0 a 300 PSI y puede ayudar a diagnosticar v\u00e1lvulas pegadas, culatas agrietadas, paredes de cilindros desgastadas y mucho m\u00e1s. Aseg\u00farese de usar el probador de compresi\u00f3n automotriz en un cilindro sano conocido antes de probar un cilindro sospechoso defectuoso para obtener una buena lectura de la l\u00ednea de base. Un cilindro de motor saludable generalmente cae en el rango de 100-150 PSI y este probador de motor de compresi\u00f3n puede ayudar a determinar si uno o varios cilindros est\u00e1n fallando. No se quede sin un comprobador de compresi\u00f3n simple y eficiente para realizar una prueba de compresi\u00f3n en su motor. Obt\u00e9n el juego de medidor de compresi\u00f3n OEMTOOLS 37138 hoy para garantizar la longevidad de tus veh\u00edculos.<\/p>\n<\/div>\n<\/div>\n<\/div>\n<\/div>\n","protected":false},"excerpt":{"rendered":"<ul>\n<li>Incluye acoples b\u00e1sicos para la medici\u00f3n<\/li>\n<li>1 a\u00f1o de garant\u00eda<\/li>\n<li>Pr\u00e1ctico malet\u00edn para su transporte<\/li>\n<\/ul>\n","protected":false},"featured_media":30869,"comment_status":"open","ping_status":"closed","template":"","meta":[],"product_brand":[],"product_cat":[17],"product_tag":[101,93,102],"class_list":{"0":"post-30868","1":"product","2":"type-product","3":"status-publish","4":"has-post-thumbnail","6":"product_cat-manometros-y-medidores","7":"product_tag-compresimetro","8":"product_tag-compresion","9":"product_tag-manometro","11":"first","12":"outofstock","13":"taxable","14":"shipping-taxable","15":"purchasable","16":"product-type-simple"},"_links":{"self":[{"href":"https:\/\/8000rpmtools.com\/index.php?rest_route=\/wp\/v2\/product\/30868","targetHints":{"allow":["GET"]}}],"collection":[{"href":"https:\/\/8000rpmtools.com\/index.php?rest_route=\/wp\/v2\/product"}],"about":[{"href":"https:\/\/8000rpmtools.com\/index.php?rest_route=\/wp\/v2\/types\/product"}],"replies":[{"embeddable":true,"href":"https:\/\/8000rpmtools.com\/index.php?rest_route=%2Fwp%2Fv2%2Fcomments&post=30868"}],"wp:featuredmedia":[{"embeddable":true,"href":"https:\/\/8000rpmtools.com\/index.php?rest_route=\/wp\/v2\/media\/30869"}],"wp:attachment":[{"href":"https:\/\/8000rpmtools.com\/index.php?rest_route=%2Fwp%2Fv2%2Fmedia&parent=30868"}],"wp:term":[{"taxonomy":"product_brand","embeddable":true,"href":"https:\/\/8000rpmtools.com\/index.php?rest_route=%2Fwp%2Fv2%2Fproduct_brand&post=30868"},{"taxonomy":"product_cat","embeddable":true,"href":"https:\/\/8000rpmtools.com\/index.php?rest_route=%2Fwp%2Fv2%2Fproduct_cat&post=30868"},{"taxonomy":"product_tag","embeddable":true,"href":"https:\/\/8000rpmtools.com\/index.php?rest_route=%2Fwp%2Fv2%2Fproduct_tag&post=30868"}],"curies":[{"name":"wp","href":"https:\/\/api.w.org\/{rel}","templated":true}]}}