{"id":30840,"date":"2025-01-07T19:20:10","date_gmt":"2025-01-08T00:20:10","guid":{"rendered":"https:\/\/8000rpmtools.com\/?post_type=product&#038;p=30840"},"modified":"2025-01-07T19:42:24","modified_gmt":"2025-01-08T00:42:24","slug":"osciloscopio-hantek-1008-automotriz","status":"publish","type":"product","link":"https:\/\/8000rpmtools.com\/?product=osciloscopio-hantek-1008-automotriz","title":{"rendered":"OSCILOSCOPIO HANTEK 1008 AUTOMOTRIZ"},"content":{"rendered":"<p>El Osciloscopio Automotriz HANTEK 1008C incluye un software propio que permite realizar varios diagn\u00f3sticos y pruebas, dentro de los cuales se encuentran.<\/p>\n<p>* Encendido *<br \/>\nEncendido Primario (Voltaje)<br \/>\nEncendido Primario (Corriente)<br \/>\nEncendido Primario (Voltaje y Corriente)<br \/>\nEncendido Primario y Sensor de Cig\u00fce\u00f1al<br \/>\nEncendido Primario y Secundario<br \/>\nTipo de Distribuidor Encendido Secundario (Conexi\u00f3n buj\u00eda)<br \/>\nTipo de Distribuidor Encendido Secundario (Conexi\u00f3n Alta Tensi\u00f3n Bobina)<br \/>\nSecundario DIS (Chispa Positiva)<br \/>\nSecundario DIS o CPC (Chispa Negativa)<br \/>\nSecundario Diagnosis de Salida de Bobina<br \/>\nEncendido Secundario y Encendido Primario<\/p>\n<p>* Sensores *<br \/>\nPedal de acelerador<br \/>\nSensor de velocidad ABS Digital<br \/>\nSensor de velocidad ABS Anal\u00f3gico<br \/>\nTemperatira de refrigerante (5V)<br \/>\nTemperatura de refrigerante (GM\/OPEL\/VAUXALL Simtec)<br \/>\nSensor de picado<br \/>\nMAP Anal\u00f3gico<br \/>\nMAP Digital<br \/>\nSensor de velocidad de rotaci\u00f3n efecto Hall<br \/>\nMedidor de Flujo de Aire (Hilo Caliente)<br \/>\nMedidor de Flujo de Aire (Hilo Caliente)<br \/>\nSensor de flujo de aire (Bosch Diesel)<br \/>\nSensor de Presi\u00f3n de Admisi\u00f3n (Bosch Diesel)<br \/>\nSensor de Arbol de Levas (Inductivo)<br \/>\nSensor de Arbol de Levas (Excitado AC)<br \/>\nSensor de Arbol de Levas (Efecto Hall)<br \/>\nSensor de Arbol de Levas (Bosch CR Diesel)<br \/>\nSensor Cig\u00fce\u00f1al Inductivo en marcha<br \/>\nSensor Cig\u00fce\u00f1al Inductivo en arranque<br \/>\nSensor de Cig\u00fce\u00f1al Efecto Hall<br \/>\nSensor de Cig\u00fce\u00f1al &amp; Primario de Encendido<br \/>\nSensor Pick-Up (Efecto Hall)<br \/>\nSensor Pick-Up Inductivo en Arranque<br \/>\nSensor Pick-Up Inductivo en Marcha<br \/>\nSensor Lambda de Titanio<br \/>\nSensor Lambda de Zirconio<br \/>\nSensor Lambda de Zirconio Pre &amp; Post Catalizador<br \/>\nPotenci\u00f3metro de Mariposa de Acelerador.<br \/>\nInterruptor de Mariposa de Acelerador<br \/>\nInterruptor de Pedal de Acelerador (Bosch Diesel)<\/p>\n<p>* Diagnosis BUS *<br \/>\nVista Datos CAN Bus<br \/>\nIntegridad Se\u00f1al CAN Bus<br \/>\nCaptura larga CAN Bus LH<br \/>\nDiagnosis LIN Bus Motor parado<\/p>\n<p>* Motor *<br \/>\nBuj\u00edas de precalentamiento<br \/>\nBomba de Combustible Electr\u00f3nica<br \/>\nSolenoide de V\u00e1lvula de Filtro C\u00e1nister<br \/>\nSolenoide de V\u00e1lvula EGR<br \/>\nMotor Paso-Paso Ejemplo 1<br \/>\nMotor Paso-Paso Ejemplo 2<br \/>\nV\u00e1lvula de Control de Ralent\u00ed (Rotativa)<br \/>\nV\u00e1lvula de Control de Ralent\u00ed (Electromagn\u00e9tica)<br \/>\nServomotor de Mariposa (Ralentizando)<br \/>\nServomotor de Mariposa (Acelerando)<br \/>\nV\u00e1lvula de Control de Cantidad Bosch CDI3<br \/>\nV\u00e1lvula Reguladora de Presi\u00f3n Bosch CDI3<br \/>\nVentilador de refrigeraci\u00f3n de velocidad varialble ON<br \/>\nVentilador de refrigeraci\u00f3n de velocidad varialble OFF<br \/>\nV\u00e1lvula de Sincronizaci\u00f3n de Arbol de Levas Variable<br \/>\nInyector Munopunto (Voltaje)<br \/>\nInyector Munopunto (Corriente)<br \/>\nInyector Multipunto (Voltaje)<br \/>\nInyector Multipunto (Corriente)<br \/>\nInyector Voltaje &amp; Corriente<br \/>\nCorriente de Inyector &amp; Primario de Encendido<br \/>\nDiesel Common Rail (Corriente)<br \/>\nInyector Bosch CDI 3 (Corriente)<br \/>\nInyector Bosch Diesel (Ralentizando)<br \/>\nInyector Bosch Diesel (Acelerando)<br \/>\nArrancando &amp; Encendido Ejemplo 1<br \/>\nArrancando &amp; Encendido Ejemplo 2<br \/>\nArrancando Motor (Vac\u00edo) &amp; Encendido<br \/>\nRegulador de Presi\u00f3n de Combustible (Vac\u00edo) &amp; Encendido<br \/>\nCompresi\u00f3n Relativa Gasolina<br \/>\nCompresi\u00f3n Relativa Diesel<br \/>\nCa\u00edda de Tensi\u00f3n en Arranque<\/p>\n<p>* Arranque y Carga *<br \/>\nCircuito de Carga Corriente\/Voltaje<br \/>\nCircuito de Carga Corriente\/Voltaje En Arranque 24V<br \/>\nCircuito de Carga Corriente\/Voltaje En Ralent\u00ed 24V<br \/>\nDiagnosis de Circuito de Carga Alternador AC Rizado\/Diodo<\/p>\n<p>&nbsp;<\/p>\n<p><img loading=\"lazy\" decoding=\"async\" title=\"\" src=\"http:\/\/www.hantek.com\/uploadpic\/kd\/image\/20180531\/20180531153325_7592.jpg\" alt=\"\" width=\"15\" height=\"17\" align=\"\" \/>\u00a0<strong>Selecci\u00f3n de funciones<\/strong><\/p>\n<p>Hay tres funciones de diagn\u00f3stico del veh\u00edculo, osciloscopio y generador de se\u00f1ales, incluidos 78 tipos de funciones de diagn\u00f3stico del veh\u00edculo.<\/p>\n<p><img loading=\"lazy\" decoding=\"async\" src=\"http:\/\/www.hantek.com\/uploadpic\/kd\/image\/20180531\/20180531153640_0538.jpg\" alt=\"\" width=\"720\" height=\"423\" \/><\/p>\n<p><img loading=\"lazy\" decoding=\"async\" title=\"\" src=\"http:\/\/www.hantek.com\/uploadpic\/kd\/image\/20180531\/20180531153325_7592.jpg\" alt=\"\" width=\"15\" height=\"17\" align=\"\" \/>\u00a0<strong>Captura de pantalla con un bot\u00f3n<\/strong><\/p>\n<p>Guarda la forma de onda actual y genera im\u00e1genes. La ubicaci\u00f3n de almacenamiento es opcional y f\u00e1cil de encontrar.<\/p>\n<p><img loading=\"lazy\" decoding=\"async\" src=\"http:\/\/www.hantek.com\/uploadpic\/kd\/image\/20180531\/20180531153755_4268.jpg\" alt=\"\" width=\"720\" height=\"386\" \/><\/p>\n<p><img loading=\"lazy\" decoding=\"async\" title=\"\" src=\"http:\/\/www.hantek.com\/uploadpic\/kd\/image\/20180531\/20180531153325_7592.jpg\" alt=\"\" width=\"15\" height=\"17\" align=\"\" \/>\u00a0<strong>Gu\u00eda r\u00e1pida<\/strong><\/p>\n<p>Acceda a la columna de gu\u00eda r\u00e1pida con un bot\u00f3n. Hay una gu\u00eda de video especial para cada funci\u00f3n de diagn\u00f3stico del veh\u00edculo, que incluye el m\u00e9todo de cableado, el m\u00e9todo de ajuste, la forma de onda de referencia, etc. Y se puede comprobar escaneando el c\u00f3digo QR.<\/p>\n<p><img loading=\"lazy\" decoding=\"async\" src=\"http:\/\/www.hantek.com\/uploadpic\/kd\/image\/20180531\/20180531153908_6552.jpg\" alt=\"\" width=\"720\" height=\"385\" \/><\/p>\n<p><img loading=\"lazy\" decoding=\"async\" title=\"\" src=\"http:\/\/www.hantek.com\/uploadpic\/kd\/image\/20180531\/20180531153325_7592.jpg\" alt=\"\" width=\"15\" height=\"17\" align=\"\" \/>\u00a0<strong>Forma de onda de referencia<\/strong><\/p>\n<p>M\u00e1s de 80 tipos de\u00a0\u00a0formas de onda de referencia est\u00e1ndar en el interior, que se pueden consultar o cerrar con un bot\u00f3n. Es conveniente comparar\u00a0.<\/p>\n<p><img loading=\"lazy\" decoding=\"async\" src=\"http:\/\/www.hantek.com\/uploadpic\/kd\/image\/20180531\/20180531153640_0538.jpg\" alt=\"\" width=\"720\" height=\"423\" \/><\/p>\n<p><img loading=\"lazy\" decoding=\"async\" title=\"\" src=\"http:\/\/www.hantek.com\/uploadpic\/kd\/image\/20180531\/20180531153325_7592.jpg\" alt=\"\" width=\"15\" height=\"17\" align=\"\" \/>\u00a0<strong>M\u00e9todo\u00a0<\/strong><strong>de medici\u00f3n<\/strong><\/p>\n<p>20 tipos de m\u00e9todos de medici\u00f3n autom\u00e1tica que se pueden activar o desactivar con un bot\u00f3n. Es conveniente y visual leer el resultado.<\/p>\n<p><img loading=\"lazy\" decoding=\"async\" src=\"http:\/\/www.hantek.com\/uploadpic\/kd\/image\/20180531\/20180531154055_9611.jpg\" alt=\"\" width=\"720\" height=\"384\" \/><\/p>\n<p><img loading=\"lazy\" decoding=\"async\" title=\"\" src=\"http:\/\/www.hantek.com\/uploadpic\/kd\/image\/20180531\/20180531153325_7592.jpg\" alt=\"\" width=\"15\" height=\"17\" align=\"\" \/>\u00a0<strong>Imprimir<\/strong><\/p>\n<p>El resultado se puede imprimir con un bot\u00f3n y generar un informe de diagn\u00f3stico que es f\u00e1cil de guardar y registrar.<\/p>\n<p><img loading=\"lazy\" decoding=\"async\" src=\"http:\/\/www.hantek.com\/uploadpic\/kd\/image\/20180531\/20180531154228_6981.jpg\" alt=\"\" width=\"720\" height=\"386\" \/><\/p>\n<p><img loading=\"lazy\" decoding=\"async\" title=\"\" src=\"http:\/\/www.hantek.com\/uploadpic\/kd\/image\/20180531\/20180531153325_7592.jpg\" alt=\"\" width=\"15\" height=\"17\" align=\"\" \/>\u00a0<strong>Forma de onda de comparaci\u00f3n REF<\/strong><\/p>\n<p>El usuario puede guardar la forma de onda como formato REF y recuperarla cuando necesite comparar dos formas de onda capturadas en momentos diferentes.<\/p>\n<p><img loading=\"lazy\" decoding=\"async\" src=\"http:\/\/www.hantek.com\/uploadpic\/kd\/image\/20180531\/20180531154358_3841.jpg\" alt=\"\" width=\"720\" height=\"386\" \/><\/p>\n<p><img loading=\"lazy\" decoding=\"async\" title=\"\" src=\"http:\/\/www.hantek.com\/uploadpic\/kd\/image\/20180531\/20180531153325_7592.jpg\" alt=\"\" width=\"15\" height=\"17\" align=\"\" \/>\u00a0<strong>Almacenamiento de datos<\/strong><\/p>\n<p>El resultado del diagn\u00f3stico se puede guardar en formato txt, csv, rfc, xls, doc, jpg, etc. Es conveniente comprobarlo y compararlo m\u00e1s tarde.<\/p>\n<p><img loading=\"lazy\" decoding=\"async\" src=\"http:\/\/www.hantek.com\/uploadpic\/kd\/image\/20180531\/20180531154540_3812.jpg\" alt=\"\" width=\"720\" height=\"385\" \/><\/p>\n<p><img loading=\"lazy\" decoding=\"async\" title=\"\" src=\"http:\/\/www.hantek.com\/uploadpic\/kd\/image\/20180531\/20180531153325_7592.jpg\" alt=\"\" width=\"15\" height=\"17\" align=\"\" \/>\u00a0<strong>Diagn\u00f3stico de veh\u00edculos 8CH<\/strong><\/p>\n<p>Se pueden medir 8 se\u00f1ales de forma simult\u00e1nea. El voltaje de medici\u00f3n de cada canal se puede ajustar de forma independiente. Puede elegir abrir o cerrar cada canal.<\/p>\n<p><img loading=\"lazy\" decoding=\"async\" src=\"http:\/\/www.hantek.com\/uploadpic\/kd\/image\/20180531\/20180531154636_6119.jpg\" alt=\"\" width=\"720\" height=\"384\" \/><\/p>\n<p><img loading=\"lazy\" decoding=\"async\" title=\"\" src=\"http:\/\/www.hantek.com\/uploadpic\/kd\/image\/20180531\/20180531153325_7592.jpg\" alt=\"\" width=\"15\" height=\"17\" align=\"\" \/>\u00a0<strong>Registro de forma de onda<\/strong><\/p>\n<p>Admite grabaci\u00f3n y reproducci\u00f3n de la forma de onda. La forma de onda se puede guardar en el disco duro de la computadora y es f\u00e1cil de leer. No hay l\u00edmite para el tiempo de grabaci\u00f3n, por lo que se puede medir y registrar la forma de onda durante mucho tiempo para solucionar problemas.<\/p>\n<p><img loading=\"lazy\" decoding=\"async\" src=\"http:\/\/www.hantek.com\/uploadpic\/kd\/image\/20180531\/20180531154755_0915.jpg\" alt=\"\" width=\"720\" height=\"384\" \/><\/p>\n<p><img loading=\"lazy\" decoding=\"async\" title=\"\" src=\"http:\/\/www.hantek.com\/uploadpic\/kd\/image\/20180531\/20180531153325_7592.jpg\" alt=\"\" width=\"15\" height=\"17\" align=\"\" \/>\u00a0<strong>Soporte multiling\u00fce<\/strong><\/p>\n<p>Admite la superficie de visualizaci\u00f3n en idioma chino, ingl\u00e9s y alem\u00e1n, y se puede cambiar libremente.<\/p>\n<p><img loading=\"lazy\" decoding=\"async\" src=\"http:\/\/www.hantek.com\/uploadpic\/kd\/image\/20180531\/20180531154852_0731.jpg\" alt=\"\" width=\"720\" height=\"423\" \/><\/p>\n<p><img loading=\"lazy\" decoding=\"async\" title=\"\" src=\"http:\/\/www.hantek.com\/uploadpic\/kd\/image\/20180531\/20180531153325_7592.jpg\" alt=\"\" width=\"15\" height=\"17\" align=\"\" \/>\u00a0<strong>Medici\u00f3n del cursor<\/strong><\/p>\n<p>Admite 4 tipos de modo de medici\u00f3n del cursor: transversal, de seguimiento, horizontal y vertical. Es f\u00e1cil leer el tiempo y el voltaje de una se\u00f1al irregular.<\/p>\n<p><img loading=\"lazy\" decoding=\"async\" src=\"http:\/\/www.hantek.com\/uploadpic\/kd\/image\/20180531\/20180531154957_1440.jpg\" alt=\"\" width=\"720\" height=\"384\" \/><\/p>\n<p><img loading=\"lazy\" decoding=\"async\" title=\"\" src=\"http:\/\/www.hantek.com\/uploadpic\/kd\/image\/20180531\/20180531153325_7592.jpg\" alt=\"\" width=\"15\" height=\"17\" align=\"\" \/>\u00a0<strong>Color y luminosidad\u00a0<\/strong><\/p>\n<p>El color de fondo es opcional y depende de las preferencias del usuario. La claridad de la forma de onda y la cuadr\u00edcula se pueden configurar.<\/p>\n<p><img loading=\"lazy\" decoding=\"async\" src=\"http:\/\/www.hantek.com\/uploadpic\/kd\/image\/20180531\/20180531155117_7672.jpg\" alt=\"\" width=\"720\" height=\"386\" \/><\/p>\n<p>&nbsp;<\/p>\n<p><img loading=\"lazy\" decoding=\"async\" title=\"\" src=\"http:\/\/www.hantek.com\/uploadpic\/kd\/image\/20180531\/20180531153325_7592.jpg\" alt=\"\" width=\"15\" height=\"17\" align=\"\" \/>\u00a0<strong>Comunicaci\u00f3n USB<\/strong><\/p>\n<p>Fuente de alimentaci\u00f3n USB2.0 + interfaz de comunicaci\u00f3n, plug and play, y admite conexi\u00f3n en caliente.<\/p>\n<p><img loading=\"lazy\" decoding=\"async\" src=\"http:\/\/www.hantek.com\/uploadpic\/kd\/image\/20180531\/20180531154755_0915.jpg\" alt=\"\" width=\"720\" height=\"384\" \/><\/p>\n<p><img loading=\"lazy\" decoding=\"async\" title=\"\" src=\"http:\/\/www.hantek.com\/uploadpic\/kd\/image\/20180531\/20180531153325_7592.jpg\" alt=\"\" width=\"15\" height=\"17\" align=\"\" \/>\u00a0<strong>Generador de se\u00f1ales<\/strong><\/p>\n<p>Funci\u00f3n de generador de se\u00f1ales, puede simular la se\u00f1al del cig\u00fce\u00f1al y del \u00e1rbol de levas.<\/p>\n<p><img loading=\"lazy\" decoding=\"async\" src=\"http:\/\/www.hantek.com\/uploadpic\/kd\/image\/20180531\/20180531155444_9197.jpg\" alt=\"\" width=\"720\" height=\"379\" \/><\/p>\n","protected":false},"excerpt":{"rendered":"<p>Osciloscopio de 8 canales para pruebas de veh\u00edculos. M\u00e1s de 80 tipos de funciones de diagn\u00f3stico automotriz (encendido\/sensor\/detecci\u00f3n de bus\/rendimiento\/circuitos de arranque y carga, etc.). Funci\u00f3n de ayuda de video, proporciona la ayuda de video del diagn\u00f3stico que se puede ver en l\u00ednea. El resultado del diagn\u00f3stico se puede generar como un informe de diagn\u00f3stico, imprimir o tomar una captura de pantalla presionando una tecla, muchos m\u00e9todos para guardar los datos. Admite la grabaci\u00f3n de formas de onda durante mucho tiempo. Puede simular la se\u00f1al del \u00e1rbol de levas y del cig\u00fce\u00f1al. Transmite se\u00f1ales a trav\u00e9s de la interfaz USB 2.0 plug and play, y no necesita una fuente de alimentaci\u00f3n adicional;<\/p>\n","protected":false},"featured_media":30842,"comment_status":"open","ping_status":"closed","template":"","meta":[],"product_brand":[],"product_cat":[140],"product_tag":[],"class_list":{"0":"post-30840","1":"product","2":"type-product","3":"status-publish","4":"has-post-thumbnail","6":"product_cat-osciloscopios","8":"first","9":"instock","10":"taxable","11":"shipping-taxable","12":"purchasable","13":"product-type-simple"},"_links":{"self":[{"href":"https:\/\/8000rpmtools.com\/index.php?rest_route=\/wp\/v2\/product\/30840","targetHints":{"allow":["GET"]}}],"collection":[{"href":"https:\/\/8000rpmtools.com\/index.php?rest_route=\/wp\/v2\/product"}],"about":[{"href":"https:\/\/8000rpmtools.com\/index.php?rest_route=\/wp\/v2\/types\/product"}],"replies":[{"embeddable":true,"href":"https:\/\/8000rpmtools.com\/index.php?rest_route=%2Fwp%2Fv2%2Fcomments&post=30840"}],"wp:featuredmedia":[{"embeddable":true,"href":"https:\/\/8000rpmtools.com\/index.php?rest_route=\/wp\/v2\/media\/30842"}],"wp:attachment":[{"href":"https:\/\/8000rpmtools.com\/index.php?rest_route=%2Fwp%2Fv2%2Fmedia&parent=30840"}],"wp:term":[{"taxonomy":"product_brand","embeddable":true,"href":"https:\/\/8000rpmtools.com\/index.php?rest_route=%2Fwp%2Fv2%2Fproduct_brand&post=30840"},{"taxonomy":"product_cat","embeddable":true,"href":"https:\/\/8000rpmtools.com\/index.php?rest_route=%2Fwp%2Fv2%2Fproduct_cat&post=30840"},{"taxonomy":"product_tag","embeddable":true,"href":"https:\/\/8000rpmtools.com\/index.php?rest_route=%2Fwp%2Fv2%2Fproduct_tag&post=30840"}],"curies":[{"name":"wp","href":"https:\/\/api.w.org\/{rel}","templated":true}]}}