{"id":30769,"date":"2024-08-22T19:07:25","date_gmt":"2024-08-23T00:07:25","guid":{"rendered":"https:\/\/8000rpmtools.com\/?post_type=product&#038;p=30769"},"modified":"2024-08-27T14:40:51","modified_gmt":"2024-08-27T19:40:51","slug":"escaner-automotriz-launch-x431-pad-vii","status":"publish","type":"product","link":"https:\/\/8000rpmtools.com\/?product=escaner-automotriz-launch-x431-pad-vii","title":{"rendered":"ESCANER AUTOMOTRIZ LAUNCH X431 PAD VII"},"content":{"rendered":"<section class=\"elementor-section elementor-top-section elementor-element elementor-element-a9a9f8d elementor-section-full_width elementor-section-height-default elementor-section-height-default\" data-particle_enable=\"false\" data-particle-mobile-disabled=\"false\" data-id=\"a9a9f8d\" data-element_type=\"section\">\n<div class=\"elementor-container elementor-column-gap-default\">\n<div class=\"elementor-column elementor-col-16 elementor-top-column elementor-element elementor-element-0b801af\" data-id=\"0b801af\" data-element_type=\"column\">\n<div class=\"elementor-widget-wrap elementor-element-populated\">\n<div class=\"elementor-element elementor-element-0945355 elementor-widget__width-inherit elementor-widget elementor-widget-image\" data-id=\"0945355\" data-element_type=\"widget\" data-widget_type=\"image.default\">\n<div>\n<h2><img decoding=\"async\" src=\"http:\/\/www.danshuicorp.com\/wp-content\/uploads\/2022\/05\/PAD-VII.png\" \/><\/h2>\n<h2><img loading=\"lazy\" decoding=\"async\" class=\"aligncenter\" src=\"http:\/\/www.danshuicorp.com\/wp-content\/uploads\/2023\/07\/smart-link-01.png\" width=\"522\" height=\"365\" \/><\/h2>\n<p>&nbsp;<\/p>\n<div>\n<div>\n<h2 class=\"elementor-heading-title elementor-size-default\">Caracter\u00edsticas<\/h2>\n<p>\u200e \u200e\u00a0 \u200e\u200e \u200e\u00a0 \u200e\u00a0 \u00a0 \u00a0 \u00a0 \u00a0<img loading=\"lazy\" decoding=\"async\" class=\"alignnone wp-image-9137\" src=\"http:\/\/autech.com.ec\/wp-content\/uploads\/2023\/01\/topology-300x300.png\" sizes=\"auto, (max-width: 200px) 100vw, 200px\" srcset=\"https:\/\/autech.com.ec\/wp-content\/uploads\/2023\/01\/topology-300x300.png 300w, https:\/\/autech.com.ec\/wp-content\/uploads\/2023\/01\/topology-150x150.png 150w, https:\/\/autech.com.ec\/wp-content\/uploads\/2023\/01\/topology-430x430.png 430w, https:\/\/autech.com.ec\/wp-content\/uploads\/2023\/01\/topology-130x130.png 130w, https:\/\/autech.com.ec\/wp-content\/uploads\/2023\/01\/topology.png 530w\" alt=\"\" width=\"200\" height=\"200\" \/>\u00a0 \u00a0 \u00a0 \u00a0 \u00a0 \u00a0 \u00a0 \u00a0 \u00a0 \u00a0 \u00a0 \u00a0 \u00a0 \u00a0 \u00a0 \u00a0<img loading=\"lazy\" decoding=\"async\" class=\"alignnone wp-image-9136\" src=\"http:\/\/autech.com.ec\/wp-content\/uploads\/2023\/01\/specialfunctionsnew-1-300x300.png\" sizes=\"auto, (max-width: 200px) 100vw, 200px\" srcset=\"https:\/\/autech.com.ec\/wp-content\/uploads\/2023\/01\/specialfunctionsnew-1-300x300.png 300w, https:\/\/autech.com.ec\/wp-content\/uploads\/2023\/01\/specialfunctionsnew-1-150x150.png 150w, https:\/\/autech.com.ec\/wp-content\/uploads\/2023\/01\/specialfunctionsnew-1-430x430.png 430w, https:\/\/autech.com.ec\/wp-content\/uploads\/2023\/01\/specialfunctionsnew-1-130x130.png 130w, https:\/\/autech.com.ec\/wp-content\/uploads\/2023\/01\/specialfunctionsnew-1.png 530w\" alt=\"\" width=\"200\" height=\"200\" \/>\u00a0 \u00a0 \u00a0 \u00a0 \u00a0 \u00a0 \u00a0 \u00a0 \u00a0 \u00a0 \u00a0 \u00a0 \u00a0 \u00a0 \u00a0 \u00a0<img loading=\"lazy\" decoding=\"async\" class=\"alignnone wp-image-9135\" src=\"http:\/\/autech.com.ec\/wp-content\/uploads\/2023\/01\/newprotocols-1-300x300.png\" sizes=\"auto, (max-width: 200px) 100vw, 200px\" srcset=\"https:\/\/autech.com.ec\/wp-content\/uploads\/2023\/01\/newprotocols-1-300x300.png 300w, https:\/\/autech.com.ec\/wp-content\/uploads\/2023\/01\/newprotocols-1-150x150.png 150w, https:\/\/autech.com.ec\/wp-content\/uploads\/2023\/01\/newprotocols-1-430x430.png 430w, https:\/\/autech.com.ec\/wp-content\/uploads\/2023\/01\/newprotocols-1-130x130.png 130w, https:\/\/autech.com.ec\/wp-content\/uploads\/2023\/01\/newprotocols-1.png 530w\" alt=\"\" width=\"200\" height=\"200\" \/>\u00a0 \u00a0 \u00a0 \u00a0 \u00a0 \u00a0 \u00a0 \u00a0 \u00a0 \u00a0 \u00a0 \u00a0 \u00a0 \u00a0 \u00a0 \u00a0<img loading=\"lazy\" decoding=\"async\" class=\"alignnone wp-image-9134\" src=\"http:\/\/autech.com.ec\/wp-content\/uploads\/2023\/01\/ipconfprotect-300x300.png\" sizes=\"auto, (max-width: 200px) 100vw, 200px\" srcset=\"https:\/\/autech.com.ec\/wp-content\/uploads\/2023\/01\/ipconfprotect-300x300.png 300w, https:\/\/autech.com.ec\/wp-content\/uploads\/2023\/01\/ipconfprotect-150x150.png 150w, https:\/\/autech.com.ec\/wp-content\/uploads\/2023\/01\/ipconfprotect-430x430.png 430w, https:\/\/autech.com.ec\/wp-content\/uploads\/2023\/01\/ipconfprotect-130x130.png 130w, https:\/\/autech.com.ec\/wp-content\/uploads\/2023\/01\/ipconfprotect.png 530w\" alt=\"\" width=\"200\" height=\"200\" \/><\/p>\n<\/div>\n<div>\u200e \u200e\u00a0 \u200e\u200e \u200e\u00a0 \u200e\u200e \u200e\u00a0 \u200e\u200e \u200e\u00a0 \u200e\u200e \u200e\u00a0 \u200e\u200e \u200e\u00a0 \u200e\u200e \u200e\u00a0 \u200e<\/div>\n<div>TOPOLOG\u00cdA DE REDES MULTIPLEXADAS\u00a0 \u00a0 \u00a0 \u00a0 \u00a0 \u00a0 \u00a0 \u00a0 \u00a0 \u00a0 \u00a041 FUNCIONES ESPECIALES\u00a0 \u00a0 \u00a0 \u00a0 \u00a0 \u00a0 \u00a0 \u00a0 \u00a0 \u00a0 \u00a0 \u00a0 \u00a0 PROTOCOLOS CANFD DOIP &amp; J2534\u00a0 \u00a0 \u00a0 \u00a0 \u00a0 \u00a0 \u00a0 \u00a0 \u00a0 \u00a0 \u00a0IP65 WATERPROOF &amp; DUSTPROOF<\/div>\n<div>\u200e \u200e\u00a0 \u200e<\/div>\n<div>\u200e \u200e\u00a0 \u200e<\/div>\n<div class=\"elementor-widget-container\">\u00a0 \u00a0 \u00a0 \u00a0 \u00a0 \u00a0 \u00a0 \u00a0<img loading=\"lazy\" decoding=\"async\" class=\"alignnone wp-image-9133\" src=\"http:\/\/autech.com.ec\/wp-content\/uploads\/2023\/01\/hdexpandnew-300x300.png\" sizes=\"auto, (max-width: 200px) 100vw, 200px\" srcset=\"https:\/\/autech.com.ec\/wp-content\/uploads\/2023\/01\/hdexpandnew-300x300.png 300w, https:\/\/autech.com.ec\/wp-content\/uploads\/2023\/01\/hdexpandnew-150x150.png 150w, https:\/\/autech.com.ec\/wp-content\/uploads\/2023\/01\/hdexpandnew-430x430.png 430w, https:\/\/autech.com.ec\/wp-content\/uploads\/2023\/01\/hdexpandnew-130x130.png 130w, https:\/\/autech.com.ec\/wp-content\/uploads\/2023\/01\/hdexpandnew.png 530w\" alt=\"\" width=\"200\" height=\"200\" \/>\u00a0 \u00a0 \u00a0 \u00a0 \u00a0 \u00a0 \u00a0 \u00a0 \u00a0 \u00a0 \u00a0 \u00a0 \u00a0 \u00a0 \u00a0 \u00a0<img loading=\"lazy\" decoding=\"async\" class=\"alignnone wp-image-9127\" src=\"http:\/\/autech.com.ec\/wp-content\/uploads\/2023\/01\/advancedprogramming-300x300.png\" sizes=\"auto, (max-width: 200px) 100vw, 200px\" srcset=\"https:\/\/autech.com.ec\/wp-content\/uploads\/2023\/01\/advancedprogramming-300x300.png 300w, https:\/\/autech.com.ec\/wp-content\/uploads\/2023\/01\/advancedprogramming-150x150.png 150w, https:\/\/autech.com.ec\/wp-content\/uploads\/2023\/01\/advancedprogramming-430x430.png 430w, https:\/\/autech.com.ec\/wp-content\/uploads\/2023\/01\/advancedprogramming-130x130.png 130w, https:\/\/autech.com.ec\/wp-content\/uploads\/2023\/01\/advancedprogramming.png 530w\" alt=\"\" width=\"200\" height=\"200\" \/>\u00a0 \u00a0 \u00a0 \u00a0 \u00a0 \u00a0 \u00a0 \u00a0 \u00a0 \u00a0 \u00a0 \u00a0 \u00a0 \u00a0 \u00a0 \u00a0<img loading=\"lazy\" decoding=\"async\" class=\"alignnone wp-image-9131\" src=\"http:\/\/autech.com.ec\/wp-content\/uploads\/2023\/01\/evadonkitnew-300x300.png\" sizes=\"auto, (max-width: 200px) 100vw, 200px\" srcset=\"https:\/\/autech.com.ec\/wp-content\/uploads\/2023\/01\/evadonkitnew-300x300.png 300w, https:\/\/autech.com.ec\/wp-content\/uploads\/2023\/01\/evadonkitnew-150x150.png 150w, https:\/\/autech.com.ec\/wp-content\/uploads\/2023\/01\/evadonkitnew-430x430.png 430w, https:\/\/autech.com.ec\/wp-content\/uploads\/2023\/01\/evadonkitnew-130x130.png 130w, https:\/\/autech.com.ec\/wp-content\/uploads\/2023\/01\/evadonkitnew.png 530w\" alt=\"\" width=\"200\" height=\"200\" \/>\u00a0 \u00a0 \u00a0 \u00a0 \u00a0 \u00a0 \u00a0 \u00a0 \u00a0 \u00a0 \u00a0 \u00a0 \u00a0 \u00a0 \u00a0 \u00a0<img loading=\"lazy\" decoding=\"async\" class=\"alignnone wp-image-9128\" src=\"http:\/\/autech.com.ec\/wp-content\/uploads\/2023\/01\/batterynew-300x300.png\" sizes=\"auto, (max-width: 200px) 100vw, 200px\" srcset=\"https:\/\/autech.com.ec\/wp-content\/uploads\/2023\/01\/batterynew-300x300.png 300w, https:\/\/autech.com.ec\/wp-content\/uploads\/2023\/01\/batterynew-150x150.png 150w, https:\/\/autech.com.ec\/wp-content\/uploads\/2023\/01\/batterynew-430x430.png 430w, https:\/\/autech.com.ec\/wp-content\/uploads\/2023\/01\/batterynew-130x130.png 130w, https:\/\/autech.com.ec\/wp-content\/uploads\/2023\/01\/batterynew.png 530w\" alt=\"\" width=\"200\" height=\"200\" \/><\/div>\n<div>\u200e \u200e\u00a0 \u200e<\/div>\n<div><\/div>\n<div>SOFTWARE EXPANDIBLE HEAVY DUTY\u00a0 \u00a0 \u00a0 \u00a0 \u00a0 \u00a0 \u00a0 \u00a0 \u00a0 \u00a0 \u00a0 \u00a0 \u00a0 \u00a0 \u00a0 CODIFICACIONES EN LINEA\u00a0 \u00a0 \u00a0 \u00a0 \u00a0 \u00a0 \u00a0 \u00a0 \u00a0 \u00a0 \u00a0 \u00a0SOFTWARE EXPANDIBLE NUEVA ENERGIA\u00a0 \u00a0 \u00a0 \u00a0 \u00a0 \u00a0 \u00a0 \u00a0 \u00a0TECNOLOG\u00cdA CARGA R\u00c1PIDA<\/div>\n<div>\u200e \u200e\u00a0 \u200e<\/div>\n<div><\/div>\n<div class=\"elementor-widget-container\">\u00a0 \u00a0 \u00a0 \u00a0 \u00a0 \u00a0 \u00a0 \u00a0\u00a0<img loading=\"lazy\" decoding=\"async\" class=\"alignnone wp-image-9138\" src=\"http:\/\/autech.com.ec\/wp-content\/uploads\/2023\/01\/dualwifinew-300x300.png\" sizes=\"auto, (max-width: 200px) 100vw, 200px\" srcset=\"https:\/\/autech.com.ec\/wp-content\/uploads\/2023\/01\/dualwifinew-300x300.png 300w, https:\/\/autech.com.ec\/wp-content\/uploads\/2023\/01\/dualwifinew-150x150.png 150w, https:\/\/autech.com.ec\/wp-content\/uploads\/2023\/01\/dualwifinew-430x430.png 430w, https:\/\/autech.com.ec\/wp-content\/uploads\/2023\/01\/dualwifinew-130x130.png 130w, https:\/\/autech.com.ec\/wp-content\/uploads\/2023\/01\/dualwifinew.png 530w\" alt=\"\" width=\"200\" height=\"200\" \/>\u00a0 \u00a0 \u00a0 \u00a0 \u00a0 \u00a0 \u00a0 \u00a0 \u00a0 \u00a0 \u00a0 \u00a0 \u00a0 \u00a0 \u00a0 \u00a0<img loading=\"lazy\" decoding=\"async\" class=\"alignnone wp-image-9126\" src=\"http:\/\/autech.com.ec\/wp-content\/uploads\/2023\/01\/adascarcalib-300x300.png\" sizes=\"auto, (max-width: 200px) 100vw, 200px\" srcset=\"https:\/\/autech.com.ec\/wp-content\/uploads\/2023\/01\/adascarcalib-300x300.png 300w, https:\/\/autech.com.ec\/wp-content\/uploads\/2023\/01\/adascarcalib-150x150.png 150w, https:\/\/autech.com.ec\/wp-content\/uploads\/2023\/01\/adascarcalib-430x430.png 430w, https:\/\/autech.com.ec\/wp-content\/uploads\/2023\/01\/adascarcalib-130x130.png 130w, https:\/\/autech.com.ec\/wp-content\/uploads\/2023\/01\/adascarcalib.png 530w\" alt=\"\" width=\"200\" height=\"200\" \/>\u00a0 \u00a0 \u00a0 \u00a0 \u00a0 \u00a0 \u00a0 \u00a0 \u00a0 \u00a0 \u00a0 \u00a0 \u00a0 \u00a0 \u00a0 \u00a0<img loading=\"lazy\" decoding=\"async\" class=\"alignnone wp-image-9132\" src=\"http:\/\/autech.com.ec\/wp-content\/uploads\/2023\/01\/hdadascalibr-300x300.png\" sizes=\"auto, (max-width: 200px) 100vw, 200px\" srcset=\"https:\/\/autech.com.ec\/wp-content\/uploads\/2023\/01\/hdadascalibr-300x300.png 300w, https:\/\/autech.com.ec\/wp-content\/uploads\/2023\/01\/hdadascalibr-150x150.png 150w, https:\/\/autech.com.ec\/wp-content\/uploads\/2023\/01\/hdadascalibr-430x430.png 430w, https:\/\/autech.com.ec\/wp-content\/uploads\/2023\/01\/hdadascalibr-130x130.png 130w, https:\/\/autech.com.ec\/wp-content\/uploads\/2023\/01\/hdadascalibr.png 530w\" alt=\"\" width=\"200\" height=\"200\" \/>\u00a0 \u00a0 \u00a0 \u00a0 \u00a0 \u00a0 \u00a0 \u00a0 \u00a0 \u00a0 \u00a0 \u00a0 \u00a0 \u00a0 \u00a0 \u00a0<img loading=\"lazy\" decoding=\"async\" class=\"alignnone wp-image-9129\" src=\"http:\/\/autech.com.ec\/wp-content\/uploads\/2023\/01\/bidirectionalservice-300x300.png\" sizes=\"auto, (max-width: 200px) 100vw, 200px\" srcset=\"https:\/\/autech.com.ec\/wp-content\/uploads\/2023\/01\/bidirectionalservice-300x300.png 300w, https:\/\/autech.com.ec\/wp-content\/uploads\/2023\/01\/bidirectionalservice-150x150.png 150w, https:\/\/autech.com.ec\/wp-content\/uploads\/2023\/01\/bidirectionalservice-430x430.png 430w, https:\/\/autech.com.ec\/wp-content\/uploads\/2023\/01\/bidirectionalservice-130x130.png 130w, https:\/\/autech.com.ec\/wp-content\/uploads\/2023\/01\/bidirectionalservice.png 530w\" alt=\"\" width=\"200\" height=\"200\" \/><\/div>\n<div>\u200e \u200e\u00a0 \u200e<\/div>\n<div><\/div>\n<div>\u00a0 \u00a0 \u00a0 \u00a0 \u00a0 \u00a0 \u00a0 \u00a0 \u00a0COMPATIBILIDAD DUAL WI-FI\u00a0 \u00a0 \u00a0 \u00a0 \u00a0 \u00a0 \u00a0 \u00a0 \u00a0 \u00a0 \u00a0 \u00a0 \u00a0COMPATIBILIDAD ADAS LIVIANOS\u00a0 \u00a0 \u00a0 \u00a0 \u00a0 \u00a0 \u200e \u200e\u00a0 \u200e\u200e\u00a0 \u00a0 \u00a0 \u00a0 \u200e\u00a0 \u00a0 \u00a0 \u200eCOMPATIBILIDAD ADAS PESADOS\u00a0 \u00a0 \u00a0 \u00a0 \u00a0 \u00a0 \u00a0 \u00a0 \u00a0 \u00a0 \u00a0 \u00a0 \u00a0\u200e \u200e\u00a0 \u200e\u200eCONTROL BIDIRECCIONAL<\/div>\n<div><\/div>\n<div>\n<div>\n<div><\/div>\n<\/div>\n<div><\/div>\n<\/div>\n<div>\u200e \u200e\u00a0 \u200e\u200e \u200e\u00a0 \u200e<\/div>\n<div>\u200e \u200e\u00a0 \u200e<img decoding=\"async\" src=\"https:\/\/ae01.alicdn.com\/kf\/S7ad2bc8aeb984e83af9307f8e5e5d4f2S.jpg?width=750&amp;height=693&amp;hash=1443\" \/><\/div>\n<\/div>\n<div><\/div>\n<p><img decoding=\"async\" class=\"magic-11\" src=\"https:\/\/ae01.alicdn.com\/kf\/S7ad2bc8aeb984e83af9307f8e5e5d4f2S.jpg?width=750&amp;height=693&amp;hash=1443\" \/><\/p>\n<\/div>\n<div><\/div>\n<\/div>\n<\/div>\n<\/div>\n<\/div>\n<\/section>\n<ul>\n<li>La topolog\u00eda de redes le permite verificar visualmente los DTC y el estado de comunicaci\u00f3n de todos los sistemas.<\/li>\n<li>Le permite diagnosticar veh\u00edculos livianos, medianos y pesados (opcional).<\/li>\n<li>Adem\u00e1s si se complementa con Smartlink B podr\u00e1 realizar diagn\u00f3sticos a distancia.<\/li>\n<li>Detecta autom\u00e1ticamente el protocolo de comunicaci\u00f3n del veh\u00edculo para verificar si hay alg\u00fan pin del puerto OBDII da\u00f1ado.\u200b<\/li>\n<li>Diagnostico de sistema completo para los mercados de EE.UU., Asia y Europa en m\u00e1s de 110 fabricantes, que se actualizan continuamente.\u200b<\/li>\n<li>Visualizaci\u00f3n de voltaje en tiempo real.<\/li>\n<li>Esto ayuda a monitorear la condici\u00f3n de voltaje del veh\u00edculo durante el diagn\u00f3stico.\u200b<\/li>\n<li>Admite los protocolos de comunicaci\u00f3n automotriz CAN\/CANFD\/DoIP y los est\u00e1ndares de comunicaci\u00f3n automotriz J2534\/D-PDU\/RP1210.\u200b<\/li>\n<li>El diagn\u00f3stico inteligente permite identificar el VIN e ingresar autom\u00e1ticamente a los sistemas del veh\u00edculo.\u200b<\/li>\n<li>Las funciones b\u00e1sicas incluyen leer y borrar DTC, diagn\u00f3stico remoto, control bidireccional, gr\u00e1fico de datos en vivo, actualizaci\u00f3n de software inal\u00e1mbrico, etc.\u200b<\/li>\n<li>Funciones guiadas para Volkswagen y Audi.\u200b<\/li>\n<li>X-431 PAD VII tiene compatibilidad con equipos de calibraci\u00f3n ADAS que le servir\u00e1 para reestablecer y calibrar sensores de proximidad y anticolisiones.<\/li>\n<li>Con este equipo podr\u00e1 realizar funciones online que le ayudaran a reestablecer la configuraci\u00f3n completa de la ECU a modo f\u00e1brica sin necesidad del software original del fabricante.<\/li>\n<li>Puede utilizar su TSGUN para realizar programaciones y recalibraciones de sensores TPMS.<\/li>\n<li>Posee un MALL que le permitir\u00e1 comprar y adicionar nuevas marcas y funciones a su equipo<\/li>\n<\/ul>\n<h2 class=\"elementor-heading-title elementor-size-default\">41\u00a0Funciones Especiales<\/h2>\n<p><img decoding=\"async\" src=\"http:\/\/www.danshuicorp.com\/wp-content\/uploads\/2022\/05\/X-431-PAD-VII-Link-Funciones.png\" \/><\/p>\n<section class=\"elementor-section elementor-top-section elementor-element elementor-element-a07cebe elementor-section-full_width elementor-section-height-default elementor-section-height-default\" data-particle_enable=\"false\" data-particle-mobile-disabled=\"false\" data-id=\"a07cebe\" data-element_type=\"section\">\n<div class=\"elementor-container elementor-column-gap-default\">\n<div class=\"elementor-column elementor-col-100 elementor-top-column elementor-element elementor-element-9e7daf8\" data-id=\"9e7daf8\" data-element_type=\"column\">\n<div class=\"elementor-widget-wrap elementor-element-populated\">\n<div class=\"elementor-element elementor-element-3b3ca20 elementor-widget elementor-widget-heading\" data-id=\"3b3ca20\" data-element_type=\"widget\" data-widget_type=\"heading.default\">\n<p><img decoding=\"async\" src=\"https:\/\/ae01.alicdn.com\/kf\/S4d15a83502b946d69d3e4c0461befe3aJ.jpg?width=750&amp;height=1276&amp;hash=2026\" \/><\/p>\n<\/div>\n<\/div>\n<\/div>\n<\/div>\n<\/section>\n<h2 class=\"elementor-heading-title elementor-size-default\">Accesorios\u00a0Adheribles<\/h2>\n<div class=\"elementor-column elementor-col-50 elementor-top-column elementor-element elementor-element-42f1ec1\" data-id=\"42f1ec1\" data-element_type=\"column\">\n<div class=\"eael-feature-list-icon-box\">\n<div class=\"eael-feature-list-icon-box\">\n<div><\/div>\n<\/div>\n<table width=\"1129\">\n<tbody>\n<tr>\n<td width=\"100\"><img loading=\"lazy\" decoding=\"async\" class=\"aligncenter\" src=\"https:\/\/www.woodford-automotive-training.com\/media\/library\/uploads\/categoryproduct\/large\/launch-vsp600-videoscope-1599918222-0.png\" alt=\"Diagnostic Product | Diagnostic Tools | Launch Vsp600 Videoscope | Details | Woodford Automotive Diagnostic &amp; Training Service in Cavan Ireland\" width=\"83\" height=\"189\" \/><\/p>\n<p><strong>VSP-600<\/strong><\/td>\n<td width=\"244\">\u00a0Videoscopio que podr\u00e1s conectar a tu equipo X-431 y lograr tener visi\u00f3n en lugares donde tus ojos no llegan.<\/td>\n<td width=\"78\"><a class=\"eael-feature-list-icon fl-icon-0\" href=\"https:\/\/cnlaunchlatin.com\/diagnostico\/impresora\/\"><img decoding=\"async\" class=\"eael-feature-list-img aligncenter\" src=\"https:\/\/cnlaunchlatin.com\/wp-content\/uploads\/2022\/12\/Impresora.png\" alt=\"\" \/><\/a><\/p>\n<p><img loading=\"lazy\" decoding=\"async\" class=\"aligncenter\" src=\"https:\/\/m.media-amazon.com\/images\/I\/71JJNH-XZLL._AC_UF894,1000_QL80_.jpg\" alt=\"Amazon.com: LAUNCH TOOLS 307010002 Mini impresora Wifi : Electr\u00f3nica\" width=\"109\" height=\"173\" \/><\/p>\n<p><strong>IMPRESORA<\/strong><\/td>\n<td width=\"244\">Con la impresora portatil de Launch podr\u00e1s imprimir los informes a tus clientes de c\u00f3digos de fallo y flujos de datos a un tama\u00f1o reducido amigable a la vista.<\/td>\n<\/tr>\n<\/tbody>\n<\/table>\n<div><\/div>\n<div>\n<table width=\"1129\">\n<tbody>\n<tr>\n<td width=\"100\"><img decoding=\"async\" src=\"https:\/\/www.launchtech.co.uk\/image_resize\/crop\/mw1500\/mh750\/products\/4007\/sensorbox-ii-1726-1400px.jpg\" alt=\"Launch Sensorbox II for Eurotab II\" \/><\/p>\n<p><strong>SENSORBOX S2-2<\/strong><\/td>\n<td width=\"244\">\u00a0Un equipo para complementar tus diagn\u00f3stico de forma interactiva con el que podr\u00e1s generar se\u00f1ales a tu antojo para sensores y actuadores del veh\u00edculo.<\/td>\n<td width=\"78\"><a class=\"eael-feature-list-icon fl-icon-1\" href=\"https:\/\/cnlaunchlatin.com\/tsgun\/\"><img decoding=\"async\" class=\"eael-feature-list-img aligncenter\" src=\"https:\/\/cnlaunchlatin.com\/wp-content\/uploads\/2022\/12\/tsgun.png\" alt=\"\" \/><\/a><\/p>\n<p><img loading=\"lazy\" decoding=\"async\" class=\"aligncenter\" src=\"https:\/\/www.launchprofrance.fr\/img\/p\/4\/8\/6\/486.jpg\" alt=\"TS GUN - OUTIL SPECIAL TPMS - X - 431\" width=\"42\" height=\"172\" \/><\/p>\n<p><strong>X-431 TS GUN<\/strong><\/td>\n<td width=\"244\">Con esta gran herramientas puedes realizar programar sensores TPMS universales y adem\u00e1s monitorear la presi\u00f3n y temperatura de estos.<\/td>\n<\/tr>\n<\/tbody>\n<\/table>\n<p>&nbsp;<\/p>\n<table width=\"1126\">\n<tbody>\n<tr>\n<td width=\"100\"><img decoding=\"async\" src=\"https:\/\/cdn4.volusion.store\/o3n9t-dyzs5\/v\/vspfiles\/photos\/301180894-2.jpg?v-cache=1722246685\" alt=\"Launch O2-2 4 Channel Scope Box\" \/><\/p>\n<p><strong>SCOPEBOX O2-2<\/strong><\/td>\n<td width=\"244\">Osciloscopio de 100MHz como ancho de banda y con hasta 4 canales para que puedas realizar diagn\u00f3stico en las se\u00f1ales el\u00e9ctricas de los veh\u00edculos.<\/td>\n<td width=\"78\"><img decoding=\"async\" class=\"eael-feature-list-img aligncenter\" src=\"https:\/\/cnlaunchlatin.com\/wp-content\/uploads\/2022\/12\/BST360.png\" alt=\"\" \/><\/p>\n<p><img decoding=\"async\" src=\"https:\/\/m.media-amazon.com\/images\/I\/6146EpE6CwL._SL1500_.jpg\" alt=\"LAUNCH BST 360 Battery Tester, 100-2000 CCA...\" \/><\/p>\n<p><strong>BST-360<\/strong><\/td>\n<td width=\"244\">A\u00f1ade este accesorio a tu X-431 y podr\u00e1s realizar diagn\u00f3stico a las bater\u00edas que poseen los veh\u00edculos de tus clientes.<\/td>\n<\/tr>\n<\/tbody>\n<\/table>\n<p>&nbsp;<\/p>\n<table width=\"1124\">\n<tbody>\n<tr>\n<td width=\"100\"><img decoding=\"async\" src=\"https:\/\/www.x431tool.com\/upload\/pro\/23101916977815666809.jpg\" alt=\"Heavy Duty Truck Software License for Launch X431 PAD V\/ PAD VII and PRO5 Get Free Adapter Set\" \/><\/p>\n<p><strong>HEAVY DUTY BOX<\/strong><\/td>\n<td width=\"244\">Este accesorio te permitir\u00e1 expandir tu software de diagn\u00f3stico a veh\u00edculos pesados. Teniendo acceso a m\u00e1s de 80 marcas y 17 centralitas.<\/td>\n<td width=\"78\"><img loading=\"lazy\" decoding=\"async\" class=\"\" src=\"https:\/\/www.mk3.com\/uploads\/files\/products\/product\/MK22408\/launch-x431-ev-diagnostic-add-on-kit-mk22408.jpg\" alt=\"Launch X431 EV Diagnostic Add-on Kit | MK3\" width=\"155\" height=\"155\" \/><\/p>\n<p><strong>EV ADDON KIT<\/strong><\/td>\n<td width=\"244\">Con este accesorio podr\u00e1s expandir el software de diagn\u00f3stico de tu X-431, accediendo a veh\u00edculos de nueva energ\u00eda como tambi\u00e9n diagn\u00f3stico de celdas de bater\u00eda donde se incluyen sus respectivos adaptadores.<\/td>\n<\/tr>\n<\/tbody>\n<\/table>\n<p>&nbsp;<\/p>\n<table width=\"1124\">\n<tbody>\n<tr>\n<td width=\"100\"><img decoding=\"async\" src=\"https:\/\/encrypted-tbn0.gstatic.com\/images?q=tbn:ANd9GcTcRMReKuc4UHBG9wk-5eo_V6YYpPyGKDcJNQ&amp;s\" alt=\"X-431 Key Programmer | Launch Latin America\" \/><\/p>\n<p><strong>X-431 KEY PROGRAMMER<\/strong><\/td>\n<td width=\"244\">\u00a0Este accesorio complementar\u00e1 tus servicios de llaves. Podr\u00e1s generar controles remotos universales, verificar el tipo de chip, verificar estado del transmisor, etc.<\/td>\n<td width=\"78\"><img loading=\"lazy\" decoding=\"async\" class=\"\" src=\"https:\/\/www.danshuicorp.com\/wp-content\/uploads\/2022\/04\/XPORG-3.png\" alt=\"Inmovilizador y programador de llaves Launch X-PROG 3 \u2013 Danshui International Corporation S.A.\" width=\"167\" height=\"167\" \/><\/p>\n<p><strong>X PROG3<\/strong><\/td>\n<td width=\"244\">Este accesorio complementa tu equipo X-431 para poder realizar lectura y escritura de centralitas de motor, caja de cambios como tambi\u00e9n memorias EEPROM y MCU.<\/td>\n<\/tr>\n<\/tbody>\n<\/table>\n<h2 class=\"elementor-heading-title elementor-size-default\">Especificaciones\u00a0T\u00e9cnicas<\/h2>\n<table class=\"ea-advanced-data-table ea-advanced-data-table-tablepress ea-advanced-data-table-f3ca298 ea-advanced-data-table-sortable\" data-id=\"f3ca298\">\n<tbody>\n<tr>\n<td>Sistema Operativo<\/td>\n<td>Android 9.0<\/td>\n<\/tr>\n<tr>\n<td>Pantalla<\/td>\n<td>13,3\u2033 (1920x1080p)<\/td>\n<\/tr>\n<tr>\n<td>Procesador<\/td>\n<td>2.0GHz Octa-Core<\/td>\n<\/tr>\n<tr>\n<td>Memoria RAM<\/td>\n<td>8GB<\/td>\n<\/tr>\n<tr>\n<td>Almacenamiento<\/td>\n<td>256GB<\/td>\n<\/tr>\n<tr>\n<td>Bater\u00eda<\/td>\n<td>9360mAh @7,6V \/ 71,1Wh<\/td>\n<\/tr>\n<tr>\n<td>Camara<\/td>\n<td>Frontal 8MP \/ Trasera 13MP<\/td>\n<\/tr>\n<tr>\n<td>Conexi\u00f3n VCI<\/td>\n<td>2,4\/5GHz Dual WiFi<\/td>\n<\/tr>\n<tr>\n<td>Tama\u00f1o<\/td>\n<td>353x236x71(mm)<\/td>\n<\/tr>\n<tr>\n<td>Interfaces<\/td>\n<td>Micro HDMI\/TF*1 | USB tipo C \/ USB tipo A*1 y DC *1<\/td>\n<\/tr>\n<\/tbody>\n<\/table>\n<\/div>\n<\/div>\n<\/div>\n","protected":false},"excerpt":{"rendered":"<p>Pantalla de 13 pulgadas<\/p>\n<p>Diagn\u00f3stico a Nivel de Concesionario con protocolo J2534<\/p>\n<p>Las mejores funciones para diagn\u00f3stico avanzado<\/p>\n<p>Cobertura para mas de 120 Marcas de Veh\u00edculos Livianos<\/p>\n<p>3 A\u00f1os de Actualizaciones Gratis<\/p>\n","protected":false},"featured_media":30776,"comment_status":"open","ping_status":"closed","template":"","meta":[],"product_brand":[],"product_cat":[86,22],"product_tag":[448,87,458,460,459],"class_list":{"0":"post-30769","1":"product","2":"type-product","3":"status-publish","4":"has-post-thumbnail","6":"product_cat-escaner-automotriz","7":"product_cat-herramientas-de-diagnostico","8":"product_tag-escaner-automotriz","9":"product_tag-launch","10":"product_tag-launch-ecuador","11":"product_tag-pad-vii","12":"product_tag-scanner","14":"first","15":"instock","16":"sale","17":"taxable","18":"shipping-taxable","19":"purchasable","20":"product-type-simple"},"_links":{"self":[{"href":"https:\/\/8000rpmtools.com\/index.php?rest_route=\/wp\/v2\/product\/30769","targetHints":{"allow":["GET"]}}],"collection":[{"href":"https:\/\/8000rpmtools.com\/index.php?rest_route=\/wp\/v2\/product"}],"about":[{"href":"https:\/\/8000rpmtools.com\/index.php?rest_route=\/wp\/v2\/types\/product"}],"replies":[{"embeddable":true,"href":"https:\/\/8000rpmtools.com\/index.php?rest_route=%2Fwp%2Fv2%2Fcomments&post=30769"}],"wp:featuredmedia":[{"embeddable":true,"href":"https:\/\/8000rpmtools.com\/index.php?rest_route=\/wp\/v2\/media\/30776"}],"wp:attachment":[{"href":"https:\/\/8000rpmtools.com\/index.php?rest_route=%2Fwp%2Fv2%2Fmedia&parent=30769"}],"wp:term":[{"taxonomy":"product_brand","embeddable":true,"href":"https:\/\/8000rpmtools.com\/index.php?rest_route=%2Fwp%2Fv2%2Fproduct_brand&post=30769"},{"taxonomy":"product_cat","embeddable":true,"href":"https:\/\/8000rpmtools.com\/index.php?rest_route=%2Fwp%2Fv2%2Fproduct_cat&post=30769"},{"taxonomy":"product_tag","embeddable":true,"href":"https:\/\/8000rpmtools.com\/index.php?rest_route=%2Fwp%2Fv2%2Fproduct_tag&post=30769"}],"curies":[{"name":"wp","href":"https:\/\/api.w.org\/{rel}","templated":true}]}}