{"id":30703,"date":"2024-05-27T23:32:26","date_gmt":"2024-05-28T04:32:26","guid":{"rendered":"https:\/\/8000rpmtools.com\/?post_type=product&#038;p=30703"},"modified":"2025-04-08T16:44:47","modified_gmt":"2025-04-08T21:44:47","slug":"scanner-para-diagnostico-de-motocicletas-obdstar-ms50","status":"publish","type":"product","link":"https:\/\/8000rpmtools.com\/?product=scanner-para-diagnostico-de-motocicletas-obdstar-ms50","title":{"rendered":"SCANNER PARA DIAGN\u00d3STICO DE MOTOCICLETAS OBDSTAR MS50"},"content":{"rendered":"<p>&nbsp;<\/p>\n<h1>Scanner Multimarca Profesional para MOTOS OBDSTAR MS50.<\/h1>\n<p><img decoding=\"async\" src=\"https:\/\/ae01.alicdn.com\/kf\/Sbed6f18fe1e446489f8edb7148c77232K.jpg\" data-spm-anchor-id=\"a2g0o.detail.1000023.i0.3010a7uMa7uMi3\" \/><\/p>\n<h3>CARACTER\u00cdSTICAS:<\/h3>\n<ul>\n<li>&#8211; Diagnostica Motor, ABS, Inmovilizador, TPMS y otros sistemas (seg\u00fan cobertura y compatibilidad)<\/li>\n<li>&#8211; Funciones de Diagn\u00f3stico B\u00e1sico, Ajuste de CO y Prueba de Actuadores (seg\u00fan cobertura y compatibilidad)<\/li>\n<li>&#8211; Excelente Calidad, Estabilidad de Comunicaci\u00f3n y Velocidad de Respuesta<\/li>\n<li>&#8211; Lee y Borra C\u00f3digos de Error (DTC)<\/li>\n<li>&#8211; Datos en Vivo en Tabla y Gr\u00e1ficos (Flujo de Datos)<\/li>\n<li>&#8211; Permite apagar el indicador de &#8220;Check Engine&#8221; (MIL)<\/li>\n<li>&#8211; COBERTURA PARA 30+ MARCAS<\/li>\n<li>&#8211; Ideal para Talleres de Motos, Centros de Servicio y Clubes de Moteros<\/li>\n<li>&#8211; COMPATIBLE CON MOTOS DE BAJO, MEDIO Y ALTO CILINDRAJE<\/li>\n<li>&#8211; Adaptadores Incluidos<\/li>\n<li>&#8211; Bater\u00eda Integrada de Litio de 2500 mAh<\/li>\n<li>&#8211; Pantalla T\u00e1ctil de 5 pulgadas<\/li>\n<li>&#8211; Almacenamiento 16 GB<\/li>\n<li>&#8211; Conexi\u00f3n WiFi para Actualizaciones<\/li>\n<li>&#8211; Procesador Quad Core (Cuatro N\u00facleos)<\/li>\n<li>&#8211; INTERFAZ EN ESPA\u00d1OL<\/li>\n<li>&#8211; GARANT\u00cdA Y ACTUALIZACIONES POR UN (1) A\u00d1O<\/li>\n<\/ul>\n<p>&nbsp;<\/p>\n<h3>FUNCIONES.<\/h3>\n<p>1) Diagnosticar los sistemas electr\u00f3nicos de la motocicleta<\/p>\n<p>2) Leer C\u00f3digos de Error (DTC)<\/p>\n<p>3) Borrar C\u00f3digos de Error (DTC)<\/p>\n<p>4) Mostrar Datos en Vivo en Tabla o Gr\u00e1ficos<\/p>\n<p>5) Identificar VIN<\/p>\n<p>6) Realizar Pruebas de Actuadores (en algunas marcas)<\/p>\n<p>7) Realizar Funciones Avanzadas.<\/p>\n<p>8) Reiniciar Cambio de Aceite \/ Mantenimiento (OIL Service)<\/p>\n<p>9) Borrar Auto-Aprendizajes<\/p>\n<p>10) Ajustar CO<\/p>\n<p>&nbsp;<\/p>\n<p>El Scanner Multimarca Profesional para Motos OBDSTAR MS50, es compatible con la mayor\u00eda de los Modelos de Motos de las siguientes Marcas:<\/p>\n<p><img loading=\"lazy\" decoding=\"async\" class=\"alignnone size-medium wp-image-30734\" src=\"https:\/\/8000rpmtools.com\/wp-content\/uploads\/2024\/05\/web4-300x300.jpg\" alt=\"\" width=\"300\" height=\"300\" srcset=\"https:\/\/8000rpmtools.com\/wp-content\/uploads\/2024\/05\/web4-300x300.jpg 300w, https:\/\/8000rpmtools.com\/wp-content\/uploads\/2024\/05\/web4-1024x1024.jpg 1024w, https:\/\/8000rpmtools.com\/wp-content\/uploads\/2024\/05\/web4-150x150.jpg 150w, https:\/\/8000rpmtools.com\/wp-content\/uploads\/2024\/05\/web4-768x768.jpg 768w, https:\/\/8000rpmtools.com\/wp-content\/uploads\/2024\/05\/web4-1536x1536.jpg 1536w, https:\/\/8000rpmtools.com\/wp-content\/uploads\/2024\/05\/web4-2048x2048.jpg 2048w, https:\/\/8000rpmtools.com\/wp-content\/uploads\/2024\/05\/web4-600x600.jpg 600w, https:\/\/8000rpmtools.com\/wp-content\/uploads\/2024\/05\/web4-100x100.jpg 100w, https:\/\/8000rpmtools.com\/wp-content\/uploads\/2024\/05\/web4-64x64.jpg 64w, https:\/\/8000rpmtools.com\/wp-content\/uploads\/2024\/05\/web4-60x60.jpg 60w, https:\/\/8000rpmtools.com\/wp-content\/uploads\/2024\/05\/web4-90x90.jpg 90w\" sizes=\"auto, (max-width: 300px) 100vw, 300px\" \/> \u00a0<img loading=\"lazy\" decoding=\"async\" class=\"alignnone size-medium wp-image-30736\" src=\"https:\/\/8000rpmtools.com\/wp-content\/uploads\/2024\/05\/web-5-300x300.jpg\" alt=\"\" width=\"300\" height=\"300\" srcset=\"https:\/\/8000rpmtools.com\/wp-content\/uploads\/2024\/05\/web-5-300x300.jpg 300w, https:\/\/8000rpmtools.com\/wp-content\/uploads\/2024\/05\/web-5-1024x1024.jpg 1024w, https:\/\/8000rpmtools.com\/wp-content\/uploads\/2024\/05\/web-5-150x150.jpg 150w, https:\/\/8000rpmtools.com\/wp-content\/uploads\/2024\/05\/web-5-768x768.jpg 768w, https:\/\/8000rpmtools.com\/wp-content\/uploads\/2024\/05\/web-5-1536x1536.jpg 1536w, https:\/\/8000rpmtools.com\/wp-content\/uploads\/2024\/05\/web-5-2048x2048.jpg 2048w, https:\/\/8000rpmtools.com\/wp-content\/uploads\/2024\/05\/web-5-600x600.jpg 600w, https:\/\/8000rpmtools.com\/wp-content\/uploads\/2024\/05\/web-5-100x100.jpg 100w, https:\/\/8000rpmtools.com\/wp-content\/uploads\/2024\/05\/web-5-64x64.jpg 64w, https:\/\/8000rpmtools.com\/wp-content\/uploads\/2024\/05\/web-5-60x60.jpg 60w, https:\/\/8000rpmtools.com\/wp-content\/uploads\/2024\/05\/web-5-90x90.jpg 90w\" sizes=\"auto, (max-width: 300px) 100vw, 300px\" \/><\/p>\n<p>&nbsp;<\/p>\n<p>&#8211; ACELLERA<\/p>\n<p>&#8211; AEON<\/p>\n<p>&#8211; APRILIA<\/p>\n<p>&#8211; BAJAJ<\/p>\n<p>&#8211; BENELLI<\/p>\n<p>&#8211; BENELLI (DSK)<\/p>\n<p>&#8211; CFMOTO<\/p>\n<p>&#8211; HAOJUE<\/p>\n<p>&#8211; HARDFORD<\/p>\n<p>&#8211; HERO<\/p>\n<p>&#8211; HM<\/p>\n<p>&#8211; HONDA<\/p>\n<p>&#8211; HUQSVARNA<\/p>\n<p>&#8211; HYOSUNG<\/p>\n<p>&#8211; KAWASAKI<\/p>\n<p>&#8211; KTM<\/p>\n<p>&#8211; KYMCO<\/p>\n<p>&#8211; OBD2 (Varias Marcas)<\/p>\n<p>&#8211; PGO<\/p>\n<p>&#8211; PIAGGIO<\/p>\n<p>&#8211; QJ BENELLI<\/p>\n<p>&#8211; ROYAL ALLOY<\/p>\n<p>&#8211; ROYAL ENFIELD<\/p>\n<p>&#8211; SHINERAY<\/p>\n<p>&#8211; SUZUKI<\/p>\n<p>&#8211; SYM<\/p>\n<p>&#8211; TVS<\/p>\n<p>&#8211; VESPA<\/p>\n<p>&#8211; YAMAHA<\/p>\n<p>&#8211; ZONTES<\/p>\n<p>&nbsp;<\/p>\n<h3>CONECTORES AUXILIARES<\/h3>\n<p><img decoding=\"async\" class=\"img-fluid\" src=\"https:\/\/www.obdstarstore.com\/upload\/pro\/22090716625333003676.jpg\" alt=\"\" \/><\/p>\n<p>El Scanner Multimarca Profesional para Motos OBDSTAR MS50, incluye un set completo de conectores auxiliares, para las diferentes marcas de motocicletas. Los conectores incluidos son:<\/p>\n<p>1 Cable Adaptador Principal para OBD2 16 pines \/ Varias Marcas<\/p>\n<p>1 Cable Adaptador para AEON \/ BENELLI \/ BENELLI DSK<\/p>\n<p>1 Cable Adaptador para APRILIA \/ DUCATI \/ HONDA \/ KTM \/ PIAGGIO \/ VESPA \/ YAMAHA<\/p>\n<p>1 Cable Adaptador para HARTFORD<\/p>\n<p>1 Cable Adaptador para HONDA \/ HONDA MONTESA<\/p>\n<p>1 Cable Adaptador para KAWASAKI<\/p>\n<p>1 Cable Adaptador para KTM \/ BAJAJ \/ PULSAR \/ DOMINAR \/ MODENAS<\/p>\n<p>1 Cable Adaptador para KYMCO \/ KAWASAKI<\/p>\n<p>1 Cable Adaptador para PGO<\/p>\n<p>1 Cable Adaptador para YAMAHA<\/p>\n<p>1 Cable Adaptador para SUZUKI<\/p>\n<p>1 Cable Adaptador para SYM<\/p>\n<p>1 Cable Adaptador para OBD2 6 pines \/ Varias Marcas<\/p>\n<p>1 Cable Adaptador Universal \/ Varias Marcas<\/p>\n<p>&nbsp;<\/p>\n<h3>MULTI-SISTEMAS<\/h3>\n<p>SEG\u00daN COMPATIBILIDAD del Scanner con la Marca y con el modelo de la Motocicleta, el Scanner Multimarca Profesional para Motos OBDSTAR MS50, puede diagnosticar los sistemas electr\u00f3nicos que est\u00e9n conectados al computador principal. Algunos de los sistemas compatibles son:<\/p>\n<p>&#8211; Motor (Inyecci\u00f3n)<\/p>\n<p>&#8211; ABS (Sistema Anti-Bloqueo de Frenos)<\/p>\n<p>&#8211; Control Electr\u00f3nico de Acelerador<\/p>\n<p>&#8211; OBDII (Emisiones)<\/p>\n<p>&#8211; Inmovilizador (Sistema Antirrobo)<\/p>\n<p>&nbsp;<\/p>\n<p>&nbsp;<\/p>\n<p><img decoding=\"async\" class=\"img-fluid\" title=\"MS50 ETS\" src=\"https:\/\/www.obdstarstore.com\/upload\/pro\/22090616625228556321.png\" alt=\"MS50 ETS\" data-imageid=\"18795\" \/><\/p>\n<p><img decoding=\"async\" class=\"img-fluid\" title=\"MS50 ETS\" src=\"https:\/\/www.obdstarstore.com\/upload\/pro\/22090616625228615223.png\" alt=\"MS50 ETS\" data-imageid=\"18796\" \/><\/p>\n<p><img decoding=\"async\" class=\"img-fluid\" title=\"MS50 ETS\" src=\"https:\/\/www.obdstarstore.com\/upload\/pro\/22090616625228704799.png\" alt=\"MS50 ETS\" data-imageid=\"18797\" \/><\/p>\n<p><img decoding=\"async\" class=\"img-fluid\" title=\"MS50 ETS\" src=\"https:\/\/www.obdstarstore.com\/upload\/pro\/22090616625228492264.png\" alt=\"MS50 ETS\" data-imageid=\"17788\" \/><\/p>\n<p><img decoding=\"async\" class=\"img-fluid\" title=\"MS50 ETS\" src=\"https:\/\/www.obdstarstore.com\/upload\/pro\/22090616625228527396.png\" alt=\"MS50 ETS\" data-imageid=\"17789\" \/><\/p>\n","protected":false},"excerpt":{"rendered":"<p><strong>* SCANNER MULTIMARCA PROFESIONAL PARA MOTOS<\/strong><br \/>\n<strong>* COBERTURA PARA 30+ MARCAS<\/strong><br \/>\n<strong>* Lee y Borra C\u00f3digos Error (DTC)<\/strong><br \/>\n<strong>* Datos en Vivo Tabla y Gr\u00e1ficos (Flujo Datos)<\/strong><br \/>\n<strong>* Prueba Actuadores (Bidireccional)<\/strong><br \/>\n<strong>* Compatible m\u00f3dulo Inyecci\u00f3n Electr\u00f3nica<\/strong><br \/>\n<strong>* Incluye 13 Conectores Auxiliares<\/strong><br \/>\n<strong>* INTERFAZ EN ESPA\u00d1OL E INGL\u00c9S<\/strong><br \/>\n<strong>* GARANT\u00cdA Y ACTUALIZACIONES 1 A\u00d1O<\/strong><\/p>\n","protected":false},"featured_media":30738,"comment_status":"open","ping_status":"closed","template":"","meta":[],"product_brand":[],"product_cat":[86,22],"product_tag":[],"class_list":{"0":"post-30703","1":"product","2":"type-product","3":"status-publish","4":"has-post-thumbnail","6":"product_cat-escaner-automotriz","7":"product_cat-herramientas-de-diagnostico","9":"first","10":"instock","11":"sale","12":"taxable","13":"shipping-taxable","14":"purchasable","15":"product-type-simple"},"_links":{"self":[{"href":"https:\/\/8000rpmtools.com\/index.php?rest_route=\/wp\/v2\/product\/30703","targetHints":{"allow":["GET"]}}],"collection":[{"href":"https:\/\/8000rpmtools.com\/index.php?rest_route=\/wp\/v2\/product"}],"about":[{"href":"https:\/\/8000rpmtools.com\/index.php?rest_route=\/wp\/v2\/types\/product"}],"replies":[{"embeddable":true,"href":"https:\/\/8000rpmtools.com\/index.php?rest_route=%2Fwp%2Fv2%2Fcomments&post=30703"}],"wp:featuredmedia":[{"embeddable":true,"href":"https:\/\/8000rpmtools.com\/index.php?rest_route=\/wp\/v2\/media\/30738"}],"wp:attachment":[{"href":"https:\/\/8000rpmtools.com\/index.php?rest_route=%2Fwp%2Fv2%2Fmedia&parent=30703"}],"wp:term":[{"taxonomy":"product_brand","embeddable":true,"href":"https:\/\/8000rpmtools.com\/index.php?rest_route=%2Fwp%2Fv2%2Fproduct_brand&post=30703"},{"taxonomy":"product_cat","embeddable":true,"href":"https:\/\/8000rpmtools.com\/index.php?rest_route=%2Fwp%2Fv2%2Fproduct_cat&post=30703"},{"taxonomy":"product_tag","embeddable":true,"href":"https:\/\/8000rpmtools.com\/index.php?rest_route=%2Fwp%2Fv2%2Fproduct_tag&post=30703"}],"curies":[{"name":"wp","href":"https:\/\/api.w.org\/{rel}","templated":true}]}}