{"id":30651,"date":"2024-02-26T23:48:30","date_gmt":"2024-02-27T04:48:30","guid":{"rendered":"https:\/\/8000rpmtools.com\/?post_type=product&#038;p=30651"},"modified":"2025-12-18T22:08:29","modified_gmt":"2025-12-19T03:08:29","slug":"prensa-hidraulica-thyson-12t","status":"publish","type":"product","link":"https:\/\/8000rpmtools.com\/?product=prensa-hidraulica-thyson-12t","title":{"rendered":"PRENSA HIDRAULICA THYSON 12T"},"content":{"rendered":"<ul>\n<li>La prensa hidr\u00e1ulica Thyson es ideal para talleres mec\u00e1nicos, automotrices o industriales ya que sirve para extraer o poner piezas que entran a presi\u00f3n.<\/li>\n<li>La forma en H proporciona gran alcance de maniobra para colocar las piezas a trabajar y la estructura es en su totalidad de acero.<\/li>\n<li>En la parte superior de la prensa se encuentra el gato hidr\u00e1ulico con capacidad de 12 toneladas y recorrido de 3 a 65 cm.<\/li>\n<li>La prensa es f\u00e1cil de usar,tiene una palanca que acciona el gato sin realizar mucho esfuerzo y para regresar el gato a su estado inicial se librera la v\u00e1lvula de escape lentamente.<\/li>\n<\/ul>\n<p>CARACTER\u00cdSTICAS<\/p>\n<p><span style=\"color: #000000;\"><strong>ALTA CALIDAD<\/strong>\u00a0El marco en forma de H de la prensa hidr\u00e1ulica, fabricado en acero de alta calidad cumple con los est\u00e1ndares m\u00e1s exigentes de calidad y resistencia en el mercado.<\/span><br \/>\n<span style=\"color: #000000;\"><strong>USO INDUSTRIAL<\/strong>\u00a0Altamente apto para trabajos de grado industrial o mec\u00e1nico. Con accionamiento de palanca manual permite trabajos de gran precisi\u00f3n.<\/span><br \/>\n<span style=\"color: #000000;\"><strong>TRABAJOS PRECISOS<\/strong>\u00a0El gato hidr\u00e1ulico de 12 toneladas es \u00fatil para extraer baleros o piezas que entren a presi\u00f3n. Tambi\u00e9n puede ser utilizado para trabajos de troquelado.<\/span><br \/>\n<span style=\"color: #000000;\"><strong>F\u00c1CIL LIMPIEZA<\/strong>\u00a0La<\/span> prensa hidr\u00e1ulica est\u00e1 recubierta de una capa de pintura roja resistente al aceite, polvo, grasa y suciedad, por lo que es f\u00e1cil de limpiar y mantener.<br \/>\n<strong>PIST\u00d3N DE ALTA PRESI\u00d3N<\/strong>\u00a0Nuestra prensa hidr\u00e1ulica Cuenta con cilindro hidr\u00e1ulico de 12 toneladas de presi\u00f3n. Utiliza menos aceite para elevar la carga y prolonga la vida del gato hidr\u00e1ulico.<br \/>\n<strong>MULTIUSOS<\/strong>\u00a0La prensa hidr\u00e1ulica sirve para colocar y extraer baleros, juntas,engranes o piezas que necesitan alta precisi\u00f3n.<br \/>\n<strong>USO RUDO<\/strong>\u00a0Ideal para trabajos de tipo industrial, la estructura es de acero y la forma tipo H facilita infinidad de tareas.<br \/>\n<strong>GRAN CAPACIDAD<\/strong>\u00a0La prensa cuenta con gato hidr\u00e1ulico de 12 toneladas y recorrido de 3 a 65 cm.<br \/>\n<strong>F\u00c1CIL DE USAR<\/strong>\u00a0El gato incluye una palanca para facilitar el movimiento de presi\u00f3n, la v\u00e1lvula de escape regresa el gato a su posici\u00f3n normal.<\/p>\n","protected":false},"excerpt":{"rendered":"<p>La prensa hidr\u00e1ulica Thyson es ideal para talleres mec\u00e1nicos, automotrices o industriales ya que sirve para extraer o poner piezas que entran a presi\u00f3n. La forma en H proporciona gran alcance de maniobra para colocar las piezas a trabajar y la estructura es en su totalidad de acero. En la parte superior de la prensa [&hellip;]<\/p>\n","protected":false},"featured_media":30654,"comment_status":"open","ping_status":"closed","template":"","meta":[],"product_brand":[],"product_cat":[106],"product_tag":[],"class_list":{"0":"post-30651","1":"product","2":"type-product","3":"status-publish","4":"has-post-thumbnail","6":"product_cat-gatas-y-stands","8":"first","9":"instock","10":"taxable","11":"shipping-taxable","12":"purchasable","13":"product-type-simple"},"_links":{"self":[{"href":"https:\/\/8000rpmtools.com\/index.php?rest_route=\/wp\/v2\/product\/30651","targetHints":{"allow":["GET"]}}],"collection":[{"href":"https:\/\/8000rpmtools.com\/index.php?rest_route=\/wp\/v2\/product"}],"about":[{"href":"https:\/\/8000rpmtools.com\/index.php?rest_route=\/wp\/v2\/types\/product"}],"replies":[{"embeddable":true,"href":"https:\/\/8000rpmtools.com\/index.php?rest_route=%2Fwp%2Fv2%2Fcomments&post=30651"}],"wp:featuredmedia":[{"embeddable":true,"href":"https:\/\/8000rpmtools.com\/index.php?rest_route=\/wp\/v2\/media\/30654"}],"wp:attachment":[{"href":"https:\/\/8000rpmtools.com\/index.php?rest_route=%2Fwp%2Fv2%2Fmedia&parent=30651"}],"wp:term":[{"taxonomy":"product_brand","embeddable":true,"href":"https:\/\/8000rpmtools.com\/index.php?rest_route=%2Fwp%2Fv2%2Fproduct_brand&post=30651"},{"taxonomy":"product_cat","embeddable":true,"href":"https:\/\/8000rpmtools.com\/index.php?rest_route=%2Fwp%2Fv2%2Fproduct_cat&post=30651"},{"taxonomy":"product_tag","embeddable":true,"href":"https:\/\/8000rpmtools.com\/index.php?rest_route=%2Fwp%2Fv2%2Fproduct_tag&post=30651"}],"curies":[{"name":"wp","href":"https:\/\/api.w.org\/{rel}","templated":true}]}}