{"id":3060,"date":"2020-03-30T05:33:42","date_gmt":"2020-03-30T05:33:42","guid":{"rendered":"http:\/\/8000rpmtools.com\/?post_type=product&#038;p=3060"},"modified":"2022-03-07T17:09:22","modified_gmt":"2022-03-07T17:09:22","slug":"pistola-de-impacto-acdelco-mando-1-2-torque-500-pies-libras","status":"publish","type":"product","link":"https:\/\/8000rpmtools.com\/?product=pistola-de-impacto-acdelco-mando-1-2-torque-500-pies-libras","title":{"rendered":"PISTOLA DE IMPACTO ACDELCO MANDO 1\/2 TORQUE 500 PIES-LIBRAS"},"content":{"rendered":"<p>Ya sea que est\u00e9 ajustando o quitando tuercas y pernos, definitivamente puede confiar en la llave de impacto de martillo doble ACDelco ANI405 de 1\/2 pulgada. Potente y perfectamente equilibrado, esta herramienta presenta un mecanismo de doble martillo que golpea con fuerza y \u200b\u200bempuja 500 pies-lb. par m\u00e1ximo y 8,000 RPM de velocidad libre.<\/p>\n<p>Construido con una carcasa de aleaci\u00f3n de aluminio, el ANI405 puede manejar cualquier condici\u00f3n que se le presente, ya sea mantenimiento automotriz o necesidades de reparaci\u00f3n. Debido a las diferencias en la configuraci\u00f3n de uso, la capacidad indicada puede cambiar.<\/p>\n<p><strong>CARACTER\u00cdSTICAS:<\/strong><\/p>\n<p>\u2022 500 pies-lbs. par m\u00e1ximo (677 Nm)<br \/>\n\u2022 Unidad cuadrada: 1\/2 &#8221;<br \/>\n\u2022 Tama\u00f1o de perno est\u00e1ndar: 5\/8 pulgadas<br \/>\n\u2022 Velocidad libre: 8,000 RPM<br \/>\n\u2022 Presi\u00f3n de aire: 90 PSI (6.2 Bar)<br \/>\n\u2022 Manguera de aire: 3\/8 &#8220;(10 mm)<br \/>\n\u2022 Entrada de aire: 1\/4: NPT<br \/>\n\u2022 Consumo de aire: 17.7 SCFM (8.33 litros \/ seg)<br \/>\n\u2022 Mecanismo TWIN HAMMER potente y duradero<br \/>\n\u2022 Carcasa duradera de aleaci\u00f3n de aluminio.<br \/>\n\u2022 Dise\u00f1o de escape de la manija<br \/>\n\u2022 Longitud total: 7-1 \/ 4 pulgadas<br \/>\n\u2022 Peso de la herramienta: 5,72 libras<br \/>\n\u2022 Debido a las diferencias en la configuraci\u00f3n de uso, la capacidad indicada puede cambiar<\/p>\n","protected":false},"excerpt":{"rendered":"<ul class=\"a-unordered-list a-vertical a-spacing-none\">\n<li><span class=\"a-list-item\">Potente y duradero mecanismo de impacto de doble martillo<\/span><\/li>\n<li><span class=\"a-list-item\">Carcasa de aleaci\u00f3n de aluminio duradero, compacto y muy resistente<\/span><\/li>\n<li><span class=\"a-list-item\">Adelante: 5 velocidades tanto para ajuste como para aflojar<\/span><\/li>\n<li><span class=\"a-list-item\">Mango escape dise\u00f1ado para generar un ruido bajo<\/span><\/li>\n<li><span class=\"a-list-item\">Velocidad:8000 RPM. consumo de aire: 3,9 CFM<\/span><\/li>\n<li>Garant\u00eda Directa de 1 A\u00f1o<\/li>\n<\/ul>\n","protected":false},"featured_media":3064,"comment_status":"open","ping_status":"closed","template":"","meta":[],"product_brand":[],"product_cat":[193],"product_tag":[],"class_list":{"0":"post-3060","1":"product","2":"type-product","3":"status-publish","4":"has-post-thumbnail","6":"product_cat-herramientas-neumaticas","8":"first","9":"instock","10":"taxable","11":"shipping-taxable","12":"purchasable","13":"product-type-simple"},"_links":{"self":[{"href":"https:\/\/8000rpmtools.com\/index.php?rest_route=\/wp\/v2\/product\/3060","targetHints":{"allow":["GET"]}}],"collection":[{"href":"https:\/\/8000rpmtools.com\/index.php?rest_route=\/wp\/v2\/product"}],"about":[{"href":"https:\/\/8000rpmtools.com\/index.php?rest_route=\/wp\/v2\/types\/product"}],"replies":[{"embeddable":true,"href":"https:\/\/8000rpmtools.com\/index.php?rest_route=%2Fwp%2Fv2%2Fcomments&post=3060"}],"wp:featuredmedia":[{"embeddable":true,"href":"https:\/\/8000rpmtools.com\/index.php?rest_route=\/wp\/v2\/media\/3064"}],"wp:attachment":[{"href":"https:\/\/8000rpmtools.com\/index.php?rest_route=%2Fwp%2Fv2%2Fmedia&parent=3060"}],"wp:term":[{"taxonomy":"product_brand","embeddable":true,"href":"https:\/\/8000rpmtools.com\/index.php?rest_route=%2Fwp%2Fv2%2Fproduct_brand&post=3060"},{"taxonomy":"product_cat","embeddable":true,"href":"https:\/\/8000rpmtools.com\/index.php?rest_route=%2Fwp%2Fv2%2Fproduct_cat&post=3060"},{"taxonomy":"product_tag","embeddable":true,"href":"https:\/\/8000rpmtools.com\/index.php?rest_route=%2Fwp%2Fv2%2Fproduct_tag&post=3060"}],"curies":[{"name":"wp","href":"https:\/\/api.w.org\/{rel}","templated":true}]}}