{"id":30500,"date":"2023-03-07T00:05:36","date_gmt":"2023-03-07T00:05:36","guid":{"rendered":"https:\/\/8000rpmtools.com\/?post_type=product&#038;p=30500"},"modified":"2025-04-08T12:35:04","modified_gmt":"2025-04-08T17:35:04","slug":"30500","status":"publish","type":"product","link":"https:\/\/8000rpmtools.com\/?product=30500","title":{"rendered":"ESCANER AUTOMOTRIZ OTOFIX D1 LITE (VEH\u00cdCULOS LIVIANOS) 3 A\u00d1OS DE ACTUALIZACIONES GRATIS"},"content":{"rendered":"<div class=\"J_module\">\n<div class=\"icbu-pc-images magic-1\">\n<div>\n<div class=\"flex-layout-h\">\n<div class=\"text-wrapper magic-7\">\n<div class=\"text-wrapper-right text-theme-light text-align-left\">\n<div class=\"text-content\">\n<div style=\"width: 640px;\" class=\"wp-video\"><video class=\"wp-video-shortcode\" id=\"video-30500-1\" width=\"640\" height=\"360\" preload=\"metadata\" controls=\"controls\"><source type=\"video\/mp4\" src=\"https:\/\/8000rpmtools.com\/wp-content\/uploads\/2023\/03\/Tablets-de-diagnostico-automotriz-D1-D1-Lite-de-OTOFIX-de-la-serie-D1.mp4?_=1\" \/><a href=\"https:\/\/8000rpmtools.com\/wp-content\/uploads\/2023\/03\/Tablets-de-diagnostico-automotriz-D1-D1-Lite-de-OTOFIX-de-la-serie-D1.mp4\">https:\/\/8000rpmtools.com\/wp-content\/uploads\/2023\/03\/Tablets-de-diagnostico-automotriz-D1-D1-Lite-de-OTOFIX-de-la-serie-D1.mp4<\/a><\/video><\/div>\n<\/div>\n<\/div>\n<\/div>\n<\/div>\n<\/div>\n<\/div>\n<\/div>\n<div class=\"J_module\">\n<div class=\"icbu-pc-detailManyImage magic-8\">\n<div class=\"magic-9\">\n<h2 class=\"stitle\" data-aos=\"fade-up\" data-aos-delay=\"100\">3 razones para comprar<\/h2>\n<ul class=\"col-3\">\n<li>\n<div class=\"wrp\">\n<p><i class=\"icon\"><img decoding=\"async\" src=\"https:\/\/www.otofixtech.com\/r\/cms\/www\/default\/otofix\/assets\/images\/product_detail\/icons\/icon-04.png\" alt=\"\" \/><\/i><\/p>\n<div class=\"sub_title\">Diagn\u00f3sticos de nivel OE<\/div>\n<p class=\"desc\">Detecci\u00f3n de DTC r\u00e1pida y precisa<\/p>\n<\/div>\n<\/li>\n<li>\n<div class=\"wrp\">\n<p><i class=\"icon\"><img decoding=\"async\" src=\"https:\/\/www.otofixtech.com\/r\/cms\/www\/default\/otofix\/assets\/images\/product_detail\/icons\/icon-11.png\" alt=\"\" \/><\/i><\/p>\n<div class=\"sub_title\">Hardware excepcional<\/div>\n<p class=\"desc\">Gran pantalla t\u00e1ctil, bater\u00eda y memoria<\/p>\n<\/div>\n<\/li>\n<li>\n<div class=\"wrp\">\n<p><i class=\"icon\"><img decoding=\"async\" src=\"https:\/\/www.otofixtech.com\/r\/cms\/www\/default\/otofix\/assets\/images\/product_detail\/icons\/icon-12.png\" alt=\"\" \/><\/i><\/p>\n<div class=\"sub_title\">Servicio en la nube integral<\/div>\n<p class=\"desc\">Experto remoto, gesti\u00f3n de dispositivos\/informes<\/p>\n<\/div>\n<p>&nbsp;<\/li>\n<\/ul>\n<h2 class=\"stitle\" data-aos=\"fade-up\" data-aos-delay=\"100\">Hardware excepcional<\/h2>\n<p class=\"sdesc\" data-aos=\"fade-up\" data-aos-delay=\"200\">Mejore la eficacia con una gran pantalla t\u00e1ctil, bater\u00eda y memoria<\/p>\n<div class=\"swiper_box\">\n<div class=\"swiper-container product_detail_swiper swiper-container-initialized swiper-container-horizontal swiper-no-swiping\">\n<ul class=\"swiper-wrapper\">\n<li class=\"item swiper-slide swiper-slide-active\"><a class=\"img_wrp\"><img decoding=\"async\" class=\"\" src=\"https:\/\/www.otofixtech.com\/r\/cms\/www\/default\/otofix\/assets\/images\/product_detail\/d1\/oh_01.jpg\" alt=\"\" \/><\/a>\n<p class=\"desc\">La pantalla t\u00e1ctil de 7 pulgadas con resoluci\u00f3n de 1280 * 800 le brinda una experiencia fluida<\/p>\n<\/li>\n<li class=\"item swiper-slide swiper-slide-next\"><a class=\"img_wrp\"><img decoding=\"async\" class=\"\" src=\"https:\/\/www.otofixtech.com\/r\/cms\/www\/default\/otofix\/assets\/images\/product_detail\/d1\/oh_02.jpg\" alt=\"\" \/><\/a>\n<p class=\"desc\">Trabaje c\u00f3modamente durante per\u00edodos prolongados con una bater\u00eda de 5800 mAh<\/p>\n<\/li>\n<li class=\"item swiper-slide\"><a class=\"img_wrp\"><img decoding=\"async\" class=\"\" src=\"https:\/\/www.otofixtech.com\/r\/cms\/www\/default\/otofix\/assets\/images\/product_detail\/d1\/oh_03.jpg\" alt=\"\" \/><\/a>\n<p class=\"desc\">La memoria de 64 GB le permite guardar todos los informes que necesita<\/p>\n<\/li>\n<\/ul>\n<\/div>\n<\/div>\n<p><img decoding=\"async\" class=\"magic-10\" src=\"https:\/\/s.alicdn.com\/@sc04\/kf\/H5c4f33fcf3b74ec898cc37e3afe76cfc8\/243941530\/H5c4f33fcf3b74ec898cc37e3afe76cfc8.jpg?quality=close\" data-src=\"\/\/s.alicdn.com\/@sc04\/kf\/H5c4f33fcf3b74ec898cc37e3afe76cfc8\/243941530\/H5c4f33fcf3b74ec898cc37e3afe76cfc8.jpg?quality=close\" \/><\/p>\n<\/div>\n<div class=\"magic-9\"><img decoding=\"async\" class=\"magic-10\" src=\"https:\/\/s.alicdn.com\/@sc04\/kf\/Hefbf051d502543b19185e427a9c892ebv\/243941530\/Hefbf051d502543b19185e427a9c892ebv.jpg?quality=close\" data-src=\"\/\/s.alicdn.com\/@sc04\/kf\/Hefbf051d502543b19185e427a9c892ebv\/243941530\/Hefbf051d502543b19185e427a9c892ebv.jpg?quality=close\" \/><\/div>\n<div class=\"magic-9\"><img decoding=\"async\" class=\"magic-10\" src=\"https:\/\/s.alicdn.com\/@sc04\/kf\/H178aadd5148245b88b3a4286bbcf84128\/243941530\/H178aadd5148245b88b3a4286bbcf84128.jpg?quality=close\" data-src=\"\/\/s.alicdn.com\/@sc04\/kf\/H178aadd5148245b88b3a4286bbcf84128\/243941530\/H178aadd5148245b88b3a4286bbcf84128.jpg?quality=close\" \/><\/div>\n<div class=\"magic-9\"><img decoding=\"async\" class=\"magic-10\" src=\"https:\/\/s.alicdn.com\/@sc04\/kf\/Hc7a31916af3d4a5bb5f4d9ab8c76f723M\/243941530\/Hc7a31916af3d4a5bb5f4d9ab8c76f723M.jpg?quality=close\" data-src=\"\/\/s.alicdn.com\/@sc04\/kf\/Hc7a31916af3d4a5bb5f4d9ab8c76f723M\/243941530\/Hc7a31916af3d4a5bb5f4d9ab8c76f723M.jpg?quality=close\" \/><\/div>\n<div class=\"magic-9\"><img decoding=\"async\" class=\"magic-10\" src=\"https:\/\/s.alicdn.com\/@sc04\/kf\/Hfb5a4763b3ef40b4bcc49d90d1e012b9m\/243941530\/Hfb5a4763b3ef40b4bcc49d90d1e012b9m.jpg?quality=close\" data-src=\"\/\/s.alicdn.com\/@sc04\/kf\/Hfb5a4763b3ef40b4bcc49d90d1e012b9m\/243941530\/Hfb5a4763b3ef40b4bcc49d90d1e012b9m.jpg?quality=close\" \/><\/div>\n<div class=\"magic-9\"><img decoding=\"async\" src=\"https:\/\/ae01.alicdn.com\/kf\/S6e6e7c6c5de14d92ac67c2383c0986dbl.jpg\" \/><\/div>\n<div class=\"magic-9\"><\/div>\n<div class=\"magic-9\"><\/div>\n<\/div>\n<\/div>\n<div class=\"magic-0\" data-section=\"AliMagic-nmlkh6\" data-section-title=\"Packing &amp; Delivery\"><\/div>\n","protected":false},"excerpt":{"rendered":"<ul>\n<li>Este esc\u00e1ner de diagn\u00f3stico incluye todas las funciones pr\u00e1cticas: diagn\u00f3stico de todos los sistemas, control bidireccional, m\u00e1s de 38 funciones de reinicio que fijan el 99% de los problemas comunes, soporta protocolos DoIP y CANDF, FCA AutoAuth y configuraci\u00f3n de hardware de alta gama.<\/li>\n<\/ul>\n<p>&nbsp;<\/p>\n<ul>\n<li>OTOFIX D1 Lite tambi\u00e9n puede controlar los ECU y controlar el funcionamiento de los actuadores para rastrear los problemas de ciertas piezas, como ventanas, techo solar, limpiaparabrisas, bombas de combustible, etc., ahorrando tiempo de reparaci\u00f3n y problemas.<\/li>\n<\/ul>\n<p>&nbsp;<\/p>\n<ul>\n<li>Garant\u00eda directa<\/li>\n<\/ul>\n<p>&nbsp;<\/p>\n<ul>\n<li>3 A\u00f1os de Actualizaciones Gratis<\/li>\n<\/ul>\n<p>&nbsp;<\/p>\n","protected":false},"featured_media":30503,"comment_status":"open","ping_status":"closed","template":"","meta":[],"product_brand":[],"product_cat":[86,22],"product_tag":[450,449,448],"class_list":{"0":"post-30500","1":"product","2":"type-product","3":"status-publish","4":"has-post-thumbnail","6":"product_cat-escaner-automotriz","7":"product_cat-herramientas-de-diagnostico","8":"product_tag-autel-otofix","9":"product_tag-diagnotico","10":"product_tag-escaner-automotriz","12":"first","13":"instock","14":"taxable","15":"shipping-taxable","16":"purchasable","17":"product-type-simple"},"_links":{"self":[{"href":"https:\/\/8000rpmtools.com\/index.php?rest_route=\/wp\/v2\/product\/30500","targetHints":{"allow":["GET"]}}],"collection":[{"href":"https:\/\/8000rpmtools.com\/index.php?rest_route=\/wp\/v2\/product"}],"about":[{"href":"https:\/\/8000rpmtools.com\/index.php?rest_route=\/wp\/v2\/types\/product"}],"replies":[{"embeddable":true,"href":"https:\/\/8000rpmtools.com\/index.php?rest_route=%2Fwp%2Fv2%2Fcomments&post=30500"}],"wp:featuredmedia":[{"embeddable":true,"href":"https:\/\/8000rpmtools.com\/index.php?rest_route=\/wp\/v2\/media\/30503"}],"wp:attachment":[{"href":"https:\/\/8000rpmtools.com\/index.php?rest_route=%2Fwp%2Fv2%2Fmedia&parent=30500"}],"wp:term":[{"taxonomy":"product_brand","embeddable":true,"href":"https:\/\/8000rpmtools.com\/index.php?rest_route=%2Fwp%2Fv2%2Fproduct_brand&post=30500"},{"taxonomy":"product_cat","embeddable":true,"href":"https:\/\/8000rpmtools.com\/index.php?rest_route=%2Fwp%2Fv2%2Fproduct_cat&post=30500"},{"taxonomy":"product_tag","embeddable":true,"href":"https:\/\/8000rpmtools.com\/index.php?rest_route=%2Fwp%2Fv2%2Fproduct_tag&post=30500"}],"curies":[{"name":"wp","href":"https:\/\/api.w.org\/{rel}","templated":true}]}}