{"id":30402,"date":"2023-01-24T18:06:15","date_gmt":"2023-01-24T18:06:15","guid":{"rendered":"https:\/\/8000rpmtools.com\/?post_type=product&#038;p=30402"},"modified":"2025-03-21T11:57:21","modified_gmt":"2025-03-21T16:57:21","slug":"multimetro-digital-automotriz-performance-tool-w2972","status":"publish","type":"product","link":"https:\/\/8000rpmtools.com\/?product=multimetro-digital-automotriz-performance-tool-w2972","title":{"rendered":"MULT\u00cdMETRO DIGITAL AUTOMOTRIZ PERFORMANCE TOOL W2972"},"content":{"rendered":"<div class=\"apm-sidemodule-imageleft\"><img decoding=\"async\" src=\"https:\/\/m.media-amazon.com\/images\/I\/51wDvMiQp3L.jpg\" alt=\"Amazon.com: Performance Tool - Soplador el\u00e9ctrico con velocidad variable, 300 pies c\u00fabicos por minuto, W50061 (certificado abref\u00e1cil de Amazon) : Todo lo dem\u00e1s\" \/><\/div>\n<div class=\"apm-sidemodule-textright\">\n<h3 class=\"a-spacing-mini\">PERFORMANCE TOOLS W2972<\/h3>\n<p>Caracter\u00edsticas: realiza todas las pruebas el\u00e9ctricas est\u00e1ndar automotrices en el auto o la soluci\u00f3n de problemas del banco. Mide y establece las funciones t\u00edpicas automotrices con el ajuste de agarre y permanencia. Prueba componentes el\u00e9ctricos para cableado y voltaje defectuosos. Comprueba el voltaje del sistema de arranque, carga y suministro de combustible y funci\u00f3n de diodo. LCD digital extra grande f\u00e1cil de leer. Cables y sondas con certificaci\u00f3n UL. Indicaci\u00f3n autom\u00e1tica de polaridad inversa. Protecci\u00f3n contra sobrecarga en todos los rangos. Los cables de prueba miden 42 pulgadas o 3.5 pies de largo<\/p>\n<\/div>\n","protected":false},"excerpt":{"rendered":"<ul class=\"a-unordered-list a-vertical a-spacing-mini\">\n<li><span class=\"a-list-item\">Realiza todas las pruebas el\u00e9ctricas automotrices est\u00e1ndar en el coche.<\/span><\/li>\n<li><span class=\"a-list-item\">Mide y establece las funciones t\u00edpicas del autom\u00f3vil con el ajuste de tacometro<\/span><\/li>\n<li><span class=\"a-list-item\">Prueba los componentes el\u00e9ctricos para cableado y voltaje defectuosos.<\/span><\/li>\n<li><span class=\"a-list-item\">Comprueba el voltaje del sistema de arranque, carga y suministro de combustible y la funci\u00f3n de diodo.<\/span><\/li>\n<li><span class=\"a-list-item\">LCD digital extra grande y f\u00e1cil de leer. Cables y sondas con certificaci\u00f3n UL.<\/span><\/li>\n<\/ul>\n","protected":false},"featured_media":30408,"comment_status":"open","ping_status":"closed","template":"","meta":[],"product_brand":[],"product_cat":[22,119],"product_tag":[],"class_list":{"0":"post-30402","1":"product","2":"type-product","3":"status-publish","4":"has-post-thumbnail","6":"product_cat-herramientas-de-diagnostico","7":"product_cat-multimetros","9":"first","10":"instock","11":"taxable","12":"shipping-taxable","13":"purchasable","14":"product-type-simple"},"_links":{"self":[{"href":"https:\/\/8000rpmtools.com\/index.php?rest_route=\/wp\/v2\/product\/30402","targetHints":{"allow":["GET"]}}],"collection":[{"href":"https:\/\/8000rpmtools.com\/index.php?rest_route=\/wp\/v2\/product"}],"about":[{"href":"https:\/\/8000rpmtools.com\/index.php?rest_route=\/wp\/v2\/types\/product"}],"replies":[{"embeddable":true,"href":"https:\/\/8000rpmtools.com\/index.php?rest_route=%2Fwp%2Fv2%2Fcomments&post=30402"}],"wp:featuredmedia":[{"embeddable":true,"href":"https:\/\/8000rpmtools.com\/index.php?rest_route=\/wp\/v2\/media\/30408"}],"wp:attachment":[{"href":"https:\/\/8000rpmtools.com\/index.php?rest_route=%2Fwp%2Fv2%2Fmedia&parent=30402"}],"wp:term":[{"taxonomy":"product_brand","embeddable":true,"href":"https:\/\/8000rpmtools.com\/index.php?rest_route=%2Fwp%2Fv2%2Fproduct_brand&post=30402"},{"taxonomy":"product_cat","embeddable":true,"href":"https:\/\/8000rpmtools.com\/index.php?rest_route=%2Fwp%2Fv2%2Fproduct_cat&post=30402"},{"taxonomy":"product_tag","embeddable":true,"href":"https:\/\/8000rpmtools.com\/index.php?rest_route=%2Fwp%2Fv2%2Fproduct_tag&post=30402"}],"curies":[{"name":"wp","href":"https:\/\/api.w.org\/{rel}","templated":true}]}}