{"id":30396,"date":"2023-01-24T17:35:35","date_gmt":"2023-01-24T17:35:35","guid":{"rendered":"https:\/\/8000rpmtools.com\/?post_type=product&#038;p=30396"},"modified":"2023-01-24T18:08:10","modified_gmt":"2023-01-24T18:08:10","slug":"manometro-de-4-vias-para-control-y-carga-de-aire-acondicionado-r134a-r410a-y-r22","status":"publish","type":"product","link":"https:\/\/8000rpmtools.com\/?product=manometro-de-4-vias-para-control-y-carga-de-aire-acondicionado-r134a-r410a-y-r22","title":{"rendered":"MAN\u00d3METRO DE 4 V\u00cdAS PARA CONTROL Y CARGA DE AIRE ACONDICIONADO R134A R410A y R22"},"content":{"rendered":"<div class=\"celwidget aplus-module launchpad-company-logo aplus-standard\" data-csa-c-id=\"f2ozkd-wk91om-8qjd5-o2fq2j\" data-cel-widget=\"aplus-launchpad-company-logo\">\n<div class=\"a-section a-text-center launchpad-module launchpad-module-company-logo\"><img decoding=\"async\" class=\"\" src=\"https:\/\/m.media-amazon.com\/images\/S\/aplus-media\/sc\/feea08e5-0c05-47d6-8d89-da41c49e0380.__CR0,0,600,180_PT0_SX600_V1___.jpg\" alt=\"AURELIO TECH\" data-src=\"https:\/\/m.media-amazon.com\/images\/S\/aplus-media\/sc\/feea08e5-0c05-47d6-8d89-da41c49e0380.__CR0,0,600,180_PT0_SX600_V1___.jpg\" \/><\/div>\n<\/div>\n<div class=\"celwidget aplus-module module-12 aplus-standard\" data-csa-c-id=\"jxlu03-iexopl-b74eaj-jxpba5\" data-cel-widget=\"aplus-module-12\">\n<div class=\"a-expander-collapsed-height a-row a-expander-container a-expander-partial-collapse-container\" data-a-expander-name=\"aplus-module-expander\" data-a-expander-collapsed-height=\"360\">\n<div class=\"a-expander-content a-expander-partial-collapse-content\" aria-expanded=\"false\">\n<div class=\"aplus-module-wrapper apm-spacing apm-floatnone apm-fixed-width\">\n<div class=\"apm-sidemodule aplus-module-content\">\n<div class=\"apm-hero-image\"><img decoding=\"async\" class=\"\" src=\"https:\/\/m.media-amazon.com\/images\/S\/aplus-seller-content-images-us-east-1\/ATVPDKIKX0DER\/A2N2PCJRUJNIQR\/c7329f84-8ad5-4584-ac13-0517f2458738._CR0,0,970,300_PT0_SX970__.jpg\" alt=\"pancarta\" data-src=\"https:\/\/m.media-amazon.com\/images\/S\/aplus-seller-content-images-us-east-1\/ATVPDKIKX0DER\/A2N2PCJRUJNIQR\/c7329f84-8ad5-4584-ac13-0517f2458738._CR0,0,970,300_PT0_SX970__.jpg\" \/><\/div>\n<\/div>\n<\/div>\n<div><\/div>\n<\/div>\n<\/div>\n<\/div>\n<div class=\"celwidget aplus-module 3p-module-b aplus-standard\" data-csa-c-id=\"v48tz4-ixlafu-u1issu-674n7p\" data-cel-widget=\"aplus-3p-module-b\">\n<div class=\"aplus-module-wrapper aplus-3p-fixed-width\">\n<p><img decoding=\"async\" class=\"a-spacing-base\" src=\"https:\/\/m.media-amazon.com\/images\/S\/aplus-media\/sc\/a247bace-ebb8-424e-8817-7503a8133013.__CR0,0,970,600_PT0_SX970_V1___.jpg\" alt=\"Juego de man\u00f3metro R134A\" data-src=\"https:\/\/m.media-amazon.com\/images\/S\/aplus-media\/sc\/a247bace-ebb8-424e-8817-7503a8133013.__CR0,0,970,600_PT0_SX970_V1___.jpg\" \/><\/p>\n<p class=\"a-spacing-base\">Juego de manifold de diagn\u00f3stico de aire acondicionado automotriz profesional de 4 v\u00edas para refrigerantes R134A, R22 y R410A, dise\u00f1ado para carga de CA, evacuaci\u00f3n (vac\u00edo), comprobaci\u00f3n de diagn\u00f3stico y trabajos de recuperaci\u00f3n. Pruebe sus sistemas de aire acondicionado automotriz con este nuevo juego de man\u00f3metros colectores. Este juego incluye indicadores de alta presi\u00f3n y baja presi\u00f3n codificados por color, esferas grandes y claras, v\u00e1lvulas de desconexi\u00f3n r\u00e1pida y tres mangueras de carga de 60 pulgadas. Proporciona todas las herramientas necesarias en una sola unidad, puedes probar, diagnosticar y recargar cualquier sistema de aire acondicionado con este conjunto b\u00e1sico de manifolles.<\/p>\n<\/div>\n<\/div>\n<div class=\"celwidget aplus-module module-4 aplus-standard\" data-csa-c-id=\"qmfwdv-kmdwjb-vixozu-6bjjqd\" data-cel-widget=\"aplus-module-4\">\n<div class=\"a-expander-collapsed-height a-row a-expander-container a-expander-partial-collapse-container\" data-a-expander-name=\"aplus-module-expander\" data-a-expander-collapsed-height=\"700\">\n<div class=\"a-expander-content a-expander-partial-collapse-content\" aria-expanded=\"false\">\n<div class=\"aplus-module-wrapper apm-fixed-width\">\n<div class=\"apm-spacing\">\n<div class=\"apm-floatleft apm-fixed-width\">\n<h3 class=\"a-spacing-small\">LISTA DE ACCESORIOS<\/h3>\n<div class=\"apm-spacing\">\n<table class=\"apm-fixed-width apm-fourthcol-table\">\n<tbody>\n<tr>\n<th class=\"apm-center\">\n<div class=\"apm-fourthcol\">\n<p><img decoding=\"async\" class=\"\" src=\"https:\/\/m.media-amazon.com\/images\/S\/aplus-media\/sc\/1259ce99-e68d-4f1c-907a-1a8e49aa1efa.__CR0,0,220,220_PT0_SX220_V1___.jpg\" alt=\"Calibre de colector AC\" data-src=\"https:\/\/m.media-amazon.com\/images\/S\/aplus-media\/sc\/1259ce99-e68d-4f1c-907a-1a8e49aa1efa.__CR0,0,220,220_PT0_SX220_V1___.jpg\" \/><\/p>\n<\/div>\n<\/th>\n<th class=\"apm-center\">\n<div class=\"apm-fourthcol\">\n<p><img decoding=\"async\" class=\"\" src=\"https:\/\/m.media-amazon.com\/images\/S\/aplus-media\/sc\/9f0c20a7-b2ae-465f-a66f-4d57236ae3f8.__CR0,0,220,220_PT0_SX220_V1___.jpg\" alt=\"22\" data-src=\"https:\/\/m.media-amazon.com\/images\/S\/aplus-media\/sc\/9f0c20a7-b2ae-465f-a66f-4d57236ae3f8.__CR0,0,220,220_PT0_SX220_V1___.jpg\" \/><\/p>\n<\/div>\n<\/th>\n<th class=\"apm-center\">\n<div class=\"apm-fourthcol\">\n<p><img decoding=\"async\" class=\"\" src=\"https:\/\/m.media-amazon.com\/images\/S\/aplus-media\/sc\/0717f886-7588-493f-8bc4-a4c50fece6ed.__CR0,0,220,220_PT0_SX220_V1___.jpg\" alt=\"Adaptador AC\" data-src=\"https:\/\/m.media-amazon.com\/images\/S\/aplus-media\/sc\/0717f886-7588-493f-8bc4-a4c50fece6ed.__CR0,0,220,220_PT0_SX220_V1___.jpg\" \/><\/p>\n<\/div>\n<\/th>\n<th class=\"apm-center\">\n<div class=\"apm-fourthcol\">\n<p><img decoding=\"async\" class=\"\" src=\"https:\/\/m.media-amazon.com\/images\/S\/aplus-media\/sc\/183b69e7-979b-47fd-b153-3adffe0f4282.__CR0,0,220,220_PT0_SX220_V1___.jpg\" alt=\"4.\" data-src=\"https:\/\/m.media-amazon.com\/images\/S\/aplus-media\/sc\/183b69e7-979b-47fd-b153-3adffe0f4282.__CR0,0,220,220_PT0_SX220_V1___.jpg\" \/><\/p>\n<\/div>\n<\/th>\n<\/tr>\n<tr>\n<td class=\"apm-top\">\n<div class=\"apm-fourthcol\">\n<h4 class=\"a-spacing-mini\">1 man\u00f3metro.<\/h4>\n<p class=\"a-size-small\">4 v\u00edas: rojo, azul, amarillo, negro.<\/p>\n<p class=\"a-size-small\">Tipo de refrigerante: R134A, R22, R410A.<\/p>\n<p class=\"a-size-small\">Presi\u00f3n de r\u00e1faga: 4000 PSI.<\/p>\n<p class=\"a-size-small\">Presi\u00f3n m\u00e1xima de trabajo: 800 PSI.<\/p>\n<\/div>\n<\/td>\n<td class=\"apm-top\">\n<div class=\"apm-fourthcol\">\n<h4 class=\"a-spacing-mini\">Manguera de 4 x 5 pies.<\/h4>\n<p class=\"a-size-small\">Manguera roja: alta presi\u00f3n<\/p>\n<p class=\"a-size-small\">Manguera azul: baja presi\u00f3n<\/p>\n<p class=\"a-size-small\">Manguera amarilla: refrigerante<\/p>\n<p class=\"a-size-small\">Manguera negra: bomba de vac\u00edo<\/p>\n<\/div>\n<\/td>\n<td class=\"apm-top\">\n<div class=\"apm-fourthcol\">\n<h4 class=\"a-spacing-mini\">2 acopladores.<\/h4>\n<p class=\"a-size-small\">Se adapta a los conjuntos de man\u00f3metros de colector del A\/C (R-134A), la interfaz del acoplador se adapta a los puertos de servicio R134A, bengala macho de 1\/4 pulgadas.<\/p>\n<p class=\"a-size-small\">Azul: Conector r\u00e1pido\/adaptador de lado bajo; y rojo: Lado alto r\u00e1pido<\/p>\n<\/div>\n<\/td>\n<td class=\"apm-top\">\n<div class=\"apm-fourthcol\">\n<h4 class=\"a-spacing-mini\">3 adaptadores y 1 llave inglesa.<\/h4>\n<p class=\"a-size-small\">Adaptador ACME: 1\/4&#8243; macho a 1\/2&#8243; hembra<\/p>\n<p class=\"a-size-small\">Adaptador del tanque: 1\/4&#8243; hembra a 5\/16&#8243; macho<\/p>\n<p class=\"a-size-small\">Adaptador del tanque: 5\/16 pulgadas hembra a 1\/4 pulgadas macho<\/p>\n<p class=\"a-size-small\">Incluye llave de n\u00facleo de v\u00e1lvula.<\/p>\n<\/div>\n<\/td>\n<\/tr>\n<\/tbody>\n<\/table>\n<\/div>\n<\/div>\n<\/div>\n<\/div>\n<div><\/div>\n<\/div>\n<\/div>\n<\/div>\n<div class=\"celwidget aplus-module 3p-module-b aplus-standard\" data-csa-c-id=\"9ymzy0-qlnprd-g418j7-m90i23\" data-cel-widget=\"aplus-3p-module-b\">\n<div class=\"aplus-module-wrapper aplus-3p-fixed-width\"><img decoding=\"async\" class=\"a-spacing-base\" src=\"https:\/\/m.media-amazon.com\/images\/S\/aplus-media\/sc\/33e04961-206f-43c3-ac2b-f7c411af9f70.__CR0,0,970,600_PT0_SX970_V1___.jpg\" alt=\"AURELIO TECH\" data-src=\"https:\/\/m.media-amazon.com\/images\/S\/aplus-media\/sc\/33e04961-206f-43c3-ac2b-f7c411af9f70.__CR0,0,970,600_PT0_SX970_V1___.jpg\" \/><\/div>\n<\/div>\n","protected":false},"excerpt":{"rendered":"<ul class=\"a-unordered-list a-vertical a-spacing-mini\">\n<li><span class=\"a-list-item\">Medidores de control y carga de Aire acondicionado, carcasa y llaves de aluminio;<\/span><\/li>\n<li><span class=\"a-list-item\">presi\u00f3n m\u00e1xima de trabajo: 800 PSI<\/span><\/li>\n<li><span class=\"a-list-item\">unidad de grado con panel de instrumentos f\u00e1cil de leer<\/span><\/li>\n<li>Garant\u00eda de 1 a\u00f1o<\/li>\n<\/ul>\n","protected":false},"featured_media":30398,"comment_status":"open","ping_status":"closed","template":"","meta":[],"product_brand":[],"product_cat":[17],"product_tag":[255,59,442,259],"class_list":{"0":"post-30396","1":"product","2":"type-product","3":"status-publish","4":"has-post-thumbnail","6":"product_cat-manometros-y-medidores","7":"product_tag-ac","8":"product_tag-aire-acondicionado","9":"product_tag-climatizacion","10":"product_tag-manometros","12":"first","13":"instock","14":"taxable","15":"shipping-taxable","16":"purchasable","17":"product-type-simple"},"_links":{"self":[{"href":"https:\/\/8000rpmtools.com\/index.php?rest_route=\/wp\/v2\/product\/30396","targetHints":{"allow":["GET"]}}],"collection":[{"href":"https:\/\/8000rpmtools.com\/index.php?rest_route=\/wp\/v2\/product"}],"about":[{"href":"https:\/\/8000rpmtools.com\/index.php?rest_route=\/wp\/v2\/types\/product"}],"replies":[{"embeddable":true,"href":"https:\/\/8000rpmtools.com\/index.php?rest_route=%2Fwp%2Fv2%2Fcomments&post=30396"}],"wp:featuredmedia":[{"embeddable":true,"href":"https:\/\/8000rpmtools.com\/index.php?rest_route=\/wp\/v2\/media\/30398"}],"wp:attachment":[{"href":"https:\/\/8000rpmtools.com\/index.php?rest_route=%2Fwp%2Fv2%2Fmedia&parent=30396"}],"wp:term":[{"taxonomy":"product_brand","embeddable":true,"href":"https:\/\/8000rpmtools.com\/index.php?rest_route=%2Fwp%2Fv2%2Fproduct_brand&post=30396"},{"taxonomy":"product_cat","embeddable":true,"href":"https:\/\/8000rpmtools.com\/index.php?rest_route=%2Fwp%2Fv2%2Fproduct_cat&post=30396"},{"taxonomy":"product_tag","embeddable":true,"href":"https:\/\/8000rpmtools.com\/index.php?rest_route=%2Fwp%2Fv2%2Fproduct_tag&post=30396"}],"curies":[{"name":"wp","href":"https:\/\/api.w.org\/{rel}","templated":true}]}}