{"id":30349,"date":"2022-06-02T19:20:35","date_gmt":"2022-06-02T19:20:35","guid":{"rendered":"https:\/\/8000rpmtools.com\/?post_type=product&#038;p=30349"},"modified":"2023-03-10T17:00:57","modified_gmt":"2023-03-10T17:00:57","slug":"kit-bomba-para-purga-de-frenos-y-prueba-de-presion","status":"publish","type":"product","link":"https:\/\/8000rpmtools.com\/?product=kit-bomba-para-purga-de-frenos-y-prueba-de-presion","title":{"rendered":"KIT BOMBA PARA PURGA DE FRENOS Y PRUEBA DE PRESI\u00d3N"},"content":{"rendered":"<div class=\"celwidget aplus-module 3p-module-b aplus-standard\" data-csa-c-id=\"drntus-ifc0vy-rpdivz-jhd7aq\" data-cel-widget=\"aplus-3p-module-b\">\n<div class=\"aplus-module-wrapper aplus-3p-fixed-width\"><img decoding=\"async\" class=\"a-spacing-base\" src=\"https:\/\/m.media-amazon.com\/images\/S\/aplus-media\/sc\/1318141a-b0ae-45ef-b34d-2e6b64951a06.__CR0,0,970,600_PT0_SX970_V1___.jpg\" alt=\"Vac\u00edo\" data-src=\"https:\/\/m.media-amazon.com\/images\/S\/aplus-media\/sc\/1318141a-b0ae-45ef-b34d-2e6b64951a06.__CR0,0,970,600_PT0_SX970_V1___.jpg\" \/><\/div>\n<\/div>\n<div class=\"celwidget aplus-module 3p-module-b aplus-standard\" data-csa-c-id=\"996sc8-6ec0dc-15pacb-s5dasu\" data-cel-widget=\"aplus-3p-module-b\">\n<div class=\"aplus-module-wrapper aplus-3p-fixed-width\"><img decoding=\"async\" class=\"a-spacing-base\" src=\"https:\/\/m.media-amazon.com\/images\/S\/aplus-media\/sc\/3307ecad-31bb-4283-be3e-8680e90888ea.__CR0,0,970,600_PT0_SX970_V1___.jpg\" alt=\"Tarro\" data-src=\"https:\/\/m.media-amazon.com\/images\/S\/aplus-media\/sc\/3307ecad-31bb-4283-be3e-8680e90888ea.__CR0,0,970,600_PT0_SX970_V1___.jpg\" \/><\/div>\n<\/div>\n<div class=\"celwidget aplus-module 3p-module-b aplus-standard\" data-csa-c-id=\"n3nicd-2jnla8-ruwozf-paeduc\" data-cel-widget=\"aplus-3p-module-b\">\n<div class=\"aplus-module-wrapper aplus-3p-fixed-width\"><img decoding=\"async\" class=\"a-spacing-base\" src=\"https:\/\/m.media-amazon.com\/images\/S\/aplus-media\/sc\/098172eb-3d31-4054-9400-f3ce1eec12d9.__CR0,0,970,600_PT0_SX970_V1___.jpg\" alt=\"conectar\" data-src=\"https:\/\/m.media-amazon.com\/images\/S\/aplus-media\/sc\/098172eb-3d31-4054-9400-f3ce1eec12d9.__CR0,0,970,600_PT0_SX970_V1___.jpg\" \/><\/div>\n<\/div>\n<div class=\"celwidget aplus-module 3p-module-b aplus-standard\" data-csa-c-id=\"u0j80o-hvosgg-83jomc-qobdz8\" data-cel-widget=\"aplus-3p-module-b\">\n<div class=\"aplus-module-wrapper aplus-3p-fixed-width\">\n<p><img decoding=\"async\" class=\"a-spacing-base\" src=\"https:\/\/m.media-amazon.com\/images\/S\/aplus-media\/sc\/2b21690c-132e-4df1-bda8-a1b0b9b53044.__CR0,0,970,600_PT0_SX970_V1___.jpg\" alt=\"lista\" data-src=\"https:\/\/m.media-amazon.com\/images\/S\/aplus-media\/sc\/2b21690c-132e-4df1-bda8-a1b0b9b53044.__CR0,0,970,600_PT0_SX970_V1___.jpg\" \/><\/p>\n<h3 class=\"a-spacing-mini\">Lista de paquetes<\/h3>\n<p class=\"a-spacing-base\">1 x Probador de bomba de vac\u00edo y presi\u00f3n de mano, 2 x tarro de almacenamiento con cubiertas, 14 x adaptadores, 5 x mangueras de vac\u00edo, 1 x instrucciones, 1 x caja roja<\/p>\n<\/div>\n<\/div>\n<div class=\"celwidget aplus-module 3p-module-b aplus-standard\" data-csa-c-id=\"xc8iyf-g56u9n-1ead81-mffz6n\" data-cel-widget=\"aplus-3p-module-b\">\n<div class=\"aplus-module-wrapper aplus-3p-fixed-width\">\n<p><img decoding=\"async\" class=\"a-spacing-base\" src=\"https:\/\/m.media-amazon.com\/images\/S\/aplus-media\/sc\/329d325a-0459-4622-acf9-ab00bcda5dd8.__CR0,0,970,600_PT0_SX970_V1___.jpg\" alt=\"utilizar\" data-src=\"https:\/\/m.media-amazon.com\/images\/S\/aplus-media\/sc\/329d325a-0459-4622-acf9-ab00bcda5dd8.__CR0,0,970,600_PT0_SX970_V1___.jpg\" \/><\/p>\n<p class=\"a-spacing-base\">Funci\u00f3n<\/p>\n<p class=\"a-spacing-base\">1. Bomba de inflado: Mueva el collar en el cilindro hacia atr\u00e1s y la bomba para inflar la presi\u00f3n2.<\/p>\n<p class=\"a-spacing-base\">Bomba de vac\u00edo: Mueva el collar del cilindro hacia adelante y la bomba para el vac\u00edo Esta bomba de vac\u00edo construida con energ\u00eda se utiliza con mayor frecuencia para la purga de sistemas de freno.<\/p>\n<\/div>\n<\/div>\n<div class=\"celwidget aplus-module basic-module-13-text aplus-standard\" data-csa-c-id=\"92vnxo-7min1l-twwbq9-5h6bzv\" data-cel-widget=\"aplus-basic-module-13-text\">\n<div class=\"a-section a-spacing-none aplus-module aplus-module-13 aplus-module-wrapper apm-fixed-width\">\n<div class=\"a-section a-spacing-none aplus-13-heading\">\n<h1 class=\"aplus-13-heading-text a-text-bold\">F\u00e1cil de operar<\/h1>\n<\/div>\n<div class=\"a-section a-spacing-none aplus-module-section aplus-text-section\">\n<p class=\"description\">1. Aseg\u00farese de que el dep\u00f3sito del cilindro maestro de los veh\u00edculos es full2. Sangrar los cilindros y pinzas de las ruedas delanteras a las traseras3. Monte la herramienta de purga de l\u00edquido del embrague de freno de acuerdo con la siguiente secuencia: Bomba de mano &#8211; Manguera de 4&#8243; &#8211; Cubierta de transferencia &#8220;Para bombear&#8221; lado &#8211; Manguera de 4&#8243; a la parte inferior de la cubierta de transferencia y frasco de almacenamiento &#8211; Manguera de 20&#8243; &#8211; Adaptador de tama\u00f1o adecuado &#8211; V\u00e1lvula de purga de freno de veh\u00edculo4. Coloque el accesorio de purga de freno al tornillo de purga y bombee la bomba de purga de freno 10-15 veces para crear un vac\u00edo en el frasco de almacenamiento5. Abra el accesorio de purga de freno del veh\u00edculo 1\/4-1\/2 de vuelta y deje que unos 2 en de l\u00edquido fluya en el frasco de almacenamiento6. Llene el dep\u00f3sito del cilindro maestro de nuevo a la normalidad con l\u00edquido fresco y proceda al siguiente freno del veh\u00edculo y realice los mismos pasos que anteriormente<\/p>\n<\/div>\n<\/div>\n<\/div>\n","protected":false},"excerpt":{"rendered":"<ul>\n<li>Realiza el vac\u00edo para purgar frenos de manera r\u00e1pida y segura<\/li>\n<li>La bomba puede enviar presi\u00f3n para pruebas de fugas y varios componentes<\/li>\n<li>Incluye accesorios para todas las marcas de veh\u00edculos<\/li>\n<li>Material resistente y duradero<\/li>\n<\/ul>\n","protected":false},"featured_media":30352,"comment_status":"open","ping_status":"closed","template":"","meta":[],"product_brand":[],"product_cat":[17,178],"product_tag":[],"class_list":{"0":"post-30349","1":"product","2":"type-product","3":"status-publish","4":"has-post-thumbnail","6":"product_cat-manometros-y-medidores","7":"product_cat-succion-y-transferencia-de-fluidos","9":"first","10":"instock","11":"taxable","12":"shipping-taxable","13":"purchasable","14":"product-type-simple"},"_links":{"self":[{"href":"https:\/\/8000rpmtools.com\/index.php?rest_route=\/wp\/v2\/product\/30349","targetHints":{"allow":["GET"]}}],"collection":[{"href":"https:\/\/8000rpmtools.com\/index.php?rest_route=\/wp\/v2\/product"}],"about":[{"href":"https:\/\/8000rpmtools.com\/index.php?rest_route=\/wp\/v2\/types\/product"}],"replies":[{"embeddable":true,"href":"https:\/\/8000rpmtools.com\/index.php?rest_route=%2Fwp%2Fv2%2Fcomments&post=30349"}],"wp:featuredmedia":[{"embeddable":true,"href":"https:\/\/8000rpmtools.com\/index.php?rest_route=\/wp\/v2\/media\/30352"}],"wp:attachment":[{"href":"https:\/\/8000rpmtools.com\/index.php?rest_route=%2Fwp%2Fv2%2Fmedia&parent=30349"}],"wp:term":[{"taxonomy":"product_brand","embeddable":true,"href":"https:\/\/8000rpmtools.com\/index.php?rest_route=%2Fwp%2Fv2%2Fproduct_brand&post=30349"},{"taxonomy":"product_cat","embeddable":true,"href":"https:\/\/8000rpmtools.com\/index.php?rest_route=%2Fwp%2Fv2%2Fproduct_cat&post=30349"},{"taxonomy":"product_tag","embeddable":true,"href":"https:\/\/8000rpmtools.com\/index.php?rest_route=%2Fwp%2Fv2%2Fproduct_tag&post=30349"}],"curies":[{"name":"wp","href":"https:\/\/api.w.org\/{rel}","templated":true}]}}