{"id":30338,"date":"2022-05-25T00:26:31","date_gmt":"2022-05-25T00:26:31","guid":{"rendered":"https:\/\/8000rpmtools.com\/?post_type=product&#038;p=30338"},"modified":"2022-05-25T00:26:31","modified_gmt":"2022-05-25T00:26:31","slug":"analizador-de-baterias-alternador-arranque-launch-bst-360","status":"publish","type":"product","link":"https:\/\/8000rpmtools.com\/?product=analizador-de-baterias-alternador-arranque-launch-bst-360","title":{"rendered":"ANALIZADOR DE BATER\u00cdAS, ALTERNADOR, ARRANQUE LAUNCH BST-360"},"content":{"rendered":"<p><span data-spm-anchor-id=\"a2g0o.detail.1000023.i0.25da5b19bMLQuy\">LAUNCH X431 BST360 Analizador de clip de prueba de bater\u00eda 6V 12V\u00a0\u00a0<\/span><\/p>\n<p>LAUNCH BST-360 adecuado para t\u00e9cnicos y consumidores en movimiento, es seguro de usar con sus caracter\u00edsticas anticalor y prevenci\u00f3n contra chispas el\u00e9ctricas de retroceso que pueden ocurrir durante el diagn\u00f3stico del sistema el\u00e9ctrico.<\/p>\n<p><strong>LAUNCH BST360 Idioma:<\/strong><\/p>\n<p><strong>Ingl\u00e9s, espa\u00f1ol, alem\u00e1n, italiano, portugu\u00e9s, ruso, japon\u00e9s, chino<\/strong><\/p>\n<p><img decoding=\"async\" src=\"https:\/\/ae01.alicdn.com\/kf\/H21ffc740cc074ca89f29b4c150f3edffz.jpg\" \/><\/p>\n<p><strong>Caracter\u00edsticas LAUNCH BST-360<\/strong><\/p>\n<p>1. Monitoriza en tiempo Real el estado de la bater\u00eda incluido.<\/p>\n<p>2. An\u00e1lisis del sistema de carga y de mirada para determinar los problemas relacionados.<\/p>\n<p>3. Permite al usuario descargar informes de prueba en sus tel\u00e9fonos inteligentes y herramientas de escaneo de diagn\u00f3stico por Bluetooth wirelesstechnolog\u00eda<\/p>\n<p>4. Port\u00e1til y ligero, compacto y pr\u00e1ctico<\/p>\n<p><strong>LAUNCH BST-360 admite 6 tipos de pruebas:<\/strong><\/p>\n<p>1. Detecci\u00f3n de ondulaci\u00f3n<\/p>\n<p>2. Prueba de bater\u00eda<\/p>\n<p>3. Prueba de corriente el\u00e9ctrica<\/p>\n<p>4. Prueba de arranque<\/p>\n<p>5. Prueba del sistema de carga<\/p>\n<p>6. Prueba de voltaje<\/p>\n<p><strong>LAUNCH BST-360 tipos de bater\u00eda aplicables<\/strong><\/p>\n<p>6V,12V (bater\u00eda de plomo-\u00e1cido, bater\u00eda de GEL y bater\u00eda AGM)<\/p>\n<p><img decoding=\"async\" src=\"https:\/\/ae01.alicdn.com\/kf\/Hc17d2c8cc9894a92992b822125187d65a.jpg\" \/><\/p>\n<p><strong>Funci\u00f3n de BST-360 de lanzamiento:<\/strong><\/p>\n<p><strong>1. Prueba de Salud de la bater\u00eda<\/strong><\/p>\n<p>Analiza principalmente el estado de salud de la bater\u00eda del coche, calcula la capacidad real de arranque en fr\u00edo de la bater\u00eda y determina el grado de envejecimiento de la bater\u00eda, para proporcionar una base de an\u00e1lisis confiable para la inspecci\u00f3n y el mantenimiento de la bater\u00eda del autom\u00f3vil.<\/p>\n<p><strong>2. Prueba de sistema inteligente<\/strong><\/p>\n<p>Es principalmente para detectar y analizar el motor de arranque del coche, y detectar la corriente de arranque real y el voltaje de arranque del motor de arranque, para que se pueda juzgar si el motor de arranque es normal.<\/p>\n<p><strong>3. Prueba de Salud de carga<\/strong><\/p>\n<p>Le informamos el voltaje de salida del alternador, el diodo rectificador y la corriente de carga. Adem\u00e1s, analiza el estado del sistema de carga y la bater\u00eda a trav\u00e9s de los datos anteriores, proporciona una prueba precisa del sistema de carga<\/p>\n<p><strong>4. Registro de prueba<\/strong><\/p>\n<p>Incluye prueba de estado de la bater\u00eda, prueba de sistema inteligente e informe de prueba de salud de carga<\/p>\n<p><img decoding=\"async\" src=\"https:\/\/ae01.alicdn.com\/kf\/H23949776acf84149abe475dd97b35a07Q.jpg\" \/><img decoding=\"async\" src=\"https:\/\/ae01.alicdn.com\/kf\/H4e3d1942e15d4cb0b83399846d222b8fW.jpg\" \/><\/p>\n<p><strong>Caracter\u00edsticas del probador de bater\u00eda LAUNCH X431 BST360 12V<\/strong><\/p>\n<p>1. Admite conexi\u00f3n autom\u00e1tica inal\u00e1mbrica Bluetooth<\/p>\n<p>2. Compatible con series X431 (compatible con series X431 (X431 V \/V +\/PRO3\/pro3s +\/ PAD II \/PAD III \/PAD V , ect). Y soporte de dispositivo MultiTerminal para tel\u00e9fono m\u00f3vil) y soporte de dispositivo MultiTerminal para tel\u00e9fono m\u00f3vil<\/p>\n<p>3. Tama\u00f1o peque\u00f1o, f\u00e1cil de llevar<\/p>\n<p>4. Uso inmediato, sin calor, sin chispas, sin riesgos de funcionamiento.<\/p>\n<p>5. Admite est\u00e1ndares de bater\u00eda comunes, como CCA, DIN, JIS, EN, IEC, AH, SAE, BCI.<\/p>\n<p>6. Admite tipos de bater\u00edas comunes, como bater\u00eda normal (inundada Regular), bater\u00eda de arranque-parada AMG (placa AGM), bater\u00eda de arranque-parada de GEL (GEL),. Bater\u00eda de arranque y parada EFP (EFP)<\/p>\n<p>7. Admite Impresi\u00f3n de informes, uso compartido por Bluetooth<\/p>\n<p>8. Admite idiomas como chino, ingl\u00e9s, alem\u00e1n, franc\u00e9s, ruso, italiano, japon\u00e9s, espa\u00f1ol, portugu\u00e9s y otros idiomas<\/p>\n<p>9. Tiene la funci\u00f3n de protecci\u00f3n de polaridad inversa, y la conexi\u00f3n inversa del clip no da\u00f1ar\u00e1 el probador, ni tendr\u00e1 ning\u00fan efecto negativo en el coche y la bater\u00eda.<\/p>\n<p>10. Puede probar directamente la bater\u00eda que est\u00e1 perdiendo energ\u00eda sin tener que cargarla completamente antes de probarla.<\/p>\n<p><img decoding=\"async\" src=\"https:\/\/ae01.alicdn.com\/kf\/H39aff70f68c542bb9eec17cfa7ddd0259.jpg\" \/><\/p>\n<p><img decoding=\"async\" src=\"https:\/\/ae01.alicdn.com\/kf\/H36bea0abfe2743fd9c77d377216d7239c.jpg\" \/><\/p>\n<p><strong>LAUNCH BST360 par\u00e1metros<\/strong><\/p>\n<p>M\u00e9todo de conexi\u00f3n: conexi\u00f3n Bluetooth<\/p>\n<p>Rango de voltaje de prueba: 11 ~ 16V<\/p>\n<p>Rango de capacidad de medici\u00f3n: 30AH-80AH<\/p>\n<p>Temperatura de trabajo: -10 ~ 50 \u2103<\/p>\n<p>Temperatura de almacenamiento: -20 ~ 60 \u2103<\/p>\n<p>Longitud del Cable: unos 56cm<\/p>\n<p><strong>C\u00f3mo conectar BST-360 al trabajo:<\/strong><\/p>\n<p><img decoding=\"async\" src=\"https:\/\/ae01.alicdn.com\/kf\/H8a4595dc508345b8bc08b41f51dde8bdU.jpg\" \/><img decoding=\"async\" src=\"https:\/\/ae01.alicdn.com\/kf\/H8409b384f16641aea6f585949421c904m.jpg\" \/><\/p>\n<p><strong>LAUNCH BST-360 lista de embalaje:<\/strong><\/p>\n<p>1 unidad * BST-360 de lanzamiento<\/p>\n<p><img decoding=\"async\" src=\"https:\/\/ae01.alicdn.com\/kf\/Ha458a3b07e64484e8394d65ad4fb009eX.jpg\" \/><\/p>\n","protected":false},"excerpt":{"rendered":"<ul>\n<li>Analizador de Bater\u00e1s, Alternador, arranque del veh\u00edculo<\/li>\n<li>Un equipo LAUNCH 100% Original<\/li>\n<li>Protecci\u00f3n contra polaridad inversa y corto circuito<\/li>\n<li>Funciona con Dispositivos Launch serie X431 y Dispositivos Android<\/li>\n<\/ul>\n","protected":false},"featured_media":30348,"comment_status":"open","ping_status":"closed","template":"","meta":[],"product_brand":[],"product_cat":[112,22],"product_tag":[68,441,87,88],"class_list":{"0":"post-30338","1":"product","2":"type-product","3":"status-publish","4":"has-post-thumbnail","6":"product_cat-analizadores-de-baterias","7":"product_cat-herramientas-de-diagnostico","8":"product_tag-analizador-de-baterias","9":"product_tag-battery-tester","10":"product_tag-launch","11":"product_tag-x431","13":"first","14":"instock","15":"taxable","16":"shipping-taxable","17":"purchasable","18":"product-type-simple"},"_links":{"self":[{"href":"https:\/\/8000rpmtools.com\/index.php?rest_route=\/wp\/v2\/product\/30338","targetHints":{"allow":["GET"]}}],"collection":[{"href":"https:\/\/8000rpmtools.com\/index.php?rest_route=\/wp\/v2\/product"}],"about":[{"href":"https:\/\/8000rpmtools.com\/index.php?rest_route=\/wp\/v2\/types\/product"}],"replies":[{"embeddable":true,"href":"https:\/\/8000rpmtools.com\/index.php?rest_route=%2Fwp%2Fv2%2Fcomments&post=30338"}],"wp:featuredmedia":[{"embeddable":true,"href":"https:\/\/8000rpmtools.com\/index.php?rest_route=\/wp\/v2\/media\/30348"}],"wp:attachment":[{"href":"https:\/\/8000rpmtools.com\/index.php?rest_route=%2Fwp%2Fv2%2Fmedia&parent=30338"}],"wp:term":[{"taxonomy":"product_brand","embeddable":true,"href":"https:\/\/8000rpmtools.com\/index.php?rest_route=%2Fwp%2Fv2%2Fproduct_brand&post=30338"},{"taxonomy":"product_cat","embeddable":true,"href":"https:\/\/8000rpmtools.com\/index.php?rest_route=%2Fwp%2Fv2%2Fproduct_cat&post=30338"},{"taxonomy":"product_tag","embeddable":true,"href":"https:\/\/8000rpmtools.com\/index.php?rest_route=%2Fwp%2Fv2%2Fproduct_tag&post=30338"}],"curies":[{"name":"wp","href":"https:\/\/api.w.org\/{rel}","templated":true}]}}