{"id":30329,"date":"2022-05-25T00:04:55","date_gmt":"2022-05-25T00:04:55","guid":{"rendered":"https:\/\/8000rpmtools.com\/?post_type=product&#038;p=30329"},"modified":"2023-03-06T21:57:54","modified_gmt":"2023-03-06T21:57:54","slug":"videoscopio-launch-vsp-600","status":"publish","type":"product","link":"https:\/\/8000rpmtools.com\/?product=videoscopio-launch-vsp-600","title":{"rendered":"VIDEOSCOPIO LAUNCH VSP-600"},"content":{"rendered":"<div class=\"detailmodule_text-image\">\n<p class=\"detail-desc-decorate-title\">Launch Videoscope X431 C\u00e1mara endosc\u00f3pica USB VSP-600 Flexible 5,5 MM Micro boroscopio con 6LEDs ajustables<\/p>\n<p>El video scope LAUNCH VSP600 ayuda a los t\u00e9cnicos a verificar problemas en \u00e1reas inaccesibles de un veh\u00edculo. Con 6 niveles de intensidad de luz, los t\u00e9cnicos pueden ajustar f\u00e1cilmente el brillo seg\u00fan el entorno. Funcionar\u00e1 con esc\u00e1neres de LAUNCH X-431 o cualquier dispositivo Android y transmitir\u00e1 videos en vivo sobre \u00e9l. Los t\u00e9cnicos pueden ver, grabar y guardar im\u00e1genes y v\u00eddeos.<\/p>\n<div><img decoding=\"async\" class=\"detail-desc-decorate-image\" src=\"https:\/\/ae01.alicdn.com\/kf\/Hb091cae5bd5e4858b0b39cac659dc9f5r.jpg\" \/><\/div>\n<\/div>\n<div class=\"detailmodule_text-image\">\n<p>\u2605Launch VSP-600 es ampliamente utilizado en<\/p>\n<p class=\"detail-desc-decorate-content\">\u25b2 Autom\u00f3vil:<\/p>\n<p>Se utiliza para Comprobar el motor, las piezas de presi\u00f3n de aceite, la inspecci\u00f3n de calidad y la inspecci\u00f3n de montaje de la medici\u00f3n de la pieza de la boquilla.<\/p>\n<p>\u25b2 Tuber\u00eda de agua del grifo:<\/p>\n<p>Tambi\u00e9n se utiliza para comprobar el \u00f3xido y el bloqueo del tubo de drenaje.<\/p>\n<p>\u25b2Maquinaria industrial:<\/p>\n<p>Utilizado para inspecciones, calderas, intercambiadores de calor; Equipos mec\u00e1nicos y dispositivos de fabricaci\u00f3n.<\/p>\n<p>\u25b2 Electricidad:<\/p>\n<p>Utilizado en varios intercambiadores de calor, tuber\u00edas, turbinas, etc. en energ\u00eda nuclear, energ\u00eda t\u00e9rmica y estaciones hidroel\u00e9ctricas.<br \/>\nInspecci\u00f3n y mantenimiento.<\/p>\n<p>\u25b2Industria petroqu\u00edmica:<\/p>\n<p>Utilizado para la configuraci\u00f3n tecnol\u00f3gica de tuber\u00edas, recipientes a presi\u00f3n, calderas, intercambiadores de calor, etc.<br \/>\nInspecciones preparadas.<\/p>\n<p>\u25b2 Trabajadores de electr\u00f3nica y electricidad:<\/p>\n<p>Utilizado para inspecci\u00f3n de operaci\u00f3n mec\u00e1nica. Inspecci\u00f3n de piezas y \u00e1reas de investigaci\u00f3n y desarrollo.<br \/>\nGas: . Ayuda a comprobar si hay \u00f3xido, corrosi\u00f3n y agua en la tuber\u00eda de gas, y si la boca del tubo de escape est\u00e1 da\u00f1ada y as\u00ed sucesivamente.<\/p>\n<\/div>\n<div class=\"detailmodule_text-image\"><img decoding=\"async\" class=\"detail-desc-decorate-image\" src=\"https:\/\/ae01.alicdn.com\/kf\/H1fa7ccae582f44739f37892c5fd13269t.jpg\" \/><\/div>\n<div class=\"detailmodule_text-image\"><img decoding=\"async\" class=\"detail-desc-decorate-image\" src=\"https:\/\/ae01.alicdn.com\/kf\/Hd8620ea7fc254721a768094d9c60ccc6z.jpg\" \/><\/div>\n<div class=\"detailmodule_text-image\">\n<p class=\"detail-desc-decorate-content\">\n<div><img decoding=\"async\" class=\"detail-desc-decorate-image\" src=\"https:\/\/ae01.alicdn.com\/kf\/H8b193f75da6340bc85386db30db60f5ei.jpg\" \/><\/div>\n<\/div>\n<div class=\"detailmodule_text-image\">\n<p class=\"detail-desc-decorate-content\">\u25b2 Caracter\u00edsticas y par\u00e1metros t\u00e9cnicos<\/p>\n<p>Ver, grabar y guardar im\u00e1genes y v\u00eddeos<br \/>\nToma im\u00e1genes f\u00e1cilmente con el bot\u00f3n de disparo r\u00e1pido de un clic<br \/>\nFuerza de la luz f\u00e1cil de ajustar (6 niveles)<br \/>\nVer y guardar im\u00e1genes\/v\u00eddeos en el esc\u00e1ner Launch X-431<br \/>\n\u00c1ngulo de visi\u00f3n: 60 \u2103-65 \u2103<br \/>\nLongitud del Cable: 2M<\/p>\n<p>\u25b2Par\u00e1metros de VSP-600<\/p>\n<p>Lente O.D. (mm) : 5,5mm<br \/>\nTubo O.D. (mm) : 4,8mm<br \/>\nLongitud del tubo: 800mm<br \/>\nLongitud del Cable USB: 1\/9\u201d<br \/>\nResoluci\u00f3n: 1280&#215;720<br \/>\nTemperatura de funcionamiento: 0 \u2103 ~ 65 \u2103<br \/>\nFuente de alimentaci\u00f3n: 5V<br \/>\nPuerto USB: USB\/Tipo C\/Micro USB<\/p>\n<div><img decoding=\"async\" class=\"detail-desc-decorate-image\" src=\"https:\/\/ae01.alicdn.com\/kf\/Hc71aa24c63d04621a4eb92be8634ac19O.jpg\" \/><\/div>\n<\/div>\n<div class=\"detailmodule_text-image\">\n<div><img decoding=\"async\" class=\"detail-desc-decorate-image\" src=\"https:\/\/ae01.alicdn.com\/kf\/H1dca09438da84562a3cab396d3ed2638G.jpg\" \/><\/div>\n<\/div>\n","protected":false},"excerpt":{"rendered":"<p>Videoscopio Profesional para Esc\u00e1ner Launch<\/p>\n<p>Intensidad de Luz regulable<\/p>\n<p>Incluye accesorios como Im\u00e1n y espejo para vista superior<\/p>\n<p>Puede ser utilizado con cualquier dispositivo Android<\/p>\n","protected":false},"featured_media":30337,"comment_status":"open","ping_status":"closed","template":"","meta":[],"product_brand":[],"product_cat":[22],"product_tag":[440,87,304,88],"class_list":{"0":"post-30329","1":"product","2":"type-product","3":"status-publish","4":"has-post-thumbnail","6":"product_cat-herramientas-de-diagnostico","7":"product_tag-boroscopio","8":"product_tag-launch","9":"product_tag-videoscopio","10":"product_tag-x431","12":"first","13":"instock","14":"taxable","15":"shipping-taxable","16":"purchasable","17":"product-type-simple"},"_links":{"self":[{"href":"https:\/\/8000rpmtools.com\/index.php?rest_route=\/wp\/v2\/product\/30329","targetHints":{"allow":["GET"]}}],"collection":[{"href":"https:\/\/8000rpmtools.com\/index.php?rest_route=\/wp\/v2\/product"}],"about":[{"href":"https:\/\/8000rpmtools.com\/index.php?rest_route=\/wp\/v2\/types\/product"}],"replies":[{"embeddable":true,"href":"https:\/\/8000rpmtools.com\/index.php?rest_route=%2Fwp%2Fv2%2Fcomments&post=30329"}],"wp:featuredmedia":[{"embeddable":true,"href":"https:\/\/8000rpmtools.com\/index.php?rest_route=\/wp\/v2\/media\/30337"}],"wp:attachment":[{"href":"https:\/\/8000rpmtools.com\/index.php?rest_route=%2Fwp%2Fv2%2Fmedia&parent=30329"}],"wp:term":[{"taxonomy":"product_brand","embeddable":true,"href":"https:\/\/8000rpmtools.com\/index.php?rest_route=%2Fwp%2Fv2%2Fproduct_brand&post=30329"},{"taxonomy":"product_cat","embeddable":true,"href":"https:\/\/8000rpmtools.com\/index.php?rest_route=%2Fwp%2Fv2%2Fproduct_cat&post=30329"},{"taxonomy":"product_tag","embeddable":true,"href":"https:\/\/8000rpmtools.com\/index.php?rest_route=%2Fwp%2Fv2%2Fproduct_tag&post=30329"}],"curies":[{"name":"wp","href":"https:\/\/api.w.org\/{rel}","templated":true}]}}