{"id":30238,"date":"2022-01-14T16:59:36","date_gmt":"2022-01-14T16:59:36","guid":{"rendered":"https:\/\/8000rpmtools.com\/?post_type=product&#038;p=30238"},"modified":"2022-01-14T17:11:56","modified_gmt":"2022-01-14T17:11:56","slug":"pistola-de-impacto-acdelco-3-8-ani308","status":"publish","type":"product","link":"https:\/\/8000rpmtools.com\/?product=pistola-de-impacto-acdelco-3-8-ani308","title":{"rendered":"PISTOLA DE IMPACTO ACDELCO 3\/8 ANI308"},"content":{"rendered":"<p><span class=\"a-list-item\">Es una herramienta de peso ligero, resistente y potente de 150 pies-libras de torque,\u00a0est\u00e1 dise\u00f1ada con materiales de alta calidad para un trabajo de extracci\u00f3n r\u00e1pido y f\u00e1cil.\u00a0Equipado con una cabeza de aleaci\u00f3n de acero de 3\/8\u201d excelente para rotar\/retirar neum\u00e1ticos de autom\u00f3viles ligeros, ajustes de suspensi\u00f3n y bases de motor y componentes de transisi\u00f3n<\/span><\/p>\n<ul class=\"a-unordered-list a-vertical a-spacing-mini\">\n<li><span class=\"a-list-item\">VERS\u00c1TIL: a diferencia de otras marcas que ofrecen herramientas con funciones limitadas, nuestra llave de impacto neum\u00e1tica cuenta con una velocidad libre de hasta 12 000 RPM que permite a los usuarios utilizarla para diferentes prop\u00f3sitos de aplicaci\u00f3n.\u00a0Dise\u00f1o de escape del mango que reduce el nivel de ruido ambiental y evita que entre aire en el \u00e1rea de trabajo del usuario.<\/span><\/li>\n<li><span class=\"a-list-item\">F\u00c1CIL DE USAR: la carcasa compuesta liviana con un dise\u00f1o ergon\u00f3mico de escape con mango de agarre suave brinda comodidad para largas horas de trabajo y un agarre seguro para un control y estabilidad m\u00e1ximos.\u00a0Dise\u00f1o de cuerpo delgado moldeado para ajustarse de forma segura y equilibrar la torsi\u00f3n manual para ayudar a reducir la vibraci\u00f3n y la fatiga con menos desgaste en las manos.<\/span><\/li>\n<\/ul>\n<div class=\"a-row\">\n<div class=\"a-column a-span6\">\n<h1 class=\"a-size-medium a-spacing-small\">Detalles t\u00e9cnicos<\/h1>\n<\/div>\n<\/div>\n<div class=\"a-expander-content a-expander-extend-content\" aria-expanded=\"true\">\n<div class=\"a-row a-expander-container a-expander-inline-container\" aria-live=\"polite\">\n<div class=\"a-expander-content a-expander-section-content a-section-expander-inner\" aria-expanded=\"true\">\n<table id=\"productDetails_techSpec_section_1\" class=\"a-keyvalue prodDetTable\" role=\"presentation\">\n<tbody>\n<tr>\n<th class=\"a-color-secondary a-size-base prodDetSectionEntry\">Fabricante<\/th>\n<td class=\"a-size-base prodDetAttrValue\">\u200eDurofix Inc. TAIWAN<\/td>\n<\/tr>\n<tr>\n<th class=\"a-color-secondary a-size-base prodDetSectionEntry\">N\u00famero de parte<\/th>\n<td class=\"a-size-base prodDetAttrValue\">\u200eANI308<\/td>\n<\/tr>\n<tr>\n<th class=\"a-color-secondary a-size-base prodDetSectionEntry\">Peso del art\u00edculo<\/th>\n<td class=\"a-size-base prodDetAttrValue\">2.6 libras<\/td>\n<\/tr>\n<tr>\n<th class=\"a-color-secondary a-size-base prodDetSectionEntry\">Dimensiones del producto<\/th>\n<td class=\"a-size-base prodDetAttrValue\">2 x 5,25 x 6,25 pulgadas<\/td>\n<\/tr>\n<tr>\n<th class=\"a-color-secondary a-size-base prodDetSectionEntry\">N\u00famero de modelo del art\u00edculo<\/th>\n<td class=\"a-size-base prodDetAttrValue\">\u200eANI308<\/td>\n<\/tr>\n<tr>\n<th class=\"a-color-secondary a-size-base prodDetSectionEntry\">es descontinuado por el fabricante<\/th>\n<td class=\"a-size-base prodDetAttrValue\">\u200eNo<\/td>\n<\/tr>\n<tr>\n<th class=\"a-color-secondary a-size-base prodDetSectionEntry\">Tama\u00f1o<\/th>\n<td class=\"a-size-base prodDetAttrValue\">3\/8&#8243;<\/td>\n<\/tr>\n<tr>\n<th class=\"a-color-secondary a-size-base prodDetSectionEntry\">Estilo<\/th>\n<td class=\"a-size-base prodDetAttrValue\">\u200eLlave de impacto neum\u00e1tica de 3\/8&#8243;<\/td>\n<\/tr>\n<tr>\n<th class=\"a-color-secondary a-size-base prodDetSectionEntry\">Material<\/th>\n<td class=\"a-size-base prodDetAttrValue\">\u200eAuminio y Acero<\/td>\n<\/tr>\n<tr>\n<th class=\"a-color-secondary a-size-base prodDetSectionEntry\">Fuente de alimentaci\u00f3n<\/th>\n<td class=\"a-size-base prodDetAttrValue\">Impulsado por aire<\/td>\n<\/tr>\n<tr>\n<th class=\"a-color-secondary a-size-base prodDetSectionEntry\">Esfuerzo de torsi\u00f3n<\/th>\n<td class=\"a-size-base prodDetAttrValue\">\u200e150 libras-pie<\/td>\n<\/tr>\n<tr>\n<th class=\"a-color-secondary a-size-base prodDetSectionEntry\">Cantidad de paquetes de art\u00edculos<\/th>\n<td class=\"a-size-base prodDetAttrValue\">1<\/td>\n<\/tr>\n<tr>\n<th class=\"a-color-secondary a-size-base prodDetSectionEntry\">Capacidad de flujo de aire<\/th>\n<td class=\"a-size-base prodDetAttrValue\">\u200e3 pies c\u00fabicos por minuto<\/td>\n<\/tr>\n<tr>\n<th class=\"a-color-secondary a-size-base prodDetSectionEntry\">Descripci\u00f3n de la capacidad<\/th>\n<td class=\"a-size-base prodDetAttrValue\">\u200e150 libras-pie<\/td>\n<\/tr>\n<tr>\n<th class=\"a-color-secondary a-size-base prodDetSectionEntry\">Estilo de cabeza<\/th>\n<td class=\"a-size-base prodDetAttrValue\">\u200eCuadrado fijo<\/td>\n<\/tr>\n<tr>\n<th class=\"a-color-secondary a-size-base prodDetSectionEntry\">N\u00famero de manijas<\/th>\n<td class=\"a-size-base prodDetAttrValue\">1<\/td>\n<\/tr>\n<tr>\n<th class=\"a-color-secondary a-size-base prodDetSectionEntry\">Sistema de medida<\/th>\n<td class=\"a-size-base prodDetAttrValue\">\u200ePulgadas<\/td>\n<\/tr>\n<\/tbody>\n<\/table>\n<\/div>\n<\/div>\n<\/div>\n","protected":false},"excerpt":{"rendered":"<ul>\n<li>Ligera, versatil y duradera pistola de impacto<\/li>\n<li>Torque de 150pies-libras<\/li>\n<li>Mando 3\/8 ideal para trabajos ligeros y de mantenimiento<\/li>\n<li>Garant\u00eda directa de 1 A\u00f1o<\/li>\n<\/ul>\n","protected":false},"featured_media":30249,"comment_status":"open","ping_status":"closed","template":"","meta":[],"product_brand":[],"product_cat":[193],"product_tag":[195,434,279,62],"class_list":{"0":"post-30238","1":"product","2":"type-product","3":"status-publish","4":"has-post-thumbnail","6":"product_cat-herramientas-neumaticas","7":"product_tag-acdelco","8":"product_tag-impact-wrench","9":"product_tag-impacto","10":"product_tag-llave-de-impacto","12":"first","13":"instock","14":"taxable","15":"shipping-taxable","16":"purchasable","17":"product-type-simple"},"_links":{"self":[{"href":"https:\/\/8000rpmtools.com\/index.php?rest_route=\/wp\/v2\/product\/30238","targetHints":{"allow":["GET"]}}],"collection":[{"href":"https:\/\/8000rpmtools.com\/index.php?rest_route=\/wp\/v2\/product"}],"about":[{"href":"https:\/\/8000rpmtools.com\/index.php?rest_route=\/wp\/v2\/types\/product"}],"replies":[{"embeddable":true,"href":"https:\/\/8000rpmtools.com\/index.php?rest_route=%2Fwp%2Fv2%2Fcomments&post=30238"}],"wp:featuredmedia":[{"embeddable":true,"href":"https:\/\/8000rpmtools.com\/index.php?rest_route=\/wp\/v2\/media\/30249"}],"wp:attachment":[{"href":"https:\/\/8000rpmtools.com\/index.php?rest_route=%2Fwp%2Fv2%2Fmedia&parent=30238"}],"wp:term":[{"taxonomy":"product_brand","embeddable":true,"href":"https:\/\/8000rpmtools.com\/index.php?rest_route=%2Fwp%2Fv2%2Fproduct_brand&post=30238"},{"taxonomy":"product_cat","embeddable":true,"href":"https:\/\/8000rpmtools.com\/index.php?rest_route=%2Fwp%2Fv2%2Fproduct_cat&post=30238"},{"taxonomy":"product_tag","embeddable":true,"href":"https:\/\/8000rpmtools.com\/index.php?rest_route=%2Fwp%2Fv2%2Fproduct_tag&post=30238"}],"curies":[{"name":"wp","href":"https:\/\/api.w.org\/{rel}","templated":true}]}}