{"id":3021,"date":"2020-03-29T23:01:07","date_gmt":"2020-03-29T23:01:07","guid":{"rendered":"http:\/\/8000rpmtools.com\/?post_type=product&#038;p=3021"},"modified":"2022-05-12T20:26:32","modified_gmt":"2022-05-12T20:26:32","slug":"chispometro-para-puebas-en-linea","status":"publish","type":"product","link":"https:\/\/8000rpmtools.com\/?product=chispometro-para-puebas-en-linea","title":{"rendered":"CHISP\u00d3METRO PARA PUEBAS EN L\u00cdNEA"},"content":{"rendered":"<div class=\"celwidget aplus-module 3p-module-b\" data-cel-widget=\"aplus-3p-module-b\">\n<div class=\"aplus-3p-fixed-width\">\n<h3 class=\"a-spacing-mini\"><\/h3>\n<p><img decoding=\"async\" class=\"a-spacing-base\" src=\"https:\/\/m.media-amazon.com\/images\/S\/aplus-seller-content-images-us-east-1\/ATVPDKIKX0DER\/A1UMBRA5ZTBCX8\/B074VGDHJB\/IvCY9H2FSfKL._UX966_TTW__.jpg\" alt=\"\" data-src=\"https:\/\/m.media-amazon.com\/images\/S\/aplus-seller-content-images-us-east-1\/ATVPDKIKX0DER\/A1UMBRA5ZTBCX8\/B074VGDHJB\/IvCY9H2FSfKL._UX966_TTW__.jpg\" \/><\/p>\n<\/div>\n<\/div>\n<div class=\"celwidget aplus-module 3p-module-c\" data-cel-widget=\"aplus-3p-module-c\">\n<div class=\"aplus-3p-fixed-width\">\n<div class=\"a-row\">\n<div class=\"a-column a-span4 a-spacing-base\"><img decoding=\"async\" class=\"\" src=\"https:\/\/m.media-amazon.com\/images\/S\/aplus-seller-content-images-us-east-1\/ATVPDKIKX0DER\/A1UMBRA5ZTBCX8\/B074VGDHJB\/kGVZ6m2R3uW._CR105,93,1273,1273_UX300_TTW__.jpg\" alt=\"\" data-src=\"https:\/\/m.media-amazon.com\/images\/S\/aplus-seller-content-images-us-east-1\/ATVPDKIKX0DER\/A1UMBRA5ZTBCX8\/B074VGDHJB\/kGVZ6m2R3uW._CR105,93,1273,1273_UX300_TTW__.jpg\" \/><\/div>\n<div class=\"a-column a-span8 a-spacing-base a-span-last\">\n<p>CHIP\u00d3METRO PARA PRUEBAS EN L\u00cdNEA<\/p>\n<p>Ideal para detectar fallos en la ignici\u00f3n o encendido de veh\u00edculos, solo basta con conectar a la l\u00ednea de ignici\u00f3n, funciona en sistemas DIS, CONV,COP<\/p>\n<\/div>\n<\/div>\n<\/div>\n<\/div>\n<div class=\"celwidget aplus-module 3p-module-d\" data-cel-widget=\"aplus-3p-module-d\">\n<div class=\"aplus-3p-fixed-width\">\n<div class=\"a-row\">\n<div class=\"a-column a-span4 a-spacing-base\"><img decoding=\"async\" class=\"a-spacing-base\" src=\"https:\/\/m.media-amazon.com\/images\/S\/aplus-seller-content-images-us-east-1\/ATVPDKIKX0DER\/A1UMBRA5ZTBCX8\/B074VGDHJB\/JNVlv4xQoaB._CR36,133,1273,1273_UX300_TTW__.jpg\" alt=\"\" data-src=\"https:\/\/m.media-amazon.com\/images\/S\/aplus-seller-content-images-us-east-1\/ATVPDKIKX0DER\/A1UMBRA5ZTBCX8\/B074VGDHJB\/JNVlv4xQoaB._CR36,133,1273,1273_UX300_TTW__.jpg\" \/>Vers\u00e1til<br \/>\nSi los cilindros de su veh\u00edculo tienen problemas de disparo, use estas herramientas para determinar qu\u00e9 cilindro est\u00e1 causando el problema y localice la causa exacta. Pueden diagnosticar bobinas de encendido defectuosas en autom\u00f3viles, motocicletas, cortadoras de c\u00e9sped, motores de botes, motosierras y m\u00e1s.<\/div>\n<div class=\"a-column a-span4 a-spacing-base\"><img decoding=\"async\" class=\"a-spacing-base\" src=\"https:\/\/m.media-amazon.com\/images\/S\/aplus-seller-content-images-us-east-1\/ATVPDKIKX0DER\/A1UMBRA5ZTBCX8\/B01CRKCOH2\/bMjiSXnTZ._CR310,0,723,723_UX300_TTW__.png\" alt=\"\" data-src=\"https:\/\/m.media-amazon.com\/images\/S\/aplus-seller-content-images-us-east-1\/ATVPDKIKX0DER\/A1UMBRA5ZTBCX8\/B01CRKCOH2\/bMjiSXnTZ._CR310,0,723,723_UX300_TTW__.png\" \/>F\u00e1cil de usar<br \/>\nSimplemente conecte el probador entre la buj\u00eda y el cable de la buj\u00eda, y si se env\u00eda una chispa, el probador reflejar\u00e1 la chispa y se encender\u00e1.<\/div>\n<div class=\"a-column a-span4 a-spacing-base a-span-last\"><img decoding=\"async\" class=\"a-spacing-base\" src=\"https:\/\/m.media-amazon.com\/images\/S\/aplus-seller-content-images-us-east-1\/ATVPDKIKX0DER\/A1UMBRA5ZTBCX8\/B01CRKCOH2\/RgVtHCIRGOe._CR871,430,1043,1043_UX300_TTW__.jpg\" alt=\"\" data-src=\"https:\/\/m.media-amazon.com\/images\/S\/aplus-seller-content-images-us-east-1\/ATVPDKIKX0DER\/A1UMBRA5ZTBCX8\/B01CRKCOH2\/RgVtHCIRGOe._CR871,430,1043,1043_UX300_TTW__.jpg\" \/>Indicador de luz<br \/>\nEl indicador luminoso muestra el color de la chispa muy claramente para que pueda identificar un paquete d\u00e9bil.<\/div>\n<\/div>\n<\/div>\n<\/div>\n","protected":false},"excerpt":{"rendered":"<ul>\n<li>Un probador muy fiable Profesional<\/li>\n<li>Prueba en l\u00ednea la ignici\u00f3n de un veh\u00edculo ahorr\u00e1ndote tiempo y dinero<\/li>\n<li>Construido en materiales muy resistentes hecho para el campo profesional<\/li>\n<li>Un a\u00f1o de garant\u00eda directa<\/li>\n<\/ul>\n","protected":false},"featured_media":3027,"comment_status":"open","ping_status":"closed","template":"","meta":[],"product_brand":[],"product_cat":[22,131],"product_tag":[136,189,184],"class_list":{"0":"post-3021","1":"product","2":"type-product","3":"status-publish","4":"has-post-thumbnail","6":"product_cat-herramientas-de-diagnostico","7":"product_cat-testers-probadores","8":"product_tag-bujias","9":"product_tag-chispometro","10":"product_tag-ignicion","12":"first","13":"instock","14":"taxable","15":"shipping-taxable","16":"purchasable","17":"product-type-simple"},"_links":{"self":[{"href":"https:\/\/8000rpmtools.com\/index.php?rest_route=\/wp\/v2\/product\/3021","targetHints":{"allow":["GET"]}}],"collection":[{"href":"https:\/\/8000rpmtools.com\/index.php?rest_route=\/wp\/v2\/product"}],"about":[{"href":"https:\/\/8000rpmtools.com\/index.php?rest_route=\/wp\/v2\/types\/product"}],"replies":[{"embeddable":true,"href":"https:\/\/8000rpmtools.com\/index.php?rest_route=%2Fwp%2Fv2%2Fcomments&post=3021"}],"wp:featuredmedia":[{"embeddable":true,"href":"https:\/\/8000rpmtools.com\/index.php?rest_route=\/wp\/v2\/media\/3027"}],"wp:attachment":[{"href":"https:\/\/8000rpmtools.com\/index.php?rest_route=%2Fwp%2Fv2%2Fmedia&parent=3021"}],"wp:term":[{"taxonomy":"product_brand","embeddable":true,"href":"https:\/\/8000rpmtools.com\/index.php?rest_route=%2Fwp%2Fv2%2Fproduct_brand&post=3021"},{"taxonomy":"product_cat","embeddable":true,"href":"https:\/\/8000rpmtools.com\/index.php?rest_route=%2Fwp%2Fv2%2Fproduct_cat&post=3021"},{"taxonomy":"product_tag","embeddable":true,"href":"https:\/\/8000rpmtools.com\/index.php?rest_route=%2Fwp%2Fv2%2Fproduct_tag&post=3021"}],"curies":[{"name":"wp","href":"https:\/\/api.w.org\/{rel}","templated":true}]}}