{"id":30191,"date":"2021-05-12T20:57:52","date_gmt":"2021-05-12T20:57:52","guid":{"rendered":"https:\/\/8000rpmtools.com\/?post_type=product&#038;p=30191"},"modified":"2021-05-12T20:59:01","modified_gmt":"2021-05-12T20:59:01","slug":"kit-para-limpieza-de-inyectores-tipo-canister-o-boya-800ml","status":"publish","type":"product","link":"https:\/\/8000rpmtools.com\/?product=kit-para-limpieza-de-inyectores-tipo-canister-o-boya-800ml","title":{"rendered":"KIT PARA LIMPIEZA DE INYECTORES TIPO C\u00c1NISTER O BOYA 800ML"},"content":{"rendered":"<div class=\"celwidget aplus-module launchpad-company-logo aplus-standard\" data-csa-c-id=\"c4sq0x-80to3r-kqgidf-ufddop\" data-cel-widget=\"aplus-launchpad-company-logo\">\n<div class=\"a-section a-text-center launchpad-module launchpad-module-company-logo\"><\/div>\n<\/div>\n<div class=\"celwidget aplus-module module-2 aplus-standard\" data-csa-c-id=\"lltaga-wagehj-uuid1-3ra6lz\" data-cel-widget=\"aplus-module-2\">\n<div class=\"a-expander-collapsed-height a-row a-expander-container a-expander-partial-collapse-container\" aria-live=\"polite\" data-a-expander-name=\"aplus-module-expander\" data-a-expander-collapsed-height=\"700\">\n<div class=\"a-expander-content a-expander-partial-collapse-content\" aria-expanded=\"false\">\n<div class=\"aplus-module-wrapper apm-floatnone apm-fixed-width\">\n<div class=\"apm-sidemodule apm-spacing\">\n<div class=\"apm-sidemodule-imageleft\"><img decoding=\"async\" class=\"\" src=\"https:\/\/m.media-amazon.com\/images\/S\/aplus-media\/sc\/573e93ae-4db8-4c29-9c0b-a6c3073a4b43.__CR0,0,300,300_PT0_SX300_V1___.jpg\" alt=\"Kit de limpiador de inyector de combustible no desmontado\" data-src=\"https:\/\/m.media-amazon.com\/images\/S\/aplus-media\/sc\/573e93ae-4db8-4c29-9c0b-a6c3073a4b43.__CR0,0,300,300_PT0_SX300_V1___.jpg\" \/><\/div>\n<div class=\"apm-sidemodule-textright\">\n<h3 class=\"a-spacing-mini\">Kit de limpiador de inyectores de combustible 800ML<\/h3>\n<p>Cuando el coche comienza a ser inestable y ralent\u00ed y dif\u00edcil de arrancar, al mismo tiempo aumenta el consumo de combustible. Esto puede deberse a la deposici\u00f3n de carbono, dep\u00f3sito residual que ocurre en el sistema de combustible. Este kit de limpieza te ayudar\u00e1 con una limpieza sencilla y r\u00e1pida.<\/p>\n<p>Nuestra herramienta de limpieza no solo tiene funci\u00f3n de limpieza de alta y baja presi\u00f3n, sino que tambi\u00e9n tiene todo el sistema de combustible incluyendo acelerador, boquilla de combustible y c\u00e1mara de combusti\u00f3n.<\/p>\n<\/div>\n<\/div>\n<\/div>\n<div><\/div>\n<\/div>\n<\/div>\n<\/div>\n<div class=\"celwidget aplus-module module-9 aplus-standard\" data-csa-c-id=\"ul8fge-im3zcw-gwuu3g-hqwubj\" data-cel-widget=\"aplus-module-9\">\n<div class=\"a-expander-collapsed-height a-row a-expander-container a-expander-partial-collapse-container\" aria-live=\"polite\" data-a-expander-name=\"aplus-module-expander\" data-a-expander-collapsed-height=\"700\">\n<div class=\"a-expander-content a-expander-partial-collapse-content\" aria-expanded=\"false\">\n<div class=\"aplus-module-wrapper apm-fixed-width\">\n<div class=\"apm-spacing apm-fixed-width\">\n<table class=\"apm-fixed-width apm-eventhirdcol-table\">\n<tbody>\n<tr>\n<th class=\"apm-center\">\n<div class=\"apm-eventhirdcol apm-floatleft\">\n<p><img decoding=\"async\" class=\"a-spacing-mini\" src=\"https:\/\/m.media-amazon.com\/images\/S\/aplus-media\/sc\/762dc86e-4bb5-4280-b680-d1b3e055d6be.__CR115,185,714,714_PT0_SX300_V1___.jpg\" alt=\"Kit de limpiador de inyector de combustible no desmontado\" data-src=\"https:\/\/m.media-amazon.com\/images\/S\/aplus-media\/sc\/762dc86e-4bb5-4280-b680-d1b3e055d6be.__CR115,185,714,714_PT0_SX300_V1___.jpg\" \/><\/p>\n<\/div>\n<\/th>\n<th class=\"apm-center\">\n<div class=\"apm-eventhirdcol apm-floatleft\">\n<p><img decoding=\"async\" class=\"a-spacing-mini\" src=\"https:\/\/m.media-amazon.com\/images\/S\/aplus-media\/sc\/e5329a2d-bc98-47c7-b226-df9b149a6210.__CR129,0,500,500_PT0_SX300_V1___.jpg\" alt=\"Kit de limpiador de inyector de combustible no desmontado\" data-src=\"https:\/\/m.media-amazon.com\/images\/S\/aplus-media\/sc\/e5329a2d-bc98-47c7-b226-df9b149a6210.__CR129,0,500,500_PT0_SX300_V1___.jpg\" \/><\/p>\n<\/div>\n<\/th>\n<th class=\"apm-center\">\n<div class=\"apm-eventhirdcol apm-floatleft\">\n<p><img decoding=\"async\" class=\"a-spacing-mini\" src=\"https:\/\/m.media-amazon.com\/images\/S\/aplus-media\/sc\/911424a5-44a5-40c3-a96a-ee3e2d0e9633.__CR162,34,676,676_PT0_SX300_V1___.jpg\" alt=\"Kit de limpiador de inyector de combustible no desmontado\" data-src=\"https:\/\/m.media-amazon.com\/images\/S\/aplus-media\/sc\/911424a5-44a5-40c3-a96a-ee3e2d0e9633.__CR162,34,676,676_PT0_SX300_V1___.jpg\" \/><\/p>\n<\/div>\n<\/th>\n<\/tr>\n<tr>\n<td class=\"apm-top\">\n<div class=\"apm-eventhirdcol apm-floatleft\">\n<h4 class=\"a-spacing-mini\">V\u00e1lvula de regulaci\u00f3n de presi\u00f3n<\/h4>\n<p>La v\u00e1lvula reguladora de presi\u00f3n es duradera. A\u00f1adir l\u00edquido y v\u00e1lvula multifunci\u00f3n de escape, giro abierto puede agregar l\u00edquido, prensa ligera puede descompresi\u00f3n lenta, prensa pesada puede ser r\u00e1pidamente de escape.<\/p>\n<\/div>\n<\/td>\n<td class=\"apm-top\">\n<div class=\"apm-eventhirdcol apm-floatleft\">\n<h4 class=\"a-spacing-mini\">Conector<\/h4>\n<p>R\u00e1pida articulaci\u00f3n anti-corrosi\u00f3n, tratamiento resistente al desgaste, conexi\u00f3n segura y r\u00e1pida. Una variedad de modelos de juntas, con la mayor\u00eda de los modelos a juego.<\/p>\n<\/div>\n<\/td>\n<td class=\"apm-top\">\n<div class=\"apm-eventhirdcol apm-floatleft\">\n<h4 class=\"a-spacing-mini\">Tratamiento Especial<\/h4>\n<p>El kit de limpieza no extra\u00edble tiene una v\u00e1lvula unidireccional de tratamiento de proceso especial, buena estanqueidad al aire. Las partes clave de los sellos aeroespaciales, resistencia a la corrosi\u00f3n, fatiga resistente al desgaste.<\/p>\n<\/div>\n<\/td>\n<\/tr>\n<\/tbody>\n<\/table>\n<\/div>\n<\/div>\n<div><\/div>\n<\/div>\n<\/div>\n<\/div>\n<div class=\"celwidget aplus-module module-9 aplus-standard\" data-csa-c-id=\"i2bypv-b7klgu-sujs9w-pbo46j\" data-cel-widget=\"aplus-module-9\">\n<div class=\"a-expander-collapsed-height a-row a-expander-container a-expander-partial-collapse-container\" aria-live=\"polite\" data-a-expander-name=\"aplus-module-expander\" data-a-expander-collapsed-height=\"700\">\n<div class=\"a-expander-content a-expander-partial-collapse-content\" aria-expanded=\"false\">\n<div class=\"aplus-module-wrapper apm-fixed-width\">\n<div class=\"apm-spacing apm-fixed-width\">\n<table class=\"apm-fixed-width apm-eventhirdcol-table\">\n<tbody>\n<tr>\n<th class=\"apm-center\">\n<div class=\"apm-eventhirdcol apm-floatleft\">\n<p><img decoding=\"async\" class=\"a-spacing-mini\" src=\"https:\/\/m.media-amazon.com\/images\/S\/aplus-media\/sc\/0b9af8b9-a9f9-45d8-b180-8fe97a766853.__CR0,0,300,300_PT0_SX300_V1___.jpg\" alt=\"Kit de limpiador de inyector de combustible no desmontado\" data-src=\"https:\/\/m.media-amazon.com\/images\/S\/aplus-media\/sc\/0b9af8b9-a9f9-45d8-b180-8fe97a766853.__CR0,0,300,300_PT0_SX300_V1___.jpg\" \/><\/p>\n<\/div>\n<\/th>\n<th class=\"apm-center\">\n<div class=\"apm-eventhirdcol apm-floatleft\">\n<p><img decoding=\"async\" class=\"a-spacing-mini\" src=\"https:\/\/m.media-amazon.com\/images\/S\/aplus-media\/sc\/a43fc2ee-f435-4937-a11c-a206043bd08c.__CR0,0,1000,1000_PT0_SX300_V1___.jpg\" alt=\"Kit de limpiador de inyector de combustible no desmontado\" data-src=\"https:\/\/m.media-amazon.com\/images\/S\/aplus-media\/sc\/a43fc2ee-f435-4937-a11c-a206043bd08c.__CR0,0,1000,1000_PT0_SX300_V1___.jpg\" \/><\/p>\n<\/div>\n<\/th>\n<th class=\"apm-center\">\n<div class=\"apm-eventhirdcol apm-floatleft\">\n<p><img decoding=\"async\" class=\"a-spacing-mini\" src=\"https:\/\/m.media-amazon.com\/images\/S\/aplus-media\/sc\/bcaf5c1b-376f-4ee2-9c97-1269d593df93.__CR0,0,300,300_PT0_SX300_V1___.jpg\" alt=\"Kit de limpiador de inyector de combustible no desmontado\" data-src=\"https:\/\/m.media-amazon.com\/images\/S\/aplus-media\/sc\/bcaf5c1b-376f-4ee2-9c97-1269d593df93.__CR0,0,300,300_PT0_SX300_V1___.jpg\" \/><\/p>\n<\/div>\n<\/th>\n<\/tr>\n<tr>\n<td class=\"apm-top\">\n<div class=\"apm-eventhirdcol apm-floatleft\"><\/div>\n<\/td>\n<td class=\"apm-top\">\n<div class=\"apm-eventhirdcol apm-floatleft\"><\/div>\n<\/td>\n<td class=\"apm-top\">\n<div class=\"apm-eventhirdcol apm-floatleft\"><\/div>\n<\/td>\n<\/tr>\n<\/tbody>\n<\/table>\n<\/div>\n<\/div>\n<div><\/div>\n<\/div>\n<\/div>\n<\/div>\n<div class=\"celwidget aplus-module module-3 aplus-standard\" data-csa-c-id=\"ejy2hf-v96o8n-b8lhhj-cn327f\" data-cel-widget=\"aplus-module-3\">\n<div class=\"a-expander-collapsed-height a-row a-expander-container a-expander-partial-collapse-container\" aria-live=\"polite\" data-a-expander-name=\"aplus-module-expander\" data-a-expander-collapsed-height=\"700\">\n<div class=\"a-expander-content a-expander-partial-collapse-content\" aria-expanded=\"false\">\n<div class=\"aplus-module-wrapper apm-floatnone apm-fixed-width\">\n<div class=\"apm-sidemodule apm-spacing\">\n<div class=\"apm-sidemodule-imageright\"><img decoding=\"async\" class=\"a-spacing-mini\" src=\"https:\/\/m.media-amazon.com\/images\/S\/aplus-media\/sc\/8eee35f3-efb3-4cdf-bc85-043b3afb21cc.__CR0,0,300,300_PT0_SX300_V1___.jpg\" alt=\"Kit de limpiador de inyector de combustible no desmontado\" data-src=\"https:\/\/m.media-amazon.com\/images\/S\/aplus-media\/sc\/8eee35f3-efb3-4cdf-bc85-043b3afb21cc.__CR0,0,300,300_PT0_SX300_V1___.jpg\" \/><\/div>\n<div class=\"apm-sidemodule-textleft\">\n<h3 class=\"a-spacing-mini\">Compruebe el estilo de inyecci\u00f3n de combustible, acelerador o EFI:<\/h3>\n<p>Estilo EFI:<\/p>\n<p>1. Averigua la manguera de retorno de combustible, descon\u00e9ctela y con\u00e9ctela con el adaptador adecuado;<\/p>\n<p>2. Descubre la manguera de entrada de combustible, descon\u00e9ctela y con\u00e9ctala con la manguera de salida del limpiador con el adaptador adecuado;<\/p>\n<p>3. Conecte la manguera de salida y retorno del tanque de combustible, y abra la cubierta del dep\u00f3sito; si no hay manguera de retorno, mueva el fusible de la bomba de combustible para que la bomba no funcione.<\/p>\n<p>4. Carga el l\u00edquido de limpieza en el tanque del limpiador.<\/p>\n<p>5. Conecta la fuente de aire al puerto de aire del limpiador, ajusta su presi\u00f3n 40-50PSI;<\/p>\n<p>6. Compruebe todos los puntos de conexi\u00f3n para asegurarse de que no hay fugas.<\/p>\n<p>7. Arranque el motor para limpiar el sistema de combustible.<\/p>\n<\/div>\n<\/div>\n<\/div>\n<div><\/div>\n<\/div>\n<\/div>\n<\/div>\n<div class=\"celwidget aplus-module module-7 aplus-standard\" data-csa-c-id=\"i0s0vp-mam8x-duupzv-6rul62\" data-cel-widget=\"aplus-module-7\">\n<div class=\"a-expander-collapsed-height a-row a-expander-container a-expander-partial-collapse-container\" aria-live=\"polite\" data-a-expander-name=\"aplus-module-expander\" data-a-expander-collapsed-height=\"700\">\n<div class=\"a-expander-content a-expander-partial-collapse-content\" aria-expanded=\"false\">\n<div class=\"aplus-module-wrapper apm-fixed-width\">\n<div class=\"apm-spacing apm-wrap\">\n<div class=\"apm-floatleft apm-wrap\">\n<div class=\"apm-leftimage\"><img decoding=\"async\" class=\"a-spacing-mini\" src=\"https:\/\/m.media-amazon.com\/images\/S\/aplus-media\/sc\/c2477c12-7e00-4139-b460-19c4fc2af5cc.__CR0,0,300,300_PT0_SX300_V1___.jpg\" alt=\"Kit de limpiador de inyector de combustible no desmontado\" data-src=\"https:\/\/m.media-amazon.com\/images\/S\/aplus-media\/sc\/c2477c12-7e00-4139-b460-19c4fc2af5cc.__CR0,0,300,300_PT0_SX300_V1___.jpg\" \/><\/div>\n<div class=\"apm-rightthirdcol\">\n<div class=\"apm-rightthirdcol-inner\">\n<h4>El paquete incluye:<\/h4>\n<div class=\"a-section\">\n<ul class=\"a-unordered-list a-vertical\">\n<li><span class=\"a-list-item\"><span class=\"a-size-base\">1 limpiador de inyectores de combustible.<\/span><\/span><\/li>\n<li><span class=\"a-list-item\"><span class=\"a-size-base\">1 juego de adaptadores.<\/span><\/span><\/li>\n<li><span class=\"a-list-item\"><span class=\"a-size-base\">1 maleta.<\/span><\/span><\/li>\n<\/ul>\n<\/div>\n<\/div>\n<\/div>\n<div class=\"apm-centerthirdcol\">\n<h4 class=\"a-spacing-mini\">La forma de identificar la manguera de entrada y retorno:<\/h4>\n<p class=\"a-spacing-base\">1. En t\u00e9rminos generales, la manguera de entrada es m\u00e1s grande, la manguera de retorno es samaller;2. Siempre hay un filtro conectado en el lado de la manguera de entrada, y un b\u00fafer en el lado de retorno;3. Hay flecha en la manguera para mostrar la direcci\u00f3n del flujo de combustible<\/p>\n<\/div>\n<\/div>\n<\/div>\n<\/div>\n<div><\/div>\n<\/div>\n<\/div>\n<\/div>\n<div class=\"celwidget aplus-module module-9 aplus-standard\" data-csa-c-id=\"exklru-69sjug-823q0u-vebsvr\" data-cel-widget=\"aplus-module-9\">\n<div class=\"a-expander-collapsed-height a-row a-expander-container a-expander-partial-collapse-container\" aria-live=\"polite\" data-a-expander-name=\"aplus-module-expander\" data-a-expander-collapsed-height=\"700\">\n<div class=\"a-expander-content a-expander-partial-collapse-content\" aria-expanded=\"false\">\n<div class=\"aplus-module-wrapper apm-fixed-width\">\n<div class=\"apm-spacing apm-fixed-width\">\n<table class=\"apm-fixed-width apm-eventhirdcol-table\">\n<tbody>\n<tr>\n<th class=\"apm-center\">\n<div class=\"apm-eventhirdcol apm-floatleft\">\n<p><img decoding=\"async\" class=\"a-spacing-mini\" src=\"https:\/\/m.media-amazon.com\/images\/S\/aplus-media\/sc\/83b12e5a-3871-4947-8bbc-d0e3fa5a4443.__CR110,129,833,833_PT0_SX300_V1___.jpg\" alt=\"1\" data-src=\"https:\/\/m.media-amazon.com\/images\/S\/aplus-media\/sc\/83b12e5a-3871-4947-8bbc-d0e3fa5a4443.__CR110,129,833,833_PT0_SX300_V1___.jpg\" \/><\/p>\n<\/div>\n<\/th>\n<th class=\"apm-center\">\n<div class=\"apm-eventhirdcol apm-floatleft\">\n<p><img decoding=\"async\" class=\"a-spacing-mini\" src=\"https:\/\/m.media-amazon.com\/images\/S\/aplus-media\/sc\/f46c0670-db70-4cfc-afb4-68d1e6c7f9ef.__CR84,195,802,802_PT0_SX300_V1___.jpg\" alt=\"1\" data-src=\"https:\/\/m.media-amazon.com\/images\/S\/aplus-media\/sc\/f46c0670-db70-4cfc-afb4-68d1e6c7f9ef.__CR84,195,802,802_PT0_SX300_V1___.jpg\" \/><\/p>\n<\/div>\n<\/th>\n<th class=\"apm-center\">\n<div class=\"apm-eventhirdcol apm-floatleft\">\n<p><img decoding=\"async\" class=\"a-spacing-mini\" src=\"https:\/\/m.media-amazon.com\/images\/S\/aplus-media\/sc\/dc6b6e32-49c4-486e-b466-0bca389bb4f4.__CR0,0,1000,1000_PT0_SX300_V1___.jpg\" alt=\"1\" data-src=\"https:\/\/m.media-amazon.com\/images\/S\/aplus-media\/sc\/dc6b6e32-49c4-486e-b466-0bca389bb4f4.__CR0,0,1000,1000_PT0_SX300_V1___.jpg\" \/><\/p>\n<\/div>\n<\/th>\n<\/tr>\n<\/tbody>\n<\/table>\n<\/div>\n<\/div>\n<\/div>\n<\/div>\n<\/div>\n","protected":false},"excerpt":{"rendered":"<p>Limpieza avanzada para el mantenimiento Automotriz Frecuente<\/p>\n<p>Incluye varios acoples para adaptarse a cualquier marca de veh\u00edculos<\/p>\n<p>Limpia todo el sistema sin correr riezgos de manera R\u00e1pida y Sencilla<\/p>\n<p>Recipiente grande y reforzado de 800ml<\/p>\n<p>1 A\u00f1o de Garant\u00eda<\/p>\n","protected":false},"featured_media":30194,"comment_status":"open","ping_status":"closed","template":"","meta":[],"product_brand":[],"product_cat":[22],"product_tag":[],"class_list":{"0":"post-30191","1":"product","2":"type-product","3":"status-publish","4":"has-post-thumbnail","6":"product_cat-herramientas-de-diagnostico","8":"first","9":"instock","10":"taxable","11":"shipping-taxable","12":"purchasable","13":"product-type-simple"},"_links":{"self":[{"href":"https:\/\/8000rpmtools.com\/index.php?rest_route=\/wp\/v2\/product\/30191","targetHints":{"allow":["GET"]}}],"collection":[{"href":"https:\/\/8000rpmtools.com\/index.php?rest_route=\/wp\/v2\/product"}],"about":[{"href":"https:\/\/8000rpmtools.com\/index.php?rest_route=\/wp\/v2\/types\/product"}],"replies":[{"embeddable":true,"href":"https:\/\/8000rpmtools.com\/index.php?rest_route=%2Fwp%2Fv2%2Fcomments&post=30191"}],"wp:featuredmedia":[{"embeddable":true,"href":"https:\/\/8000rpmtools.com\/index.php?rest_route=\/wp\/v2\/media\/30194"}],"wp:attachment":[{"href":"https:\/\/8000rpmtools.com\/index.php?rest_route=%2Fwp%2Fv2%2Fmedia&parent=30191"}],"wp:term":[{"taxonomy":"product_brand","embeddable":true,"href":"https:\/\/8000rpmtools.com\/index.php?rest_route=%2Fwp%2Fv2%2Fproduct_brand&post=30191"},{"taxonomy":"product_cat","embeddable":true,"href":"https:\/\/8000rpmtools.com\/index.php?rest_route=%2Fwp%2Fv2%2Fproduct_cat&post=30191"},{"taxonomy":"product_tag","embeddable":true,"href":"https:\/\/8000rpmtools.com\/index.php?rest_route=%2Fwp%2Fv2%2Fproduct_tag&post=30191"}],"curies":[{"name":"wp","href":"https:\/\/api.w.org\/{rel}","templated":true}]}}