{"id":3015,"date":"2020-03-29T22:38:13","date_gmt":"2020-03-29T22:38:13","guid":{"rendered":"http:\/\/8000rpmtools.com\/?post_type=product&#038;p=3015"},"modified":"2025-12-18T22:13:06","modified_gmt":"2025-12-19T03:13:06","slug":"medidor-digital-de-presion-de-neumaticos-foval","status":"publish","type":"product","link":"https:\/\/8000rpmtools.com\/?product=medidor-digital-de-presion-de-neumaticos-foval","title":{"rendered":"MEDIDOR DIGITAL DE PRESI\u00d3N DE NEUM\u00c1TICOS FOVAL"},"content":{"rendered":"<p><strong>CARACTER\u00cdSTICAS<\/strong><\/p>\n<p>Pantalla LCD retroiluminada y boquilla herm\u00e9tica iluminada que sella el v\u00e1stago de la v\u00e1lvula en las v\u00e1lvulas Schrader, visible en \u00e1reas con poca luz.<\/p>\n<p>Lecturas r\u00e1pidas y precisas en incrementos de 0,1; 4 configuraciones con rango: 0-150PSI \/ 0-10Bar \/ 0-10Kgf \/ cm\u00b2 o 0-1000KPA.<\/p>\n<p>Medidor digital de presi\u00f3n de neum\u00e1ticos con pantalla instant\u00e1nea y apagado autom\u00e1tico despu\u00e9s de 30-40 segundos en espera. dise\u00f1ado para mantener la presi\u00f3n correcta de los neum\u00e1ticos.<\/p>\n<p>Dise\u00f1o ergon\u00f3mico y textura antideslizante adecuada tanto para hombres como para mujeres. Presione el bot\u00f3n &#8220;ON \/ SWITCH \/ OFF&#8221; para encender la herramienta, seleccione el rango para probar la presi\u00f3n de los neum\u00e1ticos.<\/p>\n<p><strong>INSTRUCCIONES<\/strong><br \/>\n1.Presione el gatillo para encender el medidor de presi\u00f3n de los neum\u00e1ticos.<br \/>\n2. El medidor mostrar\u00e1 &#8220;0.0&#8221; en la pantalla LCD.<br \/>\n3. Coloque la boquilla del medidor de presi\u00f3n de los neum\u00e1ticos en la v\u00e1lvula del neum\u00e1tico que desea medir. Presione firmemente para asegurar un buen sellado y evitar que escape aire.<br \/>\n3. Sostenga el medidor en la v\u00e1lvula hasta que la pantalla de medici\u00f3n se bloquee. Solo deber\u00eda tomar un segundo si tiene un buen sello.<br \/>\n4. Retire el medidor para leer f\u00e1cilmente la lectura de presi\u00f3n.<br \/>\n5. Para cambiar las unidades, simplemente presione el gatillo para rotar a trav\u00e9s de las cuatro unidades de presi\u00f3n disponibles.<\/p>\n<p>6.El medidor de presi\u00f3n de neum\u00e1ticos se apagar\u00e1 autom\u00e1ticamente poco despu\u00e9s de su uso.<br \/>\nApague manualmente el medidor presionando y sosteniendo el gatillo.<\/p>\n<p>CONSEJOS \u00daTILES Para obtener un sello fuerte, coloque la boquilla directamente sobre la v\u00e1lvula del neum\u00e1tico. Poner el medidor en la boquilla desde un \u00e1ngulo podr\u00eda resultar en una lectura inexacta. Una vez que se coloca el medidor, presione firmemente el medidor hacia abajo.<\/p>\n","protected":false},"excerpt":{"rendered":"<ul>\n<li>Medidor de Presi\u00f3n de Naum\u00e1ticos Digital<\/li>\n<li>Profesional, mediciones ex\u00e1ctas<\/li>\n<li>Medidas en PSI, KPA, BAR KG\/CM3<\/li>\n<li>Pantalla Iluminada<\/li>\n<li>F\u00e1cil de usar<\/li>\n<\/ul>\n","protected":false},"featured_media":3020,"comment_status":"open","ping_status":"closed","template":"","meta":[],"product_brand":[],"product_cat":[17],"product_tag":[],"class_list":{"0":"post-3015","1":"product","2":"type-product","3":"status-publish","4":"has-post-thumbnail","6":"product_cat-manometros-y-medidores","8":"first","9":"instock","10":"taxable","11":"shipping-taxable","12":"purchasable","13":"product-type-simple"},"_links":{"self":[{"href":"https:\/\/8000rpmtools.com\/index.php?rest_route=\/wp\/v2\/product\/3015","targetHints":{"allow":["GET"]}}],"collection":[{"href":"https:\/\/8000rpmtools.com\/index.php?rest_route=\/wp\/v2\/product"}],"about":[{"href":"https:\/\/8000rpmtools.com\/index.php?rest_route=\/wp\/v2\/types\/product"}],"replies":[{"embeddable":true,"href":"https:\/\/8000rpmtools.com\/index.php?rest_route=%2Fwp%2Fv2%2Fcomments&post=3015"}],"wp:featuredmedia":[{"embeddable":true,"href":"https:\/\/8000rpmtools.com\/index.php?rest_route=\/wp\/v2\/media\/3020"}],"wp:attachment":[{"href":"https:\/\/8000rpmtools.com\/index.php?rest_route=%2Fwp%2Fv2%2Fmedia&parent=3015"}],"wp:term":[{"taxonomy":"product_brand","embeddable":true,"href":"https:\/\/8000rpmtools.com\/index.php?rest_route=%2Fwp%2Fv2%2Fproduct_brand&post=3015"},{"taxonomy":"product_cat","embeddable":true,"href":"https:\/\/8000rpmtools.com\/index.php?rest_route=%2Fwp%2Fv2%2Fproduct_cat&post=3015"},{"taxonomy":"product_tag","embeddable":true,"href":"https:\/\/8000rpmtools.com\/index.php?rest_route=%2Fwp%2Fv2%2Fproduct_tag&post=3015"}],"curies":[{"name":"wp","href":"https:\/\/api.w.org\/{rel}","templated":true}]}}