{"id":3009,"date":"2020-03-29T22:30:15","date_gmt":"2020-03-29T22:30:15","guid":{"rendered":"http:\/\/8000rpmtools.com\/?post_type=product&#038;p=3009"},"modified":"2020-03-29T22:30:21","modified_gmt":"2020-03-29T22:30:21","slug":"medidor-de-labrado-de-llantas","status":"publish","type":"product","link":"https:\/\/8000rpmtools.com\/?product=medidor-de-labrado-de-llantas","title":{"rendered":"MEDIDOR DE LABRADO DE LLANTAS"},"content":{"rendered":"<div class=\"celwidget aplus-module launchpad-brand-description-left\" data-cel-widget=\"aplus-launchpad-brand-description-left\">\n<div class=\"a-section a-spacing-top-mini launchpad-module launchpad-module-brand-description-left\">\n<div class=\"a-section launchpad-text-left-justify\">\n<p>\u00bfPor qu\u00e9 elegir GODESON Tire Tread Gauge?<\/p>\n<p>Una herramienta profesional que vale la pena tener, UNIVERSAL FIT COCHES Y CAMIONES<\/p>\n<p>Protege tu veh\u00edculo<\/p>\n<p>Ahorre su costo de COMBUSTIBLE<\/p>\n<p>Mejora tu capacidad de conducci\u00f3n<\/p>\n<p>Lo mantendr\u00e1 a usted y a su familia m\u00e1s seguros, lo mantendr\u00e1 a usted y a su familia m\u00e1s seguros<\/p>\n<p><strong>Medir la profundidad de la banda de rodadura del neum\u00e1tico<\/strong><\/p>\n<p>1. Empuje la escala de medici\u00f3n dentro del medidor hasta el tope.<\/p>\n<p>2. Coloque la sonda en el centro de una ranura circunferencial del neum\u00e1tico y empuje hacia abajo la base del medidor.<\/p>\n<p>3. Retire con cuidado el medidor sosteniendo su barril (sin tocar la sonda) y confirme la lectura de la profundidad de la banda de rodadura.<\/p>\n<p>4. Coloque la sonda en ubicaciones adicionales alrededor de la ranura circunferencial central del neum\u00e1tico al menos a 15 pulgadas de distancia y repita.<\/p>\n<p>5. Coloque la sonda en las ranuras circunferenciales internas y externas y repita.<\/p>\n<p>6. Promedio de todas las lecturas.<\/p>\n<p>7. Identifique el porcentaje de desgaste de la llanta confirmando la profundidad de la banda de rodadura original \/ nueva de la llanta en sus especificaciones en comparaci\u00f3n con la profundidad de la banda de rodadura restante que se acaba de medir.<\/p>\n<p>8. Si se identifica un desgaste desigual de los neum\u00e1ticos, haga que un especialista acreditado revise el veh\u00edculo.<\/p>\n<\/div>\n<\/div>\n<\/div>\n<div class=\"celwidget aplus-module module-11\" data-cel-widget=\"aplus-module-11\">\n<div class=\"a-expander-collapsed-height a-row a-expander-container a-expander-partial-collapse-container\" aria-live=\"polite\" data-a-expander-name=\"aplus-module-expander\" data-a-expander-collapsed-height=\"360\">\n<div class=\"a-expander-content a-expander-partial-collapse-content\" aria-expanded=\"false\">\n<div class=\"aplus-module-wrapper apm-spacing apm-floatnone\">\n<div class=\"apm-sidemodule aplus-module-content\">\n<div class=\"apm-hero-image\"><img decoding=\"async\" class=\"\" src=\"https:\/\/m.media-amazon.com\/images\/S\/aplus-seller-content-images-us-east-1\/ATVPDKIKX0DER\/AB3XQ989TGFT1\/B01F5N55B0\/W1U3MWSMRRt._UX970_TTW__.jpg\" alt=\"\" data-src=\"https:\/\/m.media-amazon.com\/images\/S\/aplus-seller-content-images-us-east-1\/ATVPDKIKX0DER\/AB3XQ989TGFT1\/B01F5N55B0\/W1U3MWSMRRt._UX970_TTW__.jpg\" \/><\/div>\n<\/div>\n<div><\/div>\n<\/div>\n<\/div>\n<\/div>\n<\/div>\n<div class=\"celwidget aplus-module module-2\" data-cel-widget=\"aplus-module-2\">\n<div class=\"a-expander-collapsed-height a-row a-expander-container a-expander-partial-collapse-container\" aria-live=\"polite\" data-a-expander-name=\"aplus-module-expander\" data-a-expander-collapsed-height=\"700\">\n<div class=\"a-expander-content a-expander-partial-collapse-content\" aria-expanded=\"false\">\n<div class=\"aplus-module-wrapper apm-floatnone\">\n<div class=\"apm-sidemodule apm-spacing\">\n<div class=\"apm-sidemodule-imageleft\"><img decoding=\"async\" class=\"\" src=\"https:\/\/m.media-amazon.com\/images\/S\/aplus-seller-content-images-us-east-1\/ATVPDKIKX0DER\/AB3XQ989TGFT1\/B01F5N55B0\/su9XiRx2S6Kd._UX300_TTW__.jpg\" alt=\"\" data-src=\"https:\/\/m.media-amazon.com\/images\/S\/aplus-seller-content-images-us-east-1\/ATVPDKIKX0DER\/AB3XQ989TGFT1\/B01F5N55B0\/su9XiRx2S6Kd._UX300_TTW__.jpg\" \/><\/div>\n<div class=\"apm-sidemodule-textright\">\n<p>La barra codificada de tres colores facilita conocer la situaci\u00f3n de su neum\u00e1tico<\/p>\n<p>El medidor de profundidad del labrado del neum\u00e1tico se divide en rangos rojo, amarillo y verde<\/p>\n<p>Rojo: Neum\u00e1tico peligroso, necesita ser reemplazado,<\/p>\n<p>Amarillo: Neum\u00e1tico de advertencia, tenga cuidado al conducir, debe reemplazarse cuando hay tormenta de nieve, llueve,<\/p>\n<p>Verde: neum\u00e1tico seguro<\/p>\n<\/div>\n<\/div>\n<\/div>\n<\/div>\n<\/div>\n<\/div>\n<div class=\"celwidget aplus-module module-3\" data-cel-widget=\"aplus-module-3\">\n<div class=\"a-expander-collapsed-height a-row a-expander-container a-expander-partial-collapse-container\" aria-live=\"polite\" data-a-expander-name=\"aplus-module-expander\" data-a-expander-collapsed-height=\"700\">\n<div class=\"a-expander-content a-expander-partial-collapse-content\" aria-expanded=\"false\">\n<div class=\"aplus-module-wrapper apm-floatnone\">\n<div class=\"apm-sidemodule apm-spacing\">\n<div class=\"apm-sidemodule-imageright\"><img decoding=\"async\" class=\"a-spacing-mini\" src=\"https:\/\/m.media-amazon.com\/images\/S\/aplus-seller-content-images-us-east-1\/ATVPDKIKX0DER\/AB3XQ989TGFT1\/B01F5N55B0\/W48XeB4QES2._UX300_TTW__.jpg\" alt=\"\" data-src=\"https:\/\/m.media-amazon.com\/images\/S\/aplus-seller-content-images-us-east-1\/ATVPDKIKX0DER\/AB3XQ989TGFT1\/B01F5N55B0\/W48XeB4QES2._UX300_TTW__.jpg\" \/><\/div>\n<\/div>\n<\/div>\n<div><\/div>\n<\/div>\n<\/div>\n<\/div>\n<div class=\"celwidget aplus-module module-9\" data-cel-widget=\"aplus-module-9\">\n<div class=\"a-expander-collapsed-height a-row a-expander-container a-expander-partial-collapse-container\" aria-live=\"polite\" data-a-expander-name=\"aplus-module-expander\" data-a-expander-collapsed-height=\"700\">\n<div class=\"a-expander-content a-expander-partial-collapse-content\" aria-expanded=\"false\">\n<div class=\"aplus-module-wrapper\">\n<div class=\"apm-spacing apm-fixed-width\">\n<table class=\"apm-fixed-width a-size-base apm-eventhirdcol-table\">\n<tbody>\n<tr>\n<th class=\"apm-center\">\n<div class=\"apm-eventhirdcol apm-floatleft\">\n<p><img decoding=\"async\" class=\"a-spacing-mini\" src=\"https:\/\/m.media-amazon.com\/images\/S\/aplus-seller-content-images-us-east-1\/ATVPDKIKX0DER\/AB3XQ989TGFT1\/B01F5N55B0\/a6Q4N1oCRJA._UX300_TTW__.jpg\" alt=\"\" data-src=\"https:\/\/m.media-amazon.com\/images\/S\/aplus-seller-content-images-us-east-1\/ATVPDKIKX0DER\/AB3XQ989TGFT1\/B01F5N55B0\/a6Q4N1oCRJA._UX300_TTW__.jpg\" \/><\/p>\n<\/div>\n<\/th>\n<th class=\"apm-center\">\n<div class=\"apm-eventhirdcol apm-floatleft\">\n<p><img decoding=\"async\" class=\"a-spacing-mini\" src=\"https:\/\/m.media-amazon.com\/images\/S\/aplus-seller-content-images-us-east-1\/ATVPDKIKX0DER\/AB3XQ989TGFT1\/B01F5N55B0\/u3ELsPxwSaWR._UX300_TTW__.jpg\" alt=\"\" data-src=\"https:\/\/m.media-amazon.com\/images\/S\/aplus-seller-content-images-us-east-1\/ATVPDKIKX0DER\/AB3XQ989TGFT1\/B01F5N55B0\/u3ELsPxwSaWR._UX300_TTW__.jpg\" \/><\/p>\n<\/div>\n<\/th>\n<th class=\"apm-center\">\n<div class=\"apm-eventhirdcol apm-floatleft\">\n<p>&nbsp;<\/p>\n<\/div>\n<\/th>\n<\/tr>\n<tr>\n<td class=\"apm-top\">\n<div class=\"apm-eventhirdcol apm-floatleft\">\n<p>Clip de bolsillo y f\u00e1cil de llevar<\/p>\n<p>tiene un tama\u00f1o peque\u00f1o con un clip de bolsillo de metal; No solo puede ser f\u00e1cil de sujetar en el bolsillo, sino que tambi\u00e9n puede colocarse en cualquier caja de herramientas<\/p>\n<\/div>\n<\/td>\n<td class=\"apm-top\">\n<div class=\"apm-eventhirdcol apm-floatleft\">\n<p>Dise\u00f1o bien construido y amortiguado<\/p>\n<p>est\u00e1n compuestos por un cilindro de metal cromado, una barra de pl\u00e1stico, un clip de bolsillo y una sonda de metal con dise\u00f1o deslizante de amortiguaci\u00f3n. \u00a1Muy duradero y delicado!<\/p>\n<\/div>\n<\/td>\n<td class=\"apm-top\"><\/td>\n<\/tr>\n<\/tbody>\n<\/table>\n<\/div>\n<\/div>\n<\/div>\n<\/div>\n<\/div>\n","protected":false},"excerpt":{"rendered":"<ul class=\"a-unordered-list a-vertical a-spacing-none\">\n<li><span class=\"a-list-item\">precisi\u00f3n en las medidas (profundidad, calibrado de 0 a 1 inch en 1\/32 inch<\/span><\/li>\n<li><span class=\"a-list-item\">colores de banda de rodadura de man\u00f3metro indica claramente el neum\u00e1tico diferentes fase por con c\u00f3digo de colores.<\/span><\/li>\n<li><span class=\"a-list-item\">3\u00a0rango de color rojo de la barra: 0\u00a0\u2013\u00a03\/32; Rango de color amarillo en Bar: 3\/32\u00a0\u2013\u00a06\/32; 5\u00a0Rango de verde en barra: 6\/32\u00a0\u2013\u00a032\/32<\/span><\/li>\n<li><span class=\"a-list-item\">4\u00a0viene con un clip para el bolsillo, f\u00e1cil de llevar<\/span><\/li>\n<\/ul>\n","protected":false},"featured_media":3012,"comment_status":"open","ping_status":"closed","template":"","meta":[],"product_brand":[],"product_cat":[131],"product_tag":[],"class_list":{"0":"post-3009","1":"product","2":"type-product","3":"status-publish","4":"has-post-thumbnail","6":"product_cat-testers-probadores","8":"first","9":"instock","10":"taxable","11":"shipping-taxable","12":"purchasable","13":"product-type-simple"},"_links":{"self":[{"href":"https:\/\/8000rpmtools.com\/index.php?rest_route=\/wp\/v2\/product\/3009","targetHints":{"allow":["GET"]}}],"collection":[{"href":"https:\/\/8000rpmtools.com\/index.php?rest_route=\/wp\/v2\/product"}],"about":[{"href":"https:\/\/8000rpmtools.com\/index.php?rest_route=\/wp\/v2\/types\/product"}],"replies":[{"embeddable":true,"href":"https:\/\/8000rpmtools.com\/index.php?rest_route=%2Fwp%2Fv2%2Fcomments&post=3009"}],"wp:featuredmedia":[{"embeddable":true,"href":"https:\/\/8000rpmtools.com\/index.php?rest_route=\/wp\/v2\/media\/3012"}],"wp:attachment":[{"href":"https:\/\/8000rpmtools.com\/index.php?rest_route=%2Fwp%2Fv2%2Fmedia&parent=3009"}],"wp:term":[{"taxonomy":"product_brand","embeddable":true,"href":"https:\/\/8000rpmtools.com\/index.php?rest_route=%2Fwp%2Fv2%2Fproduct_brand&post=3009"},{"taxonomy":"product_cat","embeddable":true,"href":"https:\/\/8000rpmtools.com\/index.php?rest_route=%2Fwp%2Fv2%2Fproduct_cat&post=3009"},{"taxonomy":"product_tag","embeddable":true,"href":"https:\/\/8000rpmtools.com\/index.php?rest_route=%2Fwp%2Fv2%2Fproduct_tag&post=3009"}],"curies":[{"name":"wp","href":"https:\/\/api.w.org\/{rel}","templated":true}]}}