{"id":2971,"date":"2020-03-29T21:13:46","date_gmt":"2020-03-29T21:13:46","guid":{"rendered":"http:\/\/8000rpmtools.com\/?post_type=product&#038;p=2971"},"modified":"2025-12-18T22:13:06","modified_gmt":"2025-12-19T03:13:06","slug":"torquimetro-tekton-mando-1-2-rango-10-150-pies-libras","status":"publish","type":"product","link":"https:\/\/8000rpmtools.com\/?product=torquimetro-tekton-mando-1-2-rango-10-150-pies-libras","title":{"rendered":"TORQU\u00cdMETRO TEKTON MANDO 1\/2 RANGO 10-150 PIES LIBRAS"},"content":{"rendered":"<p>Calibrada con una precisi\u00f3n de + \/ 4%, la llave de torque Drive Click de TEKTON de 1\/2 pulg. Le permite trabajar con confianza, eliminando adivinanzas y la tendencia com\u00fan de apretar demasiado los sujetadores. Apretar correctamente los sujetadores a las especificaciones de torsi\u00f3n del fabricante del veh\u00edculo o equipo asegura que las piezas est\u00e9n fijadas adecuadamente sin sufrir da\u00f1os.<\/p>\n<p>Simple y f\u00e1cil de usar, esta llave tiene un cabezal de trinquete reversible que impulsa los sujetadores en ambas direcciones y mide el torque en el sentido de las agujas del reloj. Para medir el par, configure el valor deseado en la escala del mango (libras-pie o metros Newton) y comience a apretar el sujetador. Cuando se alcanza el valor de torque preestablecido, una operaci\u00f3n mec\u00e1nica confiable dentro del mango produce un clic que puede escuchar y sentir, alert\u00e1ndolo de que deje de aplicar fuerza.<\/p>\n<p>Construido para un rendimiento constante y a\u00f1os de servicio confiable, el dise\u00f1o mec\u00e1nico no necesita bater\u00edas, y la construcci\u00f3n de acero no tiene piezas de pl\u00e1stico para romperse o desgastarse.<\/p>\n<p><strong>IMPORTANTE:<\/strong> esta llave se env\u00eda precalibrada y lista para usar. Para ayudar a mantener la calibraci\u00f3n, almacene en su configuraci\u00f3n m\u00e1s baja de 10 ft.lb.\/13.6 Nm cuando no est\u00e9 en uso. Aseg\u00farese de leer y comprender el manual del operador, incluida toda la informaci\u00f3n de seguridad, antes del primer uso.<\/p>\n<p><strong>Especificaciones:<\/strong><\/p>\n<p>Rango &#8211; ft.-lb.: 10-150 ft.-lb.<br \/>\nRango &#8211; Nm: 13.6-203.5 Nm<br \/>\nIncremento: 1 ft.-lb. (1,36 Nm)<br \/>\nPrecisi\u00f3n: \u00b1 4 por ciento<br \/>\nLongitud: 18-3 \/ 8 pulgadas<br \/>\nTrinquete: 24 dientes<br \/>\nPa\u00eds de origen: Taiw\u00e1n<\/p>\n<p><strong>Paquete Incluye:<\/strong><\/p>\n<p>(1) Llave dinamom\u00e9trica de 1\/2 pulg.<br \/>\n(1) Estuche de almacenamiento<br \/>\n(1) Manual del operador con tabla de conversi\u00f3n de par<\/p>\n","protected":false},"excerpt":{"rendered":"<ul>\n<li>La llave inglesa emite un clic que se puede escuchar y sentir cuando se alcanza el valor predeterminado<\/li>\n<li>Mango Grabado con laser de alto contraste es f\u00e1cil de leer, incluso con poca luz.<\/li>\n<li>Dimensiones del producto: 18.5 x 1.9 x 1.4 pulgadas<\/li>\n<li>La construcci\u00f3n duradera de acero no tiene piezas de pl\u00e1stico para romper o desgastar<\/li>\n<li>1 A\u00f1o de Garant\u00eda Directa<\/li>\n<\/ul>\n","protected":false},"featured_media":2973,"comment_status":"open","ping_status":"closed","template":"","meta":[],"product_brand":[],"product_cat":[23,173],"product_tag":[176,174,175],"class_list":{"0":"post-2971","1":"product","2":"type-product","3":"status-publish","4":"has-post-thumbnail","6":"product_cat-herramientas-manuales","7":"product_cat-torquimetros","8":"product_tag-herramientasmanuales4","9":"product_tag-tekton","10":"product_tag-torque","12":"first","13":"instock","14":"taxable","15":"shipping-taxable","16":"purchasable","17":"product-type-simple"},"_links":{"self":[{"href":"https:\/\/8000rpmtools.com\/index.php?rest_route=\/wp\/v2\/product\/2971","targetHints":{"allow":["GET"]}}],"collection":[{"href":"https:\/\/8000rpmtools.com\/index.php?rest_route=\/wp\/v2\/product"}],"about":[{"href":"https:\/\/8000rpmtools.com\/index.php?rest_route=\/wp\/v2\/types\/product"}],"replies":[{"embeddable":true,"href":"https:\/\/8000rpmtools.com\/index.php?rest_route=%2Fwp%2Fv2%2Fcomments&post=2971"}],"wp:featuredmedia":[{"embeddable":true,"href":"https:\/\/8000rpmtools.com\/index.php?rest_route=\/wp\/v2\/media\/2973"}],"wp:attachment":[{"href":"https:\/\/8000rpmtools.com\/index.php?rest_route=%2Fwp%2Fv2%2Fmedia&parent=2971"}],"wp:term":[{"taxonomy":"product_brand","embeddable":true,"href":"https:\/\/8000rpmtools.com\/index.php?rest_route=%2Fwp%2Fv2%2Fproduct_brand&post=2971"},{"taxonomy":"product_cat","embeddable":true,"href":"https:\/\/8000rpmtools.com\/index.php?rest_route=%2Fwp%2Fv2%2Fproduct_cat&post=2971"},{"taxonomy":"product_tag","embeddable":true,"href":"https:\/\/8000rpmtools.com\/index.php?rest_route=%2Fwp%2Fv2%2Fproduct_tag&post=2971"}],"curies":[{"name":"wp","href":"https:\/\/api.w.org\/{rel}","templated":true}]}}