{"id":25775,"date":"2020-12-17T15:17:17","date_gmt":"2020-12-17T15:17:17","guid":{"rendered":"https:\/\/8000rpmtools.com\/?post_type=product&#038;p=25775"},"modified":"2024-02-27T00:05:33","modified_gmt":"2024-02-27T05:05:33","slug":"gato-tipo-lagarto-3t-launch-lh-2303-prfil-bajo-doble-piston","status":"publish","type":"product","link":"https:\/\/8000rpmtools.com\/?product=gato-tipo-lagarto-3t-launch-lh-2303-prfil-bajo-doble-piston","title":{"rendered":"GATO TIPO LAGARTO 3T LAUNCH LH-2303 PRFIL BAJO, DOBLE PIST\u00d3N"},"content":{"rendered":"<p><strong><span data-spm-anchor-id=\"a219c.12057483.0.i1.eeac22a0kE8Iw3\">Caracter\u00edsticas:<\/span><\/strong><\/p>\n<p>&nbsp;<\/p>\n<p>El marco Tubular est\u00e1 fabricado con acero de alta calidad y est\u00e1 fabricado con estrictos est\u00e1ndares de calidad y durabilidad.<\/p>\n<p>&nbsp;<\/p>\n<p>El acabado de pintura sin plomo se aplica despu\u00e9s de un lavado qu\u00edmico completo para garantizar un acabado duradero y ayudar a prevenir el \u00f3xido.<\/p>\n<p>&nbsp;<\/p>\n<p>La pintura es resistente al aceite, la grasa y la suciedad para una f\u00e1cil limpieza<\/p>\n<p>&nbsp;<\/p>\n<p>La unidad de cilindro de acero hidr\u00e1ulico de amplio di\u00e1metro de alta calidad reduce la presi\u00f3n del aceite necesaria para mover la carga, lo que ayuda a reducir el desgaste y prolongar la vida \u00fatil.<\/p>\n<p>&nbsp;<\/p>\n<p>El pist\u00f3n-ram es tratado y pulido para resistir el corte.<\/p>\n<p>La bomba hidr\u00e1ulica est\u00e1 fabricada con hierro Nodular QT450 que tiene una mayor resistencia que otros tipos de hierro, lo que resulta en una mayor durabilidad.<\/p>\n<p>&nbsp;<\/p>\n<p>El chasis de bajo perfil se coloca debajo de los veh\u00edculos con una distancia de tierra limitada.<\/p>\n<p>&nbsp;<\/p>\n<p>Manija de liberaci\u00f3n de seguridad de bloqueo positivo para una seguridad excepcional durante el uso.<\/p>\n<p>&nbsp;<\/p>\n<p>Ruedas delanteras anchas y ruedas traseras montadas en rodamiento de bolas para una estabilidad y f\u00e1cil manpulaci\u00f3n.<\/p>\n<p>&nbsp;<\/p>\n<p><span data-spm-anchor-id=\"a219c.12057483.0.i4.eeac22a0kE8Iw3\">La v\u00e1lvula de protecci\u00f3n de sobrecarga integrada evita la elevaci\u00f3n de art\u00edculos que exceden la capacidad.<\/span><\/p>\n<p>&nbsp;<\/p>\n<p><span data-spm-anchor-id=\"a219c.12057483.0.i3.eeac22a0kE8Iw3\">Con certificaci\u00f3n CE GS.<\/span><\/p>\n","protected":false},"excerpt":{"rendered":"<ul>\n<li>Gato tipo lagarto perfil bajo<\/li>\n<li>Mecanismo doble pist\u00f3n para una r\u00e1pida elevaci\u00f3n<\/li>\n<li>Estructura s\u00f3lida ultra resistente<\/li>\n<li>V\u00e1lvula de seguridad para evitar da\u00f1os por sobrepeso<\/li>\n<\/ul>\n","protected":false},"featured_media":30133,"comment_status":"open","ping_status":"closed","template":"","meta":[],"product_brand":[],"product_cat":[106],"product_tag":[432,319,75,317,87,431,430],"class_list":{"0":"post-25775","1":"product","2":"type-product","3":"status-publish","4":"has-post-thumbnail","6":"product_cat-gatas-y-stands","7":"product_tag-doble-piston","8":"product_tag-elevador","9":"product_tag-gata","10":"product_tag-gato","11":"product_tag-launch","12":"product_tag-lh2303","13":"product_tag-perfil-bajo","15":"first","16":"outofstock","17":"sale","18":"taxable","19":"shipping-taxable","20":"purchasable","21":"product-type-simple"},"_links":{"self":[{"href":"https:\/\/8000rpmtools.com\/index.php?rest_route=\/wp\/v2\/product\/25775","targetHints":{"allow":["GET"]}}],"collection":[{"href":"https:\/\/8000rpmtools.com\/index.php?rest_route=\/wp\/v2\/product"}],"about":[{"href":"https:\/\/8000rpmtools.com\/index.php?rest_route=\/wp\/v2\/types\/product"}],"replies":[{"embeddable":true,"href":"https:\/\/8000rpmtools.com\/index.php?rest_route=%2Fwp%2Fv2%2Fcomments&post=25775"}],"wp:featuredmedia":[{"embeddable":true,"href":"https:\/\/8000rpmtools.com\/index.php?rest_route=\/wp\/v2\/media\/30133"}],"wp:attachment":[{"href":"https:\/\/8000rpmtools.com\/index.php?rest_route=%2Fwp%2Fv2%2Fmedia&parent=25775"}],"wp:term":[{"taxonomy":"product_brand","embeddable":true,"href":"https:\/\/8000rpmtools.com\/index.php?rest_route=%2Fwp%2Fv2%2Fproduct_brand&post=25775"},{"taxonomy":"product_cat","embeddable":true,"href":"https:\/\/8000rpmtools.com\/index.php?rest_route=%2Fwp%2Fv2%2Fproduct_cat&post=25775"},{"taxonomy":"product_tag","embeddable":true,"href":"https:\/\/8000rpmtools.com\/index.php?rest_route=%2Fwp%2Fv2%2Fproduct_tag&post=25775"}],"curies":[{"name":"wp","href":"https:\/\/api.w.org\/{rel}","templated":true}]}}